{"id":191,"date":"2021-07-19T21:00:28","date_gmt":"2021-07-19T19:00:28","guid":{"rendered":"https:\/\/seal.transport-manager.net\/ludo\/?page_id=191"},"modified":"2021-08-29T12:18:47","modified_gmt":"2021-08-29T10:18:47","slug":"notre-entreprise","status":"publish","type":"page","link":"https:\/\/seal.transport-manager.net\/ludo\/notre-entreprise\/","title":{"rendered":"Notre entreprise"},"content":{"rendered":"\n<p>Les chiffres cl\u00e9s de Transport Dev : <\/p>\n\n\n\n<ul class=\"wp-block-list\"><li><strong>110 <\/strong>v\u00e9hicules disponibles pour le r\u00e9seau de transport<ul><li><strong>98 %<\/strong> sont accessibles aux Personnes \u00e0 Mobilit\u00e9s R\u00e9duites et Utilisateurs en Fauteuil Roulant)<\/li><\/ul><ul><li><strong>3 ans<\/strong>, c&rsquo;est la moyenne d&rsquo;\u00e2ge des v\u00e9hicules roulant sur le r\u00e9seau<\/li><\/ul><\/li><\/ul>\n\n\n\n<p><\/p>\n\n\n\n<ul class=\"wp-block-list\"><li><strong>257 <\/strong>salari\u00e9s<ul><li><strong>10 <\/strong>agents de Direction et d&rsquo;Exploitation<\/li><li><strong>19<\/strong> agents d&rsquo;accueil<\/li><li><strong>5 <\/strong>contr\u00f4leur<\/li><li><strong>4 <\/strong>commerciaux<\/li><li><strong>15 <\/strong>M\u00e9caniciens<\/li><li><strong>204 <\/strong>Conducteurs<\/li><li>Parit\u00e9 Femmes\/Hommes : <strong>47 %<\/strong><\/li><\/ul><\/li><\/ul>\n\n\n\n<p><\/p>\n\n\n\n<ul class=\"wp-block-list\"><li>2 D\u00e9p\u00f4ts<\/li><li>5 Agences <\/li><\/ul>\n","protected":false},"excerpt":{"rendered":"<p>Les chiffres cl\u00e9s de Transport Dev : 110 v\u00e9hicules disponibles pour le r\u00e9seau de transport 98 % sont accessibles aux Personnes \u00e0 Mobilit\u00e9s R\u00e9duites et Utilisateurs en Fauteuil Roulant) 3 ans, c&rsquo;est la moyenne d&rsquo;\u00e2ge des v\u00e9hicules roulant sur le r\u00e9seau 257 salari\u00e9s 10 agents de Direction et d&rsquo;Exploitation 19 [&hellip;]<\/p>\n","protected":false},"author":1,"featured_media":0,"parent":0,"menu_order":0,"comment_status":"closed","ping_status":"closed","template":"","meta":{"footnotes":""},"class_list":["post-191","page","type-page","status-publish","hentry"],"_links":{"self":[{"href":"https:\/\/seal.transport-manager.net\/ludo\/wp-json\/wp\/v2\/pages\/191","targetHints":{"allow":["GET"]}}],"collection":[{"href":"https:\/\/seal.transport-manager.net\/ludo\/wp-json\/wp\/v2\/pages"}],"about":[{"href":"https:\/\/seal.transport-manager.net\/ludo\/wp-json\/wp\/v2\/types\/page"}],"author":[{"embeddable":true,"href":"https:\/\/seal.transport-manager.net\/ludo\/wp-json\/wp\/v2\/users\/1"}],"replies":[{"embeddable":true,"href":"https:\/\/seal.transport-manager.net\/ludo\/wp-json\/wp\/v2\/comments?post=191"}],"version-history":[{"count":4,"href":"https:\/\/seal.transport-manager.net\/ludo\/wp-json\/wp\/v2\/pages\/191\/revisions"}],"predecessor-version":[{"id":250,"href":"https:\/\/seal.transport-manager.net\/ludo\/wp-json\/wp\/v2\/pages\/191\/revisions\/250"}],"wp:attachment":[{"href":"https:\/\/seal.transport-manager.net\/ludo\/wp-json\/wp\/v2\/media?parent=191"}],"curies":[{"name":"wp","href":"https:\/\/api.w.org\/{rel}","templated":true}]}}