{"id":258,"date":"2021-09-22T17:36:58","date_gmt":"2021-09-22T15:36:58","guid":{"rendered":"https:\/\/seal.transport-manager.net\/ludo\/?page_id=258"},"modified":"2021-09-22T17:41:28","modified_gmt":"2021-09-22T15:41:28","slug":"lutece-group","status":"publish","type":"page","link":"https:\/\/seal.transport-manager.net\/ludo\/lutece-group\/","title":{"rendered":"Lut\u00e8ce Group"},"content":{"rendered":"\n<div class=\"wp-block-image is-style-default\"><figure class=\"aligncenter size-large is-resized\"><img loading=\"lazy\" decoding=\"async\" src=\"https:\/\/seal.transport-manager.net\/ludo\/wp-content\/uploads\/sites\/2\/2021\/09\/LG_Final.png\" alt=\"\" class=\"wp-image-259\" width=\"226\" height=\"84\" srcset=\"https:\/\/seal.transport-manager.net\/ludo\/wp-content\/uploads\/sites\/2\/2021\/09\/LG_Final.png 904w, https:\/\/seal.transport-manager.net\/ludo\/wp-content\/uploads\/sites\/2\/2021\/09\/LG_Final-300x111.png 300w, https:\/\/seal.transport-manager.net\/ludo\/wp-content\/uploads\/sites\/2\/2021\/09\/LG_Final-768x284.png 768w\" sizes=\"auto, (max-width: 226px) 100vw, 226px\" \/><\/figure><\/div>\n\n\n\n<p><strong>Lut\u00e8ce Group<\/strong>&nbsp;est un groupe fran\u00e7ais sp\u00e9cialis\u00e9 dans la prestation de services auxiliaires de transport de voyageurs. Il a&nbsp;pour objectif d\u2019accompagner les entreprises membre, pour leur permettre d\u2019assurer un r\u00e9seau de transport public \u00e0 haut niveau de service, de les accompagner \u00e0 se d\u00e9velopper rapidement et sereinement, pour assurer leur offre de transport de mani\u00e8re satisfaisante, et le plus vite possible.<br>De plus, elle accueillera chaleureusement les entreprises partenaires et les renseignera sur leurs objectifs, tout en les guidant au cours de leur collaboration avec Lut\u00e8ce Group.<\/p>\n\n\n\n<div class=\"wp-block-image\"><figure class=\"aligncenter size-large is-resized\"><img loading=\"lazy\" decoding=\"async\" src=\"https:\/\/i.goopics.net\/Gqqjn.png\" alt=\"\" width=\"620\" height=\"877\"\/><\/figure><\/div>\n\n\n\n<div class=\"wp-block-buttons is-content-justification-center is-layout-flex wp-block-buttons-is-layout-flex\">\n<div class=\"wp-block-button\"><a class=\"wp-block-button__link\" href=\"https:\/\/forum.transport-manager.net\/forum-239.html\" target=\"_blank\" rel=\"noopener\">Site de Lut\u00e8ce Group<\/a><\/div>\n<\/div>\n","protected":false},"excerpt":{"rendered":"<p>Lut\u00e8ce Group&nbsp;est un groupe fran\u00e7ais sp\u00e9cialis\u00e9 dans la prestation de services auxiliaires de transport de voyageurs. Il a&nbsp;pour objectif d\u2019accompagner les entreprises membre, pour leur permettre d\u2019assurer un r\u00e9seau de transport public \u00e0 haut niveau de service, de les accompagner \u00e0 se d\u00e9velopper rapidement et sereinement, pour assurer leur offre [&hellip;]<\/p>\n","protected":false},"author":1,"featured_media":0,"parent":0,"menu_order":0,"comment_status":"closed","ping_status":"closed","template":"","meta":{"footnotes":""},"class_list":["post-258","page","type-page","status-publish","hentry"],"_links":{"self":[{"href":"https:\/\/seal.transport-manager.net\/ludo\/wp-json\/wp\/v2\/pages\/258","targetHints":{"allow":["GET"]}}],"collection":[{"href":"https:\/\/seal.transport-manager.net\/ludo\/wp-json\/wp\/v2\/pages"}],"about":[{"href":"https:\/\/seal.transport-manager.net\/ludo\/wp-json\/wp\/v2\/types\/page"}],"author":[{"embeddable":true,"href":"https:\/\/seal.transport-manager.net\/ludo\/wp-json\/wp\/v2\/users\/1"}],"replies":[{"embeddable":true,"href":"https:\/\/seal.transport-manager.net\/ludo\/wp-json\/wp\/v2\/comments?post=258"}],"version-history":[{"count":3,"href":"https:\/\/seal.transport-manager.net\/ludo\/wp-json\/wp\/v2\/pages\/258\/revisions"}],"predecessor-version":[{"id":265,"href":"https:\/\/seal.transport-manager.net\/ludo\/wp-json\/wp\/v2\/pages\/258\/revisions\/265"}],"wp:attachment":[{"href":"https:\/\/seal.transport-manager.net\/ludo\/wp-json\/wp\/v2\/media?parent=258"}],"curies":[{"name":"wp","href":"https:\/\/api.w.org\/{rel}","templated":true}]}}