{"id":273,"date":"2021-10-17T17:27:17","date_gmt":"2021-10-17T15:27:17","guid":{"rendered":"https:\/\/seal.transport-manager.net\/ludo\/?page_id=273"},"modified":"2021-10-17T17:27:17","modified_gmt":"2021-10-17T15:27:17","slug":"transports-prives-2","status":"publish","type":"page","link":"https:\/\/seal.transport-manager.net\/ludo\/transports-prives-2\/","title":{"rendered":"Transports priv\u00e9s"},"content":{"rendered":"\n<p>Une sortie scolaire ? Un \u00e9v\u00e8nement pour votre entreprise ? Une animation pour votre CSE ? Dans tout les cas, \u00e7a se pr\u00e9pare, et le transport est un \u00e9l\u00e9ment cl\u00e9 et n\u00e9cessaire ! Alors n&rsquo;attendez plus, Transport Dev vous accompagne dans la pr\u00e9paration de votre projet.<\/p>\n\n\n\n<p>Notre \u00e9quipe commerciale vous enverra une proposition commerciale personnalis\u00e9e et r\u00e9alis\u00e9e sur mesure en fonction de vos besoins.<\/p>\n\n\n<div class=\"wpforms-container wpforms-container-full wpforms-block\" id=\"wpforms-271\"><form id=\"wpforms-form-271\" class=\"wpforms-validate wpforms-form wpforms-ajax-form\" data-formid=\"271\" method=\"post\" enctype=\"multipart\/form-data\" action=\"\/ludo\/wp-json\/wp\/v2\/pages\/273\" data-token=\"fbdb2ddbaa388f974737afae2c258f1b\" data-token-time=\"1778528113\"><noscript class=\"wpforms-error-noscript\">Veuillez activer JavaScript dans votre navigateur pour remplir ce formulaire.<\/noscript><div class=\"wpforms-field-container\"><div id=\"wpforms-271-field_2-container\" class=\"wpforms-field wpforms-field-text\" data-field-id=\"2\"><label class=\"wpforms-field-label\" for=\"wpforms-271-field_2\">Date de transport (D\u00e9but &#8211; Fin)<\/label><input type=\"text\" id=\"wpforms-271-field_2\" class=\"wpforms-field-medium\" name=\"wpforms[fields][2]\" ><\/div><div id=\"wpforms-271-field_6-container\" class=\"wpforms-field wpforms-field-text\" data-field-id=\"6\"><label class=\"wpforms-field-label\" for=\"wpforms-271-field_6\">Heures de d\u00e9parts et de retours<\/label><input type=\"text\" id=\"wpforms-271-field_6\" class=\"wpforms-field-medium\" name=\"wpforms[fields][6]\" ><\/div><div id=\"wpforms-271-field_3-container\" class=\"wpforms-field wpforms-field-text\" data-field-id=\"3\"><label class=\"wpforms-field-label\" for=\"wpforms-271-field_3\">Lieu de d\u00e9part &#8211; Lieu d&#039;arriv\u00e9<\/label><input type=\"text\" id=\"wpforms-271-field_3\" class=\"wpforms-field-medium\" name=\"wpforms[fields][3]\" ><\/div><div id=\"wpforms-271-field_5-container\" class=\"wpforms-field wpforms-field-number\" data-field-id=\"5\"><label class=\"wpforms-field-label\" for=\"wpforms-271-field_5\">Nombres de passagers<\/label><input type=\"number\" id=\"wpforms-271-field_5\" class=\"wpforms-field-medium\" name=\"wpforms[fields][5]\" step=\"any\" ><\/div><\/div><!-- .wpforms-field-container --><div class=\"wpforms-submit-container\" ><input type=\"hidden\" name=\"wpforms[id]\" value=\"271\"><input type=\"hidden\" name=\"page_title\" value=\"\"><input type=\"hidden\" name=\"page_url\" value=\"https:\/\/seal.transport-manager.net\/ludo\/wp-json\/wp\/v2\/pages\/273\"><input type=\"hidden\" name=\"url_referer\" value=\"\"><button type=\"submit\" name=\"wpforms[submit]\" id=\"wpforms-submit-271\" class=\"wpforms-submit\" data-alt-text=\"Envoi...\" data-submit-text=\"Envoyer\" aria-live=\"assertive\" value=\"wpforms-submit\">Envoyer<\/button><img loading=\"lazy\" decoding=\"async\" src=\"https:\/\/seal.transport-manager.net\/ludo\/wp-content\/plugins\/wpforms-lite\/assets\/images\/submit-spin.svg\" class=\"wpforms-submit-spinner\" style=\"display: none;\" width=\"26\" height=\"26\" alt=\"Chargement en cours\"><\/div><\/form><\/div>  <!-- .wpforms-container -->\n\n\n<p><em>Formulaire fictif<\/em><\/p>\n","protected":false},"excerpt":{"rendered":"<p>Une sortie scolaire ? Un \u00e9v\u00e8nement pour votre entreprise ? Une animation pour votre CSE ? Dans tout les cas, \u00e7a se pr\u00e9pare, et le transport est un \u00e9l\u00e9ment cl\u00e9 et n\u00e9cessaire ! Alors n&rsquo;attendez plus, Transport Dev vous accompagne dans la pr\u00e9paration de votre projet. Notre \u00e9quipe commerciale vous [&hellip;]<\/p>\n","protected":false},"author":1,"featured_media":0,"parent":0,"menu_order":0,"comment_status":"closed","ping_status":"closed","template":"","meta":{"footnotes":""},"class_list":["post-273","page","type-page","status-publish","hentry"],"_links":{"self":[{"href":"https:\/\/seal.transport-manager.net\/ludo\/wp-json\/wp\/v2\/pages\/273","targetHints":{"allow":["GET"]}}],"collection":[{"href":"https:\/\/seal.transport-manager.net\/ludo\/wp-json\/wp\/v2\/pages"}],"about":[{"href":"https:\/\/seal.transport-manager.net\/ludo\/wp-json\/wp\/v2\/types\/page"}],"author":[{"embeddable":true,"href":"https:\/\/seal.transport-manager.net\/ludo\/wp-json\/wp\/v2\/users\/1"}],"replies":[{"embeddable":true,"href":"https:\/\/seal.transport-manager.net\/ludo\/wp-json\/wp\/v2\/comments?post=273"}],"version-history":[{"count":1,"href":"https:\/\/seal.transport-manager.net\/ludo\/wp-json\/wp\/v2\/pages\/273\/revisions"}],"predecessor-version":[{"id":274,"href":"https:\/\/seal.transport-manager.net\/ludo\/wp-json\/wp\/v2\/pages\/273\/revisions\/274"}],"wp:attachment":[{"href":"https:\/\/seal.transport-manager.net\/ludo\/wp-json\/wp\/v2\/media?parent=273"}],"curies":[{"name":"wp","href":"https:\/\/api.w.org\/{rel}","templated":true}]}}