{"id":44,"date":"2021-07-18T15:39:09","date_gmt":"2021-07-18T13:39:09","guid":{"rendered":"https:\/\/seal.transport-manager.net\/ludo\/?page_id=44"},"modified":"2021-07-19T19:34:52","modified_gmt":"2021-07-19T17:34:52","slug":"les-lignes-regulieres","status":"publish","type":"page","link":"https:\/\/seal.transport-manager.net\/ludo\/les-lignes-regulieres\/","title":{"rendered":"Les lignes r\u00e9guli\u00e8res"},"content":{"rendered":"\n<p>Vous pouvez retrouvez les fr\u00e9quences de passages de vos bus sur les diff\u00e9rentes lignes du r\u00e9seau en cliquant sur le num\u00e9ro de ligne correspondant.<\/p>\n\n\n\n<figure class=\"wp-block-gallery columns-5 wp-block-gallery-1 is-layout-flex wp-block-gallery-is-layout-flex\"><ul class=\"blocks-gallery-grid\"><li class=\"blocks-gallery-item\"><figure><img loading=\"lazy\" decoding=\"async\" width=\"97\" height=\"97\" src=\"https:\/\/seal.transport-manager.net\/ludo\/wp-content\/uploads\/sites\/2\/2021\/07\/L1-1.png\" alt=\"\" data-id=\"47\" data-full-url=\"https:\/\/seal.transport-manager.net\/ludo\/wp-content\/uploads\/sites\/2\/2021\/07\/L1-1.png\" data-link=\"https:\/\/seal.transport-manager.net\/ludo\/les-lignes-regulieres\/l1-1\/\" class=\"wp-image-47\"\/><figcaption class=\"blocks-gallery-item__caption\"><a href=\"https:\/\/seal.transport-manager.net\/ludo\/ligne-1\/\" data-type=\"page\" data-id=\"80\">Gare Centrale > Campus Alan Turing<\/a><\/figcaption><\/figure><\/li><li class=\"blocks-gallery-item\"><figure><img loading=\"lazy\" decoding=\"async\" width=\"97\" height=\"97\" src=\"https:\/\/seal.transport-manager.net\/ludo\/wp-content\/uploads\/sites\/2\/2021\/07\/L2-1.png\" alt=\"\" data-id=\"54\" data-full-url=\"https:\/\/seal.transport-manager.net\/ludo\/wp-content\/uploads\/sites\/2\/2021\/07\/L2-1.png\" data-link=\"https:\/\/seal.transport-manager.net\/ludo\/les-lignes-regulieres\/l2-1\/\" class=\"wp-image-54\"\/><figcaption class=\"blocks-gallery-item__caption\"><a href=\"https:\/\/seal.transport-manager.net\/ludo\/ligne-2\/\">Gare Centrale > A\u00e9roport<\/a><\/figcaption><\/figure><\/li><li class=\"blocks-gallery-item\"><figure><img loading=\"lazy\" decoding=\"async\" width=\"97\" height=\"97\" src=\"https:\/\/seal.transport-manager.net\/ludo\/wp-content\/uploads\/sites\/2\/2021\/07\/L3.png\" alt=\"\" data-id=\"55\" data-full-url=\"https:\/\/seal.transport-manager.net\/ludo\/wp-content\/uploads\/sites\/2\/2021\/07\/L3.png\" data-link=\"https:\/\/seal.transport-manager.net\/ludo\/les-lignes-regulieres\/l3\/\" class=\"wp-image-55\"\/><figcaption class=\"blocks-gallery-item__caption\"><a href=\"https:\/\/seal.transport-manager.net\/ludo\/ligne-3\/\">Gare Centrale > Campus Marthe Gautier<\/a><\/figcaption><\/figure><\/li><li class=\"blocks-gallery-item\"><figure><img loading=\"lazy\" decoding=\"async\" width=\"97\" height=\"97\" src=\"https:\/\/seal.transport-manager.net\/ludo\/wp-content\/uploads\/sites\/2\/2021\/07\/L4.png\" alt=\"\" data-id=\"56\" data-full-url=\"https:\/\/seal.transport-manager.net\/ludo\/wp-content\/uploads\/sites\/2\/2021\/07\/L4.png\" data-link=\"https:\/\/seal.transport-manager.net\/ludo\/les-lignes-regulieres\/l4\/\" class=\"wp-image-56\"\/><figcaption class=\"blocks-gallery-item__caption\"><a href=\"https:\/\/seal.transport-manager.net\/ludo\/ligne-4\/\">Gare Centrale > <br>Gare de l&rsquo;Est<\/a><\/figcaption><\/figure><\/li><li class=\"blocks-gallery-item\"><figure><img loading=\"lazy\" decoding=\"async\" width=\"97\" height=\"97\" src=\"https:\/\/seal.transport-manager.net\/ludo\/wp-content\/uploads\/sites\/2\/2021\/07\/L5.png\" alt=\"\" data-id=\"57\" data-full-url=\"https:\/\/seal.transport-manager.net\/ludo\/wp-content\/uploads\/sites\/2\/2021\/07\/L5.png\" data-link=\"https:\/\/seal.transport-manager.net\/ludo\/les-lignes-regulieres\/l5\/\" class=\"wp-image-57\"\/><figcaption class=\"blocks-gallery-item__caption\"><a href=\"https:\/\/seal.transport-manager.net\/ludo\/ligne-5\/\">Mus\u00e9e d&rsquo;Art Moderne > P\u00f4le Luca Pacioli<\/a><\/figcaption><\/figure><\/li><li class=\"blocks-gallery-item\"><figure><img loading=\"lazy\" decoding=\"async\" width=\"97\" height=\"97\" src=\"https:\/\/seal.transport-manager.net\/ludo\/wp-content\/uploads\/sites\/2\/2021\/07\/L6.png\" alt=\"\" data-id=\"58\" data-full-url=\"https:\/\/seal.transport-manager.net\/ludo\/wp-content\/uploads\/sites\/2\/2021\/07\/L6.png\" data-link=\"https:\/\/seal.transport-manager.net\/ludo\/les-lignes-regulieres\/l6\/\" class=\"wp-image-58\"\/><figcaption class=\"blocks-gallery-item__caption\"><a href=\"https:\/\/seal.transport-manager.net\/ludo\/ligne-6\/\">Grand Palais > <br>Campus Maryse Esterle<\/a><\/figcaption><\/figure><\/li><li class=\"blocks-gallery-item\"><figure><img loading=\"lazy\" decoding=\"async\" width=\"97\" height=\"97\" src=\"https:\/\/seal.transport-manager.net\/ludo\/wp-content\/uploads\/sites\/2\/2021\/07\/L7.png\" alt=\"\" data-id=\"59\" data-full-url=\"https:\/\/seal.transport-manager.net\/ludo\/wp-content\/uploads\/sites\/2\/2021\/07\/L7.png\" data-link=\"https:\/\/seal.transport-manager.net\/ludo\/les-lignes-regulieres\/l7\/\" class=\"wp-image-59\"\/><figcaption class=\"blocks-gallery-item__caption\"><a href=\"https:\/\/seal.transport-manager.net\/ludo\/ligne-7\/\">Grand Palais > <br>Port Fluvial<\/a><\/figcaption><\/figure><\/li><li class=\"blocks-gallery-item\"><figure><img loading=\"lazy\" decoding=\"async\" width=\"97\" height=\"97\" src=\"https:\/\/seal.transport-manager.net\/ludo\/wp-content\/uploads\/sites\/2\/2021\/07\/L8.png\" alt=\"\" data-id=\"48\" data-full-url=\"https:\/\/seal.transport-manager.net\/ludo\/wp-content\/uploads\/sites\/2\/2021\/07\/L8.png\" data-link=\"https:\/\/seal.transport-manager.net\/ludo\/les-lignes-regulieres\/l8\/\" class=\"wp-image-48\"\/><figcaption class=\"blocks-gallery-item__caption\"><a href=\"https:\/\/seal.transport-manager.net\/ludo\/ligne-8\/\">Campus M. Gautier > Place de l&rsquo;Europe<\/a><\/figcaption><\/figure><\/li><li class=\"blocks-gallery-item\"><figure><img loading=\"lazy\" decoding=\"async\" width=\"97\" height=\"97\" src=\"https:\/\/seal.transport-manager.net\/ludo\/wp-content\/uploads\/sites\/2\/2021\/07\/L9.png\" alt=\"\" data-id=\"49\" data-full-url=\"https:\/\/seal.transport-manager.net\/ludo\/wp-content\/uploads\/sites\/2\/2021\/07\/L9.png\" data-link=\"https:\/\/seal.transport-manager.net\/ludo\/les-lignes-regulieres\/l9\/\" class=\"wp-image-49\"\/><figcaption class=\"blocks-gallery-item__caption\"><a href=\"https:\/\/seal.transport-manager.net\/ludo\/ligne-9\/\">Campus Alain Turing > Haute-Ville<\/a><\/figcaption><\/figure><\/li><li class=\"blocks-gallery-item\"><figure><img loading=\"lazy\" decoding=\"async\" width=\"97\" height=\"97\" src=\"https:\/\/seal.transport-manager.net\/ludo\/wp-content\/uploads\/sites\/2\/2021\/07\/L10.png\" alt=\"\" data-id=\"50\" data-full-url=\"https:\/\/seal.transport-manager.net\/ludo\/wp-content\/uploads\/sites\/2\/2021\/07\/L10.png\" data-link=\"https:\/\/seal.transport-manager.net\/ludo\/les-lignes-regulieres\/l10\/\" class=\"wp-image-50\"\/><figcaption class=\"blocks-gallery-item__caption\"><a href=\"https:\/\/seal.transport-manager.net\/ludo\/ligne-10\/\">Campus Alan Turing > CRT Est<\/a><\/figcaption><\/figure><\/li><li class=\"blocks-gallery-item\"><figure><img loading=\"lazy\" decoding=\"async\" width=\"97\" height=\"97\" src=\"https:\/\/seal.transport-manager.net\/ludo\/wp-content\/uploads\/sites\/2\/2021\/07\/L11.png\" alt=\"\" data-id=\"51\" data-full-url=\"https:\/\/seal.transport-manager.net\/ludo\/wp-content\/uploads\/sites\/2\/2021\/07\/L11.png\" data-link=\"https:\/\/seal.transport-manager.net\/ludo\/les-lignes-regulieres\/l11\/\" class=\"wp-image-51\"\/><figcaption class=\"blocks-gallery-item__caption\"><a href=\"https:\/\/seal.transport-manager.net\/ludo\/ligne-11\/\">Campus Marthe Gautier > Clinique St Paul<\/a><\/figcaption><\/figure><\/li><\/ul><\/figure>\n","protected":false},"excerpt":{"rendered":"<p>Vous pouvez retrouvez les fr\u00e9quences de passages de vos bus sur les diff\u00e9rentes lignes du r\u00e9seau en cliquant sur le num\u00e9ro de ligne correspondant.<\/p>\n","protected":false},"author":1,"featured_media":0,"parent":0,"menu_order":0,"comment_status":"closed","ping_status":"closed","template":"","meta":{"footnotes":""},"class_list":["post-44","page","type-page","status-publish","hentry"],"_links":{"self":[{"href":"https:\/\/seal.transport-manager.net\/ludo\/wp-json\/wp\/v2\/pages\/44","targetHints":{"allow":["GET"]}}],"collection":[{"href":"https:\/\/seal.transport-manager.net\/ludo\/wp-json\/wp\/v2\/pages"}],"about":[{"href":"https:\/\/seal.transport-manager.net\/ludo\/wp-json\/wp\/v2\/types\/page"}],"author":[{"embeddable":true,"href":"https:\/\/seal.transport-manager.net\/ludo\/wp-json\/wp\/v2\/users\/1"}],"replies":[{"embeddable":true,"href":"https:\/\/seal.transport-manager.net\/ludo\/wp-json\/wp\/v2\/comments?post=44"}],"version-history":[{"count":12,"href":"https:\/\/seal.transport-manager.net\/ludo\/wp-json\/wp\/v2\/pages\/44\/revisions"}],"predecessor-version":[{"id":142,"href":"https:\/\/seal.transport-manager.net\/ludo\/wp-json\/wp\/v2\/pages\/44\/revisions\/142"}],"wp:attachment":[{"href":"https:\/\/seal.transport-manager.net\/ludo\/wp-json\/wp\/v2\/media?parent=44"}],"curies":[{"name":"wp","href":"https:\/\/api.w.org\/{rel}","templated":true}]}}