{"id":2249,"date":"2024-04-21T20:16:17","date_gmt":"2024-04-21T18:16:17","guid":{"rendered":"https:\/\/seal.transport-manager.net\/marshall\/?page_id=2249"},"modified":"2025-11-16T08:03:07","modified_gmt":"2025-11-16T07:03:07","slug":"ligne-bvl-pimo-902","status":"publish","type":"page","link":"https:\/\/seal.transport-manager.net\/marshall\/ligne-bvl-pimo-902\/","title":{"rendered":"Ligne Citycanard T\u00e0D 902"},"content":{"rendered":"\n<h3 class=\"wp-block-heading\">Quarabeaux &#8211; Pin\u00e8de &#8211; Parc des Cygnes &lt;&gt; Observatoire de Quarabeaux<\/h3>\n\n\n\n<div class=\"wp-block-buttons is-content-justification-center is-layout-flex wp-container-core-buttons-is-layout-16018d1d wp-block-buttons-is-layout-flex\">\n<div class=\"wp-block-button\"><a class=\"wp-block-button__link has-base-3-color has-text-color has-background has-link-color has-text-align-center wp-element-button\" href=\"https:\/\/i.ibb.co\/mVrP7FzK\/Plan-Canardline902-TAD.png\" style=\"background-color:#868f98\">Plan d\u00e9taill\u00e9 de la ligne Citycanard T\u00e0D 902<\/a><\/div>\n\n\n\n<div class=\"wp-block-button\"><a class=\"wp-block-button__link has-base-3-color has-text-color has-background has-link-color wp-element-button\" href=\"https:\/\/docs.google.com\/forms\/d\/e\/1FAIpQLSehRyCoV7K09RSLIXdFhc-6R6rGLve9qat2Xc6IJdl7-w1HhQ\/viewform\" style=\"background-color:#868f98\">R\u00e9servez un trajet sur la ligne Citycanard T\u00e0D 902<\/a><\/div>\n<\/div>\n\n\n\n<figure class=\"wp-block-table aligncenter is-style-stripes\"><table><tbody><tr><td class=\"has-text-align-center\" data-align=\"center\"><img loading=\"lazy\" decoding=\"async\" width=\"110\" height=\"73\" class=\"wp-image-1874\" style=\"width: 110px\" src=\"https:\/\/seal.transport-manager.net\/marshall\/wp-content\/uploads\/sites\/76\/2023\/07\/neunhundertzwei.png\" alt=\"\"><\/td><td class=\"has-text-align-center\" data-align=\"center\"><img loading=\"lazy\" decoding=\"async\" width=\"130\" height=\"80\" class=\"wp-image-2243\" style=\"width: 130px\" src=\"https:\/\/seal.transport-manager.net\/marshall\/wp-content\/uploads\/sites\/76\/2024\/04\/10U.png\" alt=\"\"><\/td><\/tr><tr><td class=\"has-text-align-center\" data-align=\"center\">longueur<\/td><td class=\"has-text-align-center\" data-align=\"center\">5,6 km<\/td><\/tr><tr><td class=\"has-text-align-center\" data-align=\"center\">temps de trajet indicatif<\/td><td class=\"has-text-align-center\" data-align=\"center\">20 minutes<\/td><\/tr><tr><td class=\"has-text-align-center\" data-align=\"center\">nombre de stations<\/td><td class=\"has-text-align-center\" data-align=\"center\">17<\/td><\/tr><tr><td class=\"has-text-align-center\" data-align=\"center\">communes desservies<\/td><td class=\"has-text-align-center\" data-align=\"center\">Quarabeaux-sur-Arnolphe<\/td><\/tr><tr><td class=\"has-text-align-center\" data-align=\"center\">mat\u00e9riel roulant<\/td><td class=\"has-text-align-center\" data-align=\"center\">Navigo C<\/td><\/tr><\/tbody><\/table><\/figure>\n","protected":false},"excerpt":{"rendered":"<p>Quarabeaux &#8211; Pin\u00e8de &#8211; Parc des Cygnes &lt;&gt; Observatoire de Quarabeaux longueur 5,6 km temps de trajet indicatif 20 minutes nombre de stations 17 communes desservies Quarabeaux-sur-Arnolphe mat\u00e9riel roulant Navigo &#8230; <a title=\"Ligne Citycanard T\u00e0D 902\" class=\"read-more\" href=\"https:\/\/seal.transport-manager.net\/marshall\/ligne-bvl-pimo-902\/\" aria-label=\"En savoir plus sur Ligne Citycanard T\u00e0D 902\">Lire la suite<\/a><\/p>\n","protected":false},"author":76,"featured_media":1874,"parent":0,"menu_order":0,"comment_status":"closed","ping_status":"closed","template":"","meta":{"footnotes":""},"class_list":["post-2249","page","type-page","status-publish","has-post-thumbnail"],"_links":{"self":[{"href":"https:\/\/seal.transport-manager.net\/marshall\/wp-json\/wp\/v2\/pages\/2249","targetHints":{"allow":["GET"]}}],"collection":[{"href":"https:\/\/seal.transport-manager.net\/marshall\/wp-json\/wp\/v2\/pages"}],"about":[{"href":"https:\/\/seal.transport-manager.net\/marshall\/wp-json\/wp\/v2\/types\/page"}],"author":[{"embeddable":true,"href":"https:\/\/seal.transport-manager.net\/marshall\/wp-json\/wp\/v2\/users\/76"}],"replies":[{"embeddable":true,"href":"https:\/\/seal.transport-manager.net\/marshall\/wp-json\/wp\/v2\/comments?post=2249"}],"version-history":[{"count":12,"href":"https:\/\/seal.transport-manager.net\/marshall\/wp-json\/wp\/v2\/pages\/2249\/revisions"}],"predecessor-version":[{"id":4143,"href":"https:\/\/seal.transport-manager.net\/marshall\/wp-json\/wp\/v2\/pages\/2249\/revisions\/4143"}],"wp:featuredmedia":[{"embeddable":true,"href":"https:\/\/seal.transport-manager.net\/marshall\/wp-json\/wp\/v2\/media\/1874"}],"wp:attachment":[{"href":"https:\/\/seal.transport-manager.net\/marshall\/wp-json\/wp\/v2\/media?parent=2249"}],"curies":[{"name":"wp","href":"https:\/\/api.w.org\/{rel}","templated":true}]}}