{"id":244,"date":"2022-02-06T16:13:13","date_gmt":"2022-02-06T15:13:13","guid":{"rendered":"https:\/\/seal.transport-manager.net\/marshall\/?page_id=244"},"modified":"2025-11-16T10:36:41","modified_gmt":"2025-11-16T09:36:41","slug":"nos-titres-de-transport","status":"publish","type":"page","link":"https:\/\/seal.transport-manager.net\/marshall\/nos-titres-de-transport\/","title":{"rendered":"Les Titres de Transport"},"content":{"rendered":"\n<h3 class=\"wp-block-heading has-text-align-center\">La Carte Canard, un support unique pour tous vos titres de transports.<\/h3>\n\n\n\n<div class=\"wp-block-columns is-layout-flex wp-container-core-columns-is-layout-9d6595d7 wp-block-columns-is-layout-flex\">\n<div class=\"wp-block-column is-layout-flow wp-block-column-is-layout-flow\">\n<div class=\"wp-block-columns is-layout-flex wp-container-core-columns-is-layout-9d6595d7 wp-block-columns-is-layout-flex\">\n<div class=\"wp-block-column is-layout-flow wp-block-column-is-layout-flow\">\n<figure class=\"wp-block-image size-full\"><img loading=\"lazy\" decoding=\"async\" width=\"600\" height=\"350\" src=\"https:\/\/seal.transport-manager.net\/marshall\/wp-content\/uploads\/sites\/76\/2025\/05\/Carte_Canard.png\" alt=\"\" class=\"wp-image-3247\" srcset=\"https:\/\/seal.transport-manager.net\/marshall\/wp-content\/uploads\/sites\/76\/2025\/05\/Carte_Canard.png 600w, https:\/\/seal.transport-manager.net\/marshall\/wp-content\/uploads\/sites\/76\/2025\/05\/Carte_Canard-300x175.png 300w\" sizes=\"auto, (max-width: 600px) 100vw, 600px\" \/><\/figure>\n<\/div>\n\n\n\n<div class=\"wp-block-column is-layout-flow wp-block-column-is-layout-flow\">\n<figure class=\"wp-block-image size-full\"><img loading=\"lazy\" decoding=\"async\" width=\"600\" height=\"350\" src=\"https:\/\/seal.transport-manager.net\/marshall\/wp-content\/uploads\/sites\/76\/2025\/05\/Carte_Canard_revers-1.png\" alt=\"\" class=\"wp-image-3266\" srcset=\"https:\/\/seal.transport-manager.net\/marshall\/wp-content\/uploads\/sites\/76\/2025\/05\/Carte_Canard_revers-1.png 600w, https:\/\/seal.transport-manager.net\/marshall\/wp-content\/uploads\/sites\/76\/2025\/05\/Carte_Canard_revers-1-300x175.png 300w\" sizes=\"auto, (max-width: 600px) 100vw, 600px\" \/><\/figure>\n<\/div>\n<\/div>\n<\/div>\n<\/div>\n\n\n\n<p>La carte Canard est une carte \u00e0 puce \u00e0 valider dans chaque v\u00e9hicule emprunt\u00e9 et commandable en ligne ou en agence. Une photo d&rsquo;identit\u00e9 doit imp\u00e9rativement \u00eatre pr\u00e9sente au revers de la carte, dans le cadre pr\u00e9vu \u00e0 cet effet.<\/p>\n\n\n\n<div class=\"wp-block-buttons is-content-justification-center is-layout-flex wp-container-core-buttons-is-layout-16018d1d wp-block-buttons-is-layout-flex\">\n<div class=\"wp-block-button\"><a class=\"wp-block-button__link has-base-3-color has-text-color has-background has-link-color wp-element-button\" href=\"https:\/\/docs.google.com\/forms\/d\/e\/1FAIpQLSfHvVwhVWlQ9CG-Fs6O1FOSryIFOvNaciV3NO4pegoZuMa29w\/viewform?usp=header\" style=\"background-color:#054417\">Je commande ma Carte Canard<\/a><\/div>\n<\/div>\n\n\n\n<h2 class=\"wp-block-heading\">Les titres de transport<\/h2>\n\n\n\n<div class=\"wp-block-columns is-layout-flex wp-container-core-columns-is-layout-9d6595d7 wp-block-columns-is-layout-flex\">\n<div class=\"wp-block-column is-layout-flow wp-block-column-is-layout-flow\">\n<h2 class=\"wp-block-heading has-text-align-center\">Canard-1<\/h2>\n\n\n\n<h4 class=\"wp-block-heading has-text-align-center\">Titre unitaire<\/h4>\n\n\n\n<div class=\"wp-block-buttons is-content-justification-center is-layout-flex wp-container-core-buttons-is-layout-16018d1d wp-block-buttons-is-layout-flex\">\n<div class=\"wp-block-button\"><a class=\"wp-block-button__link has-base-3-color has-text-color has-background has-link-color has-text-align-center wp-element-button\" style=\"background-color:#054417\">1.70 \u20ac \/ticket<\/a><\/div>\n<\/div>\n\n\n\n<ul class=\"wp-block-list\">\n<li>Utilisable et validable une seule fois.<\/li>\n\n\n\n<li>Peut \u00eatre achet\u00e9 en ligne, en agence, aupr\u00e8s des conducteurs ou dans les arr\u00eats \u00e9quip\u00e9s de distributeurs.<\/li>\n<\/ul>\n<\/div>\n\n\n\n<div class=\"wp-block-column is-layout-flow wp-block-column-is-layout-flow\">\n<h2 class=\"wp-block-heading has-text-align-center\">Canard-J<\/h2>\n\n\n\n<h4 class=\"wp-block-heading has-text-align-center\">Titre \u00e0 la journ\u00e9e<\/h4>\n\n\n\n<div class=\"wp-block-buttons is-content-justification-center is-layout-flex wp-container-core-buttons-is-layout-16018d1d wp-block-buttons-is-layout-flex\">\n<div class=\"wp-block-button\"><a class=\"wp-block-button__link has-background wp-element-button\" style=\"background-color:#054417\">5.00 \u20ac \/jour<\/a><\/div>\n<\/div>\n\n\n\n<ul class=\"wp-block-list\">\n<li>Valide pendant les 24 heures suivant l&rsquo;achat du titre de transport.<\/li>\n\n\n\n<li>Utilisation illimit\u00e9e du r\u00e9seau Transports Canard dans cet intervalle de temps.<\/li>\n\n\n\n<li>Peut \u00eatre achet\u00e9 en ligne, en agence ou dans les arr\u00eats \u00e9quip\u00e9s de distributeurs.<\/li>\n\n\n\n<li>Permet d&rsquo;utiliser le chemin de fer r\u00e9gional entre les gares A\u00e9roport d&rsquo;Arnolpheville-La Beaut\u00e9 et Quarabeaux &#8211; La Cornette &#8211; Arnolpheville.<\/li>\n<\/ul>\n<\/div>\n\n\n\n<div class=\"wp-block-column is-layout-flow wp-block-column-is-layout-flow\">\n<h2 class=\"wp-block-heading has-text-align-center\">Canard-M<\/h2>\n\n\n\n<h4 class=\"wp-block-heading has-text-align-center\">Abonnement mensuel<\/h4>\n\n\n\n<div class=\"wp-block-buttons is-content-justification-center is-layout-flex wp-container-core-buttons-is-layout-16018d1d wp-block-buttons-is-layout-flex\">\n<div class=\"wp-block-button\"><a class=\"wp-block-button__link has-background wp-element-button\" style=\"background-color:#054417\">59.00 \u20ac \/mois<\/a><\/div>\n<\/div>\n\n\n\n<ul class=\"wp-block-list\">\n<li>Valide pendant le mois suivant son achat ou son dernier renouv\u00e8lement.<\/li>\n\n\n\n<li>Utilisation illimit\u00e9e du r\u00e9seau Transports Canard dans cet intervalle de temps.<\/li>\n\n\n\n<li>Peut \u00eatre achet\u00e9 et renouvel\u00e9 en ligne, en agence ou dans les arr\u00eats \u00e9quip\u00e9s de distributeurs.<\/li>\n\n\n\n<li>Permet d&rsquo;utiliser le chemin de fer r\u00e9gional entre les gares A\u00e9roport d&rsquo;Arnolpheville-La Beaut\u00e9 et Quarabeaux &#8211; La Cornette &#8211; Arnolpheville.<\/li>\n<\/ul>\n<\/div>\n<\/div>\n\n\n\n<div class=\"wp-block-columns is-layout-flex wp-container-core-columns-is-layout-9d6595d7 wp-block-columns-is-layout-flex\">\n<div class=\"wp-block-column is-layout-flow wp-block-column-is-layout-flow\"><\/div>\n\n\n\n<div class=\"wp-block-column is-layout-flow wp-block-column-is-layout-flow\">\n<h2 class=\"wp-block-heading has-text-align-center\">Caneton-M<\/h2>\n\n\n\n<h4 class=\"wp-block-heading has-text-align-center\">Abonnement scolaire mensuel<\/h4>\n\n\n\n<div class=\"wp-block-buttons is-content-justification-center is-layout-flex wp-container-core-buttons-is-layout-16018d1d wp-block-buttons-is-layout-flex\">\n<div class=\"wp-block-button\"><a class=\"wp-block-button__link has-base-3-color has-text-color has-background has-link-color wp-element-button\" style=\"background-color:#054417\">37.00 \u20ac \/mois<\/a><\/div>\n<\/div>\n\n\n\n<ul class=\"wp-block-list\">\n<li>Valide pendant le mois suivant son achat ou son renouv\u00e8lement<\/li>\n\n\n\n<li>Utilisation restreinte aux lignes Metrocanard S et Regiocanard S.<\/li>\n\n\n\n<li>Peut \u00eatre renouvel\u00e9 en ligne ou en agence<\/li>\n\n\n\n<li>Pas actif pendant les vacances estivales.<\/li>\n<\/ul>\n<\/div>\n\n\n\n<div class=\"wp-block-column is-layout-flow wp-block-column-is-layout-flow\"><\/div>\n<\/div>\n\n\n\n<p><\/p>\n","protected":false},"excerpt":{"rendered":"<p>La Carte Canard, un support unique pour tous vos titres de transports. La carte Canard est une carte \u00e0 puce \u00e0 valider dans chaque v\u00e9hicule emprunt\u00e9 et commandable en ligne &#8230; <a title=\"Les Titres de Transport\" class=\"read-more\" href=\"https:\/\/seal.transport-manager.net\/marshall\/nos-titres-de-transport\/\" aria-label=\"En savoir plus sur Les Titres de Transport\">Lire la suite<\/a><\/p>\n","protected":false},"author":76,"featured_media":2911,"parent":0,"menu_order":0,"comment_status":"closed","ping_status":"closed","template":"","meta":{"footnotes":""},"class_list":["post-244","page","type-page","status-publish","has-post-thumbnail"],"_links":{"self":[{"href":"https:\/\/seal.transport-manager.net\/marshall\/wp-json\/wp\/v2\/pages\/244","targetHints":{"allow":["GET"]}}],"collection":[{"href":"https:\/\/seal.transport-manager.net\/marshall\/wp-json\/wp\/v2\/pages"}],"about":[{"href":"https:\/\/seal.transport-manager.net\/marshall\/wp-json\/wp\/v2\/types\/page"}],"author":[{"embeddable":true,"href":"https:\/\/seal.transport-manager.net\/marshall\/wp-json\/wp\/v2\/users\/76"}],"replies":[{"embeddable":true,"href":"https:\/\/seal.transport-manager.net\/marshall\/wp-json\/wp\/v2\/comments?post=244"}],"version-history":[{"count":18,"href":"https:\/\/seal.transport-manager.net\/marshall\/wp-json\/wp\/v2\/pages\/244\/revisions"}],"predecessor-version":[{"id":4156,"href":"https:\/\/seal.transport-manager.net\/marshall\/wp-json\/wp\/v2\/pages\/244\/revisions\/4156"}],"wp:featuredmedia":[{"embeddable":true,"href":"https:\/\/seal.transport-manager.net\/marshall\/wp-json\/wp\/v2\/media\/2911"}],"wp:attachment":[{"href":"https:\/\/seal.transport-manager.net\/marshall\/wp-json\/wp\/v2\/media?parent=244"}],"curies":[{"name":"wp","href":"https:\/\/api.w.org\/{rel}","templated":true}]}}