{"id":3123,"date":"2025-04-18T10:54:34","date_gmt":"2025-04-18T08:54:34","guid":{"rendered":"https:\/\/seal.transport-manager.net\/marshall\/?page_id=3123"},"modified":"2025-07-31T20:14:52","modified_gmt":"2025-07-31T18:14:52","slug":"iz13000-irizar-ie-tram-12","status":"publish","type":"page","link":"https:\/\/seal.transport-manager.net\/marshall\/iz13000-irizar-ie-tram-12\/","title":{"rendered":"IZ13000 &#8211; Irizar ie Tram 12"},"content":{"rendered":"<div class=\"wp-block-image\">\n<figure class=\"aligncenter size-full\"><a href=\"https:\/\/i.ibb.co\/TBDKTNjx\/ie-Tram12-Canard.png\"><img loading=\"lazy\" decoding=\"async\" width=\"835\" height=\"360\" src=\"https:\/\/seal.transport-manager.net\/marshall\/wp-content\/uploads\/sites\/76\/2025\/02\/ieTram12Canard.png\" alt=\"\" class=\"wp-image-2982\" srcset=\"https:\/\/seal.transport-manager.net\/marshall\/wp-content\/uploads\/sites\/76\/2025\/02\/ieTram12Canard.png 835w, https:\/\/seal.transport-manager.net\/marshall\/wp-content\/uploads\/sites\/76\/2025\/02\/ieTram12Canard-300x129.png 300w, https:\/\/seal.transport-manager.net\/marshall\/wp-content\/uploads\/sites\/76\/2025\/02\/ieTram12Canard-768x331.png 768w\" sizes=\"auto, (max-width: 835px) 100vw, 835px\" \/><\/a><figcaption class=\"wp-element-caption\"><a href=\"https:\/\/i.ibb.co\/TBDKTNjx\/ie-Tram12-Canard.png\">cliquez pour agrandir<\/a><\/figcaption><\/figure>\n<\/div>\n\n\n<div class=\"wp-block-columns is-layout-flex wp-container-core-columns-is-layout-9d6595d7 wp-block-columns-is-layout-flex\">\n<div class=\"wp-block-column is-layout-flow wp-block-column-is-layout-flow\">\n<figure class=\"wp-block-table is-style-stripes\"><table class=\"has-fixed-layout\"><tbody><tr><td class=\"has-text-align-center\" data-align=\"center\">mise en service<\/td><td class=\"has-text-align-center\" data-align=\"center\">2023-2024<\/td><\/tr><tr><td class=\"has-text-align-center\" data-align=\"center\">statut<\/td><td class=\"has-text-align-center\" data-align=\"center\">en service<\/td><\/tr><tr><td class=\"has-text-align-center\" data-align=\"center\">effectif<\/td><td class=\"has-text-align-center\" data-align=\"center\">23<\/td><\/tr><tr><td class=\"has-text-align-center\" data-align=\"center\">d\u00e9p\u00f4t<\/td><td class=\"has-text-align-center\" data-align=\"center\">Bellevarde<\/td><\/tr><tr><td class=\"has-text-align-center\" data-align=\"center\">affectation<\/td><td class=\"has-text-align-center\" data-align=\"center\"><img loading=\"lazy\" decoding=\"async\" width=\"111\" height=\"73\" class=\"wp-image-1425\" style=\"width: 111px\" src=\"https:\/\/seal.transport-manager.net\/marshall\/wp-content\/uploads\/sites\/76\/2023\/02\/CX-drei.png\" alt=\"\"><\/td><\/tr><\/tbody><\/table><\/figure>\n\n\n\n<h3 class=\"wp-block-heading\">Carri\u00e8re r\u00e9sum\u00e9e<\/h3>\n\n\n\n<p>Le ie Tram 12 est command\u00e9 en 23 exemplaires par Transports Canard en 2023. Nomm\u00e9e en interne IZ13000 (<strong>I<\/strong>ri<strong>z<\/strong>ar s\u00e9rie 13000), la s\u00e9rie est livr\u00e9e de mai 2023 \u00e0 avril 2024 et \u00e9quipe int\u00e9gralement la ligne rapide en site propre CX-3 du r\u00e9seau Citycanard Express nouvellement cr\u00e9\u00e9e en remplacement de l&rsquo;ancienne ligne 3 et son parc de Scania Omnicity GNV.<\/p>\n<\/div>\n\n\n\n<div class=\"wp-block-column is-layout-flow wp-block-column-is-layout-flow\">\n<figure class=\"wp-block-table is-style-stripes\"><table class=\"has-fixed-layout\"><tbody><tr><td class=\"has-text-align-center\" data-align=\"center\">gamme<\/td><td class=\"has-text-align-center\" data-align=\"center\">ie Tram<\/td><\/tr><tr><td class=\"has-text-align-center\" data-align=\"center\">constructeur<\/td><td class=\"has-text-align-center\" data-align=\"center\"><img loading=\"lazy\" decoding=\"async\" width=\"21\" height=\"15\" class=\"wp-image-3107\" style=\"width: 21px\" src=\"https:\/\/seal.transport-manager.net\/marshall\/wp-content\/uploads\/sites\/76\/2025\/04\/Espana.png\" alt=\"\"> Irizar e-mobility<\/td><\/tr><tr><td class=\"has-text-align-center\" data-align=\"center\">cat\u00e9gorie<\/td><td class=\"has-text-align-center\" data-align=\"center\">urbain BHNS standard<\/td><\/tr><tr><td class=\"has-text-align-center\" data-align=\"center\">propulsion<\/td><td class=\"has-text-align-center\" data-align=\"center\"><img loading=\"lazy\" decoding=\"async\" width=\"61\" height=\"61\" class=\"wp-image-1352\" style=\"width: 61px\" src=\"https:\/\/seal.transport-manager.net\/marshall\/wp-content\/uploads\/sites\/76\/2023\/01\/EV.png\" alt=\"\"><\/td><\/tr><tr><td class=\"has-text-align-center\" data-align=\"center\">commercialisation<\/td><td class=\"has-text-align-center\" data-align=\"center\">depuis 2018<\/td><\/tr><tr><td class=\"has-text-align-center\" data-align=\"center\">l x L x h<\/td><td class=\"has-text-align-center\" data-align=\"center\">12,16 m x 2,55 m x 3,3 m<\/td><\/tr><tr><td class=\"has-text-align-center\" data-align=\"center\">capacit\u00e9<\/td><td class=\"has-text-align-center\" data-align=\"center\">96 pax (dont 28 assis)<\/td><\/tr><tr><td class=\"has-text-align-center\" data-align=\"center\">moteur<\/td><td class=\"has-text-align-center\" data-align=\"center\">Alconza<br>\u00e9lectromoteur sur l&rsquo;essieu arri\u00e8re<\/td><\/tr><tr><td class=\"has-text-align-center\" data-align=\"center\">puissance<\/td><td class=\"has-text-align-center\" data-align=\"center\">180 kW &#8211; 245 ch<\/td><\/tr><tr><td class=\"has-text-align-center\" data-align=\"center\">site de fabrication<\/td><td class=\"has-text-align-center\" data-align=\"center\"><img loading=\"lazy\" decoding=\"async\" width=\"21\" height=\"15\" class=\"wp-image-3107\" style=\"width: 21px\" src=\"https:\/\/seal.transport-manager.net\/marshall\/wp-content\/uploads\/sites\/76\/2025\/04\/Espana.png\" alt=\"\"> Ormaiztegi<\/td><\/tr><tr><td class=\"has-text-align-center\" data-align=\"center\">mod\u00e8les concurrents<br><em>(p\u00e9riode 2023-2024)<\/em><\/td><td class=\"has-text-align-center\" data-align=\"center\">Heuliez GX 337 Linium E<\/td><\/tr><\/tbody><\/table><\/figure>\n<\/div>\n<\/div>\n\n\n\n<h3 class=\"wp-block-heading\">R\u00e9f\u00e9rencement du parc<\/h3>\n\n\n\n<figure class=\"wp-block-table is-style-stripes\"><table><tbody><tr><td class=\"has-text-align-center\" data-align=\"center\">n\u00b0<\/td><td class=\"has-text-align-center\" data-align=\"center\">date de m.e.s<\/td><td class=\"has-text-align-center\" data-align=\"center\">statut<\/td><td class=\"has-text-align-center\" data-align=\"center\">affectation courante<br>\/ date de retrait<\/td><td class=\"has-text-align-center\" data-align=\"center\">immat.<\/td><td>historique des affectations<\/td><\/tr><tr><td class=\"has-text-align-center\" data-align=\"center\">IZ13001<\/td><td class=\"has-text-align-center\" data-align=\"center\">1 Mai 2023<\/td><td class=\"has-text-align-center\" data-align=\"center\">en service<\/td><td class=\"has-text-align-center\" data-align=\"center\"><img loading=\"lazy\" decoding=\"async\" width=\"111\" height=\"73\" src=\"https:\/\/seal.transport-manager.net\/groupebvl\/wp-content\/uploads\/sites\/307\/2024\/06\/CX-drei.png\" alt=\"\"><\/td><td class=\"has-text-align-center\" data-align=\"center\">TM-815-70<\/td><td><img loading=\"lazy\" decoding=\"async\" width=\"111\" height=\"73\" class=\"wp-image-1425\" style=\"width: 55px\" src=\"https:\/\/seal.transport-manager.net\/marshall\/wp-content\/uploads\/sites\/76\/2023\/02\/CX-drei.png\" alt=\"\">: depuis Mai 2023<\/td><\/tr><tr><td class=\"has-text-align-center\" data-align=\"center\">IZ13002<\/td><td class=\"has-text-align-center\" data-align=\"center\">7 Mai 2023<\/td><td class=\"has-text-align-center\" data-align=\"center\">en service<\/td><td class=\"has-text-align-center\" data-align=\"center\"><img loading=\"lazy\" decoding=\"async\" width=\"111\" height=\"73\" src=\"https:\/\/seal.transport-manager.net\/groupebvl\/wp-content\/uploads\/sites\/307\/2024\/06\/CX-drei.png\" alt=\"\"><\/td><td class=\"has-text-align-center\" data-align=\"center\">TM-819-44<\/td><td><img loading=\"lazy\" decoding=\"async\" width=\"111\" height=\"73\" class=\"wp-image-1425\" style=\"width: 55px\" src=\"https:\/\/seal.transport-manager.net\/marshall\/wp-content\/uploads\/sites\/76\/2023\/02\/CX-drei.png\" alt=\"\">: depuis Mai 2023<\/td><\/tr><tr><td class=\"has-text-align-center\" data-align=\"center\">IZ13003<\/td><td class=\"has-text-align-center\" data-align=\"center\">15 Mai 2023<\/td><td class=\"has-text-align-center\" data-align=\"center\">en service<\/td><td class=\"has-text-align-center\" data-align=\"center\"><img loading=\"lazy\" decoding=\"async\" width=\"111\" height=\"73\" src=\"https:\/\/seal.transport-manager.net\/groupebvl\/wp-content\/uploads\/sites\/307\/2024\/06\/CX-drei.png\" alt=\"\"><\/td><td class=\"has-text-align-center\" data-align=\"center\">TM-824-41<\/td><td><img loading=\"lazy\" decoding=\"async\" width=\"111\" height=\"73\" class=\"wp-image-1425\" style=\"width: 55px\" src=\"https:\/\/seal.transport-manager.net\/marshall\/wp-content\/uploads\/sites\/76\/2023\/02\/CX-drei.png\" alt=\"\">: depuis Mai 2023<\/td><\/tr><tr><td class=\"has-text-align-center\" data-align=\"center\">IZ13004<\/td><td class=\"has-text-align-center\" data-align=\"center\">15 Mai 2023<\/td><td class=\"has-text-align-center\" data-align=\"center\">en service<\/td><td class=\"has-text-align-center\" data-align=\"center\"><img loading=\"lazy\" decoding=\"async\" width=\"111\" height=\"73\" src=\"https:\/\/seal.transport-manager.net\/groupebvl\/wp-content\/uploads\/sites\/307\/2024\/06\/CX-drei.png\" alt=\"\"><\/td><td class=\"has-text-align-center\" data-align=\"center\">TM-824-42<\/td><td><img loading=\"lazy\" decoding=\"async\" width=\"111\" height=\"73\" class=\"wp-image-1425\" style=\"width: 55px\" src=\"https:\/\/seal.transport-manager.net\/marshall\/wp-content\/uploads\/sites\/76\/2023\/02\/CX-drei.png\" alt=\"\">: depuis Mai 2023<\/td><\/tr><tr><td class=\"has-text-align-center\" data-align=\"center\">IZ13005<\/td><td class=\"has-text-align-center\" data-align=\"center\">26 Mai 2023<\/td><td class=\"has-text-align-center\" data-align=\"center\">en service<\/td><td class=\"has-text-align-center\" data-align=\"center\"><img loading=\"lazy\" decoding=\"async\" width=\"111\" height=\"73\" src=\"https:\/\/seal.transport-manager.net\/groupebvl\/wp-content\/uploads\/sites\/307\/2024\/06\/CX-drei.png\" alt=\"\"><\/td><td class=\"has-text-align-center\" data-align=\"center\">TM-830-02<\/td><td><img loading=\"lazy\" decoding=\"async\" width=\"111\" height=\"73\" class=\"wp-image-1425\" style=\"width: 55px\" src=\"https:\/\/seal.transport-manager.net\/marshall\/wp-content\/uploads\/sites\/76\/2023\/02\/CX-drei.png\" alt=\"\">: depuis Juin 2023<\/td><\/tr><tr><td class=\"has-text-align-center\" data-align=\"center\">IZ13006<\/td><td class=\"has-text-align-center\" data-align=\"center\">26 Mai 2023<\/td><td class=\"has-text-align-center\" data-align=\"center\">en service<\/td><td class=\"has-text-align-center\" data-align=\"center\"><img loading=\"lazy\" decoding=\"async\" width=\"111\" height=\"73\" src=\"https:\/\/seal.transport-manager.net\/groupebvl\/wp-content\/uploads\/sites\/307\/2024\/06\/CX-drei.png\" alt=\"\"><\/td><td class=\"has-text-align-center\" data-align=\"center\">TM-830-03<\/td><td><img loading=\"lazy\" decoding=\"async\" width=\"111\" height=\"73\" class=\"wp-image-1425\" style=\"width: 55px\" src=\"https:\/\/seal.transport-manager.net\/marshall\/wp-content\/uploads\/sites\/76\/2023\/02\/CX-drei.png\" alt=\"\">: depuis Juin 2023<\/td><\/tr><tr><td class=\"has-text-align-center\" data-align=\"center\">IZ13007<\/td><td class=\"has-text-align-center\" data-align=\"center\">26 Mai 2023<\/td><td class=\"has-text-align-center\" data-align=\"center\">en service<\/td><td class=\"has-text-align-center\" data-align=\"center\"><img loading=\"lazy\" decoding=\"async\" width=\"111\" height=\"73\" src=\"https:\/\/seal.transport-manager.net\/groupebvl\/wp-content\/uploads\/sites\/307\/2024\/06\/CX-drei.png\" alt=\"\"><\/td><td class=\"has-text-align-center\" data-align=\"center\">TM-830-04<\/td><td><img loading=\"lazy\" decoding=\"async\" width=\"111\" height=\"73\" class=\"wp-image-1425\" style=\"width: 55px\" src=\"https:\/\/seal.transport-manager.net\/marshall\/wp-content\/uploads\/sites\/76\/2023\/02\/CX-drei.png\" alt=\"\">: depuis Juin 2023<\/td><\/tr><tr><td class=\"has-text-align-center\" data-align=\"center\">IZ13008<\/td><td class=\"has-text-align-center\" data-align=\"center\">26 Mai 2023<\/td><td class=\"has-text-align-center\" data-align=\"center\">en service<\/td><td class=\"has-text-align-center\" data-align=\"center\"><img loading=\"lazy\" decoding=\"async\" width=\"111\" height=\"73\" src=\"https:\/\/seal.transport-manager.net\/groupebvl\/wp-content\/uploads\/sites\/307\/2024\/06\/CX-drei.png\" alt=\"\"><\/td><td class=\"has-text-align-center\" data-align=\"center\">TM-830-05<\/td><td><img loading=\"lazy\" decoding=\"async\" width=\"111\" height=\"73\" class=\"wp-image-1425\" style=\"width: 55px\" src=\"https:\/\/seal.transport-manager.net\/marshall\/wp-content\/uploads\/sites\/76\/2023\/02\/CX-drei.png\" alt=\"\">: depuis Juin 2023<\/td><\/tr><tr><td class=\"has-text-align-center\" data-align=\"center\">IZ13009<\/td><td class=\"has-text-align-center\" data-align=\"center\">27 Ao\u00fbt 2023<\/td><td class=\"has-text-align-center\" data-align=\"center\">en service<\/td><td class=\"has-text-align-center\" data-align=\"center\"><img loading=\"lazy\" decoding=\"async\" width=\"111\" height=\"73\" src=\"https:\/\/seal.transport-manager.net\/groupebvl\/wp-content\/uploads\/sites\/307\/2024\/06\/CX-drei.png\" alt=\"\"><\/td><td class=\"has-text-align-center\" data-align=\"center\">TM-886-94<\/td><td><img loading=\"lazy\" decoding=\"async\" width=\"111\" height=\"73\" class=\"wp-image-1425\" style=\"width: 55px\" src=\"https:\/\/seal.transport-manager.net\/marshall\/wp-content\/uploads\/sites\/76\/2023\/02\/CX-drei.png\" alt=\"\">: depuis Septembre 2023<\/td><\/tr><tr><td class=\"has-text-align-center\" data-align=\"center\">IZ13010<\/td><td class=\"has-text-align-center\" data-align=\"center\">11 Septembre 2023<\/td><td class=\"has-text-align-center\" data-align=\"center\">en service<\/td><td class=\"has-text-align-center\" data-align=\"center\"><img loading=\"lazy\" decoding=\"async\" width=\"111\" height=\"73\" src=\"https:\/\/seal.transport-manager.net\/groupebvl\/wp-content\/uploads\/sites\/307\/2024\/06\/CX-drei.png\" alt=\"\"><\/td><td class=\"has-text-align-center\" data-align=\"center\">TM-898-36<\/td><td><img loading=\"lazy\" decoding=\"async\" width=\"111\" height=\"73\" class=\"wp-image-1425\" style=\"width: 55px\" src=\"https:\/\/seal.transport-manager.net\/marshall\/wp-content\/uploads\/sites\/76\/2023\/02\/CX-drei.png\" alt=\"\">: depuis Septembre 2023<\/td><\/tr><tr><td class=\"has-text-align-center\" data-align=\"center\">IZ13011<\/td><td class=\"has-text-align-center\" data-align=\"center\">27 Septembre 2023<\/td><td class=\"has-text-align-center\" data-align=\"center\">en service<\/td><td class=\"has-text-align-center\" data-align=\"center\"><img loading=\"lazy\" decoding=\"async\" width=\"111\" height=\"73\" src=\"https:\/\/seal.transport-manager.net\/groupebvl\/wp-content\/uploads\/sites\/307\/2024\/06\/CX-drei.png\" alt=\"\"><\/td><td class=\"has-text-align-center\" data-align=\"center\">TM-907-92<\/td><td><img loading=\"lazy\" decoding=\"async\" width=\"111\" height=\"73\" class=\"wp-image-1425\" style=\"width: 55px\" src=\"https:\/\/seal.transport-manager.net\/marshall\/wp-content\/uploads\/sites\/76\/2023\/02\/CX-drei.png\" alt=\"\">: depuis Octobre 2023<\/td><\/tr><tr><td class=\"has-text-align-center\" data-align=\"center\">IZ13012<\/td><td class=\"has-text-align-center\" data-align=\"center\">13 Octobre 2023<\/td><td class=\"has-text-align-center\" data-align=\"center\">en service<\/td><td class=\"has-text-align-center\" data-align=\"center\"><img loading=\"lazy\" decoding=\"async\" width=\"111\" height=\"73\" src=\"https:\/\/seal.transport-manager.net\/groupebvl\/wp-content\/uploads\/sites\/307\/2024\/06\/CX-drei.png\" alt=\"\"><\/td><td class=\"has-text-align-center\" data-align=\"center\">TM-918-06<\/td><td><img loading=\"lazy\" decoding=\"async\" width=\"111\" height=\"73\" class=\"wp-image-1425\" style=\"width: 55px\" src=\"https:\/\/seal.transport-manager.net\/marshall\/wp-content\/uploads\/sites\/76\/2023\/02\/CX-drei.png\" alt=\"\">: depuis Octobre 2023<\/td><\/tr><tr><td class=\"has-text-align-center\" data-align=\"center\">IZ13013<\/td><td class=\"has-text-align-center\" data-align=\"center\">27 Octobre 2023<\/td><td class=\"has-text-align-center\" data-align=\"center\">en service<\/td><td class=\"has-text-align-center\" data-align=\"center\"><img loading=\"lazy\" decoding=\"async\" width=\"111\" height=\"73\" src=\"https:\/\/seal.transport-manager.net\/groupebvl\/wp-content\/uploads\/sites\/307\/2024\/06\/CX-drei.png\" alt=\"\"><\/td><td class=\"has-text-align-center\" data-align=\"center\">TM-929-39<\/td><td><img loading=\"lazy\" decoding=\"async\" width=\"111\" height=\"73\" class=\"wp-image-1425\" style=\"width: 55px\" src=\"https:\/\/seal.transport-manager.net\/marshall\/wp-content\/uploads\/sites\/76\/2023\/02\/CX-drei.png\" alt=\"\">: depuis Novembre 2023<\/td><\/tr><tr><td class=\"has-text-align-center\" data-align=\"center\">IZ13014<\/td><td class=\"has-text-align-center\" data-align=\"center\">4 Novembre 2023<\/td><td class=\"has-text-align-center\" data-align=\"center\">en service<\/td><td class=\"has-text-align-center\" data-align=\"center\"><img loading=\"lazy\" decoding=\"async\" width=\"111\" height=\"73\" src=\"https:\/\/seal.transport-manager.net\/groupebvl\/wp-content\/uploads\/sites\/307\/2024\/06\/CX-drei.png\" alt=\"\"><\/td><td class=\"has-text-align-center\" data-align=\"center\">TM-934-85<\/td><td><img loading=\"lazy\" decoding=\"async\" width=\"111\" height=\"73\" class=\"wp-image-1425\" style=\"width: 55px\" src=\"https:\/\/seal.transport-manager.net\/marshall\/wp-content\/uploads\/sites\/76\/2023\/02\/CX-drei.png\" alt=\"\">: depuis Novembre 2023<\/td><\/tr><tr><td class=\"has-text-align-center\" data-align=\"center\">IZ13015<\/td><td class=\"has-text-align-center\" data-align=\"center\">8 Janvier 2024<\/td><td class=\"has-text-align-center\" data-align=\"center\">en service<\/td><td class=\"has-text-align-center\" data-align=\"center\"><img loading=\"lazy\" decoding=\"async\" width=\"111\" height=\"73\" src=\"https:\/\/seal.transport-manager.net\/groupebvl\/wp-content\/uploads\/sites\/307\/2024\/06\/CX-drei.png\" alt=\"\"><\/td><td class=\"has-text-align-center\" data-align=\"center\">TM-981-29<\/td><td><img loading=\"lazy\" decoding=\"async\" width=\"111\" height=\"73\" class=\"wp-image-1425\" style=\"width: 55px\" src=\"https:\/\/seal.transport-manager.net\/marshall\/wp-content\/uploads\/sites\/76\/2023\/02\/CX-drei.png\" alt=\"\">: depuis Janvier 2024<\/td><\/tr><tr><td class=\"has-text-align-center\" data-align=\"center\">IZ13016<\/td><td class=\"has-text-align-center\" data-align=\"center\">12 Janvier 2024<\/td><td class=\"has-text-align-center\" data-align=\"center\">en service<\/td><td class=\"has-text-align-center\" data-align=\"center\"><img loading=\"lazy\" decoding=\"async\" width=\"111\" height=\"73\" src=\"https:\/\/seal.transport-manager.net\/groupebvl\/wp-content\/uploads\/sites\/307\/2024\/06\/CX-drei.png\" alt=\"\"><\/td><td class=\"has-text-align-center\" data-align=\"center\">TM-984-34<\/td><td><img loading=\"lazy\" decoding=\"async\" width=\"111\" height=\"73\" class=\"wp-image-1425\" style=\"width: 55px\" src=\"https:\/\/seal.transport-manager.net\/marshall\/wp-content\/uploads\/sites\/76\/2023\/02\/CX-drei.png\" alt=\"\">: depuis Janvier 2024<\/td><\/tr><tr><td class=\"has-text-align-center\" data-align=\"center\">IZ13017<\/td><td class=\"has-text-align-center\" data-align=\"center\">26 Janvier 2024<\/td><td class=\"has-text-align-center\" data-align=\"center\">en service<\/td><td class=\"has-text-align-center\" data-align=\"center\"><img loading=\"lazy\" decoding=\"async\" width=\"111\" height=\"73\" src=\"https:\/\/seal.transport-manager.net\/groupebvl\/wp-content\/uploads\/sites\/307\/2024\/06\/CX-drei.png\" alt=\"\"><\/td><td class=\"has-text-align-center\" data-align=\"center\">TM-995-48<\/td><td><img loading=\"lazy\" decoding=\"async\" width=\"111\" height=\"73\" class=\"wp-image-1425\" style=\"width: 55px\" src=\"https:\/\/seal.transport-manager.net\/marshall\/wp-content\/uploads\/sites\/76\/2023\/02\/CX-drei.png\" alt=\"\">: depuis F\u00e9vrier 2024<\/td><\/tr><tr><td class=\"has-text-align-center\" data-align=\"center\">IZ13018<\/td><td class=\"has-text-align-center\" data-align=\"center\">2 F\u00e9vrier 2024<\/td><td class=\"has-text-align-center\" data-align=\"center\">en service<\/td><td class=\"has-text-align-center\" data-align=\"center\"><img loading=\"lazy\" decoding=\"async\" width=\"111\" height=\"73\" src=\"https:\/\/seal.transport-manager.net\/groupebvl\/wp-content\/uploads\/sites\/307\/2024\/06\/CX-drei.png\" alt=\"\"><\/td><td class=\"has-text-align-center\" data-align=\"center\">01-000-23<\/td><td><img loading=\"lazy\" decoding=\"async\" width=\"111\" height=\"73\" class=\"wp-image-1425\" style=\"width: 55px\" src=\"https:\/\/seal.transport-manager.net\/marshall\/wp-content\/uploads\/sites\/76\/2023\/02\/CX-drei.png\" alt=\"\">: depuis F\u00e9vrier 2024<\/td><\/tr><tr><td class=\"has-text-align-center\" data-align=\"center\">IZ13019<\/td><td class=\"has-text-align-center\" data-align=\"center\">17 F\u00e9vrier 2024<\/td><td class=\"has-text-align-center\" data-align=\"center\">en service<\/td><td class=\"has-text-align-center\" data-align=\"center\"><img loading=\"lazy\" decoding=\"async\" width=\"111\" height=\"73\" src=\"https:\/\/seal.transport-manager.net\/groupebvl\/wp-content\/uploads\/sites\/307\/2024\/06\/CX-drei.png\" alt=\"\"><\/td><td class=\"has-text-align-center\" data-align=\"center\">01-012-18<\/td><td><img loading=\"lazy\" decoding=\"async\" width=\"111\" height=\"73\" class=\"wp-image-1425\" style=\"width: 55px\" src=\"https:\/\/seal.transport-manager.net\/marshall\/wp-content\/uploads\/sites\/76\/2023\/02\/CX-drei.png\" alt=\"\">: depuis F\u00e9vrier 2024<\/td><\/tr><tr><td class=\"has-text-align-center\" data-align=\"center\">IZ13020<\/td><td class=\"has-text-align-center\" data-align=\"center\">2 Mars 2024<\/td><td class=\"has-text-align-center\" data-align=\"center\">en service<\/td><td class=\"has-text-align-center\" data-align=\"center\"><img loading=\"lazy\" decoding=\"async\" width=\"111\" height=\"73\" src=\"https:\/\/seal.transport-manager.net\/groupebvl\/wp-content\/uploads\/sites\/307\/2024\/06\/CX-drei.png\" alt=\"\"><\/td><td class=\"has-text-align-center\" data-align=\"center\">01-022-01<\/td><td><img loading=\"lazy\" decoding=\"async\" width=\"111\" height=\"73\" class=\"wp-image-1425\" style=\"width: 55px\" src=\"https:\/\/seal.transport-manager.net\/marshall\/wp-content\/uploads\/sites\/76\/2023\/02\/CX-drei.png\" alt=\"\">: depuis Mars 2024<\/td><\/tr><tr><td class=\"has-text-align-center\" data-align=\"center\">IZ13021<\/td><td class=\"has-text-align-center\" data-align=\"center\">14 Mars 2024<\/td><td class=\"has-text-align-center\" data-align=\"center\">en service<\/td><td class=\"has-text-align-center\" data-align=\"center\"><img loading=\"lazy\" decoding=\"async\" width=\"111\" height=\"73\" src=\"https:\/\/seal.transport-manager.net\/groupebvl\/wp-content\/uploads\/sites\/307\/2024\/06\/CX-drei.png\" alt=\"\"><\/td><td class=\"has-text-align-center\" data-align=\"center\">01-030-33<\/td><td><img loading=\"lazy\" decoding=\"async\" width=\"111\" height=\"73\" class=\"wp-image-1425\" style=\"width: 55px\" src=\"https:\/\/seal.transport-manager.net\/marshall\/wp-content\/uploads\/sites\/76\/2023\/02\/CX-drei.png\" alt=\"\">: depuis Mars 2024<\/td><\/tr><tr><td class=\"has-text-align-center\" data-align=\"center\">IZ13022<\/td><td class=\"has-text-align-center\" data-align=\"center\">27 Mars 2024<\/td><td class=\"has-text-align-center\" data-align=\"center\">en service<\/td><td class=\"has-text-align-center\" data-align=\"center\"><img loading=\"lazy\" decoding=\"async\" width=\"111\" height=\"73\" src=\"https:\/\/seal.transport-manager.net\/groupebvl\/wp-content\/uploads\/sites\/307\/2024\/06\/CX-drei.png\" alt=\"\"><\/td><td class=\"has-text-align-center\" data-align=\"center\">01-037-36<\/td><td><img loading=\"lazy\" decoding=\"async\" width=\"111\" height=\"73\" class=\"wp-image-1425\" style=\"width: 55px\" src=\"https:\/\/seal.transport-manager.net\/marshall\/wp-content\/uploads\/sites\/76\/2023\/02\/CX-drei.png\" alt=\"\">: depuis Avril 2024<\/td><\/tr><tr><td class=\"has-text-align-center\" data-align=\"center\">IZ13023<\/td><td class=\"has-text-align-center\" data-align=\"center\">4 Avril 2024<\/td><td class=\"has-text-align-center\" data-align=\"center\">en service<\/td><td class=\"has-text-align-center\" data-align=\"center\"><img loading=\"lazy\" decoding=\"async\" width=\"111\" height=\"73\" src=\"https:\/\/seal.transport-manager.net\/groupebvl\/wp-content\/uploads\/sites\/307\/2024\/06\/CX-drei.png\" alt=\"\"><\/td><td class=\"has-text-align-center\" data-align=\"center\">01-042-37<\/td><td><img loading=\"lazy\" decoding=\"async\" width=\"111\" height=\"73\" class=\"wp-image-1425\" style=\"width: 55px\" src=\"https:\/\/seal.transport-manager.net\/marshall\/wp-content\/uploads\/sites\/76\/2023\/02\/CX-drei.png\" alt=\"\">: depuis Avril 2024<\/td><\/tr><\/tbody><\/table><\/figure>\n\n\n\n<p><\/p>\n","protected":false},"excerpt":{"rendered":"<p>mise en service 2023-2024 statut en service effectif 23 d\u00e9p\u00f4t Bellevarde affectation Carri\u00e8re r\u00e9sum\u00e9e Le ie Tram 12 est command\u00e9 en 23 exemplaires par Transports Canard en 2023. Nomm\u00e9e en &#8230; <a title=\"IZ13000 &#8211; Irizar ie Tram 12\" class=\"read-more\" href=\"https:\/\/seal.transport-manager.net\/marshall\/iz13000-irizar-ie-tram-12\/\" aria-label=\"En savoir plus sur IZ13000 &#8211; Irizar ie Tram 12\">Lire la suite<\/a><\/p>\n","protected":false},"author":76,"featured_media":3649,"parent":0,"menu_order":0,"comment_status":"closed","ping_status":"closed","template":"","meta":{"footnotes":""},"class_list":["post-3123","page","type-page","status-publish","has-post-thumbnail"],"_links":{"self":[{"href":"https:\/\/seal.transport-manager.net\/marshall\/wp-json\/wp\/v2\/pages\/3123","targetHints":{"allow":["GET"]}}],"collection":[{"href":"https:\/\/seal.transport-manager.net\/marshall\/wp-json\/wp\/v2\/pages"}],"about":[{"href":"https:\/\/seal.transport-manager.net\/marshall\/wp-json\/wp\/v2\/types\/page"}],"author":[{"embeddable":true,"href":"https:\/\/seal.transport-manager.net\/marshall\/wp-json\/wp\/v2\/users\/76"}],"replies":[{"embeddable":true,"href":"https:\/\/seal.transport-manager.net\/marshall\/wp-json\/wp\/v2\/comments?post=3123"}],"version-history":[{"count":3,"href":"https:\/\/seal.transport-manager.net\/marshall\/wp-json\/wp\/v2\/pages\/3123\/revisions"}],"predecessor-version":[{"id":3555,"href":"https:\/\/seal.transport-manager.net\/marshall\/wp-json\/wp\/v2\/pages\/3123\/revisions\/3555"}],"wp:featuredmedia":[{"embeddable":true,"href":"https:\/\/seal.transport-manager.net\/marshall\/wp-json\/wp\/v2\/media\/3649"}],"wp:attachment":[{"href":"https:\/\/seal.transport-manager.net\/marshall\/wp-json\/wp\/v2\/media?parent=3123"}],"curies":[{"name":"wp","href":"https:\/\/api.w.org\/{rel}","templated":true}]}}