{"id":3141,"date":"2025-04-19T05:41:52","date_gmt":"2025-04-19T03:41:52","guid":{"rendered":"https:\/\/seal.transport-manager.net\/marshall\/?page_id=3141"},"modified":"2026-03-25T19:50:44","modified_gmt":"2026-03-25T18:50:44","slug":"ok13900-otokar-navigo-c","status":"publish","type":"page","link":"https:\/\/seal.transport-manager.net\/marshall\/ok13900-otokar-navigo-c\/","title":{"rendered":"OK13900 &#8211; Otokar Navigo C"},"content":{"rendered":"<div class=\"wp-block-image\">\n<figure class=\"aligncenter size-full\"><a href=\"https:\/\/i.ibb.co\/BVTXkp1Q\/Navigo-CCanard.png\"><img loading=\"lazy\" decoding=\"async\" width=\"670\" height=\"360\" src=\"https:\/\/seal.transport-manager.net\/marshall\/wp-content\/uploads\/sites\/76\/2025\/02\/NavigoCCanard.png\" alt=\"\" class=\"wp-image-2926\" srcset=\"https:\/\/seal.transport-manager.net\/marshall\/wp-content\/uploads\/sites\/76\/2025\/02\/NavigoCCanard.png 670w, https:\/\/seal.transport-manager.net\/marshall\/wp-content\/uploads\/sites\/76\/2025\/02\/NavigoCCanard-300x161.png 300w\" sizes=\"auto, (max-width: 670px) 100vw, 670px\" \/><\/a><figcaption class=\"wp-element-caption\"><a href=\"https:\/\/i.ibb.co\/BVTXkp1Q\/Navigo-CCanard.png\">cliquez sur agrandir<\/a><\/figcaption><\/figure>\n<\/div>\n\n\n<div class=\"wp-block-columns is-layout-flex wp-container-core-columns-is-layout-9d6595d7 wp-block-columns-is-layout-flex\">\n<div class=\"wp-block-column is-layout-flow wp-block-column-is-layout-flow\">\n<figure class=\"wp-block-table is-style-stripes\"><table><tbody><tr><td class=\"has-text-align-center\" data-align=\"center\">mise en service<\/td><td class=\"has-text-align-center\" data-align=\"center\">2025<\/td><\/tr><tr><td class=\"has-text-align-center\" data-align=\"center\">statut<\/td><td class=\"has-text-align-center\" data-align=\"center\">en service<\/td><\/tr><tr><td class=\"has-text-align-center\" data-align=\"center\">effectif<\/td><td class=\"has-text-align-center\" data-align=\"center\">11<\/td><\/tr><tr><td class=\"has-text-align-center\" data-align=\"center\">d\u00e9p\u00f4t<\/td><td class=\"has-text-align-center\" data-align=\"center\">Archambaud<\/td><\/tr><tr><td class=\"has-text-align-center\" data-align=\"center\">affectation<\/td><td class=\"has-text-align-center\" data-align=\"center\"><img loading=\"lazy\" decoding=\"async\" width=\"84\" height=\"73\" class=\"wp-image-2773\" style=\"width: 84px\" src=\"https:\/\/seal.transport-manager.net\/marshall\/wp-content\/uploads\/sites\/76\/2024\/12\/zweiundsechzig.png\" alt=\"\"><img loading=\"lazy\" decoding=\"async\" width=\"111\" height=\"73\" class=\"wp-image-2950\" style=\"width: 111px\" src=\"https:\/\/seal.transport-manager.net\/marshall\/wp-content\/uploads\/sites\/76\/2025\/02\/SSP.png\" alt=\"\"><img loading=\"lazy\" decoding=\"async\" width=\"111\" height=\"73\" class=\"wp-image-1873\" style=\"width: 111px\" src=\"https:\/\/seal.transport-manager.net\/marshall\/wp-content\/uploads\/sites\/76\/2023\/07\/neunhundertein.png\" alt=\"\"><img loading=\"lazy\" decoding=\"async\" width=\"110\" height=\"73\" class=\"wp-image-1874\" style=\"width: 110px\" src=\"https:\/\/seal.transport-manager.net\/marshall\/wp-content\/uploads\/sites\/76\/2023\/07\/neunhundertzwei.png\" alt=\"VIE\"><\/td><\/tr><\/tbody><\/table><\/figure>\n\n\n\n<h3 class=\"wp-block-heading\">Carri\u00e8re r\u00e9sum\u00e9e<\/h3>\n\n\n\n<p>Le Navigo C est command\u00e9 en 11 exemplaires par Transports Canard en 2025. Nomm\u00e9e OK13900 en interne (<strong>O<\/strong>to<strong>k<\/strong>ar s\u00e9rie 13900), la s\u00e9rie est livr\u00e9e de f\u00e9vrier \u00e0 mai 2025. La premi\u00e8re partie du parc est affect\u00e9e aux services sp\u00e9ciaux \u00e0 la demande de Transports Canard tandis que la deuxi\u00e8me remplace les Europolis sur les lignes \u00e0 la demande Citycanard T\u00e0D 901 et 902. Depuis mars 2026, les Navigo C affect\u00e9s aux T\u00e0D prennent \u00e9galement en charge les services du soir de la ligne Citycanard 62.<\/p>\n<\/div>\n\n\n\n<div class=\"wp-block-column is-layout-flow wp-block-column-is-layout-flow\">\n<figure class=\"wp-block-table is-style-stripes\"><table class=\"has-fixed-layout\"><tbody><tr><td class=\"has-text-align-center\" data-align=\"center\">gamme<\/td><td class=\"has-text-align-center\" data-align=\"center\">Navigo I<\/td><\/tr><tr><td class=\"has-text-align-center\" data-align=\"center\">constructeur<\/td><td class=\"has-text-align-center\" data-align=\"center\"><img loading=\"lazy\" decoding=\"async\" width=\"21\" height=\"14\" class=\"wp-image-3126\" style=\"width: 21px\" src=\"https:\/\/seal.transport-manager.net\/marshall\/wp-content\/uploads\/sites\/76\/2025\/04\/Turquia.png\" alt=\"\"> Otokar<\/td><\/tr><tr><td class=\"has-text-align-center\" data-align=\"center\">cat\u00e9gorie<\/td><td class=\"has-text-align-center\" data-align=\"center\">urbain midi \u00e0 plancher sur\u00e9lev\u00e9<\/td><\/tr><tr><td class=\"has-text-align-center\" data-align=\"center\">propulsion<\/td><td class=\"has-text-align-center\" data-align=\"center\"><img loading=\"lazy\" decoding=\"async\" width=\"61\" height=\"61\" class=\"wp-image-1029\" style=\"width: 61px\" src=\"https:\/\/seal.transport-manager.net\/marshall\/wp-content\/uploads\/sites\/76\/2022\/10\/D.png\" alt=\"\"><\/td><\/tr><tr><td class=\"has-text-align-center\" data-align=\"center\">commercialisation<\/td><td class=\"has-text-align-center\" data-align=\"center\">2011-2025<\/td><\/tr><tr><td class=\"has-text-align-center\" data-align=\"center\">l x L x h<\/td><td class=\"has-text-align-center\" data-align=\"center\">7,71 m x 2,30 m x 3,20 m<\/td><\/tr><tr><td class=\"has-text-align-center\" data-align=\"center\">capacit\u00e9<\/td><td class=\"has-text-align-center\" data-align=\"center\">46 pax (dont 13 assis)<\/td><\/tr><tr><td class=\"has-text-align-center\" data-align=\"center\">moteur<\/td><td class=\"has-text-align-center\" data-align=\"center\">Cummins ISB4.5<br>4.5 L 4 cylindres en ligne en position longitudinale avant<\/td><\/tr><tr><td class=\"has-text-align-center\" data-align=\"center\">puissance<\/td><td class=\"has-text-align-center\" data-align=\"center\">136 kW &#8211; 185 ch<\/td><\/tr><tr><td class=\"has-text-align-center\" data-align=\"center\">site de fabrication<\/td><td class=\"has-text-align-center\" data-align=\"center\"><img loading=\"lazy\" decoding=\"async\" width=\"21\" height=\"14\" class=\"wp-image-3126\" style=\"width: 21px\" src=\"https:\/\/seal.transport-manager.net\/marshall\/wp-content\/uploads\/sites\/76\/2025\/04\/Turquia.png\" alt=\"\"> Sakarya<\/td><\/tr><tr><td class=\"has-text-align-center\" data-align=\"center\">mod\u00e8les concurrents<br><em>(en 2025)<\/em><\/td><td class=\"has-text-align-center\" data-align=\"center\">Isuzu Novociti<\/td><\/tr><\/tbody><\/table><\/figure>\n<\/div>\n<\/div>\n\n\n\n<h3 class=\"wp-block-heading\">R\u00e9f\u00e9rencement du parc<\/h3>\n\n\n\n<figure class=\"wp-block-table is-style-stripes\"><table><tbody><tr><td class=\"has-text-align-center\" data-align=\"center\">n\u00b0<\/td><td class=\"has-text-align-center\" data-align=\"center\">date de m.e.s<\/td><td class=\"has-text-align-center\" data-align=\"center\">statut<\/td><td class=\"has-text-align-center\" data-align=\"center\">affectation courante<br>\/ date de retrait<\/td><td class=\"has-text-align-center\" data-align=\"center\">immat.<\/td><td>historique des affectations<\/td><\/tr><tr><td class=\"has-text-align-center\" data-align=\"center\">OK13901<\/td><td class=\"has-text-align-center\" data-align=\"center\">2 F\u00e9vrier 2025<\/td><td class=\"has-text-align-center\" data-align=\"center\">en service<\/td><td class=\"has-text-align-center\" data-align=\"center\"><img loading=\"lazy\" decoding=\"async\" width=\"111\" height=\"73\" src=\"https:\/\/seal.transport-manager.net\/groupebvl\/wp-content\/uploads\/sites\/307\/2025\/02\/SSP.png\" alt=\"\"><\/td><td class=\"has-text-align-center\" data-align=\"center\">01-298-43<\/td><td><img loading=\"lazy\" decoding=\"async\" width=\"111\" height=\"73\" class=\"wp-image-2950\" style=\"width: 55px\" src=\"https:\/\/seal.transport-manager.net\/marshall\/wp-content\/uploads\/sites\/76\/2025\/02\/SSP.png\" alt=\"\">: depuis F\u00e9vrier 2025<\/td><\/tr><tr><td class=\"has-text-align-center\" data-align=\"center\">OK13902<\/td><td class=\"has-text-align-center\" data-align=\"center\">13 F\u00e9vrier 2025<\/td><td class=\"has-text-align-center\" data-align=\"center\">en service<\/td><td class=\"has-text-align-center\" data-align=\"center\"><img loading=\"lazy\" decoding=\"async\" width=\"111\" height=\"73\" src=\"https:\/\/seal.transport-manager.net\/groupebvl\/wp-content\/uploads\/sites\/307\/2025\/02\/SSP.png\" alt=\"\"><\/td><td class=\"has-text-align-center\" data-align=\"center\">01-307-00<\/td><td><img loading=\"lazy\" decoding=\"async\" width=\"111\" height=\"73\" class=\"wp-image-2950\" style=\"width: 55px\" src=\"https:\/\/seal.transport-manager.net\/marshall\/wp-content\/uploads\/sites\/76\/2025\/02\/SSP.png\" alt=\"\">: depuis F\u00e9vrier 2025<\/td><\/tr><tr><td class=\"has-text-align-center\" data-align=\"center\">OK13903<\/td><td class=\"has-text-align-center\" data-align=\"center\">13 F\u00e9vrier 2025<\/td><td class=\"has-text-align-center\" data-align=\"center\">en service<\/td><td class=\"has-text-align-center\" data-align=\"center\"><img loading=\"lazy\" decoding=\"async\" width=\"111\" height=\"73\" src=\"https:\/\/seal.transport-manager.net\/groupebvl\/wp-content\/uploads\/sites\/307\/2025\/02\/SSP.png\" alt=\"\"><\/td><td class=\"has-text-align-center\" data-align=\"center\">01-307-01<\/td><td><img loading=\"lazy\" decoding=\"async\" width=\"111\" height=\"73\" class=\"wp-image-2950\" style=\"width: 55px\" src=\"https:\/\/seal.transport-manager.net\/marshall\/wp-content\/uploads\/sites\/76\/2025\/02\/SSP.png\" alt=\"\">: depuis F\u00e9vrier 2025<\/td><\/tr><tr><td class=\"has-text-align-center\" data-align=\"center\">OK13904<\/td><td class=\"has-text-align-center\" data-align=\"center\">6 Mars 2025<\/td><td class=\"has-text-align-center\" data-align=\"center\">en service<\/td><td class=\"has-text-align-center\" data-align=\"center\"><img loading=\"lazy\" decoding=\"async\" width=\"111\" height=\"73\" src=\"https:\/\/seal.transport-manager.net\/groupebvl\/wp-content\/uploads\/sites\/307\/2025\/02\/SSP.png\" alt=\"\"><\/td><td class=\"has-text-align-center\" data-align=\"center\">01-324-72<\/td><td><img loading=\"lazy\" decoding=\"async\" width=\"111\" height=\"73\" class=\"wp-image-2950\" style=\"width: 55px\" src=\"https:\/\/seal.transport-manager.net\/marshall\/wp-content\/uploads\/sites\/76\/2025\/02\/SSP.png\" alt=\"\">: depuis Mars 2025<\/td><\/tr><tr><td class=\"has-text-align-center\" data-align=\"center\">OK13905<\/td><td class=\"has-text-align-center\" data-align=\"center\">6 Mars 2025<\/td><td class=\"has-text-align-center\" data-align=\"center\">en service<\/td><td class=\"has-text-align-center\" data-align=\"center\"><img loading=\"lazy\" decoding=\"async\" width=\"111\" height=\"73\" src=\"https:\/\/seal.transport-manager.net\/groupebvl\/wp-content\/uploads\/sites\/307\/2025\/02\/SSP.png\" alt=\"\"><\/td><td class=\"has-text-align-center\" data-align=\"center\">01-324-73<\/td><td><img loading=\"lazy\" decoding=\"async\" width=\"111\" height=\"73\" class=\"wp-image-2950\" style=\"width: 55px\" src=\"https:\/\/seal.transport-manager.net\/marshall\/wp-content\/uploads\/sites\/76\/2025\/02\/SSP.png\" alt=\"\">: depuis Mars 2025<\/td><\/tr><tr><td class=\"has-text-align-center\" data-align=\"center\">OK13906<\/td><td class=\"has-text-align-center\" data-align=\"center\">29 Avril 2025<\/td><td class=\"has-text-align-center\" data-align=\"center\">en service<\/td><td class=\"has-text-align-center\" data-align=\"center\"><img loading=\"lazy\" decoding=\"async\" width=\"84\" height=\"73\" class=\"wp-image-2773\" style=\"width: 84px\" src=\"https:\/\/seal.transport-manager.net\/marshall\/wp-content\/uploads\/sites\/76\/2024\/12\/zweiundsechzig.png\" alt=\"\"><img loading=\"lazy\" decoding=\"async\" width=\"111\" height=\"73\" class=\"wp-image-1873\" style=\"width: 111px\" src=\"https:\/\/seal.transport-manager.net\/marshall\/wp-content\/uploads\/sites\/76\/2023\/07\/neunhundertein.png\" alt=\"\"><img loading=\"lazy\" decoding=\"async\" width=\"110\" height=\"73\" class=\"wp-image-1874\" style=\"width: 110px\" src=\"https:\/\/seal.transport-manager.net\/marshall\/wp-content\/uploads\/sites\/76\/2023\/07\/neunhundertzwei.png\" alt=\"VIE\"><\/td><td class=\"has-text-align-center\" data-align=\"center\">01-367-51<\/td><td><img loading=\"lazy\" decoding=\"async\" width=\"111\" height=\"73\" class=\"wp-image-1873\" style=\"width: 55px\" src=\"https:\/\/seal.transport-manager.net\/marshall\/wp-content\/uploads\/sites\/76\/2023\/07\/neunhundertein.png\" alt=\"\"><img loading=\"lazy\" decoding=\"async\" width=\"110\" height=\"73\" class=\"wp-image-1874\" style=\"width: 55px\" src=\"https:\/\/seal.transport-manager.net\/marshall\/wp-content\/uploads\/sites\/76\/2023\/07\/neunhundertzwei.png\" alt=\"VIE\">: depuis Mai 2025<br><img loading=\"lazy\" decoding=\"async\" width=\"84\" height=\"73\" class=\"wp-image-2773\" style=\"width: 42px\" src=\"https:\/\/seal.transport-manager.net\/marshall\/wp-content\/uploads\/sites\/76\/2024\/12\/zweiundsechzig.png\" alt=\"\">: depuis Mars 2026<\/td><\/tr><tr><td class=\"has-text-align-center\" data-align=\"center\">OK13907<\/td><td class=\"has-text-align-center\" data-align=\"center\">29 Avril 2025<\/td><td class=\"has-text-align-center\" data-align=\"center\">en service<\/td><td class=\"has-text-align-center\" data-align=\"center\"><img loading=\"lazy\" decoding=\"async\" width=\"84\" height=\"73\" class=\"wp-image-2773\" style=\"width: 84px\" src=\"https:\/\/seal.transport-manager.net\/marshall\/wp-content\/uploads\/sites\/76\/2024\/12\/zweiundsechzig.png\" alt=\"\"><img loading=\"lazy\" decoding=\"async\" width=\"111\" height=\"73\" class=\"wp-image-1873\" style=\"width: 111px\" src=\"https:\/\/seal.transport-manager.net\/marshall\/wp-content\/uploads\/sites\/76\/2023\/07\/neunhundertein.png\" alt=\"\"><img loading=\"lazy\" decoding=\"async\" width=\"110\" height=\"73\" class=\"wp-image-1874\" style=\"width: 110px\" src=\"https:\/\/seal.transport-manager.net\/marshall\/wp-content\/uploads\/sites\/76\/2023\/07\/neunhundertzwei.png\" alt=\"VIE\"><\/td><td class=\"has-text-align-center\" data-align=\"center\">01-367-52<\/td><td><img loading=\"lazy\" decoding=\"async\" width=\"111\" height=\"73\" class=\"wp-image-1873\" style=\"width: 55px\" src=\"https:\/\/seal.transport-manager.net\/marshall\/wp-content\/uploads\/sites\/76\/2023\/07\/neunhundertein.png\" alt=\"\"><img loading=\"lazy\" decoding=\"async\" width=\"110\" height=\"73\" class=\"wp-image-1874\" style=\"width: 55px\" src=\"https:\/\/seal.transport-manager.net\/marshall\/wp-content\/uploads\/sites\/76\/2023\/07\/neunhundertzwei.png\" alt=\"VIE\">: depuis Mai 2025<br><img loading=\"lazy\" decoding=\"async\" width=\"84\" height=\"73\" class=\"wp-image-2773\" style=\"width: 42px\" src=\"https:\/\/seal.transport-manager.net\/marshall\/wp-content\/uploads\/sites\/76\/2024\/12\/zweiundsechzig.png\" alt=\"\">: depuis Mars 2026<\/td><\/tr><tr><td class=\"has-text-align-center\" data-align=\"center\">OK13908<\/td><td class=\"has-text-align-center\" data-align=\"center\">29 Avril 2025<\/td><td class=\"has-text-align-center\" data-align=\"center\">en service<\/td><td class=\"has-text-align-center\" data-align=\"center\"><img loading=\"lazy\" decoding=\"async\" width=\"84\" height=\"73\" class=\"wp-image-2773\" style=\"width: 84px\" src=\"https:\/\/seal.transport-manager.net\/marshall\/wp-content\/uploads\/sites\/76\/2024\/12\/zweiundsechzig.png\" alt=\"\"><img loading=\"lazy\" decoding=\"async\" width=\"111\" height=\"73\" class=\"wp-image-1873\" style=\"width: 111px\" src=\"https:\/\/seal.transport-manager.net\/marshall\/wp-content\/uploads\/sites\/76\/2023\/07\/neunhundertein.png\" alt=\"\"><img loading=\"lazy\" decoding=\"async\" width=\"110\" height=\"73\" class=\"wp-image-1874\" style=\"width: 110px\" src=\"https:\/\/seal.transport-manager.net\/marshall\/wp-content\/uploads\/sites\/76\/2023\/07\/neunhundertzwei.png\" alt=\"VIE\"><\/td><td class=\"has-text-align-center\" data-align=\"center\">01-367-53<\/td><td><img loading=\"lazy\" decoding=\"async\" width=\"111\" height=\"73\" class=\"wp-image-1873\" style=\"width: 55px\" src=\"https:\/\/seal.transport-manager.net\/marshall\/wp-content\/uploads\/sites\/76\/2023\/07\/neunhundertein.png\" alt=\"\"><img loading=\"lazy\" decoding=\"async\" width=\"110\" height=\"73\" class=\"wp-image-1874\" style=\"width: 55px\" src=\"https:\/\/seal.transport-manager.net\/marshall\/wp-content\/uploads\/sites\/76\/2023\/07\/neunhundertzwei.png\" alt=\"VIE\">: depuis Mai 2025<br><img loading=\"lazy\" decoding=\"async\" width=\"84\" height=\"73\" class=\"wp-image-2773\" style=\"width: 42px\" src=\"https:\/\/seal.transport-manager.net\/marshall\/wp-content\/uploads\/sites\/76\/2024\/12\/zweiundsechzig.png\" alt=\"\">: depuis Mars 2026<\/td><\/tr><tr><td class=\"has-text-align-center\" data-align=\"center\">OK13909<\/td><td class=\"has-text-align-center\" data-align=\"center\">29 Avril 2025<\/td><td class=\"has-text-align-center\" data-align=\"center\">en service<\/td><td class=\"has-text-align-center\" data-align=\"center\"><img loading=\"lazy\" decoding=\"async\" width=\"84\" height=\"73\" class=\"wp-image-2773\" style=\"width: 84px\" src=\"https:\/\/seal.transport-manager.net\/marshall\/wp-content\/uploads\/sites\/76\/2024\/12\/zweiundsechzig.png\" alt=\"\"><img loading=\"lazy\" decoding=\"async\" width=\"111\" height=\"73\" class=\"wp-image-1873\" style=\"width: 111px\" src=\"https:\/\/seal.transport-manager.net\/marshall\/wp-content\/uploads\/sites\/76\/2023\/07\/neunhundertein.png\" alt=\"\"><img loading=\"lazy\" decoding=\"async\" width=\"110\" height=\"73\" class=\"wp-image-1874\" style=\"width: 110px\" src=\"https:\/\/seal.transport-manager.net\/marshall\/wp-content\/uploads\/sites\/76\/2023\/07\/neunhundertzwei.png\" alt=\"VIE\"><\/td><td class=\"has-text-align-center\" data-align=\"center\">01-367-54<\/td><td><img loading=\"lazy\" decoding=\"async\" width=\"111\" height=\"73\" class=\"wp-image-1873\" style=\"width: 55px\" src=\"https:\/\/seal.transport-manager.net\/marshall\/wp-content\/uploads\/sites\/76\/2023\/07\/neunhundertein.png\" alt=\"\"><img loading=\"lazy\" decoding=\"async\" width=\"110\" height=\"73\" class=\"wp-image-1874\" style=\"width: 55px\" src=\"https:\/\/seal.transport-manager.net\/marshall\/wp-content\/uploads\/sites\/76\/2023\/07\/neunhundertzwei.png\" alt=\"VIE\">: depuis Mai 2025<br><img loading=\"lazy\" decoding=\"async\" width=\"84\" height=\"73\" class=\"wp-image-2773\" style=\"width: 42px\" src=\"https:\/\/seal.transport-manager.net\/marshall\/wp-content\/uploads\/sites\/76\/2024\/12\/zweiundsechzig.png\" alt=\"\">: depuis Mars 2026<\/td><\/tr><tr><td class=\"has-text-align-center\" data-align=\"center\">OK13910<\/td><td class=\"has-text-align-center\" data-align=\"center\">18 Mai 2025<\/td><td class=\"has-text-align-center\" data-align=\"center\">en service <\/td><td class=\"has-text-align-center\" data-align=\"center\"><img loading=\"lazy\" decoding=\"async\" width=\"84\" height=\"73\" class=\"wp-image-2773\" style=\"width: 84px\" src=\"https:\/\/seal.transport-manager.net\/marshall\/wp-content\/uploads\/sites\/76\/2024\/12\/zweiundsechzig.png\" alt=\"\"><img loading=\"lazy\" decoding=\"async\" width=\"111\" height=\"73\" class=\"wp-image-1873\" style=\"width: 111px\" src=\"https:\/\/seal.transport-manager.net\/marshall\/wp-content\/uploads\/sites\/76\/2023\/07\/neunhundertein.png\" alt=\"\"><img loading=\"lazy\" decoding=\"async\" width=\"110\" height=\"73\" class=\"wp-image-1874\" style=\"width: 110px\" src=\"https:\/\/seal.transport-manager.net\/marshall\/wp-content\/uploads\/sites\/76\/2023\/07\/neunhundertzwei.png\" alt=\"VIE\"><\/td><td class=\"has-text-align-center\" data-align=\"center\">01-383-14<\/td><td><img loading=\"lazy\" decoding=\"async\" width=\"111\" height=\"73\" class=\"wp-image-1873\" style=\"width: 55px\" src=\"https:\/\/seal.transport-manager.net\/marshall\/wp-content\/uploads\/sites\/76\/2023\/07\/neunhundertein.png\" alt=\"\"><img loading=\"lazy\" decoding=\"async\" width=\"110\" height=\"73\" class=\"wp-image-1874\" style=\"width: 55px\" src=\"https:\/\/seal.transport-manager.net\/marshall\/wp-content\/uploads\/sites\/76\/2023\/07\/neunhundertzwei.png\" alt=\"VIE\">: depuis Mai 2025<br><img loading=\"lazy\" decoding=\"async\" width=\"84\" height=\"73\" class=\"wp-image-2773\" style=\"width: 42px\" src=\"https:\/\/seal.transport-manager.net\/marshall\/wp-content\/uploads\/sites\/76\/2024\/12\/zweiundsechzig.png\" alt=\"\">: depuis Mars 2026<\/td><\/tr><tr><td class=\"has-text-align-center\" data-align=\"center\">OK13911<\/td><td class=\"has-text-align-center\" data-align=\"center\">18 Mai 2025<\/td><td class=\"has-text-align-center\" data-align=\"center\">en service <\/td><td class=\"has-text-align-center\" data-align=\"center\"><img loading=\"lazy\" decoding=\"async\" width=\"84\" height=\"73\" class=\"wp-image-2773\" style=\"width: 84px\" src=\"https:\/\/seal.transport-manager.net\/marshall\/wp-content\/uploads\/sites\/76\/2024\/12\/zweiundsechzig.png\" alt=\"\"><img loading=\"lazy\" decoding=\"async\" width=\"111\" height=\"73\" class=\"wp-image-1873\" style=\"width: 111px\" src=\"https:\/\/seal.transport-manager.net\/marshall\/wp-content\/uploads\/sites\/76\/2023\/07\/neunhundertein.png\" alt=\"\"><img loading=\"lazy\" decoding=\"async\" width=\"110\" height=\"73\" class=\"wp-image-1874\" style=\"width: 110px\" src=\"https:\/\/seal.transport-manager.net\/marshall\/wp-content\/uploads\/sites\/76\/2023\/07\/neunhundertzwei.png\" alt=\"VIE\"><\/td><td class=\"has-text-align-center\" data-align=\"center\">01-383-15<\/td><td><img loading=\"lazy\" decoding=\"async\" width=\"111\" height=\"73\" class=\"wp-image-1873\" style=\"width: 55px\" src=\"https:\/\/seal.transport-manager.net\/marshall\/wp-content\/uploads\/sites\/76\/2023\/07\/neunhundertein.png\" alt=\"\"><img loading=\"lazy\" decoding=\"async\" width=\"110\" height=\"73\" class=\"wp-image-1874\" style=\"width: 55px\" src=\"https:\/\/seal.transport-manager.net\/marshall\/wp-content\/uploads\/sites\/76\/2023\/07\/neunhundertzwei.png\" alt=\"VIE\">: depuis Mai 2025<br><img loading=\"lazy\" decoding=\"async\" width=\"84\" height=\"73\" class=\"wp-image-2773\" style=\"width: 42px\" src=\"https:\/\/seal.transport-manager.net\/marshall\/wp-content\/uploads\/sites\/76\/2024\/12\/zweiundsechzig.png\" alt=\"\">: depuis Mars 2026<\/td><\/tr><\/tbody><\/table><\/figure>\n\n\n\n<p><\/p>\n","protected":false},"excerpt":{"rendered":"<p>mise en service 2025 statut en service effectif 11 d\u00e9p\u00f4t Archambaud affectation Carri\u00e8re r\u00e9sum\u00e9e Le Navigo C est command\u00e9 en 11 exemplaires par Transports Canard en 2025. Nomm\u00e9e OK13900 en &#8230; <a title=\"OK13900 &#8211; Otokar Navigo C\" class=\"read-more\" href=\"https:\/\/seal.transport-manager.net\/marshall\/ok13900-otokar-navigo-c\/\" aria-label=\"En savoir plus sur OK13900 &#8211; Otokar Navigo C\">Lire la suite<\/a><\/p>\n","protected":false},"author":76,"featured_media":3652,"parent":0,"menu_order":0,"comment_status":"closed","ping_status":"closed","template":"","meta":{"footnotes":""},"class_list":["post-3141","page","type-page","status-publish","has-post-thumbnail"],"_links":{"self":[{"href":"https:\/\/seal.transport-manager.net\/marshall\/wp-json\/wp\/v2\/pages\/3141","targetHints":{"allow":["GET"]}}],"collection":[{"href":"https:\/\/seal.transport-manager.net\/marshall\/wp-json\/wp\/v2\/pages"}],"about":[{"href":"https:\/\/seal.transport-manager.net\/marshall\/wp-json\/wp\/v2\/types\/page"}],"author":[{"embeddable":true,"href":"https:\/\/seal.transport-manager.net\/marshall\/wp-json\/wp\/v2\/users\/76"}],"replies":[{"embeddable":true,"href":"https:\/\/seal.transport-manager.net\/marshall\/wp-json\/wp\/v2\/comments?post=3141"}],"version-history":[{"count":10,"href":"https:\/\/seal.transport-manager.net\/marshall\/wp-json\/wp\/v2\/pages\/3141\/revisions"}],"predecessor-version":[{"id":4465,"href":"https:\/\/seal.transport-manager.net\/marshall\/wp-json\/wp\/v2\/pages\/3141\/revisions\/4465"}],"wp:featuredmedia":[{"embeddable":true,"href":"https:\/\/seal.transport-manager.net\/marshall\/wp-json\/wp\/v2\/media\/3652"}],"wp:attachment":[{"href":"https:\/\/seal.transport-manager.net\/marshall\/wp-json\/wp\/v2\/media?parent=3141"}],"curies":[{"name":"wp","href":"https:\/\/api.w.org\/{rel}","templated":true}]}}