{"id":3150,"date":"2025-04-19T06:43:35","date_gmt":"2025-04-19T04:43:35","guid":{"rendered":"https:\/\/seal.transport-manager.net\/marshall\/?page_id=3150"},"modified":"2025-07-31T20:04:49","modified_gmt":"2025-07-31T18:04:49","slug":"hb2300-heuliez-gx-317-gnv","status":"publish","type":"page","link":"https:\/\/seal.transport-manager.net\/marshall\/hb2300-heuliez-gx-317-gnv\/","title":{"rendered":"HB2300 &#8211; Heuliez GX 317 GNV"},"content":{"rendered":"<div class=\"wp-block-image\">\n<figure class=\"aligncenter size-full\"><a href=\"https:\/\/i.ibb.co\/rGR91wM5\/GX317-GNVCanard.png\"><img loading=\"lazy\" decoding=\"async\" width=\"858\" height=\"360\" src=\"https:\/\/seal.transport-manager.net\/marshall\/wp-content\/uploads\/sites\/76\/2025\/02\/GX317GNVCanard.png\" alt=\"\" class=\"wp-image-2994\" srcset=\"https:\/\/seal.transport-manager.net\/marshall\/wp-content\/uploads\/sites\/76\/2025\/02\/GX317GNVCanard.png 858w, https:\/\/seal.transport-manager.net\/marshall\/wp-content\/uploads\/sites\/76\/2025\/02\/GX317GNVCanard-300x126.png 300w, https:\/\/seal.transport-manager.net\/marshall\/wp-content\/uploads\/sites\/76\/2025\/02\/GX317GNVCanard-768x322.png 768w\" sizes=\"auto, (max-width: 858px) 100vw, 858px\" \/><\/a><figcaption class=\"wp-element-caption\"><a href=\"https:\/\/i.ibb.co\/rGR91wM5\/GX317-GNVCanard.png\">cliquez pour agrandir<\/a><\/figcaption><\/figure>\n<\/div>\n\n\n<div class=\"wp-block-columns is-layout-flex wp-container-core-columns-is-layout-9d6595d7 wp-block-columns-is-layout-flex\">\n<div class=\"wp-block-column is-layout-flow wp-block-column-is-layout-flow\">\n<figure class=\"wp-block-table is-style-stripes\"><table class=\"has-fixed-layout\"><tbody><tr><td class=\"has-text-align-center\" data-align=\"center\">mise en service<\/td><td class=\"has-text-align-center\" data-align=\"center\">2005<\/td><\/tr><tr><td class=\"has-text-align-center\" data-align=\"center\">statut<\/td><td class=\"has-text-align-center\" data-align=\"center\">retir\u00e9<\/td><\/tr><tr><td class=\"has-text-align-center\" data-align=\"center\">effectif historique<\/td><td class=\"has-text-align-center\" data-align=\"center\">9<\/td><\/tr><tr><td class=\"has-text-align-center\" data-align=\"center\">retrait<\/td><td class=\"has-text-align-center\" data-align=\"center\">2024<\/td><\/tr><tr><td class=\"has-text-align-center\" data-align=\"center\">exemplaire pr\u00e9serv\u00e9<\/td><td class=\"has-text-align-center\" data-align=\"center\">HB2304<\/td><\/tr><\/tbody><\/table><\/figure>\n\n\n\n<h3 class=\"wp-block-heading\">Carri\u00e8re r\u00e9sum\u00e9e<\/h3>\n\n\n\n<p>Le GX 317 GNV est command\u00e9 en 9 exemplaires par Transports Canard en 2005. Nomm\u00e9e HB2300 en interne (<strong>H<\/strong>euliez <strong>B<\/strong>us s\u00e9rie 2300), la s\u00e9rie est livr\u00e9e de janvier \u00e0 octobre 2005. Premier bus au gaz naturel de Transports Canard, il \u00e9quipe int\u00e9gralement la ligne 1 du r\u00e9seau Citycanard de 2005 \u00e0 2023. Il y remplace les S 315 NF et y sera lui-m\u00eame remplac\u00e9 par des Omnicity GNV. En 2023, il est r\u00e9affect\u00e9 sur la ligne 6 du r\u00e9seau Citycanard o\u00f9 il remplace pour les services de jour des midibus Europolis Hybride. En 2024, l&rsquo;arriv\u00e9e de 7700 Hybrid sur la ligne 6 permet le retrait d\u00e9finitif de la s\u00e9rie. Le dernier GX 317 est radi\u00e9 des inventaires en septembre 2024.<\/p>\n<\/div>\n\n\n\n<div class=\"wp-block-column is-layout-flow wp-block-column-is-layout-flow\">\n<figure class=\"wp-block-table is-style-stripes\"><table class=\"has-fixed-layout\"><tbody><tr><td class=\"has-text-align-center\" data-align=\"center\">gamme<\/td><td class=\"has-text-align-center\" data-align=\"center\">Access&rsquo;Bus I<\/td><\/tr><tr><td class=\"has-text-align-center\" data-align=\"center\">constructeur<\/td><td class=\"has-text-align-center\" data-align=\"center\"><img loading=\"lazy\" decoding=\"async\" width=\"21\" height=\"15\" class=\"wp-image-2515\" style=\"width: 21px\" src=\"https:\/\/seal.transport-manager.net\/marshall\/wp-content\/uploads\/sites\/76\/2024\/09\/Francia.png\" alt=\"\"> Heuliez Bus<\/td><\/tr><tr><td class=\"has-text-align-center\" data-align=\"center\">cat\u00e9gorie<\/td><td class=\"has-text-align-center\" data-align=\"center\">urbain standard<\/td><\/tr><tr><td class=\"has-text-align-center\" data-align=\"center\">propulsion<\/td><td class=\"has-text-align-center\" data-align=\"center\"><img loading=\"lazy\" decoding=\"async\" width=\"61\" height=\"61\" class=\"wp-image-1028\" style=\"width: 61px\" src=\"https:\/\/seal.transport-manager.net\/marshall\/wp-content\/uploads\/sites\/76\/2022\/10\/GN.png\" alt=\"\"><\/td><\/tr><tr><td class=\"has-text-align-center\" data-align=\"center\">commercialisation<\/td><td class=\"has-text-align-center\" data-align=\"center\">1994-2005<\/td><\/tr><tr><td class=\"has-text-align-center\" data-align=\"center\">l x L x h<\/td><td class=\"has-text-align-center\" data-align=\"center\">11,99 m x 2,55 m x 3,23 m<\/td><\/tr><tr><td class=\"has-text-align-center\" data-align=\"center\">capacit\u00e9<\/td><td class=\"has-text-align-center\" data-align=\"center\">112 pax (dont 23 assis)<\/td><\/tr><tr><td class=\"has-text-align-center\" data-align=\"center\">moteur<\/td><td class=\"has-text-align-center\" data-align=\"center\">Iveco Cursor 8 F2BG<br>7.8 L 6 cylindres en ligne en position transversale arri\u00e8re<\/td><\/tr><tr><td class=\"has-text-align-center\" data-align=\"center\">puissance<\/td><td class=\"has-text-align-center\" data-align=\"center\">200 kW &#8211; 272 ch<\/td><\/tr><tr><td class=\"has-text-align-center\" data-align=\"center\">site de fabrication<\/td><td class=\"has-text-align-center\" data-align=\"center\"><img loading=\"lazy\" decoding=\"async\" width=\"21\" height=\"15\" class=\"wp-image-2515\" style=\"width: 21px\" src=\"https:\/\/seal.transport-manager.net\/marshall\/wp-content\/uploads\/sites\/76\/2024\/09\/Francia.png\" alt=\"\"> Rorthais<\/td><\/tr><tr><td class=\"has-text-align-center\" data-align=\"center\">mod\u00e8les concurrents<br><em>(en 2005)<\/em><\/td><td class=\"has-text-align-center\" data-align=\"center\">Mercedes-Benz Citaro C1<br>Setra S 315 NF<br>Volvo 7700<br>Irisbus Agora S<br>MAN NL 223<br>Scania Omnicity<br>Solaris Urbino 12 II<br>Van Hool NewA330<\/td><\/tr><\/tbody><\/table><\/figure>\n<\/div>\n<\/div>\n\n\n\n<h3 class=\"wp-block-heading\">R\u00e9f\u00e9rencement du parc<\/h3>\n\n\n\n<figure class=\"wp-block-table is-style-stripes\"><table><tbody><tr><td class=\"has-text-align-center\" data-align=\"center\">n\u00b0<\/td><td class=\"has-text-align-center\" data-align=\"center\">date de m.e.s<\/td><td class=\"has-text-align-center\" data-align=\"center\">statut<\/td><td class=\"has-text-align-center\" data-align=\"center\">affectation courante<br>\/ date de r\u00e9forme<\/td><td class=\"has-text-align-center\" data-align=\"center\">immat.<\/td><td>historique des affectations<\/td><\/tr><tr><td class=\"has-text-align-center\" data-align=\"center\">HB2301<\/td><td class=\"has-text-align-center\" data-align=\"center\">1 Janvier 2005<\/td><td class=\"has-text-align-center\" data-align=\"center\">r\u00e9form\u00e9<\/td><td class=\"has-text-align-center\" data-align=\"center\">23 Ao\u00fbt 2024<\/td><td class=\"has-text-align-center\" data-align=\"center\">TM-481-81<\/td><td><img loading=\"lazy\" decoding=\"async\" width=\"73\" height=\"73\" class=\"wp-image-1405\" style=\"width: 36px\" src=\"https:\/\/seal.transport-manager.net\/marshall\/wp-content\/uploads\/sites\/76\/2023\/02\/eins.png\" alt=\"\">: de Janvier 2005 \u00e0 Juillet 2023<br><img loading=\"lazy\" decoding=\"async\" width=\"73\" height=\"73\" class=\"wp-image-1404\" style=\"width: 36px\" src=\"https:\/\/seal.transport-manager.net\/marshall\/wp-content\/uploads\/sites\/76\/2023\/02\/sechs.png\" alt=\"\">: de Juillet 2023 \u00e0 Ao\u00fbt 2024<\/td><\/tr><tr><td class=\"has-text-align-center\" data-align=\"center\">HB2302<\/td><td class=\"has-text-align-center\" data-align=\"center\">19 Janvier 2005<\/td><td class=\"has-text-align-center\" data-align=\"center\">r\u00e9form\u00e9<\/td><td class=\"has-text-align-center\" data-align=\"center\">23 Ao\u00fbt 2024<\/td><td class=\"has-text-align-center\" data-align=\"center\">TM-537-30<\/td><td><img loading=\"lazy\" decoding=\"async\" width=\"73\" height=\"73\" class=\"wp-image-1405\" style=\"width: 36px\" src=\"https:\/\/seal.transport-manager.net\/marshall\/wp-content\/uploads\/sites\/76\/2023\/02\/eins.png\" alt=\"\">: de Janvier 2005 \u00e0 Juillet 2023<br><img loading=\"lazy\" decoding=\"async\" width=\"73\" height=\"73\" class=\"wp-image-1404\" style=\"width: 36px\" src=\"https:\/\/seal.transport-manager.net\/marshall\/wp-content\/uploads\/sites\/76\/2023\/02\/sechs.png\" alt=\"\">: de Juillet 2023 \u00e0 Ao\u00fbt 2024<\/td><\/tr><tr><td class=\"has-text-align-center\" data-align=\"center\">HB2303<\/td><td class=\"has-text-align-center\" data-align=\"center\">19 Janvier 2005<\/td><td class=\"has-text-align-center\" data-align=\"center\">r\u00e9form\u00e9<\/td><td class=\"has-text-align-center\" data-align=\"center\">23 Septembre 2024<\/td><td class=\"has-text-align-center\" data-align=\"center\">TM-537-31<\/td><td><img loading=\"lazy\" decoding=\"async\" width=\"73\" height=\"73\" class=\"wp-image-1405\" style=\"width: 36px\" src=\"https:\/\/seal.transport-manager.net\/marshall\/wp-content\/uploads\/sites\/76\/2023\/02\/eins.png\" alt=\"\">: de Janvier 2005 \u00e0 Juillet 2023<br><img loading=\"lazy\" decoding=\"async\" width=\"73\" height=\"73\" class=\"wp-image-1404\" style=\"width: 36px\" src=\"https:\/\/seal.transport-manager.net\/marshall\/wp-content\/uploads\/sites\/76\/2023\/02\/sechs.png\" alt=\"\">: de Juillet 2023 \u00e0 Septembre 2024<\/td><\/tr><tr><td class=\"has-text-align-center\" data-align=\"center\">HB2304<\/td><td class=\"has-text-align-center\" data-align=\"center\">9 F\u00e9vrier 2005<\/td><td class=\"has-text-align-center\" data-align=\"center\">collection<\/td><td class=\"has-text-align-center\" data-align=\"center\">28 Septembre 2024<\/td><td class=\"has-text-align-center\" data-align=\"center\">TM-466-88<\/td><td><img loading=\"lazy\" decoding=\"async\" width=\"73\" height=\"73\" class=\"wp-image-1405\" style=\"width: 36px\" src=\"https:\/\/seal.transport-manager.net\/marshall\/wp-content\/uploads\/sites\/76\/2023\/02\/eins.png\" alt=\"\">: de F\u00e9vrier 2005 \u00e0 Juillet 2023<br><img loading=\"lazy\" decoding=\"async\" width=\"73\" height=\"73\" class=\"wp-image-1404\" style=\"width: 36px\" src=\"https:\/\/seal.transport-manager.net\/marshall\/wp-content\/uploads\/sites\/76\/2023\/02\/sechs.png\" alt=\"\">: de Juillet 2023 \u00e0 Septembre 2024<\/td><\/tr><tr><td class=\"has-text-align-center\" data-align=\"center\">HB2305<\/td><td class=\"has-text-align-center\" data-align=\"center\">26 Avril 2005<\/td><td class=\"has-text-align-center\" data-align=\"center\">r\u00e9form\u00e9<\/td><td class=\"has-text-align-center\" data-align=\"center\">23 Septembre 2024<\/td><td class=\"has-text-align-center\" data-align=\"center\">TM-474-21<\/td><td><img loading=\"lazy\" decoding=\"async\" width=\"73\" height=\"73\" class=\"wp-image-1405\" style=\"width: 36px\" src=\"https:\/\/seal.transport-manager.net\/marshall\/wp-content\/uploads\/sites\/76\/2023\/02\/eins.png\" alt=\"\">: de Mai 2005 \u00e0 Juillet 2023<br><img loading=\"lazy\" decoding=\"async\" width=\"73\" height=\"73\" class=\"wp-image-1404\" style=\"width: 36px\" src=\"https:\/\/seal.transport-manager.net\/marshall\/wp-content\/uploads\/sites\/76\/2023\/02\/sechs.png\" alt=\"\">: de Juillet 2023 \u00e0 Septembre 2024<\/td><\/tr><tr><td class=\"has-text-align-center\" data-align=\"center\">HB2306<\/td><td class=\"has-text-align-center\" data-align=\"center\">26 Avril 2005<\/td><td class=\"has-text-align-center\" data-align=\"center\">r\u00e9form\u00e9<\/td><td class=\"has-text-align-center\" data-align=\"center\">4 Septembre 2024<\/td><td class=\"has-text-align-center\" data-align=\"center\">TM-474-22<\/td><td><img loading=\"lazy\" decoding=\"async\" width=\"73\" height=\"73\" class=\"wp-image-1405\" style=\"width: 36px\" src=\"https:\/\/seal.transport-manager.net\/marshall\/wp-content\/uploads\/sites\/76\/2023\/02\/eins.png\" alt=\"\">: de Mai 2005 \u00e0 Ao\u00fbt 2023<br><img loading=\"lazy\" decoding=\"async\" width=\"73\" height=\"73\" class=\"wp-image-1404\" style=\"width: 36px\" src=\"https:\/\/seal.transport-manager.net\/marshall\/wp-content\/uploads\/sites\/76\/2023\/02\/sechs.png\" alt=\"\">: de Ao\u00fbt 2023 \u00e0 Septembre 2024<\/td><\/tr><tr><td class=\"has-text-align-center\" data-align=\"center\">HB2307<\/td><td class=\"has-text-align-center\" data-align=\"center\">23 Mai 2005<\/td><td class=\"has-text-align-center\" data-align=\"center\">r\u00e9form\u00e9<\/td><td class=\"has-text-align-center\" data-align=\"center\">4 Septembre 2024<\/td><td class=\"has-text-align-center\" data-align=\"center\">TM-469-49<\/td><td><img loading=\"lazy\" decoding=\"async\" width=\"73\" height=\"73\" class=\"wp-image-1405\" style=\"width: 36px\" src=\"https:\/\/seal.transport-manager.net\/marshall\/wp-content\/uploads\/sites\/76\/2023\/02\/eins.png\" alt=\"\">: de Mai 2005 \u00e0 Ao\u00fbt 2023<br><img loading=\"lazy\" decoding=\"async\" width=\"73\" height=\"73\" class=\"wp-image-1404\" style=\"width: 36px\" src=\"https:\/\/seal.transport-manager.net\/marshall\/wp-content\/uploads\/sites\/76\/2023\/02\/sechs.png\" alt=\"\">: de Ao\u00fbt 2023 \u00e0 Septembre 2024<\/td><\/tr><tr><td class=\"has-text-align-center\" data-align=\"center\">HB2308<\/td><td class=\"has-text-align-center\" data-align=\"center\">25 Octobre 2005<\/td><td class=\"has-text-align-center\" data-align=\"center\">r\u00e9form\u00e9<\/td><td class=\"has-text-align-center\" data-align=\"center\">17 Septembre 2024<\/td><td class=\"has-text-align-center\" data-align=\"center\">TM-542-34<\/td><td><img loading=\"lazy\" decoding=\"async\" width=\"73\" height=\"73\" class=\"wp-image-1405\" style=\"width: 36px\" src=\"https:\/\/seal.transport-manager.net\/marshall\/wp-content\/uploads\/sites\/76\/2023\/02\/eins.png\" alt=\"\">: de Octobre 2005 \u00e0 Ao\u00fbt 2023<br><img loading=\"lazy\" decoding=\"async\" width=\"73\" height=\"73\" class=\"wp-image-1404\" style=\"width: 36px\" src=\"https:\/\/seal.transport-manager.net\/marshall\/wp-content\/uploads\/sites\/76\/2023\/02\/sechs.png\" alt=\"\">: de Ao\u00fbt 2023 \u00e0 Septembre 2024<\/td><\/tr><tr><td class=\"has-text-align-center\" data-align=\"center\">HB2309<\/td><td class=\"has-text-align-center\" data-align=\"center\">25 Octobre 2005<\/td><td class=\"has-text-align-center\" data-align=\"center\">r\u00e9form\u00e9<\/td><td class=\"has-text-align-center\" data-align=\"center\">17 Septembre 2024<\/td><td class=\"has-text-align-center\" data-align=\"center\">TM-542-33<\/td><td><img loading=\"lazy\" decoding=\"async\" width=\"73\" height=\"73\" class=\"wp-image-1405\" style=\"width: 36px\" src=\"https:\/\/seal.transport-manager.net\/marshall\/wp-content\/uploads\/sites\/76\/2023\/02\/eins.png\" alt=\"\">: de Octobre 2005 \u00e0 Ao\u00fbt 2023<br><img loading=\"lazy\" decoding=\"async\" width=\"73\" height=\"73\" class=\"wp-image-1404\" style=\"width: 36px\" src=\"https:\/\/seal.transport-manager.net\/marshall\/wp-content\/uploads\/sites\/76\/2023\/02\/sechs.png\" alt=\"\">: de Ao\u00fbt 2023 \u00e0 Septembre 2024<\/td><\/tr><\/tbody><\/table><\/figure>\n","protected":false},"excerpt":{"rendered":"<p>mise en service 2005 statut retir\u00e9 effectif historique 9 retrait 2024 exemplaire pr\u00e9serv\u00e9 HB2304 Carri\u00e8re r\u00e9sum\u00e9e Le GX 317 GNV est command\u00e9 en 9 exemplaires par Transports Canard en 2005. &#8230; <a title=\"HB2300 &#8211; Heuliez GX 317 GNV\" class=\"read-more\" href=\"https:\/\/seal.transport-manager.net\/marshall\/hb2300-heuliez-gx-317-gnv\/\" aria-label=\"En savoir plus sur HB2300 &#8211; Heuliez GX 317 GNV\">Lire la suite<\/a><\/p>\n","protected":false},"author":76,"featured_media":3646,"parent":0,"menu_order":0,"comment_status":"closed","ping_status":"closed","template":"","meta":{"footnotes":""},"class_list":["post-3150","page","type-page","status-publish","has-post-thumbnail"],"_links":{"self":[{"href":"https:\/\/seal.transport-manager.net\/marshall\/wp-json\/wp\/v2\/pages\/3150","targetHints":{"allow":["GET"]}}],"collection":[{"href":"https:\/\/seal.transport-manager.net\/marshall\/wp-json\/wp\/v2\/pages"}],"about":[{"href":"https:\/\/seal.transport-manager.net\/marshall\/wp-json\/wp\/v2\/types\/page"}],"author":[{"embeddable":true,"href":"https:\/\/seal.transport-manager.net\/marshall\/wp-json\/wp\/v2\/users\/76"}],"replies":[{"embeddable":true,"href":"https:\/\/seal.transport-manager.net\/marshall\/wp-json\/wp\/v2\/comments?post=3150"}],"version-history":[{"count":3,"href":"https:\/\/seal.transport-manager.net\/marshall\/wp-json\/wp\/v2\/pages\/3150\/revisions"}],"predecessor-version":[{"id":3302,"href":"https:\/\/seal.transport-manager.net\/marshall\/wp-json\/wp\/v2\/pages\/3150\/revisions\/3302"}],"wp:featuredmedia":[{"embeddable":true,"href":"https:\/\/seal.transport-manager.net\/marshall\/wp-json\/wp\/v2\/media\/3646"}],"wp:attachment":[{"href":"https:\/\/seal.transport-manager.net\/marshall\/wp-json\/wp\/v2\/media?parent=3150"}],"curies":[{"name":"wp","href":"https:\/\/api.w.org\/{rel}","templated":true}]}}