{"id":3152,"date":"2025-04-19T07:02:47","date_gmt":"2025-04-19T05:02:47","guid":{"rendered":"https:\/\/seal.transport-manager.net\/marshall\/?page_id=3152"},"modified":"2025-07-31T20:30:08","modified_gmt":"2025-07-31T18:30:08","slug":"sn1900-scania-omnicity-g","status":"publish","type":"page","link":"https:\/\/seal.transport-manager.net\/marshall\/sn1900-scania-omnicity-g\/","title":{"rendered":"SN1900 &#8211; Scania Omnicity G"},"content":{"rendered":"<div class=\"wp-block-image\">\n<figure class=\"aligncenter size-full\"><a href=\"https:\/\/i.ibb.co\/SXhvrSqn\/Omnicity-GCanard.png\"><img loading=\"lazy\" decoding=\"async\" width=\"1094\" height=\"360\" src=\"https:\/\/seal.transport-manager.net\/marshall\/wp-content\/uploads\/sites\/76\/2025\/02\/OmnicityGCanard.png\" alt=\"\" class=\"wp-image-2996\" srcset=\"https:\/\/seal.transport-manager.net\/marshall\/wp-content\/uploads\/sites\/76\/2025\/02\/OmnicityGCanard.png 1094w, https:\/\/seal.transport-manager.net\/marshall\/wp-content\/uploads\/sites\/76\/2025\/02\/OmnicityGCanard-300x99.png 300w, https:\/\/seal.transport-manager.net\/marshall\/wp-content\/uploads\/sites\/76\/2025\/02\/OmnicityGCanard-1024x337.png 1024w, https:\/\/seal.transport-manager.net\/marshall\/wp-content\/uploads\/sites\/76\/2025\/02\/OmnicityGCanard-768x253.png 768w\" sizes=\"auto, (max-width: 1094px) 100vw, 1094px\" \/><\/a><figcaption class=\"wp-element-caption\"><a href=\"https:\/\/i.ibb.co\/SXhvrSqn\/Omnicity-GCanard.png\">cliquez pour agrandir<\/a><\/figcaption><\/figure>\n<\/div>\n\n\n<div class=\"wp-block-columns is-layout-flex wp-container-core-columns-is-layout-9d6595d7 wp-block-columns-is-layout-flex\">\n<div class=\"wp-block-column is-layout-flow wp-block-column-is-layout-flow\">\n<figure class=\"wp-block-table is-style-stripes\"><table class=\"has-fixed-layout\"><tbody><tr><td class=\"has-text-align-center\" data-align=\"center\">mise en service<\/td><td class=\"has-text-align-center\" data-align=\"center\">2004<\/td><\/tr><tr><td class=\"has-text-align-center\" data-align=\"center\">statut<\/td><td class=\"has-text-align-center\" data-align=\"center\">retir\u00e9<\/td><\/tr><tr><td class=\"has-text-align-center\" data-align=\"center\">effectif historique<\/td><td class=\"has-text-align-center\" data-align=\"center\">7<\/td><\/tr><tr><td class=\"has-text-align-center\" data-align=\"center\">retrait<\/td><td class=\"has-text-align-center\" data-align=\"center\">2024<\/td><\/tr><tr><td class=\"has-text-align-center\" data-align=\"center\">exemplaire pr\u00e9serv\u00e9<\/td><td class=\"has-text-align-center\" data-align=\"center\">SN1907<\/td><\/tr><\/tbody><\/table><\/figure>\n\n\n\n<h3 class=\"wp-block-heading\">Carri\u00e8re r\u00e9sum\u00e9e<\/h3>\n\n\n\n<p>L&rsquo;Omnicity G est command\u00e9 en 7 exemplaires par Transports Canard en 2004. Nomm\u00e9e en interne SN1900 (<strong>S<\/strong>ca<strong>n<\/strong>ia s\u00e9rie 1900), la s\u00e9rie est livr\u00e9e de f\u00e9vrier \u00e0 novembre 2004 et est mise en service sur la ligne 2 du r\u00e9seau Citycanard nouvellement cr\u00e9\u00e9e. En 2010, une partie du parc est plac\u00e9e sur la nouvelle ligne 3 du r\u00e9seau Citycanard tandis que les Omnicity G de deuxi\u00e8me g\u00e9n\u00e9ration les remplacent sur la ligne 2. En 2011, la ligne 3 se convertit au standard avec un parc d&rsquo;Omnicity au GNV tandis que tous les Omnicity G reviennent sur la ligne 2. A partir de 2016, ils sont \u00e9paul\u00e9s par des 7900A Hybrid. En 2023, alors que la ligne 2 disparait au profit de la ligne en site propre CX-2 et son parc de LighTram 25, les Omnicity G et 7900A Hybrid sont r\u00e9affect\u00e9s sur la ligne 5 du r\u00e9seau Citycanard o\u00f9 ils remplacent des Omnicity standards au GNV. En 2024, Transports Canard entame le retrait d\u00e9finitif des Omnicity G en commandant trois 7900A Hybrid suppl\u00e9mentaires et quatre 7900A E pour la ligne 5. Le dernier Omnicity G est radi\u00e9 des effectifs en d\u00e9cembre 2024.<\/p>\n<\/div>\n\n\n\n<div class=\"wp-block-column is-layout-flow wp-block-column-is-layout-flow\">\n<figure class=\"wp-block-table is-style-stripes\"><table class=\"has-fixed-layout\"><tbody><tr><td class=\"has-text-align-center\" data-align=\"center\">gamme<\/td><td class=\"has-text-align-center\" data-align=\"center\">Omnicity<\/td><\/tr><tr><td class=\"has-text-align-center\" data-align=\"center\">constructeur<\/td><td class=\"has-text-align-center\" data-align=\"center\"><img loading=\"lazy\" decoding=\"async\" width=\"24\" height=\"15\" class=\"wp-image-2518\" style=\"width: 24px\" src=\"https:\/\/seal.transport-manager.net\/marshall\/wp-content\/uploads\/sites\/76\/2024\/09\/Suecia.png\" alt=\"\"> Scania<\/td><\/tr><tr><td class=\"has-text-align-center\" data-align=\"center\">cat\u00e9gorie<\/td><td class=\"has-text-align-center\" data-align=\"center\">urbain articul\u00e9<\/td><\/tr><tr><td class=\"has-text-align-center\" data-align=\"center\">propulsion<\/td><td class=\"has-text-align-center\" data-align=\"center\"><img loading=\"lazy\" decoding=\"async\" width=\"61\" height=\"61\" class=\"wp-image-1029\" style=\"width: 61px\" src=\"https:\/\/seal.transport-manager.net\/marshall\/wp-content\/uploads\/sites\/76\/2022\/10\/D.png\" alt=\"\"><\/td><\/tr><tr><td class=\"has-text-align-center\" data-align=\"center\">commercialisation<\/td><td class=\"has-text-align-center\" data-align=\"center\">1996-2006<\/td><\/tr><tr><td class=\"has-text-align-center\" data-align=\"center\">l x L x h<\/td><td class=\"has-text-align-center\" data-align=\"center\">18,0 m x 2,55 m x 3,0 m<\/td><\/tr><tr><td class=\"has-text-align-center\" data-align=\"center\">capacit\u00e9<\/td><td class=\"has-text-align-center\" data-align=\"center\">182 pax (dont 38 assis)<\/td><\/tr><tr><td class=\"has-text-align-center\" data-align=\"center\">moteur<\/td><td class=\"has-text-align-center\" data-align=\"center\">Scania DC902C01<br>9.0 L 6 cylindres en ligne en position transversale arri\u00e8re<\/td><\/tr><tr><td class=\"has-text-align-center\" data-align=\"center\">puissance<\/td><td class=\"has-text-align-center\" data-align=\"center\">191 kW &#8211; 260 ch<\/td><\/tr><tr><td class=\"has-text-align-center\" data-align=\"center\">site de fabrication<\/td><td class=\"has-text-align-center\" data-align=\"center\"><img loading=\"lazy\" decoding=\"async\" width=\"24\" height=\"15\" class=\"wp-image-2519\" style=\"width: 24px\" src=\"https:\/\/seal.transport-manager.net\/marshall\/wp-content\/uploads\/sites\/76\/2024\/09\/Polonia.png\" alt=\"\"> Slupsk<\/td><\/tr><tr><td class=\"has-text-align-center\" data-align=\"center\">mod\u00e8les concurrents<br><em>(en 2004)<\/em><\/td><td class=\"has-text-align-center\" data-align=\"center\">Mercedes-Benz Citaro G C1<br>Volvo 7000A<br>Irisbus Agora L<br>MAN NG 263<br>Solaris Urbino 18 II<br>Van Hool NewAG300<\/td><\/tr><\/tbody><\/table><\/figure>\n<\/div>\n<\/div>\n\n\n\n<h3 class=\"wp-block-heading\">R\u00e9f\u00e9rencement du parc<\/h3>\n\n\n\n<figure class=\"wp-block-table is-style-stripes\"><table><tbody><tr><td class=\"has-text-align-center\" data-align=\"center\">n\u00b0<\/td><td class=\"has-text-align-center\" data-align=\"center\">date de m.e.s<\/td><td class=\"has-text-align-center\" data-align=\"center\">statut<\/td><td class=\"has-text-align-center\" data-align=\"center\">affectation courante<br>\/ date de r\u00e9forme<\/td><td class=\"has-text-align-center\" data-align=\"center\">immat.<\/td><td>historique des affectations<\/td><\/tr><tr><td class=\"has-text-align-center\" data-align=\"center\">SN1901<\/td><td class=\"has-text-align-center\" data-align=\"center\">24 F\u00e9vrier 2004<\/td><td class=\"has-text-align-center\" data-align=\"center\">r\u00e9form\u00e9<\/td><td class=\"has-text-align-center\" data-align=\"center\">10 Novembre 2024<\/td><td class=\"has-text-align-center\" data-align=\"center\">TM-426-23<\/td><td><img loading=\"lazy\" decoding=\"async\" width=\"73\" height=\"73\" class=\"wp-image-1413\" style=\"width: 36px\" src=\"https:\/\/seal.transport-manager.net\/marshall\/wp-content\/uploads\/sites\/76\/2023\/02\/zwei.png\" alt=\"\">: de Juillet 2004 \u00e0 Mars 2010<br><img loading=\"lazy\" decoding=\"async\" width=\"73\" height=\"73\" class=\"wp-image-1407\" style=\"width: 36px\" src=\"https:\/\/seal.transport-manager.net\/marshall\/wp-content\/uploads\/sites\/76\/2023\/02\/drei.png\" alt=\"\">: de Mars 2010 \u00e0  Janvier 2011<br><img loading=\"lazy\" decoding=\"async\" width=\"73\" height=\"73\" class=\"wp-image-1413\" style=\"width: 36px\" src=\"https:\/\/seal.transport-manager.net\/marshall\/wp-content\/uploads\/sites\/76\/2023\/02\/zwei.png\" alt=\"\">: de Janvier 2011 \u00e0 Avril 2023<br><img loading=\"lazy\" decoding=\"async\" width=\"111\" height=\"73\" class=\"wp-image-1424\" style=\"width: 55px\" src=\"https:\/\/seal.transport-manager.net\/marshall\/wp-content\/uploads\/sites\/76\/2023\/02\/CX-zwei.png\" alt=\"\">: de Mai 2023 \u00e0 Juin 2023<br><img loading=\"lazy\" decoding=\"async\" width=\"73\" height=\"73\" class=\"wp-image-1408\" style=\"width: 36px\" src=\"https:\/\/seal.transport-manager.net\/marshall\/wp-content\/uploads\/sites\/76\/2023\/02\/funf.png\" alt=\"\">: de Juin 2023 \u00e0 Novembre 2024<\/td><\/tr><tr><td class=\"has-text-align-center\" data-align=\"center\">SN1902<\/td><td class=\"has-text-align-center\" data-align=\"center\">19 Avril 2004<\/td><td class=\"has-text-align-center\" data-align=\"center\">r\u00e9form\u00e9<\/td><td class=\"has-text-align-center\" data-align=\"center\">2 Novembre 2024<\/td><td class=\"has-text-align-center\" data-align=\"center\">TM-453-69<\/td><td><img loading=\"lazy\" decoding=\"async\" width=\"73\" height=\"73\" class=\"wp-image-1413\" style=\"width: 36px\" src=\"https:\/\/seal.transport-manager.net\/marshall\/wp-content\/uploads\/sites\/76\/2023\/02\/zwei.png\" alt=\"\">: de Juillet 2004 \u00e0 Mars 2010<br><img loading=\"lazy\" decoding=\"async\" width=\"73\" height=\"73\" class=\"wp-image-1407\" style=\"width: 36px\" src=\"https:\/\/seal.transport-manager.net\/marshall\/wp-content\/uploads\/sites\/76\/2023\/02\/drei.png\" alt=\"\">: de Mars 2010 \u00e0 Janvier 2011<br><img loading=\"lazy\" decoding=\"async\" width=\"73\" height=\"73\" class=\"wp-image-1413\" style=\"width: 36px\" src=\"https:\/\/seal.transport-manager.net\/marshall\/wp-content\/uploads\/sites\/76\/2023\/02\/zwei.png\" alt=\"\">: de Janvier 2011 \u00e0 Avril 2023<br><img loading=\"lazy\" decoding=\"async\" width=\"111\" height=\"73\" class=\"wp-image-1424\" style=\"width: 55px\" src=\"https:\/\/seal.transport-manager.net\/marshall\/wp-content\/uploads\/sites\/76\/2023\/02\/CX-zwei.png\" alt=\"\">: de Mai 2023 \u00e0 Juin 2023<br><img loading=\"lazy\" decoding=\"async\" width=\"73\" height=\"73\" class=\"wp-image-1408\" style=\"width: 36px\" src=\"https:\/\/seal.transport-manager.net\/marshall\/wp-content\/uploads\/sites\/76\/2023\/02\/funf.png\" alt=\"\">: de Juin 2023 \u00e0 Novembre 2024<\/td><\/tr><tr><td class=\"has-text-align-center\" data-align=\"center\">SN1903<\/td><td class=\"has-text-align-center\" data-align=\"center\">12 Mai 2004<\/td><td class=\"has-text-align-center\" data-align=\"center\">r\u00e9form\u00e9<\/td><td class=\"has-text-align-center\" data-align=\"center\">20 Novembre 2024<\/td><td class=\"has-text-align-center\" data-align=\"center\">TM-423-10<\/td><td><img loading=\"lazy\" decoding=\"async\" width=\"73\" height=\"73\" class=\"wp-image-1413\" style=\"width: 36px\" src=\"https:\/\/seal.transport-manager.net\/marshall\/wp-content\/uploads\/sites\/76\/2023\/02\/zwei.png\" alt=\"\">: de Juillet 2004 \u00e0 Mars 2010<br><img loading=\"lazy\" decoding=\"async\" width=\"73\" height=\"73\" class=\"wp-image-1407\" style=\"width: 36px\" src=\"https:\/\/seal.transport-manager.net\/marshall\/wp-content\/uploads\/sites\/76\/2023\/02\/drei.png\" alt=\"\">: de Mars 2010 \u00e0 Janvier 2011<br><img loading=\"lazy\" decoding=\"async\" width=\"73\" height=\"73\" class=\"wp-image-1413\" style=\"width: 36px\" src=\"https:\/\/seal.transport-manager.net\/marshall\/wp-content\/uploads\/sites\/76\/2023\/02\/zwei.png\" alt=\"\">: de Janvier 2011 \u00e0 Avril 2023<br><img loading=\"lazy\" decoding=\"async\" width=\"111\" height=\"73\" class=\"wp-image-1424\" style=\"width: 55px\" src=\"https:\/\/seal.transport-manager.net\/marshall\/wp-content\/uploads\/sites\/76\/2023\/02\/CX-zwei.png\" alt=\"\">: de Mai 2023 \u00e0 Juin 2023<br><img loading=\"lazy\" decoding=\"async\" width=\"73\" height=\"73\" class=\"wp-image-1408\" style=\"width: 36px\" src=\"https:\/\/seal.transport-manager.net\/marshall\/wp-content\/uploads\/sites\/76\/2023\/02\/funf.png\" alt=\"\">: de Juin 2023 \u00e0 Novembre 2024<\/td><\/tr><tr><td class=\"has-text-align-center\" data-align=\"center\">SN1904<\/td><td class=\"has-text-align-center\" data-align=\"center\">21 Juillet 2004<\/td><td class=\"has-text-align-center\" data-align=\"center\">r\u00e9form\u00e9<\/td><td class=\"has-text-align-center\" data-align=\"center\">15 Septembre 2024<\/td><td class=\"has-text-align-center\" data-align=\"center\">TM-468-27<\/td><td><img loading=\"lazy\" decoding=\"async\" width=\"73\" height=\"73\" class=\"wp-image-1413\" style=\"width: 36px\" src=\"https:\/\/seal.transport-manager.net\/marshall\/wp-content\/uploads\/sites\/76\/2023\/02\/zwei.png\" alt=\"\">: de Juillet 2004 \u00e0 Mars 2010<br><img loading=\"lazy\" decoding=\"async\" width=\"73\" height=\"73\" class=\"wp-image-1407\" style=\"width: 36px\" src=\"https:\/\/seal.transport-manager.net\/marshall\/wp-content\/uploads\/sites\/76\/2023\/02\/drei.png\" alt=\"\">: de Mars 2010 \u00e0 Mars 2011<br><img loading=\"lazy\" decoding=\"async\" width=\"73\" height=\"73\" class=\"wp-image-1413\" style=\"width: 36px\" src=\"https:\/\/seal.transport-manager.net\/marshall\/wp-content\/uploads\/sites\/76\/2023\/02\/zwei.png\" alt=\"\">: de Mars 2011 \u00e0 Avril 2023<br><img loading=\"lazy\" decoding=\"async\" width=\"111\" height=\"73\" class=\"wp-image-1424\" style=\"width: 55px\" src=\"https:\/\/seal.transport-manager.net\/marshall\/wp-content\/uploads\/sites\/76\/2023\/02\/CX-zwei.png\" alt=\"\">: de Mai 2023 \u00e0 Juillet 2023<br><img loading=\"lazy\" decoding=\"async\" width=\"73\" height=\"73\" class=\"wp-image-1408\" style=\"width: 36px\" src=\"https:\/\/seal.transport-manager.net\/marshall\/wp-content\/uploads\/sites\/76\/2023\/02\/funf.png\" alt=\"\">: de Juillet 2023 \u00e0 Septembre 2024<\/td><\/tr><tr><td class=\"has-text-align-center\" data-align=\"center\">SN1905<\/td><td class=\"has-text-align-center\" data-align=\"center\">22 Juillet 2004<\/td><td class=\"has-text-align-center\" data-align=\"center\">r\u00e9form\u00e9<\/td><td class=\"has-text-align-center\" data-align=\"center\">24 Septembre 2024<\/td><td class=\"has-text-align-center\" data-align=\"center\">TM-446-54<\/td><td><img loading=\"lazy\" decoding=\"async\" width=\"73\" height=\"73\" class=\"wp-image-1413\" style=\"width: 36px\" src=\"https:\/\/seal.transport-manager.net\/marshall\/wp-content\/uploads\/sites\/76\/2023\/02\/zwei.png\" alt=\"\">: de Juillet 2004 \u00e0 D\u00e9cembre 2010<br><img loading=\"lazy\" decoding=\"async\" width=\"73\" height=\"73\" class=\"wp-image-1407\" style=\"width: 36px\" src=\"https:\/\/seal.transport-manager.net\/marshall\/wp-content\/uploads\/sites\/76\/2023\/02\/drei.png\" alt=\"\">: de D\u00e9cembre 2010 \u00e0 Mars 2011<br><img loading=\"lazy\" decoding=\"async\" width=\"73\" height=\"73\" class=\"wp-image-1413\" style=\"width: 36px\" src=\"https:\/\/seal.transport-manager.net\/marshall\/wp-content\/uploads\/sites\/76\/2023\/02\/zwei.png\" alt=\"\">: de Mars 2011 \u00e0 Avril 2023<br><img loading=\"lazy\" decoding=\"async\" width=\"111\" height=\"73\" class=\"wp-image-1424\" style=\"width: 55px\" src=\"https:\/\/seal.transport-manager.net\/marshall\/wp-content\/uploads\/sites\/76\/2023\/02\/CX-zwei.png\" alt=\"\">: de Mai 2023 \u00e0 Juillet 2023<br><img loading=\"lazy\" decoding=\"async\" width=\"73\" height=\"73\" class=\"wp-image-1408\" style=\"width: 36px\" src=\"https:\/\/seal.transport-manager.net\/marshall\/wp-content\/uploads\/sites\/76\/2023\/02\/funf.png\" alt=\"\">: de Juillet 2023 \u00e0 Septembre 2024<\/td><\/tr><tr><td class=\"has-text-align-center\" data-align=\"center\">SN1906<\/td><td class=\"has-text-align-center\" data-align=\"center\">22 Juillet 2004<\/td><td class=\"has-text-align-center\" data-align=\"center\">r\u00e9form\u00e9<\/td><td class=\"has-text-align-center\" data-align=\"center\">11 Septembre 2024<\/td><td class=\"has-text-align-center\" data-align=\"center\">TM-446-53<\/td><td><img loading=\"lazy\" decoding=\"async\" width=\"73\" height=\"73\" class=\"wp-image-1413\" style=\"width: 36px\" src=\"https:\/\/seal.transport-manager.net\/marshall\/wp-content\/uploads\/sites\/76\/2023\/02\/zwei.png\" alt=\"\">: de Juillet 2004 \u00e0 D\u00e9cembre 2010<br><img loading=\"lazy\" decoding=\"async\" width=\"73\" height=\"73\" class=\"wp-image-1407\" style=\"width: 36px\" src=\"https:\/\/seal.transport-manager.net\/marshall\/wp-content\/uploads\/sites\/76\/2023\/02\/drei.png\" alt=\"\">: de D\u00e9cembre 2010 \u00e0 Mars 2011<br><img loading=\"lazy\" decoding=\"async\" width=\"73\" height=\"73\" class=\"wp-image-1413\" style=\"width: 36px\" src=\"https:\/\/seal.transport-manager.net\/marshall\/wp-content\/uploads\/sites\/76\/2023\/02\/zwei.png\" alt=\"\">: de Mars 2011 \u00e0 Avril 2023<br><img loading=\"lazy\" decoding=\"async\" width=\"111\" height=\"73\" class=\"wp-image-1424\" style=\"width: 55px\" src=\"https:\/\/seal.transport-manager.net\/marshall\/wp-content\/uploads\/sites\/76\/2023\/02\/CX-zwei.png\" alt=\"\">: de Mai 2023 \u00e0 Juillet 2023<br><img loading=\"lazy\" decoding=\"async\" width=\"73\" height=\"73\" class=\"wp-image-1408\" style=\"width: 36px\" src=\"https:\/\/seal.transport-manager.net\/marshall\/wp-content\/uploads\/sites\/76\/2023\/02\/funf.png\" alt=\"\">: de Juillet 2023 \u00e0 Septembre 2024<\/td><\/tr><tr><td class=\"has-text-align-center\" data-align=\"center\">SN1907<\/td><td class=\"has-text-align-center\" data-align=\"center\">4 Novembre 2004<\/td><td class=\"has-text-align-center\" data-align=\"center\">collection<\/td><td class=\"has-text-align-center\" data-align=\"center\">15 D\u00e9cembre 2024<\/td><td class=\"has-text-align-center\" data-align=\"center\">TM-437-82<\/td><td><img loading=\"lazy\" decoding=\"async\" width=\"73\" height=\"73\" class=\"wp-image-1413\" style=\"width: 36px\" src=\"https:\/\/seal.transport-manager.net\/marshall\/wp-content\/uploads\/sites\/76\/2023\/02\/zwei.png\" alt=\"\">: de Novembre 2004 \u00e0 Avril 2023<br><img loading=\"lazy\" decoding=\"async\" width=\"111\" height=\"73\" class=\"wp-image-1424\" style=\"width: 55px\" src=\"https:\/\/seal.transport-manager.net\/marshall\/wp-content\/uploads\/sites\/76\/2023\/02\/CX-zwei.png\" alt=\"\">: de Mai 2023 \u00e0 Ao\u00fbt 2023<br><img loading=\"lazy\" decoding=\"async\" width=\"73\" height=\"73\" class=\"wp-image-1408\" style=\"width: 36px\" src=\"https:\/\/seal.transport-manager.net\/marshall\/wp-content\/uploads\/sites\/76\/2023\/02\/funf.png\" alt=\"\">: de Ao\u00fbt 2023 \u00e0 D\u00e9cembre 2024<\/td><\/tr><\/tbody><\/table><\/figure>\n\n\n\n<p><\/p>\n","protected":false},"excerpt":{"rendered":"<p>mise en service 2004 statut retir\u00e9 effectif historique 7 retrait 2024 exemplaire pr\u00e9serv\u00e9 SN1907 Carri\u00e8re r\u00e9sum\u00e9e L&rsquo;Omnicity G est command\u00e9 en 7 exemplaires par Transports Canard en 2004. Nomm\u00e9e en &#8230; <a title=\"SN1900 &#8211; Scania Omnicity G\" class=\"read-more\" href=\"https:\/\/seal.transport-manager.net\/marshall\/sn1900-scania-omnicity-g\/\" aria-label=\"En savoir plus sur SN1900 &#8211; Scania Omnicity G\">Lire la suite<\/a><\/p>\n","protected":false},"author":76,"featured_media":3654,"parent":0,"menu_order":0,"comment_status":"closed","ping_status":"closed","template":"","meta":{"footnotes":""},"class_list":["post-3152","page","type-page","status-publish","has-post-thumbnail"],"_links":{"self":[{"href":"https:\/\/seal.transport-manager.net\/marshall\/wp-json\/wp\/v2\/pages\/3152","targetHints":{"allow":["GET"]}}],"collection":[{"href":"https:\/\/seal.transport-manager.net\/marshall\/wp-json\/wp\/v2\/pages"}],"about":[{"href":"https:\/\/seal.transport-manager.net\/marshall\/wp-json\/wp\/v2\/types\/page"}],"author":[{"embeddable":true,"href":"https:\/\/seal.transport-manager.net\/marshall\/wp-json\/wp\/v2\/users\/76"}],"replies":[{"embeddable":true,"href":"https:\/\/seal.transport-manager.net\/marshall\/wp-json\/wp\/v2\/comments?post=3152"}],"version-history":[{"count":3,"href":"https:\/\/seal.transport-manager.net\/marshall\/wp-json\/wp\/v2\/pages\/3152\/revisions"}],"predecessor-version":[{"id":3228,"href":"https:\/\/seal.transport-manager.net\/marshall\/wp-json\/wp\/v2\/pages\/3152\/revisions\/3228"}],"wp:featuredmedia":[{"embeddable":true,"href":"https:\/\/seal.transport-manager.net\/marshall\/wp-json\/wp\/v2\/media\/3654"}],"wp:attachment":[{"href":"https:\/\/seal.transport-manager.net\/marshall\/wp-json\/wp\/v2\/media?parent=3152"}],"curies":[{"name":"wp","href":"https:\/\/api.w.org\/{rel}","templated":true}]}}