{"id":3703,"date":"2025-08-19T14:13:14","date_gmt":"2025-08-19T12:13:14","guid":{"rendered":"https:\/\/seal.transport-manager.net\/marshall\/?page_id=3703"},"modified":"2026-01-11T07:14:22","modified_gmt":"2026-01-11T06:14:22","slug":"ligne-metrocaneton-601","status":"publish","type":"page","link":"https:\/\/seal.transport-manager.net\/marshall\/ligne-metrocaneton-601\/","title":{"rendered":"Ligne Metrocanard S 601"},"content":{"rendered":"\n<h3 class=\"wp-block-heading\">Arnolpheville &#8211; Lyc\u00e9e Anna Politovskaia &lt;&gt; Mairie de La T\u00eate-sur-Arnolphe<\/h3>\n\n\n\n<div class=\"wp-block-buttons is-content-justification-center is-layout-flex wp-container-core-buttons-is-layout-16018d1d wp-block-buttons-is-layout-flex\">\n<div class=\"wp-block-button\"><a class=\"wp-block-button__link has-base-3-color has-text-color has-background has-link-color wp-element-button\" href=\"https:\/\/i.ibb.co\/cSNBrM76\/Plan-Canardline601.png\" style=\"background-color:#dc241f\">Plan d\u00e9taill\u00e9 de la ligne Metrocanard S 601<\/a><\/div>\n\n\n\n<div class=\"wp-block-button\"><a class=\"wp-block-button__link has-base-3-color has-text-color has-background has-link-color wp-element-button\" href=\"https:\/\/i.ibb.co\/mn54v0q\/Timetable-Canard601.png\" style=\"background-color:#dc241f\">Fiche-horaire de la ligne Metrocanard S 601<\/a><\/div>\n<\/div>\n\n\n\n<figure class=\"wp-block-table aligncenter is-style-stripes\"><table><tbody><tr><td class=\"has-text-align-center\" data-align=\"center\"><img loading=\"lazy\" decoding=\"async\" width=\"111\" height=\"73\" class=\"wp-image-3280\" style=\"width: 111px\" src=\"https:\/\/seal.transport-manager.net\/marshall\/wp-content\/uploads\/sites\/76\/2025\/05\/sechshundertundeins.png\" alt=\"\"><\/td><td class=\"has-text-align-center\" data-align=\"center\"><img loading=\"lazy\" decoding=\"async\" width=\"170\" height=\"80\" class=\"wp-image-3282\" style=\"width: 150px\" src=\"https:\/\/seal.transport-manager.net\/marshall\/wp-content\/uploads\/sites\/76\/2025\/05\/13I.png\" alt=\"\"><\/td><\/tr><tr><td class=\"has-text-align-center\" data-align=\"center\">longueur<\/td><td class=\"has-text-align-center\" data-align=\"center\">13,4 km<\/td><\/tr><tr><td class=\"has-text-align-center\" data-align=\"center\">temps de trajet indicatif<\/td><td class=\"has-text-align-center\" data-align=\"center\">25 minutes<\/td><\/tr><tr><td class=\"has-text-align-center\" data-align=\"center\">nombre de stations<\/td><td class=\"has-text-align-center\" data-align=\"center\">5<\/td><\/tr><tr><td class=\"has-text-align-center\" data-align=\"center\">communes desservies<\/td><td class=\"has-text-align-center\" data-align=\"center\">Arnolpheville<br>L\u00e9onville-sur-Arnolphe<br>La T\u00eate-sur-Arnolphe<\/td><\/tr><tr><td class=\"has-text-align-center\" data-align=\"center\">mat\u00e9riel roulant<\/td><td class=\"has-text-align-center\" data-align=\"center\">Tourmalin Box<br>Scoler 5<br>LD 13<\/td><\/tr><\/tbody><\/table><\/figure>\n","protected":false},"excerpt":{"rendered":"<p>Arnolpheville &#8211; Lyc\u00e9e Anna Politovskaia &lt;&gt; Mairie de La T\u00eate-sur-Arnolphe longueur 13,4 km temps de trajet indicatif 25 minutes nombre de stations 5 communes desservies ArnolphevilleL\u00e9onville-sur-ArnolpheLa T\u00eate-sur-Arnolphe mat\u00e9riel roulant Tourmalin &#8230; <a title=\"Ligne Metrocanard S 601\" class=\"read-more\" href=\"https:\/\/seal.transport-manager.net\/marshall\/ligne-metrocaneton-601\/\" aria-label=\"En savoir plus sur Ligne Metrocanard S 601\">Lire la suite<\/a><\/p>\n","protected":false},"author":76,"featured_media":3280,"parent":0,"menu_order":0,"comment_status":"closed","ping_status":"closed","template":"","meta":{"footnotes":""},"class_list":["post-3703","page","type-page","status-publish","has-post-thumbnail"],"_links":{"self":[{"href":"https:\/\/seal.transport-manager.net\/marshall\/wp-json\/wp\/v2\/pages\/3703","targetHints":{"allow":["GET"]}}],"collection":[{"href":"https:\/\/seal.transport-manager.net\/marshall\/wp-json\/wp\/v2\/pages"}],"about":[{"href":"https:\/\/seal.transport-manager.net\/marshall\/wp-json\/wp\/v2\/types\/page"}],"author":[{"embeddable":true,"href":"https:\/\/seal.transport-manager.net\/marshall\/wp-json\/wp\/v2\/users\/76"}],"replies":[{"embeddable":true,"href":"https:\/\/seal.transport-manager.net\/marshall\/wp-json\/wp\/v2\/comments?post=3703"}],"version-history":[{"count":6,"href":"https:\/\/seal.transport-manager.net\/marshall\/wp-json\/wp\/v2\/pages\/3703\/revisions"}],"predecessor-version":[{"id":4341,"href":"https:\/\/seal.transport-manager.net\/marshall\/wp-json\/wp\/v2\/pages\/3703\/revisions\/4341"}],"wp:featuredmedia":[{"embeddable":true,"href":"https:\/\/seal.transport-manager.net\/marshall\/wp-json\/wp\/v2\/media\/3280"}],"wp:attachment":[{"href":"https:\/\/seal.transport-manager.net\/marshall\/wp-json\/wp\/v2\/media?parent=3703"}],"curies":[{"name":"wp","href":"https:\/\/api.w.org\/{rel}","templated":true}]}}