{"id":3705,"date":"2025-08-19T14:20:19","date_gmt":"2025-08-19T12:20:19","guid":{"rendered":"https:\/\/seal.transport-manager.net\/marshall\/?page_id=3705"},"modified":"2025-11-16T08:57:59","modified_gmt":"2025-11-16T07:57:59","slug":"ligne-metrocaneton-602","status":"publish","type":"page","link":"https:\/\/seal.transport-manager.net\/marshall\/ligne-metrocaneton-602\/","title":{"rendered":"Ligne Metrocanard S 602"},"content":{"rendered":"\n<h3 class=\"wp-block-heading\">Arnolpheville &#8211; Coll\u00e8ge Houdini &lt;&gt; Mairie de Toussutesse<\/h3>\n\n\n\n<div class=\"wp-block-buttons is-content-justification-center is-layout-flex wp-container-core-buttons-is-layout-16018d1d wp-block-buttons-is-layout-flex\">\n<div class=\"wp-block-button\"><a class=\"wp-block-button__link has-base-3-color has-text-color has-background has-link-color wp-element-button\" href=\"https:\/\/i.ibb.co\/RpXssZG9\/Plan-Canardline602.png\" style=\"background-color:#894e24\">Plan d\u00e9taill\u00e9 de la ligne Metrocanard S 602<\/a><\/div>\n\n\n\n<div class=\"wp-block-button\"><a class=\"wp-block-button__link has-base-3-color has-text-color has-background has-link-color wp-element-button\" href=\"https:\/\/i.ibb.co\/RTpqPkpJ\/Timetable-Canard602.png\" style=\"background-color:#894e24\">Fiche-horaire de la ligne Metrocanard S 602<\/a><\/div>\n<\/div>\n\n\n\n<figure class=\"wp-block-table aligncenter is-style-stripes\"><table><tbody><tr><td class=\"has-text-align-center\" data-align=\"center\"><img loading=\"lazy\" decoding=\"async\" width=\"111\" height=\"73\" class=\"wp-image-3281\" style=\"width: 111px\" src=\"https:\/\/seal.transport-manager.net\/marshall\/wp-content\/uploads\/sites\/76\/2025\/05\/sechshundertundzwei.png\" alt=\"\"><\/td><td class=\"has-text-align-center\" data-align=\"center\"><img loading=\"lazy\" decoding=\"async\" width=\"170\" height=\"80\" class=\"wp-image-3282\" style=\"width: 150px\" src=\"https:\/\/seal.transport-manager.net\/marshall\/wp-content\/uploads\/sites\/76\/2025\/05\/13I.png\" alt=\"\"><\/td><\/tr><tr><td class=\"has-text-align-center\" data-align=\"center\">longueur<\/td><td class=\"has-text-align-center\" data-align=\"center\">18,4 km<\/td><\/tr><tr><td class=\"has-text-align-center\" data-align=\"center\">temps de trajet indicatif<\/td><td class=\"has-text-align-center\" data-align=\"center\">30 minutes<\/td><\/tr><tr><td class=\"has-text-align-center\" data-align=\"center\">nombre de stations<\/td><td class=\"has-text-align-center\" data-align=\"center\">7<\/td><\/tr><tr><td class=\"has-text-align-center\" data-align=\"center\">communes desservies<\/td><td class=\"has-text-align-center\" data-align=\"center\">Arnolpheville<br>Surchambaud-l\u00e8s-la-Beaut\u00e9<br>Toussutesse<\/td><\/tr><tr><td class=\"has-text-align-center\" data-align=\"center\">mat\u00e9riel roulant<\/td><td class=\"has-text-align-center\" data-align=\"center\">Tourmalin Box<br>Scoler 5<br>LD 13<\/td><\/tr><\/tbody><\/table><\/figure>\n","protected":false},"excerpt":{"rendered":"<p>Arnolpheville &#8211; Coll\u00e8ge Houdini &lt;&gt; Mairie de Toussutesse longueur 18,4 km temps de trajet indicatif 30 minutes nombre de stations 7 communes desservies ArnolphevilleSurchambaud-l\u00e8s-la-Beaut\u00e9Toussutesse mat\u00e9riel roulant Tourmalin BoxScoler 5LD 13<\/p>\n","protected":false},"author":76,"featured_media":3281,"parent":0,"menu_order":0,"comment_status":"closed","ping_status":"closed","template":"","meta":{"footnotes":""},"class_list":["post-3705","page","type-page","status-publish","has-post-thumbnail"],"_links":{"self":[{"href":"https:\/\/seal.transport-manager.net\/marshall\/wp-json\/wp\/v2\/pages\/3705","targetHints":{"allow":["GET"]}}],"collection":[{"href":"https:\/\/seal.transport-manager.net\/marshall\/wp-json\/wp\/v2\/pages"}],"about":[{"href":"https:\/\/seal.transport-manager.net\/marshall\/wp-json\/wp\/v2\/types\/page"}],"author":[{"embeddable":true,"href":"https:\/\/seal.transport-manager.net\/marshall\/wp-json\/wp\/v2\/users\/76"}],"replies":[{"embeddable":true,"href":"https:\/\/seal.transport-manager.net\/marshall\/wp-json\/wp\/v2\/comments?post=3705"}],"version-history":[{"count":5,"href":"https:\/\/seal.transport-manager.net\/marshall\/wp-json\/wp\/v2\/pages\/3705\/revisions"}],"predecessor-version":[{"id":4148,"href":"https:\/\/seal.transport-manager.net\/marshall\/wp-json\/wp\/v2\/pages\/3705\/revisions\/4148"}],"wp:featuredmedia":[{"embeddable":true,"href":"https:\/\/seal.transport-manager.net\/marshall\/wp-json\/wp\/v2\/media\/3281"}],"wp:attachment":[{"href":"https:\/\/seal.transport-manager.net\/marshall\/wp-json\/wp\/v2\/media?parent=3705"}],"curies":[{"name":"wp","href":"https:\/\/api.w.org\/{rel}","templated":true}]}}