{"id":4080,"date":"2025-11-10T20:19:42","date_gmt":"2025-11-10T19:19:42","guid":{"rendered":"https:\/\/seal.transport-manager.net\/marshall\/?page_id=4080"},"modified":"2026-01-28T07:07:09","modified_gmt":"2026-01-28T06:07:09","slug":"ligne-citycanard-night-z1","status":"publish","type":"page","link":"https:\/\/seal.transport-manager.net\/marshall\/ligne-citycanard-night-z1\/","title":{"rendered":"Ligne Citycanard Night z1"},"content":{"rendered":"\n<h2 class=\"wp-block-heading\"><em>Circulaire<\/em> Arnolpheville &#8211; Gare Centrale &lt;&gt; Gare d&rsquo;Arnolpheville-Bruneroche<\/h2>\n\n\n\n<div class=\"wp-block-buttons is-content-justification-center is-layout-flex wp-container-core-buttons-is-layout-16018d1d wp-block-buttons-is-layout-flex\">\n<div class=\"wp-block-button\"><a class=\"wp-block-button__link has-base-2-color has-text-color has-background has-link-color has-text-align-center wp-element-button\" href=\"https:\/\/i.ibb.co\/zHLcDdPS\/Plan-Canardlinez1.png\" style=\"background-color:#203ec0\">Plan d\u00e9taill\u00e9 de la ligne Citycanard Night z1<\/a><\/div>\n\n\n\n<div class=\"wp-block-button\"><a class=\"wp-block-button__link has-background wp-element-button\" href=\"https:\/\/i.ibb.co\/67CQd5tZ\/Fichehoraire-Canardlinez1.png\" style=\"background-color:#203ec0\">Fiche-horaire de la ligne Citycanard Night z1<\/a><\/div>\n<\/div>\n\n\n\n<figure class=\"wp-block-table aligncenter is-style-stripes\"><table><tbody><tr><td class=\"has-text-align-center\" data-align=\"center\"><img loading=\"lazy\" decoding=\"async\" width=\"84\" height=\"73\" class=\"wp-image-4081\" style=\"width: 84px\" src=\"https:\/\/seal.transport-manager.net\/marshall\/wp-content\/uploads\/sites\/76\/2025\/11\/zeins.png\" alt=\"\"><\/td><td class=\"has-text-align-center\" data-align=\"center\"><img loading=\"lazy\" decoding=\"async\" width=\"220\" height=\"80\" class=\"wp-image-2222\" style=\"width: 220px\" src=\"https:\/\/seal.transport-manager.net\/marshall\/wp-content\/uploads\/sites\/76\/2024\/04\/18U.png\" alt=\"\"><\/td><\/tr><tr><td class=\"has-text-align-center\" data-align=\"center\">longueur<\/td><td class=\"has-text-align-center\" data-align=\"center\">42,3 km<\/td><\/tr><tr><td class=\"has-text-align-center\" data-align=\"center\">temps de trajet indicatif<\/td><td class=\"has-text-align-center\" data-align=\"center\">1 h 34<\/td><\/tr><tr><td class=\"has-text-align-center\" data-align=\"center\">nombre de stations<\/td><td class=\"has-text-align-center\" data-align=\"center\">15<\/td><\/tr><tr><td class=\"has-text-align-center\" data-align=\"center\">communes desservies<\/td><td class=\"has-text-align-center\" data-align=\"center\">Arnolpheville<br>La Cornette<br>V\u00f4llevordes<br>Spartanville<br>Fr\u00e2chay-la-Vindicte <\/td><\/tr><tr><td class=\"has-text-align-center\" data-align=\"center\">mat\u00e9riel roulant<\/td><td class=\"has-text-align-center\" data-align=\"center\">Omnicity G II<br>7900A Hybrid<\/td><\/tr><\/tbody><\/table><\/figure>\n","protected":false},"excerpt":{"rendered":"<p>Circulaire Arnolpheville &#8211; Gare Centrale &lt;&gt; Gare d&rsquo;Arnolpheville-Bruneroche longueur 42,3 km temps de trajet indicatif 1 h 34 nombre de stations 15 communes desservies ArnolphevilleLa CornetteV\u00f4llevordesSpartanvilleFr\u00e2chay-la-Vindicte mat\u00e9riel roulant Omnicity G &#8230; <a title=\"Ligne Citycanard Night z1\" class=\"read-more\" href=\"https:\/\/seal.transport-manager.net\/marshall\/ligne-citycanard-night-z1\/\" aria-label=\"En savoir plus sur Ligne Citycanard Night z1\">Lire la suite<\/a><\/p>\n","protected":false},"author":76,"featured_media":4081,"parent":0,"menu_order":0,"comment_status":"closed","ping_status":"closed","template":"","meta":{"footnotes":""},"class_list":["post-4080","page","type-page","status-publish","has-post-thumbnail"],"_links":{"self":[{"href":"https:\/\/seal.transport-manager.net\/marshall\/wp-json\/wp\/v2\/pages\/4080","targetHints":{"allow":["GET"]}}],"collection":[{"href":"https:\/\/seal.transport-manager.net\/marshall\/wp-json\/wp\/v2\/pages"}],"about":[{"href":"https:\/\/seal.transport-manager.net\/marshall\/wp-json\/wp\/v2\/types\/page"}],"author":[{"embeddable":true,"href":"https:\/\/seal.transport-manager.net\/marshall\/wp-json\/wp\/v2\/users\/76"}],"replies":[{"embeddable":true,"href":"https:\/\/seal.transport-manager.net\/marshall\/wp-json\/wp\/v2\/comments?post=4080"}],"version-history":[{"count":2,"href":"https:\/\/seal.transport-manager.net\/marshall\/wp-json\/wp\/v2\/pages\/4080\/revisions"}],"predecessor-version":[{"id":4398,"href":"https:\/\/seal.transport-manager.net\/marshall\/wp-json\/wp\/v2\/pages\/4080\/revisions\/4398"}],"wp:featuredmedia":[{"embeddable":true,"href":"https:\/\/seal.transport-manager.net\/marshall\/wp-json\/wp\/v2\/media\/4081"}],"wp:attachment":[{"href":"https:\/\/seal.transport-manager.net\/marshall\/wp-json\/wp\/v2\/media?parent=4080"}],"curies":[{"name":"wp","href":"https:\/\/api.w.org\/{rel}","templated":true}]}}