{"id":4474,"date":"2026-03-31T07:15:33","date_gmt":"2026-03-31T05:15:33","guid":{"rendered":"https:\/\/seal.transport-manager.net\/marshall\/?page_id=4474"},"modified":"2026-04-09T06:57:38","modified_gmt":"2026-04-09T04:57:38","slug":"ta17300-temsa-avenue-electron","status":"publish","type":"page","link":"https:\/\/seal.transport-manager.net\/marshall\/ta17300-temsa-avenue-electron\/","title":{"rendered":"TA17300 &#8211; Temsa Avenue Electron"},"content":{"rendered":"<div class=\"wp-block-image\">\n<figure class=\"aligncenter size-large\"><a href=\"https:\/\/i.ibb.co\/C3c7nWkC\/Avenue-Electron-Canard-s.png\"><img loading=\"lazy\" decoding=\"async\" width=\"1024\" height=\"401\" src=\"https:\/\/seal.transport-manager.net\/marshall\/wp-content\/uploads\/sites\/76\/2026\/04\/AvenueElectronCanard_s-1024x401.png\" alt=\"\" class=\"wp-image-4480\" srcset=\"https:\/\/seal.transport-manager.net\/marshall\/wp-content\/uploads\/sites\/76\/2026\/04\/AvenueElectronCanard_s-1024x401.png 1024w, https:\/\/seal.transport-manager.net\/marshall\/wp-content\/uploads\/sites\/76\/2026\/04\/AvenueElectronCanard_s-300x118.png 300w, https:\/\/seal.transport-manager.net\/marshall\/wp-content\/uploads\/sites\/76\/2026\/04\/AvenueElectronCanard_s-768x301.png 768w, https:\/\/seal.transport-manager.net\/marshall\/wp-content\/uploads\/sites\/76\/2026\/04\/AvenueElectronCanard_s-1536x602.png 1536w, https:\/\/seal.transport-manager.net\/marshall\/wp-content\/uploads\/sites\/76\/2026\/04\/AvenueElectronCanard_s-2048x803.png 2048w\" sizes=\"auto, (max-width: 1024px) 100vw, 1024px\" \/><\/a><figcaption class=\"wp-element-caption\"><a href=\"https:\/\/i.ibb.co\/C3c7nWkC\/Avenue-Electron-Canard-s.png\">cliquez pour agrandir<\/a><\/figcaption><\/figure>\n<\/div>\n\n\n<div class=\"wp-block-columns is-layout-flex wp-container-core-columns-is-layout-9d6595d7 wp-block-columns-is-layout-flex\">\n<div class=\"wp-block-column is-layout-flow wp-block-column-is-layout-flow\">\n<figure class=\"wp-block-table is-style-stripes\"><table class=\"has-fixed-layout\"><tbody><tr><td class=\"has-text-align-center\" data-align=\"center\">mise en service<\/td><td class=\"has-text-align-center\" data-align=\"center\">2026<\/td><\/tr><tr><td class=\"has-text-align-center\" data-align=\"center\">statut<\/td><td class=\"has-text-align-center\" data-align=\"center\">en service<\/td><\/tr><tr><td class=\"has-text-align-center\" data-align=\"center\">effectif<\/td><td class=\"has-text-align-center\" data-align=\"center\">2<\/td><\/tr><tr><td class=\"has-text-align-center\" data-align=\"center\">d\u00e9p\u00f4t<\/td><td class=\"has-text-align-center\" data-align=\"center\">Bellevarde<\/td><\/tr><tr><td class=\"has-text-align-center\" data-align=\"center\">affectations<\/td><td class=\"has-text-align-center\" data-align=\"center\"><img loading=\"lazy\" decoding=\"async\" width=\"73\" height=\"73\" class=\"wp-image-1411\" style=\"width: 73px\" src=\"https:\/\/seal.transport-manager.net\/marshall\/wp-content\/uploads\/sites\/76\/2023\/02\/sieben.png\" alt=\"\"><img loading=\"lazy\" decoding=\"async\" width=\"84\" height=\"73\" class=\"wp-image-2770\" style=\"width: 84px\" src=\"https:\/\/seal.transport-manager.net\/marshall\/wp-content\/uploads\/sites\/76\/2024\/12\/zwolf.png\" alt=\"\"><\/td><\/tr><\/tbody><\/table><\/figure>\n\n\n\n<div class=\"wp-block-columns is-layout-flex wp-container-core-columns-is-layout-9d6595d7 wp-block-columns-is-layout-flex\">\n<div class=\"wp-block-column is-layout-flow wp-block-column-is-layout-flow\"><div class=\"wp-block-image\">\n<figure class=\"aligncenter size-full\"><a href=\"https:\/\/i.ibb.co\/60rVfx2g\/Avenue-Electron-Canard-f.png\"><img loading=\"lazy\" decoding=\"async\" width=\"900\" height=\"910\" src=\"https:\/\/seal.transport-manager.net\/marshall\/wp-content\/uploads\/sites\/76\/2026\/04\/AvenueElectronCanard_f.png\" alt=\"\" class=\"wp-image-4481\" srcset=\"https:\/\/seal.transport-manager.net\/marshall\/wp-content\/uploads\/sites\/76\/2026\/04\/AvenueElectronCanard_f.png 900w, https:\/\/seal.transport-manager.net\/marshall\/wp-content\/uploads\/sites\/76\/2026\/04\/AvenueElectronCanard_f-297x300.png 297w, https:\/\/seal.transport-manager.net\/marshall\/wp-content\/uploads\/sites\/76\/2026\/04\/AvenueElectronCanard_f-768x777.png 768w\" sizes=\"auto, (max-width: 900px) 100vw, 900px\" \/><\/a><figcaption class=\"wp-element-caption\"><a href=\"https:\/\/i.ibb.co\/60rVfx2g\/Avenue-Electron-Canard-f.png\">cliquez pour agrandir<\/a><\/figcaption><\/figure>\n<\/div><\/div>\n\n\n\n<div class=\"wp-block-column is-layout-flow wp-block-column-is-layout-flow\"><div class=\"wp-block-image\">\n<figure class=\"aligncenter size-full\"><a href=\"https:\/\/i.ibb.co\/pYqWgkM\/Avenue-Electron-Canard-r.png\"><img loading=\"lazy\" decoding=\"async\" width=\"900\" height=\"910\" src=\"https:\/\/seal.transport-manager.net\/marshall\/wp-content\/uploads\/sites\/76\/2026\/04\/AvenueElectronCanard_r.png\" alt=\"\" class=\"wp-image-4482\" srcset=\"https:\/\/seal.transport-manager.net\/marshall\/wp-content\/uploads\/sites\/76\/2026\/04\/AvenueElectronCanard_r.png 900w, https:\/\/seal.transport-manager.net\/marshall\/wp-content\/uploads\/sites\/76\/2026\/04\/AvenueElectronCanard_r-297x300.png 297w, https:\/\/seal.transport-manager.net\/marshall\/wp-content\/uploads\/sites\/76\/2026\/04\/AvenueElectronCanard_r-768x777.png 768w\" sizes=\"auto, (max-width: 900px) 100vw, 900px\" \/><\/a><figcaption class=\"wp-element-caption\"><a href=\"https:\/\/i.ibb.co\/pYqWgkM\/Avenue-Electron-Canard-r.png\">cliquez pour agrandir<\/a><\/figcaption><\/figure>\n<\/div><\/div>\n<\/div>\n<\/div>\n\n\n\n<div class=\"wp-block-column is-layout-flow wp-block-column-is-layout-flow\">\n<figure class=\"wp-block-table is-style-stripes\"><table class=\"has-fixed-layout\"><tbody><tr><td class=\"has-text-align-center\" data-align=\"center\">gamme<\/td><td class=\"has-text-align-center\" data-align=\"center\">Avenue<\/td><\/tr><tr><td class=\"has-text-align-center\" data-align=\"center\">constructeur<\/td><td class=\"has-text-align-center\" data-align=\"center\"><img loading=\"lazy\" decoding=\"async\" width=\"21\" height=\"14\" class=\"wp-image-3126\" style=\"width: 21px\" src=\"https:\/\/seal.transport-manager.net\/marshall\/wp-content\/uploads\/sites\/76\/2025\/04\/Turquia.png\" alt=\"\"> Temsa<\/td><\/tr><tr><td class=\"has-text-align-center\" data-align=\"center\">cat\u00e9gorie<\/td><td class=\"has-text-align-center\" data-align=\"center\">urbain standard<\/td><\/tr><tr><td class=\"has-text-align-center\" data-align=\"center\">propulsion<\/td><td class=\"has-text-align-center\" data-align=\"center\"><img loading=\"lazy\" decoding=\"async\" width=\"61\" height=\"61\" class=\"wp-image-1352\" style=\"width: 61px\" src=\"https:\/\/seal.transport-manager.net\/marshall\/wp-content\/uploads\/sites\/76\/2023\/01\/EV.png\" alt=\"\"><\/td><\/tr><tr><td class=\"has-text-align-center\" data-align=\"center\">commercialisation<\/td><td class=\"has-text-align-center\" data-align=\"center\">depuis 2022<\/td><\/tr><tr><td class=\"has-text-align-center\" data-align=\"center\">l x L x h<\/td><td class=\"has-text-align-center\" data-align=\"center\">12,10 m x 2,55 m x 3,24 m<\/td><\/tr><tr><td class=\"has-text-align-center\" data-align=\"center\">capacit\u00e9<\/td><td class=\"has-text-align-center\" data-align=\"center\">94 pax (dont 33 assis)<\/td><\/tr><tr><td class=\"has-text-align-center\" data-align=\"center\">moteur<\/td><td class=\"has-text-align-center\" data-align=\"center\">Dana TM4 Sumo-MD<br>\u00e9lectromoteur sur l&rsquo;essieu arri\u00e8re<\/td><\/tr><tr><td class=\"has-text-align-center\" data-align=\"center\">puissance<\/td><td class=\"has-text-align-center\" data-align=\"center\">250 kW &#8211; 340 ch<\/td><\/tr><tr><td class=\"has-text-align-center\" data-align=\"center\">site de fabrication<\/td><td class=\"has-text-align-center\" data-align=\"center\"><img loading=\"lazy\" decoding=\"async\" width=\"21\" height=\"14\" class=\"wp-image-3126\" style=\"width: 21px\" src=\"https:\/\/seal.transport-manager.net\/marshall\/wp-content\/uploads\/sites\/76\/2025\/04\/Turquia.png\" alt=\"\"> Adana<\/td><\/tr><tr><td class=\"has-text-align-center\" data-align=\"center\">mod\u00e8les concurrents<br><em>(en 2026)<\/em><\/td><td class=\"has-text-align-center\" data-align=\"center\">Mercedes-Benz eCitaro<br>Heuliez GX 337 E<br>Volvo 7900 E<br>Bollor\u00e9 Bluebus 12<br>MAN Lion&rsquo;s City 12E<br>Solaris Urbino 12 IV E<br>VDL Citea LF-122<br>Irizar ie Bus 12<br>Hess LighTram 12 Plug<\/td><\/tr><\/tbody><\/table><\/figure>\n<\/div>\n<\/div>\n\n\n\n<h3 class=\"wp-block-heading\">Carri\u00e8re r\u00e9sum\u00e9e<\/h3>\n\n\n\n<p>Le Avenue Electron est command\u00e9 en 2 exemplaires par Transports Canard en 2026 \u00e0 titre d&rsquo;essai avant une \u00e9ventuelle commande plus importante. Nomm\u00e9e TA17300 en interne (<strong>T<\/strong>ems<strong>a<\/strong> s\u00e9rie 17300), la s\u00e9rie est re\u00e7ue en avril 2026 et est essay\u00e9e sur les lignes Citycanard 7 et 12.<\/p>\n\n\n\n<h3 class=\"wp-block-heading\">R\u00e9f\u00e9rencement du parc<\/h3>\n\n\n\n<figure class=\"wp-block-table is-style-stripes\"><table><tbody><tr><td class=\"has-text-align-center\" data-align=\"center\">n\u00b0<\/td><td class=\"has-text-align-center\" data-align=\"center\">date de m.e.s<\/td><td class=\"has-text-align-center\" data-align=\"center\">statut<\/td><td class=\"has-text-align-center\" data-align=\"center\">affectation courante<br>\/ date de retrait<\/td><td class=\"has-text-align-center\" data-align=\"center\">immat.<\/td><td>historique des affectations<\/td><\/tr><tr><td class=\"has-text-align-center\" data-align=\"center\">TA17301<\/td><td class=\"has-text-align-center\" data-align=\"center\">31 Mars 2026<\/td><td class=\"has-text-align-center\" data-align=\"center\">en service<\/td><td class=\"has-text-align-center\" data-align=\"center\"><img loading=\"lazy\" decoding=\"async\" width=\"73\" height=\"73\" class=\"wp-image-1411\" style=\"width: 73px\" src=\"https:\/\/seal.transport-manager.net\/marshall\/wp-content\/uploads\/sites\/76\/2023\/02\/sieben.png\" alt=\"\"><\/td><td class=\"has-text-align-center\" data-align=\"center\">01-669-76<\/td><td><img loading=\"lazy\" decoding=\"async\" width=\"73\" height=\"73\" class=\"wp-image-1411\" style=\"width: 36px\" src=\"https:\/\/seal.transport-manager.net\/marshall\/wp-content\/uploads\/sites\/76\/2023\/02\/sieben.png\" alt=\"\">: depuis Avril 2026<\/td><\/tr><tr><td class=\"has-text-align-center\" data-align=\"center\">TA17302<\/td><td class=\"has-text-align-center\" data-align=\"center\">31 Mars 2026<\/td><td class=\"has-text-align-center\" data-align=\"center\">en service<\/td><td class=\"has-text-align-center\" data-align=\"center\"><img loading=\"lazy\" decoding=\"async\" width=\"84\" height=\"73\" class=\"wp-image-2770\" style=\"width: 84px\" src=\"https:\/\/seal.transport-manager.net\/marshall\/wp-content\/uploads\/sites\/76\/2024\/12\/zwolf.png\" alt=\"\"><\/td><td class=\"has-text-align-center\" data-align=\"center\">01-669-77<\/td><td><img loading=\"lazy\" decoding=\"async\" width=\"84\" height=\"73\" class=\"wp-image-2770\" style=\"width: 42px\" src=\"https:\/\/seal.transport-manager.net\/marshall\/wp-content\/uploads\/sites\/76\/2024\/12\/zwolf.png\" alt=\"\">: depuis Avril 2026<\/td><\/tr><\/tbody><\/table><\/figure>\n","protected":false},"excerpt":{"rendered":"<p>mise en service 2026 statut en service effectif 2 d\u00e9p\u00f4t Bellevarde affectations gamme Avenue constructeur Temsa cat\u00e9gorie urbain standard propulsion commercialisation depuis 2022 l x L x h 12,10 m &#8230; <a title=\"TA17300 &#8211; Temsa Avenue Electron\" class=\"read-more\" href=\"https:\/\/seal.transport-manager.net\/marshall\/ta17300-temsa-avenue-electron\/\" aria-label=\"En savoir plus sur TA17300 &#8211; Temsa Avenue Electron\">Lire la suite<\/a><\/p>\n","protected":false},"author":76,"featured_media":3655,"parent":0,"menu_order":0,"comment_status":"closed","ping_status":"closed","template":"","meta":{"footnotes":""},"class_list":["post-4474","page","type-page","status-publish","has-post-thumbnail"],"_links":{"self":[{"href":"https:\/\/seal.transport-manager.net\/marshall\/wp-json\/wp\/v2\/pages\/4474","targetHints":{"allow":["GET"]}}],"collection":[{"href":"https:\/\/seal.transport-manager.net\/marshall\/wp-json\/wp\/v2\/pages"}],"about":[{"href":"https:\/\/seal.transport-manager.net\/marshall\/wp-json\/wp\/v2\/types\/page"}],"author":[{"embeddable":true,"href":"https:\/\/seal.transport-manager.net\/marshall\/wp-json\/wp\/v2\/users\/76"}],"replies":[{"embeddable":true,"href":"https:\/\/seal.transport-manager.net\/marshall\/wp-json\/wp\/v2\/comments?post=4474"}],"version-history":[{"count":3,"href":"https:\/\/seal.transport-manager.net\/marshall\/wp-json\/wp\/v2\/pages\/4474\/revisions"}],"predecessor-version":[{"id":4492,"href":"https:\/\/seal.transport-manager.net\/marshall\/wp-json\/wp\/v2\/pages\/4474\/revisions\/4492"}],"wp:featuredmedia":[{"embeddable":true,"href":"https:\/\/seal.transport-manager.net\/marshall\/wp-json\/wp\/v2\/media\/3655"}],"wp:attachment":[{"href":"https:\/\/seal.transport-manager.net\/marshall\/wp-json\/wp\/v2\/media?parent=4474"}],"curies":[{"name":"wp","href":"https:\/\/api.w.org\/{rel}","templated":true}]}}