{"id":104,"date":"2021-11-02T18:06:43","date_gmt":"2021-11-02T17:06:43","guid":{"rendered":"https:\/\/seal.transport-manager.net\/melkon\/?page_id=104"},"modified":"2022-06-22T20:00:58","modified_gmt":"2022-06-22T18:00:58","slug":"lignes","status":"publish","type":"page","link":"https:\/\/seal.transport-manager.net\/melkon\/lignes\/","title":{"rendered":"Nos Lignes r\u00e9guli\u00e8res"},"content":{"rendered":"\n<h4 class=\"has-text-align-center wp-block-heading\"><\/h4>\n\n\n\n<div style=\"height:37px\" aria-hidden=\"true\" class=\"wp-block-spacer\"><\/div>\n\n\n\n<figure class=\"wp-block-image size-full\"><img loading=\"lazy\" decoding=\"async\" width=\"955\" height=\"188\" src=\"https:\/\/seal.transport-manager.net\/melkon\/wp-content\/uploads\/sites\/12\/2022\/06\/Screenshot-2022-06-20-01.00.51.png\" alt=\"\" class=\"wp-image-266\" srcset=\"https:\/\/seal.transport-manager.net\/melkon\/wp-content\/uploads\/sites\/12\/2022\/06\/Screenshot-2022-06-20-01.00.51.png 955w, https:\/\/seal.transport-manager.net\/melkon\/wp-content\/uploads\/sites\/12\/2022\/06\/Screenshot-2022-06-20-01.00.51-300x59.png 300w, https:\/\/seal.transport-manager.net\/melkon\/wp-content\/uploads\/sites\/12\/2022\/06\/Screenshot-2022-06-20-01.00.51-768x151.png 768w\" sizes=\"auto, (max-width: 767px) 89vw, (max-width: 1000px) 54vw, (max-width: 1071px) 543px, 580px\" \/><\/figure>\n\n\n\n<p class=\"has-text-align-center\"><mark style=\"color:#dc241f\" class=\"has-inline-color\"><strong>Ligne 1 : Gare de Marseille Saint-Charles \u2194 Universit\u00e9 Aix-Marseille Fac des Sciences<\/strong><\/mark><\/p>\n\n\n\n<div class=\"wp-block-image\"><figure class=\"aligncenter size-full\"><img loading=\"lazy\" decoding=\"async\" width=\"595\" height=\"177\" src=\"https:\/\/seal.transport-manager.net\/melkon\/wp-content\/uploads\/sites\/12\/2022\/06\/Screenshot-2022-06-21-00.56.44.png\" alt=\"\" class=\"wp-image-271\" srcset=\"https:\/\/seal.transport-manager.net\/melkon\/wp-content\/uploads\/sites\/12\/2022\/06\/Screenshot-2022-06-21-00.56.44.png 595w, https:\/\/seal.transport-manager.net\/melkon\/wp-content\/uploads\/sites\/12\/2022\/06\/Screenshot-2022-06-21-00.56.44-300x89.png 300w\" sizes=\"auto, (max-width: 595px) 100vw, 595px\" \/><\/figure><\/div>\n\n\n\n<p class=\"has-text-align-center\"><mark style=\"color:#9364cc\" class=\"has-inline-color\"><strong>Ligne 2: Gare de Marseille Saint-Charles \u2194 A\u00e9roport de Marignane<\/strong><\/mark><\/p>\n\n\n\n<figure class=\"wp-block-image size-large\"><img loading=\"lazy\" decoding=\"async\" width=\"1024\" height=\"117\" src=\"https:\/\/seal.transport-manager.net\/melkon\/wp-content\/uploads\/sites\/12\/2022\/06\/Screenshot-2022-06-19-22.23.28-1024x117.png\" alt=\"\" class=\"wp-image-268\" srcset=\"https:\/\/seal.transport-manager.net\/melkon\/wp-content\/uploads\/sites\/12\/2022\/06\/Screenshot-2022-06-19-22.23.28-1024x117.png 1024w, https:\/\/seal.transport-manager.net\/melkon\/wp-content\/uploads\/sites\/12\/2022\/06\/Screenshot-2022-06-19-22.23.28-300x34.png 300w, https:\/\/seal.transport-manager.net\/melkon\/wp-content\/uploads\/sites\/12\/2022\/06\/Screenshot-2022-06-19-22.23.28-768x88.png 768w, https:\/\/seal.transport-manager.net\/melkon\/wp-content\/uploads\/sites\/12\/2022\/06\/Screenshot-2022-06-19-22.23.28.png 1339w\" sizes=\"auto, (max-width: 767px) 89vw, (max-width: 1000px) 54vw, (max-width: 1071px) 543px, 580px\" \/><\/figure>\n\n\n\n<p class=\"has-text-align-center\"><mark style=\"color:#f1ab00\" class=\"has-inline-color\"><strong>Ligne 3: Gare de Marseille Saint-Charles \u2194 Facult\u00e9 de M\u00e9decine<\/strong><\/mark><\/p>\n\n\n\n<figure class=\"wp-block-image size-full\"><img loading=\"lazy\" decoding=\"async\" width=\"753\" height=\"158\" src=\"https:\/\/seal.transport-manager.net\/melkon\/wp-content\/uploads\/sites\/12\/2022\/06\/Screenshot-2022-06-20-00.31.21.png\" alt=\"\" class=\"wp-image-269\" srcset=\"https:\/\/seal.transport-manager.net\/melkon\/wp-content\/uploads\/sites\/12\/2022\/06\/Screenshot-2022-06-20-00.31.21.png 753w, https:\/\/seal.transport-manager.net\/melkon\/wp-content\/uploads\/sites\/12\/2022\/06\/Screenshot-2022-06-20-00.31.21-300x63.png 300w\" sizes=\"auto, (max-width: 706px) 89vw, (max-width: 767px) 82vw, 740px\" \/><\/figure>\n\n\n\n<p class=\"has-text-align-center\"><strong><mark style=\"color:#00afad\" class=\"has-inline-color\">Ligne 4: Gare de Marseille Saint-Charles \u2194 Gare de Marseille-Canet (fret)<\/mark><\/strong><\/p>\n\n\n\n<div class=\"wp-block-image\"><figure class=\"aligncenter size-full\"><img loading=\"lazy\" decoding=\"async\" width=\"981\" height=\"155\" src=\"https:\/\/seal.transport-manager.net\/melkon\/wp-content\/uploads\/sites\/12\/2022\/06\/Screenshot-2022-06-21-12.05.01.png\" alt=\"\" class=\"wp-image-282\" srcset=\"https:\/\/seal.transport-manager.net\/melkon\/wp-content\/uploads\/sites\/12\/2022\/06\/Screenshot-2022-06-21-12.05.01.png 981w, https:\/\/seal.transport-manager.net\/melkon\/wp-content\/uploads\/sites\/12\/2022\/06\/Screenshot-2022-06-21-12.05.01-300x47.png 300w, https:\/\/seal.transport-manager.net\/melkon\/wp-content\/uploads\/sites\/12\/2022\/06\/Screenshot-2022-06-21-12.05.01-768x121.png 768w\" sizes=\"auto, (max-width: 767px) 89vw, (max-width: 1000px) 54vw, (max-width: 1071px) 543px, 580px\" \/><\/figure><\/div>\n\n\n\n<p class=\"has-text-align-center has-luminous-vivid-orange-color has-white-background-color has-text-color has-background\"> <strong>Ligne 5 : MuCEM St Jean<\/strong> <strong><strong><mark style=\"color:#00afad\" class=\"has-inline-color\">\u2194<\/mark><\/strong><\/strong> <strong>Mus\u00e9e d&rsquo;Art Contemporain<\/strong><\/p>\n\n\n\n<div class=\"wp-block-image\"><figure class=\"aligncenter size-full is-resized\"><img loading=\"lazy\" decoding=\"async\" src=\"https:\/\/seal.transport-manager.net\/melkon\/wp-content\/uploads\/sites\/12\/2022\/06\/Screenshot-2022-06-21-01.08.05.png\" alt=\"\" class=\"wp-image-272\" width=\"674\" height=\"137\" srcset=\"https:\/\/seal.transport-manager.net\/melkon\/wp-content\/uploads\/sites\/12\/2022\/06\/Screenshot-2022-06-21-01.08.05.png 821w, https:\/\/seal.transport-manager.net\/melkon\/wp-content\/uploads\/sites\/12\/2022\/06\/Screenshot-2022-06-21-01.08.05-300x61.png 300w, https:\/\/seal.transport-manager.net\/melkon\/wp-content\/uploads\/sites\/12\/2022\/06\/Screenshot-2022-06-21-01.08.05-768x156.png 768w\" sizes=\"auto, (max-width: 674px) 100vw, 674px\" \/><\/figure><\/div>\n\n\n\n<p class=\"has-text-align-center has-text-color\" style=\"color:#bb682d\"><strong><strong>Ligne 6 : M\u00e9tro Rond-Point du Prado<mark style=\"color:#00afad\" class=\"has-inline-color\">\u2194<\/mark>St Jer\u00f4me Parking Relais<\/strong><\/strong><\/p>\n\n\n\n<div class=\"wp-block-image\"><figure class=\"aligncenter size-full\"><img loading=\"lazy\" decoding=\"async\" width=\"818\" height=\"157\" src=\"https:\/\/seal.transport-manager.net\/melkon\/wp-content\/uploads\/sites\/12\/2022\/06\/Screenshot-2022-06-21-09.47.02.png\" alt=\"\" class=\"wp-image-284\" srcset=\"https:\/\/seal.transport-manager.net\/melkon\/wp-content\/uploads\/sites\/12\/2022\/06\/Screenshot-2022-06-21-09.47.02.png 818w, https:\/\/seal.transport-manager.net\/melkon\/wp-content\/uploads\/sites\/12\/2022\/06\/Screenshot-2022-06-21-09.47.02-300x58.png 300w, https:\/\/seal.transport-manager.net\/melkon\/wp-content\/uploads\/sites\/12\/2022\/06\/Screenshot-2022-06-21-09.47.02-768x147.png 768w\" sizes=\"auto, (max-width: 767px) 89vw, (max-width: 1000px) 54vw, (max-width: 1071px) 543px, 580px\" \/><\/figure><\/div>\n\n\n\n<p class=\"has-text-align-center has-text-color\" style=\"color:#258a2d\"><strong>Ligne 7 : M\u00e9tro Rond Point Du Prado <strong><strong><mark style=\"color:#00afad\" class=\"has-inline-color\">\u2194<\/mark><\/strong><\/strong>Madrague de Montredon<\/strong><\/p>\n\n\n\n<div style=\"height:21px\" aria-hidden=\"true\" class=\"wp-block-spacer\"><\/div>\n\n\n\n<p class=\"has-text-align-left\" style=\"font-size:28px\">Nos lignes sp\u00e9ciales<\/p>\n\n\n\n<div class=\"wp-block-image\"><figure class=\"aligncenter size-large\"><img loading=\"lazy\" decoding=\"async\" width=\"1024\" height=\"165\" src=\"https:\/\/seal.transport-manager.net\/melkon\/wp-content\/uploads\/sites\/12\/2022\/06\/Screenshot-2022-06-22-19.13.41-1024x165.png\" alt=\"\" class=\"wp-image-286\" srcset=\"https:\/\/seal.transport-manager.net\/melkon\/wp-content\/uploads\/sites\/12\/2022\/06\/Screenshot-2022-06-22-19.13.41-1024x165.png 1024w, https:\/\/seal.transport-manager.net\/melkon\/wp-content\/uploads\/sites\/12\/2022\/06\/Screenshot-2022-06-22-19.13.41-300x48.png 300w, https:\/\/seal.transport-manager.net\/melkon\/wp-content\/uploads\/sites\/12\/2022\/06\/Screenshot-2022-06-22-19.13.41-768x124.png 768w, https:\/\/seal.transport-manager.net\/melkon\/wp-content\/uploads\/sites\/12\/2022\/06\/Screenshot-2022-06-22-19.13.41.png 1034w\" sizes=\"auto, (max-width: 767px) 89vw, (max-width: 1000px) 54vw, (max-width: 1071px) 543px, 580px\" \/><\/figure><\/div>\n\n\n\n<p class=\"has-text-align-center has-luminous-vivid-orange-color has-text-color\"><strong>Ligne 406 : Gare St-Charles\u2194M\u00e9tro Rd-Pt du Prado via Bougainville<\/strong><\/p>\n\n\n\n<div class=\"wp-block-image\"><figure class=\"aligncenter size-full is-resized\"><img loading=\"lazy\" decoding=\"async\" src=\"https:\/\/seal.transport-manager.net\/melkon\/wp-content\/uploads\/sites\/12\/2022\/06\/image.png\" alt=\"\" class=\"wp-image-288\" width=\"318\" height=\"159\" \/><\/figure><\/div>\n\n\n\n<p class=\"has-text-align-center\"><strong>Ligne 999 : Cano\u00eb D\u00e9part-Cano\u00eb Arriv\u00e9e<\/strong><\/p>\n","protected":false},"excerpt":{"rendered":"<p>Ligne 1 : Gare de Marseille Saint-Charles \u2194 Universit\u00e9 Aix-Marseille Fac des Sciences Ligne 2: Gare de Marseille Saint-Charles \u2194 A\u00e9roport de Marignane Ligne 3: Gare de Marseille Saint-Charles \u2194 &hellip; <\/p>\n<p class=\"link-more\"><a href=\"https:\/\/seal.transport-manager.net\/melkon\/lignes\/\" class=\"more-link\">Continuer la lecture<span class=\"screen-reader-text\"> de &laquo;&nbsp;Nos Lignes r\u00e9guli\u00e8res&nbsp;&raquo;<\/span><\/a><\/p>\n","protected":false},"author":140,"featured_media":0,"parent":0,"menu_order":0,"comment_status":"closed","ping_status":"closed","template":"","meta":{"footnotes":""},"class_list":["post-104","page","type-page","status-publish","hentry"],"_links":{"self":[{"href":"https:\/\/seal.transport-manager.net\/melkon\/wp-json\/wp\/v2\/pages\/104","targetHints":{"allow":["GET"]}}],"collection":[{"href":"https:\/\/seal.transport-manager.net\/melkon\/wp-json\/wp\/v2\/pages"}],"about":[{"href":"https:\/\/seal.transport-manager.net\/melkon\/wp-json\/wp\/v2\/types\/page"}],"author":[{"embeddable":true,"href":"https:\/\/seal.transport-manager.net\/melkon\/wp-json\/wp\/v2\/users\/140"}],"replies":[{"embeddable":true,"href":"https:\/\/seal.transport-manager.net\/melkon\/wp-json\/wp\/v2\/comments?post=104"}],"version-history":[{"count":18,"href":"https:\/\/seal.transport-manager.net\/melkon\/wp-json\/wp\/v2\/pages\/104\/revisions"}],"predecessor-version":[{"id":289,"href":"https:\/\/seal.transport-manager.net\/melkon\/wp-json\/wp\/v2\/pages\/104\/revisions\/289"}],"wp:attachment":[{"href":"https:\/\/seal.transport-manager.net\/melkon\/wp-json\/wp\/v2\/media?parent=104"}],"curies":[{"name":"wp","href":"https:\/\/api.w.org\/{rel}","templated":true}]}}