{"id":2,"date":"2021-07-19T22:39:16","date_gmt":"2021-07-19T20:39:16","guid":{"rendered":"https:\/\/seal.transport-manager.net\/melkon\/?page_id=2"},"modified":"2022-02-04T18:51:31","modified_gmt":"2022-02-04T17:51:31","slug":"notre-entreprise","status":"publish","type":"page","link":"https:\/\/seal.transport-manager.net\/melkon\/notre-entreprise\/","title":{"rendered":"Notre Entreprise"},"content":{"rendered":"\n<div class=\"wp-block-image\"><figure class=\"aligncenter size-full\"><img loading=\"lazy\" decoding=\"async\" width=\"179\" height=\"103\" src=\"https:\/\/seal.transport-manager.net\/melkon\/wp-content\/uploads\/sites\/12\/2021\/11\/MDT.png\" alt=\"\" class=\"wp-image-84\" \/><figcaption><sup>Partageons nos destinations<\/sup><\/figcaption><\/figure><\/div>\n\n\n\n<h5 class=\"has-text-align-center wp-block-heading\">Bienvenue sur le site de M\u00e9ditrans !<\/h5>\n\n\n\n<div style=\"height:17px\" aria-hidden=\"true\" class=\"wp-block-spacer\"><\/div>\n\n\n\n<div class=\"wp-block-columns is-layout-flex wp-container-core-columns-is-layout-9d6595d7 wp-block-columns-is-layout-flex\">\n<div class=\"wp-block-column is-layout-flow wp-block-column-is-layout-flow\">\n<p class=\"has-text-align-center\"><br>M\u00e9ditrans (la RTM au d\u00e9but) \u00e0 fait son apparition sur TM le 1er avril 2021, sous l&rsquo;\u00e9gide de la M\u00e9tropole Mobilit\u00e9, en d\u00e9butant avec un MAN NL 22 et un Solaris Urbino 12. <br>Le 14 juillet la RTM se transforme en M\u00e9ditrans. Le but de notre entreprise est de vous offrir le meilleur de nos services et de vous offrir du confort dans nos bus<\/p>\n<\/div>\n\n\n\n<div class=\"wp-block-column is-layout-flow wp-block-column-is-layout-flow\">\n<div class=\"wp-block-image\"><figure class=\"aligncenter size-full\"><img loading=\"lazy\" decoding=\"async\" width=\"259\" height=\"194\" src=\"https:\/\/seal.transport-manager.net\/melkon\/wp-content\/uploads\/sites\/12\/2021\/11\/nl22.jpg\" alt=\"\" class=\"wp-image-92\" \/><figcaption>Man NL 22<\/figcaption><\/figure><\/div>\n<\/div>\n<\/div>\n\n\n\n<div class=\"wp-block-columns is-layout-flex wp-container-core-columns-is-layout-9d6595d7 wp-block-columns-is-layout-flex\">\n<div class=\"wp-block-column is-layout-flow wp-block-column-is-layout-flow\">\n<div class=\"wp-block-image\"><figure class=\"aligncenter size-large\"><img loading=\"lazy\" decoding=\"async\" width=\"1024\" height=\"774\" src=\"https:\/\/seal.transport-manager.net\/melkon\/wp-content\/uploads\/sites\/12\/2022\/01\/urbino12-1024x774.jpg\" alt=\"\" class=\"wp-image-245\" srcset=\"https:\/\/seal.transport-manager.net\/melkon\/wp-content\/uploads\/sites\/12\/2022\/01\/urbino12-1024x774.jpg 1024w, https:\/\/seal.transport-manager.net\/melkon\/wp-content\/uploads\/sites\/12\/2022\/01\/urbino12-300x227.jpg 300w, https:\/\/seal.transport-manager.net\/melkon\/wp-content\/uploads\/sites\/12\/2022\/01\/urbino12-768x580.jpg 768w, https:\/\/seal.transport-manager.net\/melkon\/wp-content\/uploads\/sites\/12\/2022\/01\/urbino12.jpg 1429w\" sizes=\"auto, (max-width: 767px) 89vw, (max-width: 1000px) 54vw, (max-width: 1071px) 543px, 580px\" \/><figcaption>Solaris Urbino 12<\/figcaption><\/figure><\/div>\n<\/div>\n\n\n\n<div class=\"wp-block-column is-layout-flow wp-block-column-is-layout-flow\">\n<div style=\"height:87px\" aria-hidden=\"true\" class=\"wp-block-spacer\"><\/div>\n\n\n\n<div class=\"wp-block-image\"><figure class=\"aligncenter size-full\"><img loading=\"lazy\" decoding=\"async\" width=\"389\" height=\"112\" src=\"https:\/\/seal.transport-manager.net\/melkon\/wp-content\/uploads\/sites\/12\/2021\/11\/rtm.png\" alt=\"\" class=\"wp-image-98\" srcset=\"https:\/\/seal.transport-manager.net\/melkon\/wp-content\/uploads\/sites\/12\/2021\/11\/rtm.png 389w, https:\/\/seal.transport-manager.net\/melkon\/wp-content\/uploads\/sites\/12\/2021\/11\/rtm-300x86.png 300w\" sizes=\"auto, (max-width: 389px) 100vw, 389px\" \/><figcaption>Notre premier logo<\/figcaption><\/figure><\/div>\n<\/div>\n<\/div>\n\n\n\n<figure class=\"wp-block-embed is-type-video is-provider-youtube wp-block-embed-youtube wp-embed-aspect-16-9 wp-has-aspect-ratio\"><div class=\"wp-block-embed__wrapper\">\n<iframe loading=\"lazy\" title=\"trailer MDT\" width=\"525\" height=\"295\" src=\"https:\/\/www.youtube.com\/embed\/VCcLauujISw?feature=oembed\" frameborder=\"0\" allow=\"accelerometer; autoplay; clipboard-write; encrypted-media; gyroscope; picture-in-picture; web-share\" referrerpolicy=\"strict-origin-when-cross-origin\" allowfullscreen><\/iframe>\n<\/div><\/figure>\n","protected":false},"excerpt":{"rendered":"<p>Bienvenue sur le site de M\u00e9ditrans ! M\u00e9ditrans (la RTM au d\u00e9but) \u00e0 fait son apparition sur TM le 1er avril 2021, sous l&rsquo;\u00e9gide de la M\u00e9tropole Mobilit\u00e9, en d\u00e9butant &hellip; <\/p>\n<p class=\"link-more\"><a href=\"https:\/\/seal.transport-manager.net\/melkon\/notre-entreprise\/\" class=\"more-link\">Continuer la lecture<span class=\"screen-reader-text\"> de &laquo;&nbsp;Notre Entreprise&nbsp;&raquo;<\/span><\/a><\/p>\n","protected":false},"author":12,"featured_media":0,"parent":0,"menu_order":0,"comment_status":"closed","ping_status":"open","template":"","meta":{"footnotes":""},"class_list":["post-2","page","type-page","status-publish","hentry"],"_links":{"self":[{"href":"https:\/\/seal.transport-manager.net\/melkon\/wp-json\/wp\/v2\/pages\/2","targetHints":{"allow":["GET"]}}],"collection":[{"href":"https:\/\/seal.transport-manager.net\/melkon\/wp-json\/wp\/v2\/pages"}],"about":[{"href":"https:\/\/seal.transport-manager.net\/melkon\/wp-json\/wp\/v2\/types\/page"}],"author":[{"embeddable":true,"href":"https:\/\/seal.transport-manager.net\/melkon\/wp-json\/wp\/v2\/users\/12"}],"replies":[{"embeddable":true,"href":"https:\/\/seal.transport-manager.net\/melkon\/wp-json\/wp\/v2\/comments?post=2"}],"version-history":[{"count":18,"href":"https:\/\/seal.transport-manager.net\/melkon\/wp-json\/wp\/v2\/pages\/2\/revisions"}],"predecessor-version":[{"id":253,"href":"https:\/\/seal.transport-manager.net\/melkon\/wp-json\/wp\/v2\/pages\/2\/revisions\/253"}],"wp:attachment":[{"href":"https:\/\/seal.transport-manager.net\/melkon\/wp-json\/wp\/v2\/media?parent=2"}],"curies":[{"name":"wp","href":"https:\/\/api.w.org\/{rel}","templated":true}]}}