{"id":157,"date":"2025-12-01T15:00:00","date_gmt":"2025-12-01T14:00:00","guid":{"rendered":"https:\/\/seal.transport-manager.net\/miko\/?page_id=157"},"modified":"2026-01-13T17:14:45","modified_gmt":"2026-01-13T16:14:45","slug":"nos-tickets","status":"publish","type":"page","link":"https:\/\/seal.transport-manager.net\/miko\/nos-tickets\/","title":{"rendered":"Nos Tickets"},"content":{"rendered":"\n<p><\/p>\n\n\n\n<figure class=\"wp-block-table is-style-regular\"><table class=\"has-black-color has-white-background-color has-text-color has-background has-link-color has-fixed-layout\"><tbody><tr><td><strong>NOM<\/strong><\/td><td><strong>DESCRIPTION<\/strong><\/td><td><strong>PRIX*<\/strong><\/td><\/tr><tr><td>Ticket Basique VLR\u00c9<\/td><td>Ticket unitaire<\/td><td>1,80\u20ac<\/td><\/tr><tr><td>Ticket Journ\u00e9e VLR\u00c9<\/td><td>Ticket 24h<\/td><td>5,30\u20ac<\/td><\/tr><tr><td>Le Pass VLR\u00c9<\/td><td>Abonnement<\/td><td>62,00\u20ac<\/td><\/tr><\/tbody><\/table><\/figure>\n\n\n\n<figure class=\"wp-block-table\"><table class=\"has-black-color has-white-background-color has-text-color has-background has-link-color has-fixed-layout\"><tbody><tr><td class=\"has-text-align-center\" data-align=\"center\"><strong>Ticket Basique VLR\u00c9<\/strong><\/td><td class=\"has-text-align-center\" data-align=\"center\"><strong>Ticket Journ\u00e9e VLR\u00c9<\/strong><\/td><td class=\"has-text-align-center\" data-align=\"center\"><strong>Le Pass VLR\u00c9<\/strong><\/td><\/tr><tr><td class=\"has-text-align-center\" data-align=\"center\"><img decoding=\"async\" src=\"https:\/\/seal.transport-manager.net\/miko\/wp-content\/uploads\/sites\/471\/2025\/11\/3-1-1024x512.png\" alt=\"\"><\/td><td class=\"has-text-align-center\" data-align=\"center\"><img decoding=\"async\" src=\"https:\/\/seal.transport-manager.net\/miko\/wp-content\/uploads\/sites\/471\/2025\/11\/4-1-1024x512.png\" alt=\"\"><\/td><td class=\"has-text-align-center\" data-align=\"center\"><img decoding=\"async\" src=\"https:\/\/seal.transport-manager.net\/miko\/wp-content\/uploads\/sites\/471\/2025\/11\/5-1-1024x512.png\" alt=\"\"><\/td><\/tr><\/tbody><\/table><\/figure>\n\n\n\n<p class=\"has-black-color has-white-background-color has-text-color has-background has-link-color wp-elements-ce17714bbb5edfba7ce9535c7620940d\"><em>* Les prix sont d\u00e9finis par l&rsquo;Autorit\u00e9 Organisatrice.<\/em><\/p>\n\n\n<div class=\"wp-block-image\">\n<figure class=\"aligncenter size-full is-resized\"><img loading=\"lazy\" decoding=\"async\" width=\"590\" height=\"313\" src=\"https:\/\/seal.transport-manager.net\/miko\/wp-content\/uploads\/sites\/471\/2025\/12\/magnetique.png\" alt=\"\" class=\"wp-image-438\" style=\"width:312px;height:auto\" srcset=\"https:\/\/seal.transport-manager.net\/miko\/wp-content\/uploads\/sites\/471\/2025\/12\/magnetique.png 590w, https:\/\/seal.transport-manager.net\/miko\/wp-content\/uploads\/sites\/471\/2025\/12\/magnetique-300x159.png 300w\" sizes=\"auto, (max-width: 590px) 100vw, 590px\" \/><\/figure>\n<\/div>\n\n<div class=\"wp-block-image\">\n<figure class=\"aligncenter size-full is-resized\"><img loading=\"lazy\" decoding=\"async\" width=\"590\" height=\"313\" src=\"https:\/\/seal.transport-manager.net\/miko\/wp-content\/uploads\/sites\/471\/2024\/12\/image.png\" alt=\"\" class=\"wp-image-172\" style=\"width:310px;height:auto\" srcset=\"https:\/\/seal.transport-manager.net\/miko\/wp-content\/uploads\/sites\/471\/2024\/12\/image.png 590w, https:\/\/seal.transport-manager.net\/miko\/wp-content\/uploads\/sites\/471\/2024\/12\/image-300x159.png 300w\" sizes=\"auto, (max-width: 590px) 100vw, 590px\" \/><\/figure>\n<\/div>\n\n\n<p class=\"has-text-align-center has-black-color has-white-background-color has-text-color has-background has-link-color wp-elements-e6ce7b7dae50d42286ea24054906a78b\">Valider votre ticket avec notre syst\u00e8me de billettique !<\/p>\n\n\n\n<p><\/p>\n","protected":false},"excerpt":{"rendered":"<p>NOM DESCRIPTION PRIX* Ticket Basique VLR\u00c9 Ticket unitaire 1,80\u20ac Ticket Journ\u00e9e VLR\u00c9 Ticket 24h 5,30\u20ac Le Pass VLR\u00c9 Abonnement 62,00\u20ac Ticket Basique VLR\u00c9 Ticket Journ\u00e9e VLR\u00c9 Le Pass VLR\u00c9 *&nbsp;&hellip;<\/p>\n","protected":false},"author":439,"featured_media":434,"parent":0,"menu_order":0,"comment_status":"closed","ping_status":"closed","template":"","meta":{"footnotes":""},"class_list":["post-157","page","type-page","status-publish","has-post-thumbnail","hentry"],"_links":{"self":[{"href":"https:\/\/seal.transport-manager.net\/miko\/wp-json\/wp\/v2\/pages\/157","targetHints":{"allow":["GET"]}}],"collection":[{"href":"https:\/\/seal.transport-manager.net\/miko\/wp-json\/wp\/v2\/pages"}],"about":[{"href":"https:\/\/seal.transport-manager.net\/miko\/wp-json\/wp\/v2\/types\/page"}],"author":[{"embeddable":true,"href":"https:\/\/seal.transport-manager.net\/miko\/wp-json\/wp\/v2\/users\/439"}],"replies":[{"embeddable":true,"href":"https:\/\/seal.transport-manager.net\/miko\/wp-json\/wp\/v2\/comments?post=157"}],"version-history":[{"count":9,"href":"https:\/\/seal.transport-manager.net\/miko\/wp-json\/wp\/v2\/pages\/157\/revisions"}],"predecessor-version":[{"id":461,"href":"https:\/\/seal.transport-manager.net\/miko\/wp-json\/wp\/v2\/pages\/157\/revisions\/461"}],"wp:featuredmedia":[{"embeddable":true,"href":"https:\/\/seal.transport-manager.net\/miko\/wp-json\/wp\/v2\/media\/434"}],"wp:attachment":[{"href":"https:\/\/seal.transport-manager.net\/miko\/wp-json\/wp\/v2\/media?parent=157"}],"curies":[{"name":"wp","href":"https:\/\/api.w.org\/{rel}","templated":true}]}}