{"id":215,"date":"2025-12-01T15:00:00","date_gmt":"2025-12-01T14:00:00","guid":{"rendered":"https:\/\/seal.transport-manager.net\/miko\/?page_id=215"},"modified":"2026-01-20T16:36:10","modified_gmt":"2026-01-20T15:36:10","slug":"nos-vehicules","status":"publish","type":"page","link":"https:\/\/seal.transport-manager.net\/miko\/nos-vehicules\/","title":{"rendered":"Nos V\u00e9hicules"},"content":{"rendered":"\n<figure class=\"wp-block-table\"><table class=\"has-black-color has-white-background-color has-text-color has-background has-link-color has-fixed-layout\"><tbody><tr><td class=\"has-text-align-center\" data-align=\"center\"><strong>MINIBUS<\/strong><\/td><td class=\"has-text-align-center\" data-align=\"center\"><strong>MIDIBUS<\/strong><\/td><td class=\"has-text-align-center\" data-align=\"center\"><strong>STANDARD<\/strong><\/td><td class=\"has-text-align-center\" data-align=\"center\"><strong>ARTICUL\u00c9<\/strong><\/td><\/tr><tr><td class=\"has-text-align-center\" data-align=\"center\">1<\/td><td class=\"has-text-align-center\" data-align=\"center\">5<\/td><td class=\"has-text-align-center\" data-align=\"center\">44<\/td><td class=\"has-text-align-center\" data-align=\"center\">38<\/td><\/tr><\/tbody><\/table><\/figure>\n\n\n\n<figure class=\"wp-block-table\"><table class=\"has-black-color has-white-background-color has-text-color has-background has-link-color has-fixed-layout\"><tbody><tr><td class=\"has-text-align-center\" data-align=\"center\"><strong>\u00c2GE EN MOYENNE<\/strong><\/td><td class=\"has-text-align-center\" data-align=\"center\"><strong>KILOM\u00c8TRES EN MOYENNE<\/strong><\/td><\/tr><tr><td class=\"has-text-align-center\" data-align=\"center\">3 ANS<\/td><td class=\"has-text-align-center\" data-align=\"center\">124 403 KMS<\/td><\/tr><\/tbody><\/table><\/figure>\n\n\n\n<p class=\"has-black-color has-white-background-color has-text-color has-background has-link-color wp-elements-8f25eb14ac5564693cdbf913d9d5e6a9\">Avec des \u00e9nergies de plus en plus performantes et engag\u00e9s pour le d\u00e9veloppement durables !<\/p>\n\n\n\n<figure class=\"wp-block-table\"><table class=\"has-black-color has-white-background-color has-text-color has-background has-link-color has-fixed-layout\"><tbody><tr><td class=\"has-text-align-center\" data-align=\"center\"><img loading=\"lazy\" decoding=\"async\" width=\"174\" height=\"174\" class=\"wp-image-112\" style=\"width: 100px\" src=\"https:\/\/seal.transport-manager.net\/miko\/wp-content\/uploads\/sites\/471\/2024\/11\/diesel.png\" alt=\"\" srcset=\"https:\/\/seal.transport-manager.net\/miko\/wp-content\/uploads\/sites\/471\/2024\/11\/diesel.png 174w, https:\/\/seal.transport-manager.net\/miko\/wp-content\/uploads\/sites\/471\/2024\/11\/diesel-150x150.png 150w\" sizes=\"auto, (max-width: 174px) 100vw, 174px\" \/><\/td><td class=\"has-text-align-center\" data-align=\"center\"><img loading=\"lazy\" decoding=\"async\" width=\"174\" height=\"174\" class=\"wp-image-108\" style=\"width: 100px\" src=\"https:\/\/seal.transport-manager.net\/miko\/wp-content\/uploads\/sites\/471\/2024\/11\/gnv.png\" alt=\"\" srcset=\"https:\/\/seal.transport-manager.net\/miko\/wp-content\/uploads\/sites\/471\/2024\/11\/gnv.png 174w, https:\/\/seal.transport-manager.net\/miko\/wp-content\/uploads\/sites\/471\/2024\/11\/gnv-150x150.png 150w\" sizes=\"auto, (max-width: 174px) 100vw, 174px\" \/><\/td><td class=\"has-text-align-center\" data-align=\"center\"><img loading=\"lazy\" decoding=\"async\" width=\"150\" height=\"150\" class=\"wp-image-109\" style=\"width: 100px\" src=\"https:\/\/seal.transport-manager.net\/miko\/wp-content\/uploads\/sites\/471\/2024\/11\/hybride-150x150-1.png\" alt=\"\"><\/td><\/tr><\/tbody><\/table><\/figure>\n","protected":false},"excerpt":{"rendered":"<p>MINIBUS MIDIBUS STANDARD ARTICUL\u00c9 1 5 44 38 \u00c2GE EN MOYENNE KILOM\u00c8TRES EN MOYENNE 3 ANS 124 403 KMS Avec des \u00e9nergies de plus en plus performantes et engag\u00e9s pour&nbsp;&hellip;<\/p>\n","protected":false},"author":439,"featured_media":435,"parent":0,"menu_order":0,"comment_status":"closed","ping_status":"closed","template":"","meta":{"footnotes":""},"class_list":["post-215","page","type-page","status-publish","has-post-thumbnail","hentry"],"_links":{"self":[{"href":"https:\/\/seal.transport-manager.net\/miko\/wp-json\/wp\/v2\/pages\/215","targetHints":{"allow":["GET"]}}],"collection":[{"href":"https:\/\/seal.transport-manager.net\/miko\/wp-json\/wp\/v2\/pages"}],"about":[{"href":"https:\/\/seal.transport-manager.net\/miko\/wp-json\/wp\/v2\/types\/page"}],"author":[{"embeddable":true,"href":"https:\/\/seal.transport-manager.net\/miko\/wp-json\/wp\/v2\/users\/439"}],"replies":[{"embeddable":true,"href":"https:\/\/seal.transport-manager.net\/miko\/wp-json\/wp\/v2\/comments?post=215"}],"version-history":[{"count":13,"href":"https:\/\/seal.transport-manager.net\/miko\/wp-json\/wp\/v2\/pages\/215\/revisions"}],"predecessor-version":[{"id":491,"href":"https:\/\/seal.transport-manager.net\/miko\/wp-json\/wp\/v2\/pages\/215\/revisions\/491"}],"wp:featuredmedia":[{"embeddable":true,"href":"https:\/\/seal.transport-manager.net\/miko\/wp-json\/wp\/v2\/media\/435"}],"wp:attachment":[{"href":"https:\/\/seal.transport-manager.net\/miko\/wp-json\/wp\/v2\/media?parent=215"}],"curies":[{"name":"wp","href":"https:\/\/api.w.org\/{rel}","templated":true}]}}