{"id":219,"date":"2025-12-01T15:00:00","date_gmt":"2025-12-01T14:00:00","guid":{"rendered":"https:\/\/seal.transport-manager.net\/miko\/?page_id=219"},"modified":"2025-12-02T16:22:23","modified_gmt":"2025-12-02T15:22:23","slug":"notre-depot","status":"publish","type":"page","link":"https:\/\/seal.transport-manager.net\/miko\/notre-depot\/","title":{"rendered":"Notre D\u00e9p\u00f4t"},"content":{"rendered":"\n<p class=\"has-black-color has-white-background-color has-text-color has-background has-link-color wp-elements-f33af5832b4ed3eb6e4955025be4fd7a\">VLR\u00c9 s\u2019engage dans les \u00e9nergies renouvelables pour le bien de la plan\u00e8te !<\/p>\n\n\n\n<figure class=\"wp-block-table\"><table class=\"has-black-color has-white-background-color has-text-color has-background has-link-color has-fixed-layout\"><tbody><tr><td class=\"has-text-align-center\" data-align=\"center\"><strong>OPTIONS<\/strong><\/td><td class=\"has-text-align-center\" data-align=\"center\"><strong>D\u00c9TAILS<\/strong><\/td><td class=\"has-text-align-center\" data-align=\"center\"><strong>INVESTISSEMENT<\/strong><\/td><td class=\"has-text-align-center\" data-align=\"center\"><strong>REALISATION<\/strong><\/td><\/tr><tr><td class=\"has-text-align-center\" data-align=\"center\"><img loading=\"lazy\" decoding=\"async\" width=\"590\" height=\"313\" src=\"https:\/\/seal.transport-manager.net\/miko\/wp-content\/uploads\/sites\/471\/2024\/12\/tunnel.png\" alt=\"\"><\/td><td class=\"has-text-align-center\" data-align=\"center\">Le tunnel de lavage permet de nettoyer l\u2019ext\u00e9rieur de nos v\u00e9hicules ou de nos rames.<\/td><td class=\"has-text-align-center\" data-align=\"center\">150 000\u20ac<\/td><td class=\"has-text-align-center\" data-align=\"center\">Construit<\/td><\/tr><tr><td class=\"has-text-align-center\" data-align=\"center\"><img loading=\"lazy\" decoding=\"async\" width=\"590\" height=\"313\" src=\"https:\/\/seal.transport-manager.net\/miko\/wp-content\/uploads\/sites\/471\/2024\/12\/eau.png\" alt=\"\"><\/td><td class=\"has-text-align-center\" data-align=\"center\">Le r\u00e9cup\u00e9rateur d\u2019eau permet de r\u00e9duire notre consommation d\u2019eau lors d\u2019un lavage en r\u00e9cup\u00e9rant une partie de l\u2019eau utilis\u00e9e lors des pr\u00e9c\u00e9dents lavages.<\/td><td class=\"has-text-align-center\" data-align=\"center\">50 000\u20ac<\/td><td class=\"has-text-align-center\" data-align=\"center\">Construit<\/td><\/tr><tr><td class=\"has-text-align-center\" data-align=\"center\"><img loading=\"lazy\" decoding=\"async\" width=\"590\" height=\"313\" src=\"https:\/\/seal.transport-manager.net\/miko\/wp-content\/uploads\/sites\/471\/2024\/12\/panneaux.png\" alt=\"\"><\/td><td class=\"has-text-align-center\" data-align=\"center\">Les panneaux photovolta\u00efques permettent de r\u00e9duire la consommation \u00e9lectrique de notre d\u00e9p\u00f4t.<\/td><td class=\"has-text-align-center\" data-align=\"center\">20 000\u20ac<\/td><td class=\"has-text-align-center\" data-align=\"center\">Construit<\/td><\/tr><tr><td class=\"has-text-align-center\" data-align=\"center\"><img loading=\"lazy\" decoding=\"async\" width=\"590\" height=\"313\" src=\"https:\/\/seal.transport-manager.net\/miko\/wp-content\/uploads\/sites\/471\/2024\/12\/camera.png\" alt=\"\"><\/td><td class=\"has-text-align-center\" data-align=\"center\">Permet l\u2019installation de cam\u00e9ras de vid\u00e9osurveillance afin de prot\u00e9ger notre d\u00e9p\u00f4t.<\/td><td class=\"has-text-align-center\" data-align=\"center\">75 000\u20ac<\/td><td class=\"has-text-align-center\" data-align=\"center\">Bient\u00f4t<\/td><\/tr><tr><td class=\"has-text-align-center\" data-align=\"center\"><img loading=\"lazy\" decoding=\"async\" width=\"590\" height=\"313\" src=\"https:\/\/seal.transport-manager.net\/miko\/wp-content\/uploads\/sites\/471\/2024\/12\/eclairage.png\" alt=\"\"><\/td><td class=\"has-text-align-center\" data-align=\"center\">Permet l\u2019installation de lampadaires LED ext\u00e9rieurs afin d\u2019\u00e9clairer notre d\u00e9p\u00f4t.<\/td><td class=\"has-text-align-center\" data-align=\"center\">50 000\u20ac<\/td><td class=\"has-text-align-center\" data-align=\"center\">Bient\u00f4t<\/td><\/tr><\/tbody><\/table><\/figure>\n\n\n\n<p><\/p>\n","protected":false},"excerpt":{"rendered":"<p>VLR\u00c9 s\u2019engage dans les \u00e9nergies renouvelables pour le bien de la plan\u00e8te ! OPTIONS D\u00c9TAILS INVESTISSEMENT REALISATION Le tunnel de lavage permet de nettoyer l\u2019ext\u00e9rieur de nos v\u00e9hicules ou de&nbsp;&hellip;<\/p>\n","protected":false},"author":439,"featured_media":436,"parent":0,"menu_order":0,"comment_status":"closed","ping_status":"closed","template":"","meta":{"footnotes":""},"class_list":["post-219","page","type-page","status-publish","has-post-thumbnail","hentry"],"_links":{"self":[{"href":"https:\/\/seal.transport-manager.net\/miko\/wp-json\/wp\/v2\/pages\/219","targetHints":{"allow":["GET"]}}],"collection":[{"href":"https:\/\/seal.transport-manager.net\/miko\/wp-json\/wp\/v2\/pages"}],"about":[{"href":"https:\/\/seal.transport-manager.net\/miko\/wp-json\/wp\/v2\/types\/page"}],"author":[{"embeddable":true,"href":"https:\/\/seal.transport-manager.net\/miko\/wp-json\/wp\/v2\/users\/439"}],"replies":[{"embeddable":true,"href":"https:\/\/seal.transport-manager.net\/miko\/wp-json\/wp\/v2\/comments?post=219"}],"version-history":[{"count":3,"href":"https:\/\/seal.transport-manager.net\/miko\/wp-json\/wp\/v2\/pages\/219\/revisions"}],"predecessor-version":[{"id":223,"href":"https:\/\/seal.transport-manager.net\/miko\/wp-json\/wp\/v2\/pages\/219\/revisions\/223"}],"wp:featuredmedia":[{"embeddable":true,"href":"https:\/\/seal.transport-manager.net\/miko\/wp-json\/wp\/v2\/media\/436"}],"wp:attachment":[{"href":"https:\/\/seal.transport-manager.net\/miko\/wp-json\/wp\/v2\/media?parent=219"}],"curies":[{"name":"wp","href":"https:\/\/api.w.org\/{rel}","templated":true}]}}