{"id":437,"date":"2025-12-02T18:34:52","date_gmt":"2025-12-02T17:34:52","guid":{"rendered":"https:\/\/seal.transport-manager.net\/miko\/?page_id=437"},"modified":"2026-03-17T20:05:19","modified_gmt":"2026-03-17T19:05:19","slug":"centre-des-recherches","status":"publish","type":"page","link":"https:\/\/seal.transport-manager.net\/miko\/centre-des-recherches\/","title":{"rendered":"Nos Recherches"},"content":{"rendered":"\n<p class=\"has-black-color has-white-background-color has-text-color has-background has-link-color wp-elements-aec54193a48f4bf7a7945c55edf86da1\">VLR\u00c9 vous accompagne dans de nouveaux services<\/p>\n\n\n\n<figure class=\"wp-block-table\"><table class=\"has-black-color has-white-background-color has-text-color has-background has-link-color has-fixed-layout\"><tbody><tr><td class=\"has-text-align-center\" data-align=\"center\"><strong>OPTIONS<\/strong><\/td><td class=\"has-text-align-center\" data-align=\"center\"><strong>D\u00c9TAILS<\/strong><\/td><td class=\"has-text-align-center\" data-align=\"center\"><strong>INVESTISSEMENT<\/strong><\/td><td class=\"has-text-align-center\" data-align=\"center\"><strong>REALISATION<\/strong><\/td><\/tr><tr><td class=\"has-text-align-center\" data-align=\"center\"><img loading=\"lazy\" decoding=\"async\" width=\"590\" height=\"313\" class=\"wp-image-438\" style=\"width: 150px\" src=\"https:\/\/seal.transport-manager.net\/miko\/wp-content\/uploads\/sites\/471\/2025\/12\/magnetique.png\" alt=\"\" srcset=\"https:\/\/seal.transport-manager.net\/miko\/wp-content\/uploads\/sites\/471\/2025\/12\/magnetique.png 590w, https:\/\/seal.transport-manager.net\/miko\/wp-content\/uploads\/sites\/471\/2025\/12\/magnetique-300x159.png 300w\" sizes=\"auto, (max-width: 590px) 100vw, 590px\" \/><\/td><td class=\"has-text-align-center\" data-align=\"center\">Permet de d\u00e9bloquer le syst\u00e8me de billettique par carte magn\u00e9tique.<\/td><td class=\"has-text-align-center\" data-align=\"center\">250 000\u20ac<\/td><td class=\"has-text-align-center\" data-align=\"center\">Oui<\/td><\/tr><tr><td class=\"has-text-align-center\" data-align=\"center\"><img loading=\"lazy\" decoding=\"async\" width=\"591\" height=\"314\" class=\"wp-image-445\" style=\"width: 150px\" src=\"https:\/\/seal.transport-manager.net\/miko\/wp-content\/uploads\/sites\/471\/2025\/12\/pupitre.png\" alt=\"\" srcset=\"https:\/\/seal.transport-manager.net\/miko\/wp-content\/uploads\/sites\/471\/2025\/12\/pupitre.png 591w, https:\/\/seal.transport-manager.net\/miko\/wp-content\/uploads\/sites\/471\/2025\/12\/pupitre-300x159.png 300w\" sizes=\"auto, (max-width: 591px) 100vw, 591px\" \/><\/td><td class=\"has-text-align-center\" data-align=\"center\">Permet d&rsquo;ajouter dans vos v\u00e9hicules un pupitre pour le conducteur. Il centralisera l&rsquo;utilisation des diff\u00e9rentes options de vos v\u00e9hicules (annonces, girouettes,etc.)<\/td><td class=\"has-text-align-center\" data-align=\"center\">150 000\u20ac<\/td><td class=\"has-text-align-center\" data-align=\"center\">Oui<\/td><\/tr><tr><td class=\"has-text-align-center\" data-align=\"center\"><img loading=\"lazy\" decoding=\"async\" width=\"590\" height=\"313\" class=\"wp-image-444\" style=\"width: 150px\" src=\"https:\/\/seal.transport-manager.net\/miko\/wp-content\/uploads\/sites\/471\/2025\/12\/annonces-visuelles.png\" alt=\"\" srcset=\"https:\/\/seal.transport-manager.net\/miko\/wp-content\/uploads\/sites\/471\/2025\/12\/annonces-visuelles.png 590w, https:\/\/seal.transport-manager.net\/miko\/wp-content\/uploads\/sites\/471\/2025\/12\/annonces-visuelles-300x159.png 300w\" sizes=\"auto, (max-width: 590px) 100vw, 590px\" \/><\/td><td class=\"has-text-align-center\" data-align=\"center\">Permet d&rsquo;ajouter dans vos v\u00e9hicules des bandeaux d&rsquo;informations. (Prochain arr\u00eat, information voyageur).<\/td><td class=\"has-text-align-center\" data-align=\"center\">600 000\u20ac<\/td><td class=\"has-text-align-center\" data-align=\"center\">Bient\u00f4t<\/td><\/tr><tr><td class=\"has-text-align-center\" data-align=\"center\"><img loading=\"lazy\" decoding=\"async\" width=\"590\" height=\"313\" class=\"wp-image-443\" style=\"width: 150px\" src=\"https:\/\/seal.transport-manager.net\/miko\/wp-content\/uploads\/sites\/471\/2025\/12\/annonces-sonores.png\" alt=\"\" srcset=\"https:\/\/seal.transport-manager.net\/miko\/wp-content\/uploads\/sites\/471\/2025\/12\/annonces-sonores.png 590w, https:\/\/seal.transport-manager.net\/miko\/wp-content\/uploads\/sites\/471\/2025\/12\/annonces-sonores-300x159.png 300w\" sizes=\"auto, (max-width: 590px) 100vw, 590px\" \/><\/td><td class=\"has-text-align-center\" data-align=\"center\">Permet d&rsquo;ajouter dans vos v\u00e9hicules des hauts parleurs pour annoncer les arr\u00eats ou des informations importantes.<\/td><td class=\"has-text-align-center\" data-align=\"center\">600 000\u20ac<\/td><td class=\"has-text-align-center\" data-align=\"center\">Bient\u00f4t<\/td><\/tr><tr><td class=\"has-text-align-center\" data-align=\"center\"><img loading=\"lazy\" decoding=\"async\" width=\"590\" height=\"313\" class=\"wp-image-442\" style=\"width: 150px\" src=\"https:\/\/seal.transport-manager.net\/miko\/wp-content\/uploads\/sites\/471\/2025\/12\/telephone-radio.png\" alt=\"\" srcset=\"https:\/\/seal.transport-manager.net\/miko\/wp-content\/uploads\/sites\/471\/2025\/12\/telephone-radio.png 590w, https:\/\/seal.transport-manager.net\/miko\/wp-content\/uploads\/sites\/471\/2025\/12\/telephone-radio-300x159.png 300w\" sizes=\"auto, (max-width: 590px) 100vw, 590px\" \/><\/td><td class=\"has-text-align-center\" data-align=\"center\">Permet d&rsquo;ajouter des radios dans vos v\u00e9hicules. Elles sont n\u00e9cessaires pour communiquer entre le PC et les v\u00e9hicules.<\/td><td class=\"has-text-align-center\" data-align=\"center\">150 000\u20ac<\/td><td class=\"has-text-align-center\" data-align=\"center\">Oui<\/td><\/tr><tr><td class=\"has-text-align-center\" data-align=\"center\"><img loading=\"lazy\" decoding=\"async\" width=\"590\" height=\"313\" class=\"wp-image-441\" style=\"width: 150px\" src=\"https:\/\/seal.transport-manager.net\/miko\/wp-content\/uploads\/sites\/471\/2025\/12\/self-service.png\" alt=\"\" srcset=\"https:\/\/seal.transport-manager.net\/miko\/wp-content\/uploads\/sites\/471\/2025\/12\/self-service.png 590w, https:\/\/seal.transport-manager.net\/miko\/wp-content\/uploads\/sites\/471\/2025\/12\/self-service-300x159.png 300w\" sizes=\"auto, (max-width: 590px) 100vw, 590px\" \/><\/td><td class=\"has-text-align-center\" data-align=\"center\">Permet de d\u00e9bloquer l&rsquo;ajout d&rsquo;un bouton \u00ab\u00a0Self-Service\u00a0\u00bb dans vos v\u00e9hicules. Les clients l&rsquo;utilisent pour ouvrir les portes \u00e0 un arr\u00eat de bus.<\/td><td class=\"has-text-align-center\" data-align=\"center\">200 000\u20ac<\/td><td class=\"has-text-align-center\" data-align=\"center\">Oui<\/td><\/tr><tr><td class=\"has-text-align-center\" data-align=\"center\"><img loading=\"lazy\" decoding=\"async\" width=\"590\" height=\"313\" class=\"wp-image-440\" style=\"width: 150px\" src=\"https:\/\/seal.transport-manager.net\/miko\/wp-content\/uploads\/sites\/471\/2025\/12\/balise-priorite.png\" alt=\"\" srcset=\"https:\/\/seal.transport-manager.net\/miko\/wp-content\/uploads\/sites\/471\/2025\/12\/balise-priorite.png 590w, https:\/\/seal.transport-manager.net\/miko\/wp-content\/uploads\/sites\/471\/2025\/12\/balise-priorite-300x159.png 300w\" sizes=\"auto, (max-width: 590px) 100vw, 590px\" \/><\/td><td class=\"has-text-align-center\" data-align=\"center\">Permet de d\u00e9bloquer l&rsquo;installation d&rsquo;une balise dans vos v\u00e9hicules. A l&rsquo;approche d&rsquo;un feu, celui-ci passera au vert principalement sur les lignes LHNS.<\/td><td class=\"has-text-align-center\" data-align=\"center\">450 000\u20ac<\/td><td class=\"has-text-align-center\" data-align=\"center\">Bient\u00f4t<\/td><\/tr><tr><td class=\"has-text-align-center\" data-align=\"center\"><img loading=\"lazy\" decoding=\"async\" width=\"590\" height=\"313\" class=\"wp-image-439\" style=\"width: 150px\" src=\"https:\/\/seal.transport-manager.net\/miko\/wp-content\/uploads\/sites\/471\/2025\/12\/bouton-arret.png\" alt=\"\" srcset=\"https:\/\/seal.transport-manager.net\/miko\/wp-content\/uploads\/sites\/471\/2025\/12\/bouton-arret.png 590w, https:\/\/seal.transport-manager.net\/miko\/wp-content\/uploads\/sites\/471\/2025\/12\/bouton-arret-300x159.png 300w\" sizes=\"auto, (max-width: 590px) 100vw, 590px\" \/><\/td><td class=\"has-text-align-center\" data-align=\"center\">Permet l&rsquo;ajout de plus de boutons \u00ab\u00a0Arr\u00eat Demand\u00e9\u00a0\u00bb dans vos v\u00e9hicules.<\/td><td class=\"has-text-align-center\" data-align=\"center\">300 000\u20ac<\/td><td class=\"has-text-align-center\" data-align=\"center\">En cours<\/td><\/tr><\/tbody><\/table><\/figure>\n","protected":false},"excerpt":{"rendered":"<p>VLR\u00c9 vous accompagne dans de nouveaux services OPTIONS D\u00c9TAILS INVESTISSEMENT REALISATION Permet de d\u00e9bloquer le syst\u00e8me de billettique par carte magn\u00e9tique. 250 000\u20ac Oui Permet d&rsquo;ajouter dans vos v\u00e9hicules un&nbsp;&hellip;<\/p>\n","protected":false},"author":439,"featured_media":446,"parent":0,"menu_order":0,"comment_status":"closed","ping_status":"closed","template":"","meta":{"footnotes":""},"class_list":["post-437","page","type-page","status-publish","has-post-thumbnail","hentry"],"_links":{"self":[{"href":"https:\/\/seal.transport-manager.net\/miko\/wp-json\/wp\/v2\/pages\/437","targetHints":{"allow":["GET"]}}],"collection":[{"href":"https:\/\/seal.transport-manager.net\/miko\/wp-json\/wp\/v2\/pages"}],"about":[{"href":"https:\/\/seal.transport-manager.net\/miko\/wp-json\/wp\/v2\/types\/page"}],"author":[{"embeddable":true,"href":"https:\/\/seal.transport-manager.net\/miko\/wp-json\/wp\/v2\/users\/439"}],"replies":[{"embeddable":true,"href":"https:\/\/seal.transport-manager.net\/miko\/wp-json\/wp\/v2\/comments?post=437"}],"version-history":[{"count":6,"href":"https:\/\/seal.transport-manager.net\/miko\/wp-json\/wp\/v2\/pages\/437\/revisions"}],"predecessor-version":[{"id":501,"href":"https:\/\/seal.transport-manager.net\/miko\/wp-json\/wp\/v2\/pages\/437\/revisions\/501"}],"wp:featuredmedia":[{"embeddable":true,"href":"https:\/\/seal.transport-manager.net\/miko\/wp-json\/wp\/v2\/media\/446"}],"wp:attachment":[{"href":"https:\/\/seal.transport-manager.net\/miko\/wp-json\/wp\/v2\/media?parent=437"}],"curies":[{"name":"wp","href":"https:\/\/api.w.org\/{rel}","templated":true}]}}