{"id":178,"date":"2021-10-08T19:37:44","date_gmt":"2021-10-08T17:37:44","guid":{"rendered":"https:\/\/seal.transport-manager.net\/mobibus\/?page_id=178"},"modified":"2023-07-17T20:01:59","modified_gmt":"2023-07-17T18:01:59","slug":"nos-tarifs","status":"publish","type":"page","link":"https:\/\/seal.transport-manager.net\/mobibus\/nos-tarifs\/","title":{"rendered":"Nos Tarifs"},"content":{"rendered":"\n<p>Vasiltrans propose <strong>diff\u00e9rents tarifs<\/strong>, selon vos besoins. Le trajet est <strong>gratuit<\/strong> pour les <strong>personnes \u00e0 mobilit\u00e9s r\u00e9duites<\/strong>, <strong>enfants de &#8211; de 6 ans accompagn\u00e9.e.s<\/strong>.<\/p>\n\n\n\n<p class=\"has-large-font-size\"><strong>Tickets<\/strong><\/p>\n\n\n\n<p>Sur le r\u00e9seau <strong>Vasiltrans<\/strong>, il existe <strong>2 types<\/strong> de tickets :<\/p>\n\n\n\n<ul class=\"wp-block-list\">\n<li><strong>Ticket 1 Trajet<\/strong>, ce ticket vous permet de <strong>voyager 1 fois<\/strong>, il est valable <strong>toute la dur\u00e9e de votre trajet (sur une seule ligne)<\/strong> &#8211; <strong>1,70\u20ac<\/strong> <\/li>\n\n\n\n<li><strong>Ticket 24&Prime;<\/strong>, ce ticket est valable<strong> 1 journ\u00e9e<\/strong>, d\u00e8s la <strong>premi\u00e8re validation<\/strong>, jusqu&rsquo;\u00e0 la <strong>fin de service du jour. (N&rsquo;est pas valable le lendemain)<\/strong> <strong>&#8211; 5,00\u20ac<\/strong><\/li>\n<\/ul>\n\n\n\n<p class=\"has-large-font-size\"><strong>Abonnement <\/strong><\/p>\n\n\n\n<ul class=\"wp-block-list\">\n<li><strong>Vasil&rsquo;Pass<\/strong>, vous permet de <strong>voyager sans limite<\/strong>, pendant <strong>1 mois<\/strong>, \u00e0 partir du <strong>1er de chaque mois<\/strong>, <strong>59\u20ac\/mois<\/strong><\/li>\n<\/ul>\n","protected":false},"excerpt":{"rendered":"<p>Vasiltrans propose diff\u00e9rents tarifs, selon vos besoins. Le trajet est gratuit pour les personnes \u00e0 mobilit\u00e9s r\u00e9duites, enfants de &#8211; de 6 ans accompagn\u00e9.e.s. Tickets Sur le r\u00e9seau Vasiltrans, il existe 2 types de tickets : Abonnement<\/p>\n","protected":false},"author":33,"featured_media":0,"parent":0,"menu_order":0,"comment_status":"closed","ping_status":"closed","template":"","meta":{"footnotes":""},"class_list":["post-178","page","type-page","status-publish","hentry"],"_links":{"self":[{"href":"https:\/\/seal.transport-manager.net\/mobibus\/wp-json\/wp\/v2\/pages\/178","targetHints":{"allow":["GET"]}}],"collection":[{"href":"https:\/\/seal.transport-manager.net\/mobibus\/wp-json\/wp\/v2\/pages"}],"about":[{"href":"https:\/\/seal.transport-manager.net\/mobibus\/wp-json\/wp\/v2\/types\/page"}],"author":[{"embeddable":true,"href":"https:\/\/seal.transport-manager.net\/mobibus\/wp-json\/wp\/v2\/users\/33"}],"replies":[{"embeddable":true,"href":"https:\/\/seal.transport-manager.net\/mobibus\/wp-json\/wp\/v2\/comments?post=178"}],"version-history":[{"count":10,"href":"https:\/\/seal.transport-manager.net\/mobibus\/wp-json\/wp\/v2\/pages\/178\/revisions"}],"predecessor-version":[{"id":281,"href":"https:\/\/seal.transport-manager.net\/mobibus\/wp-json\/wp\/v2\/pages\/178\/revisions\/281"}],"wp:attachment":[{"href":"https:\/\/seal.transport-manager.net\/mobibus\/wp-json\/wp\/v2\/media?parent=178"}],"curies":[{"name":"wp","href":"https:\/\/api.w.org\/{rel}","templated":true}]}}