{"id":26,"date":"2021-07-20T21:52:36","date_gmt":"2021-07-20T19:52:36","guid":{"rendered":"https:\/\/seal.transport-manager.net\/mobibus\/?page_id=26"},"modified":"2024-02-21T11:50:57","modified_gmt":"2024-02-21T10:50:57","slug":"nos-horaires","status":"publish","type":"page","link":"https:\/\/seal.transport-manager.net\/mobibus\/nos-horaires\/","title":{"rendered":"Le r\u00e9seau"},"content":{"rendered":"\n<p><strong>Vasiltrans<\/strong>\u00a0est le r\u00e9seau de transport de l\u2019agglom\u00e9ration de\u00a0<strong>Vasilebsk<\/strong>. Le\u00a0<strong>r\u00e9seau<\/strong>\u00a0est actuellement compos\u00e9 de\u00a0<strong>22 lignes r\u00e9guli\u00e8res, et 2 lignes<\/strong>\u00a0\u00e0 la\u00a0<strong>demande<\/strong>. Avec\u00a0<strong>plus de 150 bus<\/strong>, roulant tous au\u00a0<strong>Gaz Naturel<\/strong>, ou \u00e0 l\u2019<strong>\u00e9lectricit\u00e9<\/strong>, Vasiltrans assure la\u00a0<strong>desserte<\/strong>\u00a0des plus\u00a0<strong>grands p\u00f4les<\/strong>\u00a0de la ville, tout en\u00a0<strong>s\u2019engageant pour l\u2019environnement<\/strong>\u00a0de l\u2019agglom\u00e9ration.<\/p>\n\n\n\n<p>Depuis 2021, le <strong>r\u00e9seau<\/strong> est majoritairement exploit\u00e9 par la <strong>STAV<\/strong>.<\/p>\n\n\n\n<div data-wp-interactive=\"core\/file\" class=\"wp-block-file alignwide\"><object data-wp-bind--hidden=\"!state.hasPdfPreview\" hidden class=\"wp-block-file__embed\" data=\"https:\/\/seal.transport-manager.net\/mobibus\/wp-content\/uploads\/sites\/33\/2024\/02\/Plan-N4-V3.pdf\" type=\"application\/pdf\" style=\"width:100%;height:600px\" aria-label=\"Contenu embarqu\u00e9 Plan-N4-V3.\"><\/object><a id=\"wp-block-file--media-ebe8a711-6a2c-41df-8732-246b188251df\" href=\"https:\/\/seal.transport-manager.net\/mobibus\/wp-content\/uploads\/sites\/33\/2024\/02\/Plan-N4-V3.pdf\">Plan-N4-V3<\/a><a href=\"https:\/\/seal.transport-manager.net\/mobibus\/wp-content\/uploads\/sites\/33\/2024\/02\/Plan-N4-V3.pdf\" class=\"wp-block-file__button wp-element-button\" download aria-describedby=\"wp-block-file--media-ebe8a711-6a2c-41df-8732-246b188251df\">T\u00e9l\u00e9charger<\/a><\/div>\n","protected":false},"excerpt":{"rendered":"<p>Vasiltrans\u00a0est le r\u00e9seau de transport de l\u2019agglom\u00e9ration de\u00a0Vasilebsk. Le\u00a0r\u00e9seau\u00a0est actuellement compos\u00e9 de\u00a022 lignes r\u00e9guli\u00e8res, et 2 lignes\u00a0\u00e0 la\u00a0demande. Avec\u00a0plus de 150 bus, roulant tous au\u00a0Gaz Naturel, ou \u00e0 l\u2019\u00e9lectricit\u00e9, Vasiltrans assure la\u00a0desserte\u00a0des plus\u00a0grands p\u00f4les\u00a0de la ville, tout en\u00a0s\u2019engageant pour l\u2019environnement\u00a0de l\u2019agglom\u00e9ration. Depuis 2021, le r\u00e9seau est majoritairement exploit\u00e9 par la [&hellip;]<\/p>\n","protected":false},"author":33,"featured_media":0,"parent":0,"menu_order":0,"comment_status":"closed","ping_status":"closed","template":"","meta":{"footnotes":""},"class_list":["post-26","page","type-page","status-publish","hentry"],"_links":{"self":[{"href":"https:\/\/seal.transport-manager.net\/mobibus\/wp-json\/wp\/v2\/pages\/26","targetHints":{"allow":["GET"]}}],"collection":[{"href":"https:\/\/seal.transport-manager.net\/mobibus\/wp-json\/wp\/v2\/pages"}],"about":[{"href":"https:\/\/seal.transport-manager.net\/mobibus\/wp-json\/wp\/v2\/types\/page"}],"author":[{"embeddable":true,"href":"https:\/\/seal.transport-manager.net\/mobibus\/wp-json\/wp\/v2\/users\/33"}],"replies":[{"embeddable":true,"href":"https:\/\/seal.transport-manager.net\/mobibus\/wp-json\/wp\/v2\/comments?post=26"}],"version-history":[{"count":37,"href":"https:\/\/seal.transport-manager.net\/mobibus\/wp-json\/wp\/v2\/pages\/26\/revisions"}],"predecessor-version":[{"id":311,"href":"https:\/\/seal.transport-manager.net\/mobibus\/wp-json\/wp\/v2\/pages\/26\/revisions\/311"}],"wp:attachment":[{"href":"https:\/\/seal.transport-manager.net\/mobibus\/wp-json\/wp\/v2\/media?parent=26"}],"curies":[{"name":"wp","href":"https:\/\/api.w.org\/{rel}","templated":true}]}}