{"id":102,"date":"2022-08-29T21:51:29","date_gmt":"2022-08-29T19:51:29","guid":{"rendered":"https:\/\/seal.transport-manager.net\/mrrinbod\/?page_id=102"},"modified":"2025-02-27T15:51:52","modified_gmt":"2025-02-27T14:51:52","slug":"plan-des-lignes","status":"publish","type":"page","link":"https:\/\/seal.transport-manager.net\/mrrinbod\/plan-des-lignes\/","title":{"rendered":"Lignes Principles"},"content":{"rendered":"\n<figure class=\"wp-block-image size-large\"><img loading=\"lazy\" decoding=\"async\" width=\"1024\" height=\"661\" src=\"https:\/\/seal.transport-manager.net\/mrrinbod\/wp-content\/uploads\/sites\/235\/2025\/01\/Plan_N4-1024x661.png\" alt=\"\" class=\"wp-image-778\" srcset=\"https:\/\/seal.transport-manager.net\/mrrinbod\/wp-content\/uploads\/sites\/235\/2025\/01\/Plan_N4-1024x661.png 1024w, https:\/\/seal.transport-manager.net\/mrrinbod\/wp-content\/uploads\/sites\/235\/2025\/01\/Plan_N4-300x194.png 300w, https:\/\/seal.transport-manager.net\/mrrinbod\/wp-content\/uploads\/sites\/235\/2025\/01\/Plan_N4-768x496.png 768w, https:\/\/seal.transport-manager.net\/mrrinbod\/wp-content\/uploads\/sites\/235\/2025\/01\/Plan_N4-1536x991.png 1536w, https:\/\/seal.transport-manager.net\/mrrinbod\/wp-content\/uploads\/sites\/235\/2025\/01\/Plan_N4-2048x1321.png 2048w, https:\/\/seal.transport-manager.net\/mrrinbod\/wp-content\/uploads\/sites\/235\/2025\/01\/Plan_N4-1232x795.png 1232w, https:\/\/seal.transport-manager.net\/mrrinbod\/wp-content\/uploads\/sites\/235\/2025\/01\/Plan_N4-1674x1080.png 1674w\" sizes=\"auto, (max-width: 1024px) 100vw, 1024px\" \/><\/figure>\n\n\n\n<div class=\"wp-block-group\"><div class=\"wp-block-group__inner-container is-layout-constrained wp-block-group-is-layout-constrained\">\n<div class=\"wp-block-group\"><div class=\"wp-block-group__inner-container is-layout-constrained wp-block-group-is-layout-constrained\">\n<div class=\"wp-block-group\"><div class=\"wp-block-group__inner-container is-layout-constrained wp-block-group-is-layout-constrained\">\n<div class=\"wp-block-group\"><div class=\"wp-block-group__inner-container is-layout-constrained wp-block-group-is-layout-constrained\">\n<p style=\"text-align: left\">\u00a0 <a href=\"https:\/\/seal.transport-manager.net\/mrrinbod\/wp-content\/uploads\/sites\/235\/2025\/02\/B1.png\" target=\"_blank\" rel=\"noopener\"><img loading=\"lazy\" decoding=\"async\" class=\"size-full wp-image-894 alignleft\" src=\"https:\/\/seal.transport-manager.net\/mrrinbod\/wp-content\/uploads\/sites\/235\/2025\/02\/1.png\" alt=\"\" width=\"97\" height=\"97\" \/><\/a><strong><span style=\"color: #dc241f\"><br \/>LIGNE B1 Gare Centrale &lt;-&gt; Campus Alan Turing<\/span><\/strong><br \/><strong><span style=\"color: #dc241f\">Via : H\u00f4tel de Ville, H\u00f4tel de r\u00e9gion et Clinique Sainte Marie<\/span><\/strong><\/p>\n<\/div><\/div>\n\n\n\n<div class=\"wp-block-group\"><div class=\"wp-block-group__inner-container is-layout-constrained wp-block-group-is-layout-constrained\">\n<div class=\"wp-block-group\"><div class=\"wp-block-group__inner-container is-layout-constrained wp-block-group-is-layout-constrained\">\n<p style=\"text-align: left\">\u00a0 <strong><span style=\"color: #dc241f\"><br \/><a href=\"https:\/\/seal.transport-manager.net\/mrrinbod\/wp-content\/uploads\/sites\/235\/2025\/02\/B2.png\" target=\"_blank\" rel=\"noopener\"><img loading=\"lazy\" decoding=\"async\" class=\"alignleft\" src=\"https:\/\/transport-manager.net\/assets\/img\/lignes\/L2.png\" alt=\"\" width=\"97\" height=\"97\" \/><\/a><span style=\"color: #9364cc\">LIGNE B2 Gare Centrale &lt;-&gt; A\u00e9roport<\/span><\/span><\/strong><br \/><span style=\"color: #9364cc\"><strong>Via : Palais des Beaux-Arts, Coll\u00e8ge V.Hugo, Place de l&rsquo;Europe,<br \/>H\u00f4tel de Police<\/strong><\/span><\/p>\n<\/div><\/div>\n<\/div><\/div>\n\n\n\n<div class=\"wp-block-group\"><div class=\"wp-block-group__inner-container is-layout-constrained wp-block-group-is-layout-constrained\">\n<p style=\"text-align: left\"><a href=\"https:\/\/seal.transport-manager.net\/mrrinbod\/wp-content\/uploads\/sites\/235\/2025\/02\/B3.png\" target=\"_blank\" rel=\"noopener\"><img loading=\"lazy\" decoding=\"async\" class=\"alignleft\" src=\"https:\/\/transport-manager.net\/assets\/img\/lignes\/L3.png\" alt=\"\" width=\"97\" height=\"97\" \/><\/a><strong><span style=\"color: #f1ab00\">LIGNE B3 Gare Centrale &lt;-&gt; Campus Marthe Gautier<br \/><\/span><\/strong><strong><span style=\"color: #f1ab00\">Via : Palais des Beaux-Arts, Lyc\u00e9e C.Herschel, Parc Beaumont, <\/span><\/strong><strong><span style=\"color: #f1ab00\">CHRU Marthe Gautier<\/span><\/strong><\/p>\n<\/div><\/div>\n<\/div><\/div>\n\n\n\n<div class=\"wp-block-group\"><div class=\"wp-block-group__inner-container is-layout-constrained wp-block-group-is-layout-constrained\">\n<p style=\"text-align: left\"><strong><span style=\"color: #dc241f\"><a href=\"https:\/\/seal.transport-manager.net\/mrrinbod\/wp-content\/uploads\/sites\/235\/2025\/02\/L4.png\" target=\"_blank\" rel=\"noopener\"><img loading=\"lazy\" decoding=\"async\" class=\"size-medium alignleft\" src=\"https:\/\/transport-manager.net\/assets\/img\/lignes\/L4.png\" width=\"97\" height=\"97\" \/><\/a><br \/><span style=\"color: #00afad\">LIGNE 4 Gare Centrale &lt;-&gt; Gare de l&rsquo;Est<\/span><\/span><\/strong><br \/><span style=\"color: #00afad\"><strong>Via : Cc Tulipe, Clinique Saint Paul, CRT Est<\/strong><\/span><\/p>\n<\/div><\/div>\n<\/div><\/div>\n<\/div><\/div>\n\n\n\n<figure class=\"wp-block-image size-large is-resized\"><a href=\"https:\/\/seal.transport-manager.net\/mrrinbod\/wp-content\/uploads\/sites\/235\/2025\/02\/L5.png\" target=\"_blank\" rel=\" noreferrer noopener\"><img loading=\"lazy\" decoding=\"async\" width=\"1024\" height=\"54\" src=\"https:\/\/seal.transport-manager.net\/mrrinbod\/wp-content\/uploads\/sites\/235\/2023\/01\/l5-1024x54.png\" alt=\"\" class=\"wp-image-464\" style=\"width:833px;height:auto\" srcset=\"https:\/\/seal.transport-manager.net\/mrrinbod\/wp-content\/uploads\/sites\/235\/2023\/01\/l5-1024x54.png 1024w, https:\/\/seal.transport-manager.net\/mrrinbod\/wp-content\/uploads\/sites\/235\/2023\/01\/l5-300x16.png 300w, https:\/\/seal.transport-manager.net\/mrrinbod\/wp-content\/uploads\/sites\/235\/2023\/01\/l5-768x41.png 768w, https:\/\/seal.transport-manager.net\/mrrinbod\/wp-content\/uploads\/sites\/235\/2023\/01\/l5.png 1175w\" sizes=\"auto, (max-width: 1024px) 100vw, 1024px\" \/><\/a><\/figure>\n\n\n\n<figure class=\"wp-block-image size-large is-resized\"><a href=\"https:\/\/seal.transport-manager.net\/mrrinbod\/wp-content\/uploads\/sites\/235\/2025\/02\/L6.png\" target=\"_blank\" rel=\" noreferrer noopener\"><img loading=\"lazy\" decoding=\"async\" width=\"1024\" height=\"57\" src=\"https:\/\/seal.transport-manager.net\/mrrinbod\/wp-content\/uploads\/sites\/235\/2023\/01\/L6-1024x57.png\" alt=\"\" class=\"wp-image-443\" style=\"width:835px;height:auto\" srcset=\"https:\/\/seal.transport-manager.net\/mrrinbod\/wp-content\/uploads\/sites\/235\/2023\/01\/L6-1024x57.png 1024w, https:\/\/seal.transport-manager.net\/mrrinbod\/wp-content\/uploads\/sites\/235\/2023\/01\/L6-300x17.png 300w, https:\/\/seal.transport-manager.net\/mrrinbod\/wp-content\/uploads\/sites\/235\/2023\/01\/L6-768x43.png 768w, https:\/\/seal.transport-manager.net\/mrrinbod\/wp-content\/uploads\/sites\/235\/2023\/01\/L6.png 1117w\" sizes=\"auto, (max-width: 1024px) 100vw, 1024px\" \/><\/a><\/figure>\n\n\n\n<figure class=\"wp-block-image size-full is-resized\"><a href=\"https:\/\/seal.transport-manager.net\/mrrinbod\/wp-content\/uploads\/sites\/235\/2025\/02\/L7.png\" target=\"_blank\" rel=\" noreferrer noopener\"><img loading=\"lazy\" decoding=\"async\" width=\"872\" height=\"63\" src=\"https:\/\/seal.transport-manager.net\/mrrinbod\/wp-content\/uploads\/sites\/235\/2023\/01\/l7.png\" alt=\"\" class=\"wp-image-454\" style=\"width:836px;height:auto\" srcset=\"https:\/\/seal.transport-manager.net\/mrrinbod\/wp-content\/uploads\/sites\/235\/2023\/01\/l7.png 872w, https:\/\/seal.transport-manager.net\/mrrinbod\/wp-content\/uploads\/sites\/235\/2023\/01\/l7-300x22.png 300w, https:\/\/seal.transport-manager.net\/mrrinbod\/wp-content\/uploads\/sites\/235\/2023\/01\/l7-768x55.png 768w\" sizes=\"auto, (max-width: 872px) 100vw, 872px\" \/><\/a><\/figure>\n\n\n\n<figure class=\"wp-block-image size-large is-resized\"><a href=\"https:\/\/seal.transport-manager.net\/mrrinbod\/wp-content\/uploads\/sites\/235\/2025\/02\/L8.png\" target=\"_blank\" rel=\" noreferrer noopener\"><img loading=\"lazy\" decoding=\"async\" width=\"1024\" height=\"54\" src=\"https:\/\/seal.transport-manager.net\/mrrinbod\/wp-content\/uploads\/sites\/235\/2024\/02\/L8-1024x54.png\" alt=\"\" class=\"wp-image-686\" style=\"width:838px;height:auto\" srcset=\"https:\/\/seal.transport-manager.net\/mrrinbod\/wp-content\/uploads\/sites\/235\/2024\/02\/L8-1024x54.png 1024w, https:\/\/seal.transport-manager.net\/mrrinbod\/wp-content\/uploads\/sites\/235\/2024\/02\/L8-300x16.png 300w, https:\/\/seal.transport-manager.net\/mrrinbod\/wp-content\/uploads\/sites\/235\/2024\/02\/L8-768x40.png 768w, https:\/\/seal.transport-manager.net\/mrrinbod\/wp-content\/uploads\/sites\/235\/2024\/02\/L8.png 1217w\" sizes=\"auto, (max-width: 1024px) 100vw, 1024px\" \/><\/a><\/figure>\n\n\n\n<figure class=\"wp-block-image size-full is-resized\"><a href=\"https:\/\/seal.transport-manager.net\/mrrinbod\/wp-content\/uploads\/sites\/235\/2025\/02\/L9.png\" target=\"_blank\" rel=\" noreferrer noopener\"><img loading=\"lazy\" decoding=\"async\" width=\"1016\" height=\"67\" src=\"https:\/\/seal.transport-manager.net\/mrrinbod\/wp-content\/uploads\/sites\/235\/2024\/02\/L9.png\" alt=\"\" class=\"wp-image-687\" style=\"width:834px;height:auto\" srcset=\"https:\/\/seal.transport-manager.net\/mrrinbod\/wp-content\/uploads\/sites\/235\/2024\/02\/L9.png 1016w, https:\/\/seal.transport-manager.net\/mrrinbod\/wp-content\/uploads\/sites\/235\/2024\/02\/L9-300x20.png 300w, https:\/\/seal.transport-manager.net\/mrrinbod\/wp-content\/uploads\/sites\/235\/2024\/02\/L9-768x51.png 768w\" sizes=\"auto, (max-width: 1016px) 100vw, 1016px\" \/><\/a><\/figure>\n\n\n\n<figure class=\"wp-block-image size-full is-resized\"><a href=\"https:\/\/seal.transport-manager.net\/mrrinbod\/wp-content\/uploads\/sites\/235\/2025\/02\/L10.png\" target=\"_blank\" rel=\" noreferrer noopener\"><img loading=\"lazy\" decoding=\"async\" width=\"913\" height=\"61\" src=\"https:\/\/seal.transport-manager.net\/mrrinbod\/wp-content\/uploads\/sites\/235\/2024\/02\/L10.png\" alt=\"\" class=\"wp-image-688\" style=\"width:837px;height:auto\" srcset=\"https:\/\/seal.transport-manager.net\/mrrinbod\/wp-content\/uploads\/sites\/235\/2024\/02\/L10.png 913w, https:\/\/seal.transport-manager.net\/mrrinbod\/wp-content\/uploads\/sites\/235\/2024\/02\/L10-300x20.png 300w, https:\/\/seal.transport-manager.net\/mrrinbod\/wp-content\/uploads\/sites\/235\/2024\/02\/L10-768x51.png 768w\" sizes=\"auto, (max-width: 913px) 100vw, 913px\" \/><\/a><\/figure>\n\n\n\n<figure class=\"wp-block-image size-large is-resized\"><a href=\"https:\/\/seal.transport-manager.net\/mrrinbod\/wp-content\/uploads\/sites\/235\/2025\/02\/L11.png\" target=\"_blank\" rel=\" noreferrer noopener\"><img loading=\"lazy\" decoding=\"async\" width=\"1024\" height=\"56\" src=\"https:\/\/seal.transport-manager.net\/mrrinbod\/wp-content\/uploads\/sites\/235\/2024\/02\/L11-1024x56.png\" alt=\"\" class=\"wp-image-689\" style=\"width:827px;height:auto\" srcset=\"https:\/\/seal.transport-manager.net\/mrrinbod\/wp-content\/uploads\/sites\/235\/2024\/02\/L11-1024x56.png 1024w, https:\/\/seal.transport-manager.net\/mrrinbod\/wp-content\/uploads\/sites\/235\/2024\/02\/L11-300x16.png 300w, https:\/\/seal.transport-manager.net\/mrrinbod\/wp-content\/uploads\/sites\/235\/2024\/02\/L11-768x42.png 768w, https:\/\/seal.transport-manager.net\/mrrinbod\/wp-content\/uploads\/sites\/235\/2024\/02\/L11-1232x68.png 1232w, https:\/\/seal.transport-manager.net\/mrrinbod\/wp-content\/uploads\/sites\/235\/2024\/02\/L11.png 1257w\" sizes=\"auto, (max-width: 1024px) 100vw, 1024px\" \/><\/a><\/figure>\n\n\n\n<figure class=\"wp-block-image size-large is-resized\"><a href=\"https:\/\/seal.transport-manager.net\/mrrinbod\/wp-content\/uploads\/sites\/235\/2025\/02\/L12.png\" target=\"_blank\" rel=\" noreferrer noopener\"><img loading=\"lazy\" decoding=\"async\" width=\"1024\" height=\"64\" src=\"https:\/\/seal.transport-manager.net\/mrrinbod\/wp-content\/uploads\/sites\/235\/2025\/01\/L12-1024x64.png\" alt=\"\" class=\"wp-image-795\" style=\"width:830px;height:auto\" srcset=\"https:\/\/seal.transport-manager.net\/mrrinbod\/wp-content\/uploads\/sites\/235\/2025\/01\/L12-1024x64.png 1024w, https:\/\/seal.transport-manager.net\/mrrinbod\/wp-content\/uploads\/sites\/235\/2025\/01\/L12-300x19.png 300w, https:\/\/seal.transport-manager.net\/mrrinbod\/wp-content\/uploads\/sites\/235\/2025\/01\/L12-768x48.png 768w, https:\/\/seal.transport-manager.net\/mrrinbod\/wp-content\/uploads\/sites\/235\/2025\/01\/L12.png 1058w\" sizes=\"auto, (max-width: 1024px) 100vw, 1024px\" \/><\/a><\/figure>\n\n\n\n<figure class=\"wp-block-image size-full is-resized\"><a href=\"https:\/\/seal.transport-manager.net\/mrrinbod\/wp-content\/uploads\/sites\/235\/2025\/02\/L13-1.png\" target=\"_blank\" rel=\" noreferrer noopener\"><img loading=\"lazy\" decoding=\"async\" width=\"780\" height=\"68\" src=\"https:\/\/seal.transport-manager.net\/mrrinbod\/wp-content\/uploads\/sites\/235\/2025\/01\/L13.png\" alt=\"\" class=\"wp-image-796\" style=\"width:831px;height:auto\" srcset=\"https:\/\/seal.transport-manager.net\/mrrinbod\/wp-content\/uploads\/sites\/235\/2025\/01\/L13.png 780w, https:\/\/seal.transport-manager.net\/mrrinbod\/wp-content\/uploads\/sites\/235\/2025\/01\/L13-300x26.png 300w, https:\/\/seal.transport-manager.net\/mrrinbod\/wp-content\/uploads\/sites\/235\/2025\/01\/L13-768x67.png 768w\" sizes=\"auto, (max-width: 780px) 100vw, 780px\" \/><\/a><\/figure>\n\n\n\n<p class=\"has-text-align-center\"><\/p>\n","protected":false},"excerpt":{"rendered":"<p>\u00a0 LIGNE B1 Gare Centrale &lt;-&gt; Campus Alan TuringVia : H\u00f4tel de Ville, H\u00f4tel de r\u00e9gion et Clinique Sainte Marie \u00a0 LIGNE B2 Gare Centrale &lt;-&gt; A\u00e9roportVia : Palais des&nbsp;&hellip;<\/p>\n","protected":false},"author":260,"featured_media":0,"parent":0,"menu_order":2,"comment_status":"closed","ping_status":"closed","template":"","meta":{"footnotes":""},"class_list":["post-102","page","type-page","status-publish","hentry"],"_links":{"self":[{"href":"https:\/\/seal.transport-manager.net\/mrrinbod\/wp-json\/wp\/v2\/pages\/102","targetHints":{"allow":["GET"]}}],"collection":[{"href":"https:\/\/seal.transport-manager.net\/mrrinbod\/wp-json\/wp\/v2\/pages"}],"about":[{"href":"https:\/\/seal.transport-manager.net\/mrrinbod\/wp-json\/wp\/v2\/types\/page"}],"author":[{"embeddable":true,"href":"https:\/\/seal.transport-manager.net\/mrrinbod\/wp-json\/wp\/v2\/users\/260"}],"replies":[{"embeddable":true,"href":"https:\/\/seal.transport-manager.net\/mrrinbod\/wp-json\/wp\/v2\/comments?post=102"}],"version-history":[{"count":85,"href":"https:\/\/seal.transport-manager.net\/mrrinbod\/wp-json\/wp\/v2\/pages\/102\/revisions"}],"predecessor-version":[{"id":948,"href":"https:\/\/seal.transport-manager.net\/mrrinbod\/wp-json\/wp\/v2\/pages\/102\/revisions\/948"}],"wp:attachment":[{"href":"https:\/\/seal.transport-manager.net\/mrrinbod\/wp-json\/wp\/v2\/media?parent=102"}],"curies":[{"name":"wp","href":"https:\/\/api.w.org\/{rel}","templated":true}]}}