{"id":291,"date":"2022-09-22T18:10:32","date_gmt":"2022-09-22T16:10:32","guid":{"rendered":"https:\/\/seal.transport-manager.net\/mrrinbod\/?page_id=291"},"modified":"2023-08-21T15:54:18","modified_gmt":"2023-08-21T13:54:18","slug":"titres-de-transport-et-amendes","status":"publish","type":"page","link":"https:\/\/seal.transport-manager.net\/mrrinbod\/titres-de-transport-et-amendes\/","title":{"rendered":"Titres De Transport et Amendes"},"content":{"rendered":"\n<p><strong>Les titres de tra<\/strong><strong>nsports<\/strong><\/p>\n\n\n\n<p>Pour l\u2019instant vous pouvez acheter plusieurs types de titres de transports :<\/p>\n\n\n\n<figure class=\"wp-block-table\"><table><tbody><tr><td>Nom<\/td><td>Description<\/td><td>Prix *<\/td><\/tr><tr><td>R&rsquo;One<\/td><td><em>Ticket unitaire<\/em><\/td><td>1.70\u20ac<\/td><\/tr><tr><td>R&rsquo;Journ\u00e9e<\/td><td><em>Ticket 24h<\/em><\/td><td>5,00\u20ac<\/td><\/tr><tr><td>R&rsquo;Abo<\/td><td><em>Abonnement<\/em><\/td><td>59,00\u20ac<\/td><\/tr><\/tbody><\/table><figcaption class=\"wp-element-caption\"><em>* Les prix sont d\u00e9finis par l&rsquo;Autorit\u00e9 Organisatrice.<\/em><\/figcaption><\/figure>\n\n\n\n<p><strong>Les amendes :<\/strong><\/p>\n\n\n\n<p>Il existe plusieurs amendes sur le r\u00e9seau :<\/p>\n\n\n\n<p>Ticket non valid\u00e9 : 120 \u20ac (90 \u20ac si payement imm\u00e9diat)<\/p>\n\n\n\n<p>D\u00e9gradation du mat\u00e9riel (si\u00e8ges, bus\u2026) : de 75 \u20ac \u00e0 250 000 \u20ac (en fonction de la d\u00e9gradation)<\/p>\n\n\n\n<p>Agression : jusqu\u2019\u00e0 30 000 \u20ac et 2 ans d\u2019emprisonnement.<\/p>\n\n\n\n<p>Incivilit\u00e9s : De 50 \u20ac \u00e0 5 000 \u20ac.<\/p>\n","protected":false},"excerpt":{"rendered":"<p>Les titres de transports Pour l\u2019instant vous pouvez acheter plusieurs types de titres de transports : Nom Description Prix * R&rsquo;One Ticket unitaire 1.70\u20ac R&rsquo;Journ\u00e9e Ticket 24h 5,00\u20ac R&rsquo;Abo Abonnement&nbsp;&hellip;<\/p>\n","protected":false},"author":260,"featured_media":0,"parent":0,"menu_order":0,"comment_status":"closed","ping_status":"closed","template":"","meta":{"footnotes":""},"class_list":["post-291","page","type-page","status-publish","hentry"],"_links":{"self":[{"href":"https:\/\/seal.transport-manager.net\/mrrinbod\/wp-json\/wp\/v2\/pages\/291","targetHints":{"allow":["GET"]}}],"collection":[{"href":"https:\/\/seal.transport-manager.net\/mrrinbod\/wp-json\/wp\/v2\/pages"}],"about":[{"href":"https:\/\/seal.transport-manager.net\/mrrinbod\/wp-json\/wp\/v2\/types\/page"}],"author":[{"embeddable":true,"href":"https:\/\/seal.transport-manager.net\/mrrinbod\/wp-json\/wp\/v2\/users\/260"}],"replies":[{"embeddable":true,"href":"https:\/\/seal.transport-manager.net\/mrrinbod\/wp-json\/wp\/v2\/comments?post=291"}],"version-history":[{"count":4,"href":"https:\/\/seal.transport-manager.net\/mrrinbod\/wp-json\/wp\/v2\/pages\/291\/revisions"}],"predecessor-version":[{"id":647,"href":"https:\/\/seal.transport-manager.net\/mrrinbod\/wp-json\/wp\/v2\/pages\/291\/revisions\/647"}],"wp:attachment":[{"href":"https:\/\/seal.transport-manager.net\/mrrinbod\/wp-json\/wp\/v2\/media?parent=291"}],"curies":[{"name":"wp","href":"https:\/\/api.w.org\/{rel}","templated":true}]}}