{"id":696,"date":"2024-02-05T02:07:24","date_gmt":"2024-02-05T01:07:24","guid":{"rendered":"https:\/\/seal.transport-manager.net\/mrrinbod\/?page_id=696"},"modified":"2024-02-05T11:45:06","modified_gmt":"2024-02-05T10:45:06","slug":"parc-rmobilite","status":"publish","type":"page","link":"https:\/\/seal.transport-manager.net\/mrrinbod\/parc-rmobilite\/","title":{"rendered":"Parc R&rsquo;Mobilit\u00e9"},"content":{"rendered":"\n<p>Parc de bus roulants<\/p>\n\n\n\n<figure class=\"wp-block-table\"><table><tbody><tr><td>N\u00b0 de Parc<\/td><td>Marque<\/td><td>Mod\u00e8le<\/td><td>\u00c9nergie<\/td><td>Ligne<\/td><td>D\u00e9pot<\/td><td>Statut<\/td><\/tr><tr><td>001<\/td><td>Mercedes<\/td><td>Sprinter City 77<\/td><td>Diesel<\/td><td>Ligne 60<\/td><td>R&rsquo;Mobilit\u00e9<\/td><td>En service<\/td><\/tr><tr><td>002<\/td><td>Mercedes<\/td><td>Sprinter City 77<\/td><td>Diesel<\/td><td>Ligne 60<\/td><td>R&rsquo;Mobilit\u00e9<\/td><td>En service<\/td><\/tr><tr><td>003<\/td><td>Mercedes<\/td><td>Sprinter City 77<\/td><td>Diesel<\/td><td>Ligne 60<\/td><td>R&rsquo;Mobilit\u00e9<\/td><td>En service<\/td><\/tr><tr><td>004<\/td><td>Mercedes<\/td><td>Sprinter City 77<\/td><td>Diesel<\/td><td>TAD 901 et 902<\/td><td>R&rsquo;Mobilit\u00e9<\/td><td>En service<\/td><\/tr><tr><td>005<\/td><td>Mercedes<\/td><td>Sprinter City 77<\/td><td>Diesel<\/td><td>TAD 901 et 902<\/td><td>R&rsquo;Mobilit\u00e9<\/td><td>En service<\/td><\/tr><tr><td>006<\/td><td>Mercedes<\/td><td>Sprinter City 77<\/td><td>Diesel<\/td><td>TAD 901 et 902<\/td><td>R&rsquo;Mobilit\u00e9<\/td><td>En service<\/td><\/tr><tr><td>126<\/td><td>Volvo<\/td><td>7900 Hybrid 10m<\/td><td>Diesel Hybride<\/td><td>Ligne 4<\/td><td>R&rsquo;Mobilit\u00e9<\/td><td>En service<\/td><\/tr><tr><td>127<\/td><td>Volvo<\/td><td>7900 Hybrid 10m<\/td><td>Diesel Hybride<\/td><td>Ligne 7<\/td><td>R&rsquo;Mobilit\u00e9<\/td><td>En service<\/td><\/tr><tr><td>201<\/td><td>Man<\/td><td>Lion&rsquo;s City Hybride<\/td><td>Diesel Hybride<\/td><td>Ligne 4<\/td><td>R&rsquo;Mobilit\u00e9<\/td><td>En service<\/td><\/tr><tr><td>202<\/td><td>Man<\/td><td>Lion&rsquo;s City Hybride<\/td><td>Diesel Hybride<\/td><td>Ligne 4<\/td><td>R&rsquo;Mobilit\u00e9<\/td><td>En service<\/td><\/tr><tr><td>203<\/td><td>Man<\/td><td>Lion&rsquo;s City Hybride<\/td><td>Diesel Hybride<\/td><td>Ligne 4<\/td><td>R&rsquo;Mobilit\u00e9<\/td><td>En service<\/td><\/tr><tr><td>204<\/td><td>Man<\/td><td>Lion&rsquo;s City Hybride<\/td><td>Diesel Hybride<\/td><td>Ligne 1<\/td><td>R&rsquo;Mobilit\u00e9<\/td><td>En service<\/td><\/tr><tr><td>205<\/td><td>Iveco<\/td><td>Urbanway 12<\/td><td>Diesel Hybride<\/td><td>Ligne 7<\/td><td>R&rsquo;Mobilit\u00e9<\/td><td>En service<\/td><\/tr><tr><td>206<\/td><td>Iveco<\/td><td>Urbanway 12<\/td><td>Diesel Hybride<\/td><td>Ligne 7<\/td><td>R&rsquo;Mobilit\u00e9<\/td><td>En service<\/td><\/tr><tr><td>207<\/td><td>Iveco<\/td><td>Urbanway 12<\/td><td>Diesel Hybride<\/td><td>Ligne 7<\/td><td>R&rsquo;Mobilit\u00e9<\/td><td>En service<\/td><\/tr><tr><td>208<\/td><td>Iveco<\/td><td>Urbanway 12<\/td><td>Diesel Hybride<\/td><td>Ligne 7<\/td><td>R&rsquo;Mobilit\u00e9<\/td><td>En service<\/td><\/tr><tr><td>209<\/td><td>Iveco<\/td><td>Urbanway 12<\/td><td>Diesel Hybride<\/td><td>Ligne 7<\/td><td>R&rsquo;Mobilit\u00e9<\/td><td>En service<\/td><\/tr><tr><td>210<\/td><td>Iveco<\/td><td>Urbanway 12<\/td><td>Diesel Hybride<\/td><td>Ligne 7<\/td><td>R&rsquo;Mobilit\u00e9<\/td><td>En service<\/td><\/tr><tr><td>211<\/td><td>Iveco<\/td><td>Urbanway 12<\/td><td>Diesel Hybride<\/td><td>Ligne 7<\/td><td>R&rsquo;Mobilit\u00e9<\/td><td>En service<\/td><\/tr><tr><td>212<\/td><td>VanHool<\/td><td>New A360 <\/td><td>Diesel Hybride<\/td><td>Ligne 6<\/td><td>R&rsquo;Mobilit\u00e9<\/td><td>En service<\/td><\/tr><tr><td>213<\/td><td>VanHool<\/td><td>New A360 <\/td><td>Diesel Hybride<\/td><td>Ligne 6<\/td><td>R&rsquo;Mobilit\u00e9<\/td><td>En service<\/td><\/tr><tr><td>214<\/td><td>VanHool<\/td><td>New A360 <\/td><td>Diesel Hybride<\/td><td>Ligne 6<\/td><td>R&rsquo;Mobilit\u00e9<\/td><td>En service<\/td><\/tr><tr><td>215<\/td><td>VanHool<\/td><td>New A360 <\/td><td>Diesel Hybride<\/td><td>Ligne 6<\/td><td>R&rsquo;Mobilit\u00e9<\/td><td>En service<\/td><\/tr><tr><td>216<\/td><td>VanHool<\/td><td>New A360 <\/td><td>Diesel Hybride<\/td><td>Ligne 6<\/td><td>R&rsquo;Mobilit\u00e9<\/td><td>En service<\/td><\/tr><tr><td>217<\/td><td>VanHool<\/td><td>New A360 <\/td><td>Diesel Hybride<\/td><td>Ligne 11<\/td><td>R&rsquo;Mobilit\u00e9<\/td><td>En service<\/td><\/tr><tr><td>218<\/td><td>VanHool<\/td><td>New A360 <\/td><td>Diesel Hybride<\/td><td>Ligne 11<\/td><td>R&rsquo;Mobilit\u00e9<\/td><td>En service<\/td><\/tr><tr><td>219<\/td><td>VanHool<\/td><td>New A360 <\/td><td>Diesel Hybride<\/td><td>Ligne 11<\/td><td>R&rsquo;Mobilit\u00e9<\/td><td>En service<\/td><\/tr><tr><td>220<\/td><td>VanHool<\/td><td>New A360 <\/td><td>Diesel Hybride<\/td><td>Ligne 11<\/td><td>R&rsquo;Mobilit\u00e9<\/td><td>En service<\/td><\/tr><tr><td>221<\/td><td>VanHool<\/td><td>New A360 <\/td><td>Diesel Hybride<\/td><td>Ligne 11<\/td><td>R&rsquo;Mobilit\u00e9<\/td><td>En service<\/td><\/tr><tr><td>301<\/td><td>Heuliez<\/td><td>GX 337<\/td><td>GNV<\/td><td>Retrait de service<\/td><td>R&rsquo;Mobilit\u00e9<\/td><td>R\u00e9serv\u00e9 Vente<\/td><\/tr><tr><td>302<\/td><td>Man<\/td><td>Lion&rsquo;s City L<\/td><td>GNV<\/td><td>Lignes 4 et 7<\/td><td>R&rsquo;Mobilit\u00e9<\/td><td>En service<\/td><\/tr><tr><td>303<\/td><td>Mercedes<\/td><td>Citaro C2 NGT<\/td><td>GNV<\/td><td>Ligne 9<\/td><td>R&rsquo;Mobilit\u00e9<\/td><td>En service<\/td><\/tr><tr><td>304<\/td><td>Mercedes<\/td><td>Citaro C2 NGT<\/td><td>GNV<\/td><td>Ligne 9<\/td><td>R&rsquo;Mobilit\u00e9<\/td><td>En service<\/td><\/tr><tr><td>305<\/td><td>Mercedes<\/td><td>Citaro C2 NGT<\/td><td>GNV<\/td><td>Ligne 9<\/td><td>R&rsquo;Mobilit\u00e9<\/td><td>En service<\/td><\/tr><tr><td>306<\/td><td>Mercedes<\/td><td>Citaro C2 NGT<\/td><td>GNV<\/td><td>Ligne 9<\/td><td>R&rsquo;Mobilit\u00e9<\/td><td>En service<\/td><\/tr><tr><td>307<\/td><td>Mercedes<\/td><td>Citaro C2 NGT<\/td><td>GNV<\/td><td>Ligne 9<\/td><td>R&rsquo;Mobilit\u00e9<\/td><td>En service<\/td><\/tr><tr><td>308<\/td><td>Mercedes<\/td><td>Citaro C2 NGT<\/td><td>GNV<\/td><td>Ligne 9<\/td><td>R&rsquo;Mobilit\u00e9<\/td><td>En service<\/td><\/tr><tr><td>501<\/td><td>Heuliez<\/td><td>GX 437<\/td><td>Diesel Hybride<\/td><td>Ligne 5<\/td><td>R&rsquo;Mobilit\u00e9<\/td><td>En service<\/td><\/tr><tr><td>502<\/td><td>Heuliez<\/td><td>GX 437<\/td><td>Diesel Hybride<\/td><td>Ligne 5<\/td><td>R&rsquo;Mobilit\u00e9<\/td><td>En service<\/td><\/tr><tr><td>503<\/td><td>Heuliez<\/td><td>GX 437<\/td><td>Diesel Hybride<\/td><td>Ligne 5<\/td><td>R&rsquo;Mobilit\u00e9<\/td><td>En service<\/td><\/tr><tr><td>504<\/td><td>Heuliez<\/td><td>GX 437<\/td><td>Diesel Hybride<\/td><td>Ligne 5<\/td><td>R&rsquo;Mobilit\u00e9<\/td><td>En service<\/td><\/tr><tr><td>505<\/td><td>Hess<\/td><td>SwissHybrid<\/td><td>Diesel Hybride<\/td><td>Ligne 10<\/td><td>R&rsquo;Mobilit\u00e9<\/td><td>En livraison<\/td><\/tr><tr><td>506<\/td><td>Hess<\/td><td>SwissHybrid<\/td><td>Diesel Hybride<\/td><td>Ligne 10<\/td><td>R&rsquo;Mobilit\u00e9<\/td><td>En livraison<\/td><\/tr><tr><td>507<\/td><td>Hess<\/td><td>SwissHybrid<\/td><td>Diesel Hybride<\/td><td>Ligne 10<\/td><td>R&rsquo;Mobilit\u00e9<\/td><td>En livraison<\/td><\/tr><tr><td>508<\/td><td>Hess<\/td><td>SwissHybrid<\/td><td>Diesel Hybride<\/td><td>Ligne 10<\/td><td>R&rsquo;Mobilit\u00e9<\/td><td>En livraison<\/td><\/tr><tr><td>601<\/td><td>Mercedes<\/td><td>Citaro GC2 NGT<\/td><td>GNV<\/td><td>Ligne 1<\/td><td>R&rsquo;Mobilit\u00e9<\/td><td>En service<\/td><\/tr><tr><td>602<\/td><td>Mercedes<\/td><td>Citaro GC2 NGT<\/td><td>GNV<\/td><td>Ligne 1<\/td><td>R&rsquo;Mobilit\u00e9<\/td><td>En service<\/td><\/tr><tr><td>603<\/td><td>Mercedes<\/td><td>Citaro GC2 NGT<\/td><td>GNV<\/td><td>Ligne 1<\/td><td>R&rsquo;Mobilit\u00e9<\/td><td>En service<\/td><\/tr><tr><td>604<\/td><td>Mercedes<\/td><td>Citaro GC2 NGT<\/td><td>GNV<\/td><td>Ligne 1<\/td><td>R&rsquo;Mobilit\u00e9<\/td><td>En service<\/td><\/tr><tr><td>605<\/td><td>Mercedes<\/td><td>Citaro GC2 NGT<\/td><td>GNV<\/td><td>Ligne 1<\/td><td>R&rsquo;Mobilit\u00e9<\/td><td>En service<\/td><\/tr><tr><td>606<\/td><td>Mercedes<\/td><td>Citaro GC2 NGT<\/td><td>GNV<\/td><td>Ligne 1<\/td><td>R&rsquo;Mobilit\u00e9<\/td><td>En service<\/td><\/tr><tr><td>607<\/td><td>Mercedes<\/td><td>Citaro GC2 NGT<\/td><td>GNV<\/td><td>Ligne 1<\/td><td>R&rsquo;Mobilit\u00e9<\/td><td>En service<\/td><\/tr><tr><td>608<\/td><td>Mercedes<\/td><td>Citaro GC2 NGT<\/td><td>GNV<\/td><td>Ligne 5<\/td><td>R&rsquo;Mobilit\u00e9<\/td><td>En service<\/td><\/tr><tr><td>609<\/td><td>Mercedes<\/td><td>Citaro GC2 NGT<\/td><td>GNV<\/td><td>Ligne 5<\/td><td>R&rsquo;Mobilit\u00e9<\/td><td>En service<\/td><\/tr><tr><td>610<\/td><td>Mercedes<\/td><td>Citaro GC2 NGT<\/td><td>GNV<\/td><td>Ligne 5<\/td><td>R&rsquo;Mobilit\u00e9<\/td><td>En service<\/td><\/tr><tr><td>611<\/td><td>Mercedes<\/td><td>Citaro GC2 NGT<\/td><td>GNV<\/td><td>Ligne 5<\/td><td>R&rsquo;Mobilit\u00e9<\/td><td>En service<\/td><\/tr><tr><td>612<\/td><td>Mercedes<\/td><td>Citaro GC2 NGT<\/td><td>GNV<\/td><td>Ligne 5<\/td><td>R&rsquo;Mobilit\u00e9<\/td><td>En service<\/td><\/tr><tr><td>B201<\/td><td>Solaris<\/td><td>Urbino 18 BHNS<\/td><td>Diesel Hybride<\/td><td>Ligne B2<\/td><td>R&rsquo;Mobilit\u00e9<\/td><td>En service<\/td><\/tr><tr><td>B202<\/td><td>Solaris<\/td><td>Urbino 18 BHNS<\/td><td>Diesel Hybride<\/td><td>Ligne B2<\/td><td>R&rsquo;Mobilit\u00e9<\/td><td>En service<\/td><\/tr><tr><td>B203<\/td><td>Solaris<\/td><td>Urbino 18 BHNS<\/td><td>Diesel Hybride<\/td><td>Ligne B2<\/td><td>R&rsquo;Mobilit\u00e9<\/td><td>En service<\/td><\/tr><tr><td>B204<\/td><td>Solaris<\/td><td>Urbino 18 BHNS<\/td><td>Diesel Hybride<\/td><td>Ligne B2<\/td><td>R&rsquo;Mobilit\u00e9<\/td><td>En service<\/td><\/tr><tr><td>B205<\/td><td>Solaris<\/td><td>Urbino 18 BHNS<\/td><td>Diesel Hybride<\/td><td>Ligne B2<\/td><td>R&rsquo;Mobilit\u00e9<\/td><td>En service<\/td><\/tr><tr><td>B206<\/td><td>Solaris<\/td><td>Urbino 18 BHNS<\/td><td>Diesel Hybride<\/td><td>Ligne B2<\/td><td>R&rsquo;Mobilit\u00e9<\/td><td>En service<\/td><\/tr><tr><td>B207<\/td><td>Solaris<\/td><td>Urbino 18 BHNS<\/td><td>Diesel Hybride<\/td><td>Ligne B2<\/td><td>R&rsquo;Mobilit\u00e9<\/td><td>En service<\/td><\/tr><tr><td>B208<\/td><td>Solaris<\/td><td>Urbino 18 BHNS<\/td><td>Diesel Hybride<\/td><td>Ligne B2<\/td><td>R&rsquo;Mobilit\u00e9<\/td><td>En service<\/td><\/tr><tr><td>B209<\/td><td>Solaris<\/td><td>Urbino 18 BHNS<\/td><td>Diesel Hybride<\/td><td>Ligne B2<\/td><td>R&rsquo;Mobilit\u00e9<\/td><td>En service<\/td><\/tr><tr><td>B210<\/td><td>Solaris<\/td><td>Urbino 18 BHNS<\/td><td>Diesel Hybride<\/td><td>Ligne B2<\/td><td>R&rsquo;Mobilit\u00e9<\/td><td>En service<\/td><\/tr><tr><td>B211<\/td><td>Solaris<\/td><td>Urbino 18 BHNS<\/td><td>Diesel Hybride<\/td><td>Ligne B2<\/td><td>R&rsquo;Mobilit\u00e9<\/td><td>En service<\/td><\/tr><tr><td>B212<\/td><td>Solaris<\/td><td>Urbino 18 BHNS<\/td><td>Diesel Hybride<\/td><td>Ligne B2<\/td><td>R&rsquo;Mobilit\u00e9<\/td><td>En service<\/td><\/tr><tr><td>B213<\/td><td>Solaris<\/td><td>Urbino 18 BHNS<\/td><td>Diesel Hybride<\/td><td>Ligne B2<\/td><td>R&rsquo;Mobilit\u00e9<\/td><td>En service<\/td><\/tr><tr><td>B214<\/td><td>Solaris<\/td><td>Urbino 18 BHNS<\/td><td>Diesel Hybride<\/td><td>Ligne B2<\/td><td>R&rsquo;Mobilit\u00e9<\/td><td>En service<\/td><\/tr><tr><td>B215<\/td><td>Solaris<\/td><td>Urbino 18 BHNS<\/td><td>Diesel Hybride<\/td><td>Ligne B2<\/td><td>R&rsquo;Mobilit\u00e9<\/td><td>En service<\/td><\/tr><tr><td>B216<\/td><td>Solaris<\/td><td>Urbino 18 BHNS<\/td><td>Diesel Hybride<\/td><td>Ligne B2<\/td><td>R&rsquo;Mobilit\u00e9<\/td><td>En service<\/td><\/tr><tr><td>B217<\/td><td>Solaris<\/td><td>Urbino 18 BHNS<\/td><td>Diesel Hybride<\/td><td>Ligne B2<\/td><td>R&rsquo;Mobilit\u00e9<\/td><td>En service<\/td><\/tr><tr><td>B301<\/td><td>Iveco<\/td><td>Urbanway 12 BHNS MH<\/td><td>Diesel Hybride<\/td><td>Ligne B3<\/td><td>R&rsquo;Mobilit\u00e9<\/td><td>En service<\/td><\/tr><tr><td>B302<\/td><td>Iveco<\/td><td>Urbanway 12 BHNS MH<\/td><td>Diesel Hybride<\/td><td>Ligne B3<\/td><td>R&rsquo;Mobilit\u00e9<\/td><td>En service<\/td><\/tr><tr><td>B303<\/td><td>Iveco<\/td><td>Urbanway 12 BHNS MH<\/td><td>Diesel Hybride<\/td><td>Ligne B3<\/td><td>R&rsquo;Mobilit\u00e9<\/td><td>En service<\/td><\/tr><tr><td>B304<\/td><td>Iveco<\/td><td>Urbanway 12 BHNS MH<\/td><td>Diesel Hybride<\/td><td>Ligne B3<\/td><td>R&rsquo;Mobilit\u00e9<\/td><td>En service<\/td><\/tr><tr><td>B305<\/td><td>Iveco<\/td><td>Urbanway 12 BHNS MH<\/td><td>Diesel Hybride<\/td><td>Ligne B3<\/td><td>R&rsquo;Mobilit\u00e9<\/td><td>En service<\/td><\/tr><tr><td>B306<\/td><td>Iveco<\/td><td>Urbanway 12 BHNS MH<\/td><td>Diesel Hybride<\/td><td>Ligne B3<\/td><td>R&rsquo;Mobilit\u00e9<\/td><td>En service<\/td><\/tr><tr><td>B307<\/td><td>Iveco<\/td><td>Urbanway 12 BHNS MH<\/td><td>Diesel Hybride<\/td><td>Ligne B3<\/td><td>R&rsquo;Mobilit\u00e9<\/td><td>En service<\/td><\/tr><tr><td>B308<\/td><td>Iveco<\/td><td>Urbanway 12 BHNS MH<\/td><td>Diesel Hybride<\/td><td>Ligne B3<\/td><td>R&rsquo;Mobilit\u00e9<\/td><td>En service<\/td><\/tr><tr><td>B309<\/td><td>Iveco<\/td><td>Urbanway 12 BHNS MH<\/td><td>Diesel Hybride<\/td><td>Ligne B3<\/td><td>R&rsquo;Mobilit\u00e9<\/td><td>En service<\/td><\/tr><tr><td>B310<\/td><td>Iveco<\/td><td>Urbanway 12 BHNS MH<\/td><td>Diesel Hybride<\/td><td>Ligne B3<\/td><td>R&rsquo;Mobilit\u00e9<\/td><td>En service<\/td><\/tr><tr><td>B311<\/td><td>Iveco<\/td><td>Urbanway 12 BHNS MH<\/td><td>Diesel Hybride<\/td><td>Ligne B3<\/td><td>R&rsquo;Mobilit\u00e9<\/td><td>En service<\/td><\/tr><tr><td>B312<\/td><td>Iveco<\/td><td>Urbanway 12 BHNS MH<\/td><td>Diesel Hybride<\/td><td>Ligne B3<\/td><td>R&rsquo;Mobilit\u00e9<\/td><td>En service<\/td><\/tr><tr><td>B313<\/td><td>Iveco<\/td><td>Urbanway 12 BHNS MH<\/td><td>Diesel Hybride<\/td><td>Ligne B3<\/td><td>R&rsquo;Mobilit\u00e9<\/td><td>En service<\/td><\/tr><tr><td>R &#8211; 1 A<\/td><td>Volvo<\/td><td>7900 A<\/td><td>Diesel Hybride<\/td><td>R\u00e9serve<\/td><td>R&rsquo;Mobilit\u00e9<\/td><td>En service<\/td><\/tr><tr><td>R &#8211; 1 B2<\/td><td>Mercedes<\/td><td>Citaro G Facelift BHNS<\/td><td>GNV<\/td><td>R\u00e9serve<\/td><td>R&rsquo;Mobilit\u00e9<\/td><td>En service<\/td><\/tr><tr><td>R &#8211; 1 Mid<\/td><td>Heuliez<\/td><td>GX 137<\/td><td>Diesel<\/td><td>R\u00e9serve<\/td><td>R&rsquo;Mobilit\u00e9<\/td><td>En service<\/td><\/tr><tr><td>R &#8211; 1 S<\/td><td>Mercedes<\/td><td>Citaro C2<\/td><td>Diesel<\/td><td>R\u00e9serve<\/td><td>R&rsquo;Mobilit\u00e9<\/td><td>En service<\/td><\/tr><tr><td>R &#8211; 2 S<\/td><td>Solaris<\/td><td>Urbino 12 IV<\/td><td>Diesel<\/td><td>R\u00e9serve<\/td><td>R&rsquo;Mobilit\u00e9<\/td><td>En service<\/td><\/tr><\/tbody><\/table><\/figure>\n\n\n\n<p>Parc des v\u00e9hicules mus\u00e9es (\u00e0 retrouver chaque ann\u00e9e aux JEP) <\/p>\n\n\n\n<figure class=\"wp-block-table\"><table><tbody><tr><td>N\u00b0 de Parc<\/td><td>Marque<\/td><td>Mod\u00e8le<\/td><td>\u00c9nergie<\/td><td>Ann\u00e9e de mise en service<\/td><td>D\u00e9pot<\/td><\/tr><tr><td>M &#8211; 001<\/td><td>Mercedes<\/td><td>Cito<\/td><td>Diesel<\/td><td>1999<\/td><td>R&rsquo;Mobilit\u00e9<\/td><\/tr><tr><td>M &#8211; 002<\/td><td>VanHool<\/td><td>A308<\/td><td>Diesel<\/td><td>1991<\/td><td>R&rsquo;Mobilit\u00e9<\/td><\/tr><tr><td>M &#8211; 101<\/td><td>Heuliez<\/td><td>GX 217<\/td><td>Diesel<\/td><td>1996<\/td><td>R&rsquo;Mobilit\u00e9<\/td><\/tr><tr><td>M &#8211; 102<\/td><td>Renault<\/td><td>Agora S<\/td><td>Diesel<\/td><td>1998<\/td><td>R&rsquo;Mobilit\u00e9<\/td><\/tr><tr><td>M &#8211; 103<\/td><td>Mercedes<\/td><td>Citaro<\/td><td>GNV<\/td><td>2005<\/td><td>R&rsquo;Mobilit\u00e9<\/td><\/tr><tr><td>M &#8211; 104<\/td><td>Mercedes<\/td><td>O405<\/td><td>Diesel<\/td><td>1991<\/td><td>R&rsquo;Mobilit\u00e9<\/td><\/tr><tr><td>M &#8211; 201<\/td><td>Heuliez<\/td><td>GX 417<\/td><td>Diesel<\/td><td>1995<\/td><td>R&rsquo;Mobilit\u00e9<\/td><\/tr><tr><td>M &#8211; 202<\/td><td>Mercedes<\/td><td>Citaro G<\/td><td>GNV<\/td><td>2005<\/td><td>R&rsquo;Mobilit\u00e9<\/td><\/tr><tr><td>M &#8211; 203<\/td><td>Setra<\/td><td>SG 180 M<\/td><td>Diesel<\/td><td>1970<\/td><td>R&rsquo;Mobilit\u00e9<\/td><\/tr><\/tbody><\/table><\/figure>\n","protected":false},"excerpt":{"rendered":"<p>Parc de bus roulants N\u00b0 de Parc Marque Mod\u00e8le \u00c9nergie Ligne D\u00e9pot Statut 001 Mercedes Sprinter City 77 Diesel Ligne 60 R&rsquo;Mobilit\u00e9 En service 002 Mercedes Sprinter City 77 Diesel&nbsp;&hellip;<\/p>\n","protected":false},"author":260,"featured_media":0,"parent":0,"menu_order":0,"comment_status":"closed","ping_status":"closed","template":"","meta":{"footnotes":""},"class_list":["post-696","page","type-page","status-publish","hentry"],"_links":{"self":[{"href":"https:\/\/seal.transport-manager.net\/mrrinbod\/wp-json\/wp\/v2\/pages\/696","targetHints":{"allow":["GET"]}}],"collection":[{"href":"https:\/\/seal.transport-manager.net\/mrrinbod\/wp-json\/wp\/v2\/pages"}],"about":[{"href":"https:\/\/seal.transport-manager.net\/mrrinbod\/wp-json\/wp\/v2\/types\/page"}],"author":[{"embeddable":true,"href":"https:\/\/seal.transport-manager.net\/mrrinbod\/wp-json\/wp\/v2\/users\/260"}],"replies":[{"embeddable":true,"href":"https:\/\/seal.transport-manager.net\/mrrinbod\/wp-json\/wp\/v2\/comments?post=696"}],"version-history":[{"count":2,"href":"https:\/\/seal.transport-manager.net\/mrrinbod\/wp-json\/wp\/v2\/pages\/696\/revisions"}],"predecessor-version":[{"id":699,"href":"https:\/\/seal.transport-manager.net\/mrrinbod\/wp-json\/wp\/v2\/pages\/696\/revisions\/699"}],"wp:attachment":[{"href":"https:\/\/seal.transport-manager.net\/mrrinbod\/wp-json\/wp\/v2\/media?parent=696"}],"curies":[{"name":"wp","href":"https:\/\/api.w.org\/{rel}","templated":true}]}}