{"id":342,"date":"2026-01-20T15:11:27","date_gmt":"2026-01-20T14:11:27","guid":{"rendered":"https:\/\/seal.transport-manager.net\/mtillier\/?page_id=342"},"modified":"2026-03-04T17:09:22","modified_gmt":"2026-03-04T16:09:22","slug":"ligne-2","status":"publish","type":"page","link":"https:\/\/seal.transport-manager.net\/mtillier\/les-lignes\/ligne-2\/","title":{"rendered":"Ligne 2"},"content":{"rendered":"\n<p class=\"has-text-align-center has-text-color has-link-color wp-elements-c8b7918e49e136b7c623b3920139868e\" style=\"color:#9364cc\"><strong>A\u00e9roport-&gt;Gare Centrale<\/strong><\/p>\n\n\n\n<figure class=\"wp-block-table\"><table class=\"has-fixed-layout\"><tbody><tr><td class=\"has-text-align-center\" data-align=\"center\">Distance<\/td><td class=\"has-text-align-center\" data-align=\"center\">Arr\u00eats <\/td><td class=\"has-text-align-center\" data-align=\"center\">Temps<\/td><\/tr><tr><td class=\"has-text-align-center\" data-align=\"center\">10 <\/td><td class=\"has-text-align-center\" data-align=\"center\">34<\/td><td class=\"has-text-align-center\" data-align=\"center\">40<\/td><\/tr><tr><td class=\"has-text-align-center\" data-align=\"center\">Kilom\u00e8tres<\/td><td class=\"has-text-align-center\" data-align=\"center\">Sans abribus<\/td><td class=\"has-text-align-center\" data-align=\"center\">Minutes<\/td><\/tr><\/tbody><\/table><\/figure>\n\n\n\n<figure class=\"wp-block-image size-large\"><img loading=\"lazy\" decoding=\"async\" width=\"1024\" height=\"576\" src=\"https:\/\/seal.transport-manager.net\/mtillier\/wp-content\/uploads\/sites\/578\/2026\/03\/2026_Thermo_Ligne2_avec_indice_sans_logo-1024x576.png\" alt=\"\" class=\"wp-image-452\" srcset=\"https:\/\/seal.transport-manager.net\/mtillier\/wp-content\/uploads\/sites\/578\/2026\/03\/2026_Thermo_Ligne2_avec_indice_sans_logo-1024x576.png 1024w, https:\/\/seal.transport-manager.net\/mtillier\/wp-content\/uploads\/sites\/578\/2026\/03\/2026_Thermo_Ligne2_avec_indice_sans_logo-300x169.png 300w, https:\/\/seal.transport-manager.net\/mtillier\/wp-content\/uploads\/sites\/578\/2026\/03\/2026_Thermo_Ligne2_avec_indice_sans_logo-768x432.png 768w, https:\/\/seal.transport-manager.net\/mtillier\/wp-content\/uploads\/sites\/578\/2026\/03\/2026_Thermo_Ligne2_avec_indice_sans_logo-1232x693.png 1232w, https:\/\/seal.transport-manager.net\/mtillier\/wp-content\/uploads\/sites\/578\/2026\/03\/2026_Thermo_Ligne2_avec_indice_sans_logo.png 1280w\" sizes=\"auto, (max-width: 1024px) 100vw, 1024px\" \/><\/figure>\n\n\n\n<p>Fiches Horaires<\/p>\n\n\n\n<div class=\"wp-block-buttons is-layout-flex wp-block-buttons-is-layout-flex\">\n<div class=\"wp-block-button is-style-fill\"><a class=\"wp-block-button__link wp-element-button\" href=\"https:\/\/seal.transport-manager.net\/mtillier\/horaires\/\">Fiches Horaires Ligne 2<\/a><\/div>\n<\/div>\n\n\n\n<p>Fiches Poteau<\/p>\n\n\n\n<div class=\"wp-block-buttons is-layout-flex wp-block-buttons-is-layout-flex\">\n<div class=\"wp-block-button\"><a class=\"wp-block-button__link wp-element-button\" href=\"https:\/\/seal.transport-manager.net\/mtillier\/fiches-poteau-ligne-2\/\">Fiches Poteau Ligne 2<\/a><\/div>\n<\/div>\n\n\n\n<p><\/p>\n\n\n\n<div id=\"sfckjmmb4p4j2sy78sllkpx63hpwx8gfnq1\"><\/div>\n\n<br><a href=\"https:\/\/www.assoclub.fr\">logiciel de gestion association gratuit<\/a><a href=\"https:\/\/www.compteurdevisite.com\" title=\"compteur visiteur\"><img decoding=\"async\" src=\"https:\/\/counter1.optistats.ovh\/private\/compteurdevisite.php?c=kjmmb4p4j2sy78sllkpx63hpwx8gfnq1\" border=\"0\" title=\"compteur visiteur\" alt=\"compteur visiteur\"><\/a>\n","protected":false},"excerpt":{"rendered":"<p>A\u00e9roport-&gt;Gare Centrale Distance Arr\u00eats Temps 10 34 40 Kilom\u00e8tres Sans abribus Minutes Fiches Horaires Fiches Poteau logiciel de gestion association gratuit<\/p>\n","protected":false},"author":621,"featured_media":0,"parent":68,"menu_order":0,"comment_status":"closed","ping_status":"closed","template":"","meta":{"footnotes":""},"class_list":["post-342","page","type-page","status-publish","hentry"],"_links":{"self":[{"href":"https:\/\/seal.transport-manager.net\/mtillier\/wp-json\/wp\/v2\/pages\/342","targetHints":{"allow":["GET"]}}],"collection":[{"href":"https:\/\/seal.transport-manager.net\/mtillier\/wp-json\/wp\/v2\/pages"}],"about":[{"href":"https:\/\/seal.transport-manager.net\/mtillier\/wp-json\/wp\/v2\/types\/page"}],"author":[{"embeddable":true,"href":"https:\/\/seal.transport-manager.net\/mtillier\/wp-json\/wp\/v2\/users\/621"}],"replies":[{"embeddable":true,"href":"https:\/\/seal.transport-manager.net\/mtillier\/wp-json\/wp\/v2\/comments?post=342"}],"version-history":[{"count":15,"href":"https:\/\/seal.transport-manager.net\/mtillier\/wp-json\/wp\/v2\/pages\/342\/revisions"}],"predecessor-version":[{"id":456,"href":"https:\/\/seal.transport-manager.net\/mtillier\/wp-json\/wp\/v2\/pages\/342\/revisions\/456"}],"up":[{"embeddable":true,"href":"https:\/\/seal.transport-manager.net\/mtillier\/wp-json\/wp\/v2\/pages\/68"}],"wp:attachment":[{"href":"https:\/\/seal.transport-manager.net\/mtillier\/wp-json\/wp\/v2\/media?parent=342"}],"curies":[{"name":"wp","href":"https:\/\/api.w.org\/{rel}","templated":true}]}}