{"id":1679,"date":"2023-10-14T13:57:00","date_gmt":"2023-10-14T11:57:00","guid":{"rendered":"https:\/\/seal.transport-manager.net\/orizo\/?page_id=1679"},"modified":"2025-06-25T20:42:15","modified_gmt":"2025-06-25T18:42:15","slug":"horaires-aux-arrets","status":"publish","type":"page","link":"https:\/\/seal.transport-manager.net\/orizo\/horaires-aux-arrets\/","title":{"rendered":"Horaires aux arr\u00eats"},"content":{"rendered":"\n<figure class=\"wp-block-image alignfull size-full\"><img loading=\"lazy\" decoding=\"async\" width=\"2501\" height=\"226\" src=\"https:\/\/seal.transport-manager.net\/orizo\/wp-content\/uploads\/sites\/54\/2025\/06\/Temps-reel-02.png\" alt=\"\" class=\"wp-image-2181\" srcset=\"https:\/\/seal.transport-manager.net\/orizo\/wp-content\/uploads\/sites\/54\/2025\/06\/Temps-reel-02.png 2501w, https:\/\/seal.transport-manager.net\/orizo\/wp-content\/uploads\/sites\/54\/2025\/06\/Temps-reel-02-300x27.png 300w, https:\/\/seal.transport-manager.net\/orizo\/wp-content\/uploads\/sites\/54\/2025\/06\/Temps-reel-02-1024x93.png 1024w, https:\/\/seal.transport-manager.net\/orizo\/wp-content\/uploads\/sites\/54\/2025\/06\/Temps-reel-02-768x69.png 768w, https:\/\/seal.transport-manager.net\/orizo\/wp-content\/uploads\/sites\/54\/2025\/06\/Temps-reel-02-1536x139.png 1536w, https:\/\/seal.transport-manager.net\/orizo\/wp-content\/uploads\/sites\/54\/2025\/06\/Temps-reel-02-2048x185.png 2048w\" sizes=\"auto, (max-width: 2501px) 100vw, 2501px\" \/><\/figure>\n\n\n\n<hr class=\"wp-block-separator has-text-color has-white-color has-alpha-channel-opacity has-white-background-color has-background is-style-wide\" \/>\n\n\n\n<div class=\"wp-block-columns is-layout-flex wp-container-core-columns-is-layout-28f84493 wp-block-columns-is-layout-flex\">\n<div class=\"wp-block-column is-layout-flow wp-block-column-is-layout-flow\" style=\"flex-basis:5%\"><\/div>\n\n\n\n<div class=\"wp-block-column is-layout-flow wp-block-column-is-layout-flow\">\n<div class=\"wp-block-buttons is-content-justification-center is-layout-flex wp-container-core-buttons-is-layout-a89b3969 wp-block-buttons-is-layout-flex\">\n<div class=\"wp-block-button\"><a class=\"wp-block-button__link has-background has-large-font-size has-custom-font-size wp-element-button\" href=\"https:\/\/rtpa.pythonanywhere.com\/rtpa\/\" style=\"border-radius:10px;background-color:#009992\" target=\"_blank\" rel=\"noreferrer noopener\">Consulter les horaires<\/a><\/div>\n<\/div>\n\n\n\n<p>Afin de faciliter vos d\u00e9placements \u00e0 Probourg, RTPA met en place un service de recherche des prochains d\u00e9parts aux arr\u00eats.<\/p>\n\n\n\n<p>Tous les arr\u00eats de notre r\u00e9seau sont pr\u00e9sents, et il vous est possible de faire une recherche pour un jour particulier, afin de planifier votre d\u00e9placement.<\/p>\n\n\n\n<blockquote class=\"wp-block-quote is-layout-flow wp-block-quote-is-layout-flow\">\n<p>Le moteur propose les horaires de toutes les lignes. Dans certains cas particuliers, les horaires affich\u00e9s peuvent \u00eatre erron\u00e9s. En cas de doute, merci de consulter les horaires th\u00e9oriques \u00e0 votre arr\u00eat ou sur les fiches horaires.<\/p>\n<\/blockquote>\n\n\n\n<hr class=\"wp-block-separator has-alpha-channel-opacity\" \/>\n\n\n\n<p>En cas de probl\u00e8me technique ou de suggestion, nous vous invitons \u00e0 nous contacter via le <a href=\"https:\/\/seal.transport-manager.net\/orizo\/a-propos\/contactez-nous\/\" data-type=\"page\" data-id=\"109\">formulaire de contact<\/a>.<\/p>\n<\/div>\n\n\n\n<div class=\"wp-block-column is-layout-flow wp-block-column-is-layout-flow\" style=\"flex-basis:5%\"><\/div>\n<\/div>\n","protected":false},"excerpt":{"rendered":"<p>Afin de faciliter vos d\u00e9placements \u00e0 Probourg, RTPA met en place un service de recherche des prochains d\u00e9parts aux arr\u00eats. Tous les arr\u00eats de notre r\u00e9seau sont pr\u00e9sents, et il vous est possible de faire une recherche pour un jour particulier, afin de planifier votre d\u00e9placement. Le moteur propose les [&hellip;]<\/p>\n","protected":false},"author":54,"featured_media":0,"parent":0,"menu_order":0,"comment_status":"closed","ping_status":"closed","template":"page-templates\/template-pagebuilder-full-width.php","meta":{"_EventAllDay":false,"_EventTimezone":"","_EventStartDate":"","_EventEndDate":"","_EventStartDateUTC":"","_EventEndDateUTC":"","_EventShowMap":false,"_EventShowMapLink":false,"_EventURL":"","_EventCost":"","_EventCostDescription":"","_EventCurrencySymbol":"","_EventCurrencyCode":"","_EventCurrencyPosition":"","_EventDateTimeSeparator":"","_EventTimeRangeSeparator":"","_EventOrganizerID":[],"_EventVenueID":[],"_OrganizerEmail":"","_OrganizerPhone":"","_OrganizerWebsite":"","_VenueAddress":"","_VenueCity":"","_VenueCountry":"","_VenueProvince":"","_VenueState":"","_VenueZip":"","_VenuePhone":"","_VenueURL":"","_VenueStateProvince":"","_VenueLat":"","_VenueLng":"","_VenueShowMap":false,"_VenueShowMapLink":false,"footnotes":""},"class_list":["post-1679","page","type-page","status-publish","hentry"],"_links":{"self":[{"href":"https:\/\/seal.transport-manager.net\/orizo\/wp-json\/wp\/v2\/pages\/1679","targetHints":{"allow":["GET"]}}],"collection":[{"href":"https:\/\/seal.transport-manager.net\/orizo\/wp-json\/wp\/v2\/pages"}],"about":[{"href":"https:\/\/seal.transport-manager.net\/orizo\/wp-json\/wp\/v2\/types\/page"}],"author":[{"embeddable":true,"href":"https:\/\/seal.transport-manager.net\/orizo\/wp-json\/wp\/v2\/users\/54"}],"replies":[{"embeddable":true,"href":"https:\/\/seal.transport-manager.net\/orizo\/wp-json\/wp\/v2\/comments?post=1679"}],"version-history":[{"count":18,"href":"https:\/\/seal.transport-manager.net\/orizo\/wp-json\/wp\/v2\/pages\/1679\/revisions"}],"predecessor-version":[{"id":2187,"href":"https:\/\/seal.transport-manager.net\/orizo\/wp-json\/wp\/v2\/pages\/1679\/revisions\/2187"}],"wp:attachment":[{"href":"https:\/\/seal.transport-manager.net\/orizo\/wp-json\/wp\/v2\/media?parent=1679"}],"curies":[{"name":"wp","href":"https:\/\/api.w.org\/{rel}","templated":true}]}}