{"id":21,"date":"2022-11-12T10:50:13","date_gmt":"2022-11-12T09:50:13","guid":{"rendered":"https:\/\/seal.transport-manager.net\/orizo\/?page_id=21"},"modified":"2025-12-31T18:42:37","modified_gmt":"2025-12-31T17:42:37","slug":"tarifs","status":"publish","type":"page","link":"https:\/\/seal.transport-manager.net\/orizo\/tarifs\/","title":{"rendered":"Tarifs"},"content":{"rendered":"\n<figure class=\"wp-block-image alignfull size-full\"><img loading=\"lazy\" decoding=\"async\" width=\"2501\" height=\"226\" src=\"https:\/\/seal.transport-manager.net\/orizo\/wp-content\/uploads\/sites\/54\/2025\/06\/Tarifs-02.png\" alt=\"\" class=\"wp-image-2195\" srcset=\"https:\/\/seal.transport-manager.net\/orizo\/wp-content\/uploads\/sites\/54\/2025\/06\/Tarifs-02.png 2501w, https:\/\/seal.transport-manager.net\/orizo\/wp-content\/uploads\/sites\/54\/2025\/06\/Tarifs-02-300x27.png 300w, https:\/\/seal.transport-manager.net\/orizo\/wp-content\/uploads\/sites\/54\/2025\/06\/Tarifs-02-1024x93.png 1024w, https:\/\/seal.transport-manager.net\/orizo\/wp-content\/uploads\/sites\/54\/2025\/06\/Tarifs-02-768x69.png 768w, https:\/\/seal.transport-manager.net\/orizo\/wp-content\/uploads\/sites\/54\/2025\/06\/Tarifs-02-1536x139.png 1536w, https:\/\/seal.transport-manager.net\/orizo\/wp-content\/uploads\/sites\/54\/2025\/06\/Tarifs-02-2048x185.png 2048w\" sizes=\"auto, (max-width: 2501px) 100vw, 2501px\" \/><\/figure>\n\n\n\n<div class=\"wp-block-columns is-not-stacked-on-mobile is-layout-flex wp-container-core-columns-is-layout-28f84493 wp-block-columns-is-layout-flex\">\n<div class=\"wp-block-column is-layout-flow wp-block-column-is-layout-flow\" style=\"flex-basis:5%\"><\/div>\n\n\n\n<div class=\"wp-block-column is-layout-flow wp-block-column-is-layout-flow\">\n<div class=\"wp-block-group alignwide\"><div class=\"wp-block-group__inner-container is-layout-constrained wp-block-group-is-layout-constrained\">\n<hr class=\"wp-block-separator has-text-color has-white-color has-alpha-channel-opacity has-white-background-color has-background is-style-wide\" \/>\n\n\n\n<div class=\"wp-block-buttons is-content-justification-center is-layout-flex wp-container-core-buttons-is-layout-a89b3969 wp-block-buttons-is-layout-flex\">\n<div class=\"wp-block-button is-style-outline is-style-outline--1\"><a class=\"wp-block-button__link has-accent-color has-white-background-color has-text-color has-background wp-element-button\" style=\"border-top-left-radius:15px;border-top-right-radius:0px;border-bottom-left-radius:0px;border-bottom-right-radius:15px\">D\u00e9couvrez tous nos tarifs dans le livret tarifs !<\/a><\/div>\n<\/div>\n\n\n\n<hr class=\"wp-block-separator has-alpha-channel-opacity\" \/>\n\n\n\n<div class=\"wp-block-media-text alignwide is-stacked-on-mobile\" style=\"grid-template-columns:30% auto\"><figure class=\"wp-block-media-text__media\"><img loading=\"lazy\" decoding=\"async\" width=\"1004\" height=\"650\" src=\"https:\/\/seal.transport-manager.net\/orizo\/wp-content\/uploads\/sites\/54\/2025\/05\/1-voyage_Plan-de-travail-1.png\" alt=\"\" class=\"wp-image-2133 size-full\" srcset=\"https:\/\/seal.transport-manager.net\/orizo\/wp-content\/uploads\/sites\/54\/2025\/05\/1-voyage_Plan-de-travail-1.png 1004w, https:\/\/seal.transport-manager.net\/orizo\/wp-content\/uploads\/sites\/54\/2025\/05\/1-voyage_Plan-de-travail-1-300x194.png 300w, https:\/\/seal.transport-manager.net\/orizo\/wp-content\/uploads\/sites\/54\/2025\/05\/1-voyage_Plan-de-travail-1-768x497.png 768w\" sizes=\"auto, (max-width: 1004px) 100vw, 1004px\" \/><\/figure><div class=\"wp-block-media-text__content\">\n<p>Pass 1 voyage<\/p>\n\n\n\n<p class=\"has-large-font-size\">1,80 \u20ac<\/p>\n\n\n\n<p>titre valable 1 heure apr\u00e8s la premi\u00e8re validation<\/p>\n\n\n\n<p><em>Pensez y ! En agence ou aupr\u00e8s de nos d\u00e9positaires, achetez un carnet de 10 tickets pour 15 \u20ac !<\/em><\/p>\n<\/div><\/div>\n\n\n\n<hr class=\"wp-block-separator has-alpha-channel-opacity\" \/>\n\n\n\n<div class=\"wp-block-media-text alignwide is-stacked-on-mobile\" style=\"grid-template-columns:30% auto\"><figure class=\"wp-block-media-text__media\"><img loading=\"lazy\" decoding=\"async\" width=\"1004\" height=\"650\" src=\"https:\/\/seal.transport-manager.net\/orizo\/wp-content\/uploads\/sites\/54\/2025\/05\/24-heures_Plan-de-travail-1.png\" alt=\"\" class=\"wp-image-2134 size-full\" srcset=\"https:\/\/seal.transport-manager.net\/orizo\/wp-content\/uploads\/sites\/54\/2025\/05\/24-heures_Plan-de-travail-1.png 1004w, https:\/\/seal.transport-manager.net\/orizo\/wp-content\/uploads\/sites\/54\/2025\/05\/24-heures_Plan-de-travail-1-300x194.png 300w, https:\/\/seal.transport-manager.net\/orizo\/wp-content\/uploads\/sites\/54\/2025\/05\/24-heures_Plan-de-travail-1-768x497.png 768w\" sizes=\"auto, (max-width: 1004px) 100vw, 1004px\" \/><\/figure><div class=\"wp-block-media-text__content\">\n<p>Pass 24 heures<\/p>\n\n\n\n<p class=\"has-large-font-size\">5,30 \u20ac<\/p>\n\n\n\n<p>titre valable 24 heures apr\u00e8s la premi\u00e8re validation<\/p>\n<\/div><\/div>\n\n\n\n<hr class=\"wp-block-separator has-alpha-channel-opacity\" \/>\n\n\n\n<div class=\"wp-block-media-text alignwide is-stacked-on-mobile\" style=\"grid-template-columns:30% auto\"><figure class=\"wp-block-media-text__media\"><img loading=\"lazy\" decoding=\"async\" width=\"1005\" height=\"650\" src=\"https:\/\/seal.transport-manager.net\/orizo\/wp-content\/uploads\/sites\/54\/2025\/06\/Jeunes_Plan-de-travail-1-copie.png\" alt=\"\" class=\"wp-image-2155 size-full\" srcset=\"https:\/\/seal.transport-manager.net\/orizo\/wp-content\/uploads\/sites\/54\/2025\/06\/Jeunes_Plan-de-travail-1-copie.png 1005w, https:\/\/seal.transport-manager.net\/orizo\/wp-content\/uploads\/sites\/54\/2025\/06\/Jeunes_Plan-de-travail-1-copie-300x194.png 300w, https:\/\/seal.transport-manager.net\/orizo\/wp-content\/uploads\/sites\/54\/2025\/06\/Jeunes_Plan-de-travail-1-copie-768x497.png 768w\" sizes=\"auto, (max-width: 1005px) 100vw, 1005px\" \/><\/figure><div class=\"wp-block-media-text__content\">\n<p>Abonnement jeunes*<\/p>\n\n\n\n<p class=\"has-large-font-size\">37,00 \u20ac<\/p>\n\n\n\n<p>abonnement valable 1 mois calendaire<\/p>\n\n\n\n<p><em>Vous voyagez toute l&rsquo;ann\u00e9e ? L&rsquo;abonnement annuel est \u00e0 370 \u20ac, soit les mois de juillet et ao\u00fbt offerts !<\/em><\/p>\n\n\n\n<p>Il n&rsquo;est pas possible de souscrire cet abonnement \u00e0 compter des mois de juillet et ao\u00fbt.<\/p>\n\n\n\n<p>*Accessible uniquement pour les jeunes de 4 \u00e0 25 ans \u00e0 la date de souscription<\/p>\n<\/div><\/div>\n\n\n\n<hr class=\"wp-block-separator has-alpha-channel-opacity\" \/>\n\n\n\n<div class=\"wp-block-media-text alignwide is-stacked-on-mobile\" style=\"grid-template-columns:30% auto\"><figure class=\"wp-block-media-text__media\"><img loading=\"lazy\" decoding=\"async\" width=\"1005\" height=\"650\" src=\"https:\/\/seal.transport-manager.net\/orizo\/wp-content\/uploads\/sites\/54\/2025\/06\/1-mois_Plan-de-travail-1-copie.png\" alt=\"\" class=\"wp-image-2156 size-full\" srcset=\"https:\/\/seal.transport-manager.net\/orizo\/wp-content\/uploads\/sites\/54\/2025\/06\/1-mois_Plan-de-travail-1-copie.png 1005w, https:\/\/seal.transport-manager.net\/orizo\/wp-content\/uploads\/sites\/54\/2025\/06\/1-mois_Plan-de-travail-1-copie-300x194.png 300w, https:\/\/seal.transport-manager.net\/orizo\/wp-content\/uploads\/sites\/54\/2025\/06\/1-mois_Plan-de-travail-1-copie-768x497.png 768w\" sizes=\"auto, (max-width: 1005px) 100vw, 1005px\" \/><\/figure><div class=\"wp-block-media-text__content\">\n<p>Abonnement mensuel<\/p>\n\n\n\n<p class=\"has-large-font-size\">62,00 \u20ac<\/p>\n\n\n\n<p>abonnement valable 1 mois calendaire<\/p>\n\n\n\n<p><em>Vous voyagez toute l&rsquo;ann\u00e9e ? L&rsquo;abonnement annuel est \u00e0 620 \u20ac, soit deux mois offerts !<\/em><\/p>\n<\/div><\/div>\n\n\n\n<hr class=\"wp-block-separator has-alpha-channel-opacity is-style-default\" \/>\n\n\n\n<div class=\"wp-block-media-text alignwide has-media-on-the-right is-stacked-on-mobile\" style=\"grid-template-columns:auto 30%\"><div class=\"wp-block-media-text__content\">\n<p>Dans le bus, valider son ticket est obligatoire. En d\u00e9tenant un titre de transport valide, vous nous permettez d&rsquo;am\u00e9liorer votre offre de transport en connaissant mieux vos besoins, afin de vous offrir \u00e0 tout moment un service de qualit\u00e9.<\/p>\n\n\n\n<p>Attention, pour bien conserver votre titre de transport, vous devez veiller \u00e0 ne pas le plier ou le d\u00e9t\u00e9riorer.<\/p>\n\n\n\n<p>La conservation avec un t\u00e9l\u00e9phone portable ou des pi\u00e8ces de monnaies d\u00e9magn\u00e9tise le titre.<br>Remplacement gratuit en agence.<\/p>\n<\/div><figure class=\"wp-block-media-text__media\"><img loading=\"lazy\" decoding=\"async\" width=\"1004\" height=\"650\" src=\"https:\/\/seal.transport-manager.net\/orizo\/wp-content\/uploads\/sites\/54\/2025\/05\/1-voyage_Plan-de-travail-1.png\" alt=\"\" class=\"wp-image-2133 size-full\" srcset=\"https:\/\/seal.transport-manager.net\/orizo\/wp-content\/uploads\/sites\/54\/2025\/05\/1-voyage_Plan-de-travail-1.png 1004w, https:\/\/seal.transport-manager.net\/orizo\/wp-content\/uploads\/sites\/54\/2025\/05\/1-voyage_Plan-de-travail-1-300x194.png 300w, https:\/\/seal.transport-manager.net\/orizo\/wp-content\/uploads\/sites\/54\/2025\/05\/1-voyage_Plan-de-travail-1-768x497.png 768w\" sizes=\"auto, (max-width: 1004px) 100vw, 1004px\" \/><\/figure><\/div>\n\n\n\n<hr class=\"wp-block-separator has-alpha-channel-opacity\" \/>\n\n\n\n<div class=\"wp-block-columns alignwide is-layout-flex wp-container-core-columns-is-layout-28f84493 wp-block-columns-is-layout-flex\">\n<div class=\"wp-block-column is-layout-flow wp-block-column-is-layout-flow\">\n<p>Vos titres sont achetables dans les lieux suivants :<\/p>\n\n\n\n<figure class=\"wp-block-table is-style-stripes\"><table><thead><tr><th class=\"has-text-align-center\" data-align=\"center\">Titre<\/th><th class=\"has-text-align-center\" data-align=\"center\">\u00c0 bord du bus<\/th><th class=\"has-text-align-center\" data-align=\"center\">En agence<\/th><th class=\"has-text-align-center\" data-align=\"center\">Aupr\u00e8s d&rsquo;un d\u00e9positaire<\/th><\/tr><\/thead><tbody><tr><td class=\"has-text-align-center\" data-align=\"center\">Pass 1 voyage<\/td><td class=\"has-text-align-center\" data-align=\"center\">\u2714<\/td><td class=\"has-text-align-center\" data-align=\"center\">\u2714<\/td><td class=\"has-text-align-center\" data-align=\"center\">\u2714<\/td><\/tr><tr><td class=\"has-text-align-center\" data-align=\"center\">Pass 1 voyage (carnet de 10)<\/td><td class=\"has-text-align-center\" data-align=\"center\"><\/td><td class=\"has-text-align-center\" data-align=\"center\">\u2714<\/td><td class=\"has-text-align-center\" data-align=\"center\">\u2714<\/td><\/tr><tr><td class=\"has-text-align-center\" data-align=\"center\">Pass 24 heures<\/td><td class=\"has-text-align-center\" data-align=\"center\">\u2714<\/td><td class=\"has-text-align-center\" data-align=\"center\">\u2714<\/td><td class=\"has-text-align-center\" data-align=\"center\">\u2714<\/td><\/tr><tr><td class=\"has-text-align-center\" data-align=\"center\">Pass jeunes<br><em>(mensuel et annuel)<\/em><\/td><td class=\"has-text-align-center\" data-align=\"center\"><\/td><td class=\"has-text-align-center\" data-align=\"center\">\u2714<\/td><td class=\"has-text-align-center\" data-align=\"center\"><\/td><\/tr><tr><td class=\"has-text-align-center\" data-align=\"center\">Pass mensuel<\/td><td class=\"has-text-align-center\" data-align=\"center\"><\/td><td class=\"has-text-align-center\" data-align=\"center\">\u2714<\/td><td class=\"has-text-align-center\" data-align=\"center\"><\/td><\/tr><tr><td class=\"has-text-align-center\" data-align=\"center\">Pass annuel<\/td><td class=\"has-text-align-center\" data-align=\"center\"><\/td><td class=\"has-text-align-center\" data-align=\"center\">\u2714<\/td><td class=\"has-text-align-center\" data-align=\"center\"><\/td><\/tr><\/tbody><\/table><\/figure>\n<\/div>\n<\/div>\n<\/div><\/div>\n<\/div>\n\n\n\n<div class=\"wp-block-column is-layout-flow wp-block-column-is-layout-flow\" style=\"flex-basis:5%\"><\/div>\n<\/div>\n","protected":false},"excerpt":{"rendered":"<p>Pass 1 voyage 1,80 \u20ac titre valable 1 heure apr\u00e8s la premi\u00e8re validation Pensez y ! En agence ou aupr\u00e8s de nos d\u00e9positaires, achetez un carnet de 10 tickets pour 15 \u20ac ! Pass 24 heures 5,30 \u20ac titre valable 24 heures apr\u00e8s la premi\u00e8re validation Abonnement jeunes* 37,00 \u20ac [&hellip;]<\/p>\n","protected":false},"author":54,"featured_media":0,"parent":0,"menu_order":0,"comment_status":"closed","ping_status":"closed","template":"page-templates\/template-pagebuilder-full-width.php","meta":{"_EventAllDay":false,"_EventTimezone":"","_EventStartDate":"","_EventEndDate":"","_EventStartDateUTC":"","_EventEndDateUTC":"","_EventShowMap":false,"_EventShowMapLink":false,"_EventURL":"","_EventCost":"","_EventCostDescription":"","_EventCurrencySymbol":"","_EventCurrencyCode":"","_EventCurrencyPosition":"","_EventDateTimeSeparator":"","_EventTimeRangeSeparator":"","_EventOrganizerID":[],"_EventVenueID":[],"_OrganizerEmail":"","_OrganizerPhone":"","_OrganizerWebsite":"","_VenueAddress":"","_VenueCity":"","_VenueCountry":"","_VenueProvince":"","_VenueState":"","_VenueZip":"","_VenuePhone":"","_VenueURL":"","_VenueStateProvince":"","_VenueLat":"","_VenueLng":"","_VenueShowMap":false,"_VenueShowMapLink":false,"footnotes":""},"class_list":["post-21","page","type-page","status-publish","hentry"],"_links":{"self":[{"href":"https:\/\/seal.transport-manager.net\/orizo\/wp-json\/wp\/v2\/pages\/21","targetHints":{"allow":["GET"]}}],"collection":[{"href":"https:\/\/seal.transport-manager.net\/orizo\/wp-json\/wp\/v2\/pages"}],"about":[{"href":"https:\/\/seal.transport-manager.net\/orizo\/wp-json\/wp\/v2\/types\/page"}],"author":[{"embeddable":true,"href":"https:\/\/seal.transport-manager.net\/orizo\/wp-json\/wp\/v2\/users\/54"}],"replies":[{"embeddable":true,"href":"https:\/\/seal.transport-manager.net\/orizo\/wp-json\/wp\/v2\/comments?post=21"}],"version-history":[{"count":26,"href":"https:\/\/seal.transport-manager.net\/orizo\/wp-json\/wp\/v2\/pages\/21\/revisions"}],"predecessor-version":[{"id":2450,"href":"https:\/\/seal.transport-manager.net\/orizo\/wp-json\/wp\/v2\/pages\/21\/revisions\/2450"}],"wp:attachment":[{"href":"https:\/\/seal.transport-manager.net\/orizo\/wp-json\/wp\/v2\/media?parent=21"}],"curies":[{"name":"wp","href":"https:\/\/api.w.org\/{rel}","templated":true}]}}