{"id":490,"date":"2023-01-12T21:24:18","date_gmt":"2023-01-12T20:24:18","guid":{"rendered":"https:\/\/seal.transport-manager.net\/orizo\/?page_id=490"},"modified":"2026-01-18T11:27:59","modified_gmt":"2026-01-18T10:27:59","slug":"credits","status":"publish","type":"page","link":"https:\/\/seal.transport-manager.net\/orizo\/credits\/","title":{"rendered":"Cr\u00e9dits"},"content":{"rendered":"\n<figure class=\"wp-block-image alignfull size-full\"><img loading=\"lazy\" decoding=\"async\" width=\"2501\" height=\"226\" src=\"https:\/\/seal.transport-manager.net\/orizo\/wp-content\/uploads\/sites\/54\/2025\/06\/Credits-02.png\" alt=\"\" class=\"wp-image-2207\" srcset=\"https:\/\/seal.transport-manager.net\/orizo\/wp-content\/uploads\/sites\/54\/2025\/06\/Credits-02.png 2501w, https:\/\/seal.transport-manager.net\/orizo\/wp-content\/uploads\/sites\/54\/2025\/06\/Credits-02-300x27.png 300w, https:\/\/seal.transport-manager.net\/orizo\/wp-content\/uploads\/sites\/54\/2025\/06\/Credits-02-1024x93.png 1024w, https:\/\/seal.transport-manager.net\/orizo\/wp-content\/uploads\/sites\/54\/2025\/06\/Credits-02-768x69.png 768w, https:\/\/seal.transport-manager.net\/orizo\/wp-content\/uploads\/sites\/54\/2025\/06\/Credits-02-1536x139.png 1536w, https:\/\/seal.transport-manager.net\/orizo\/wp-content\/uploads\/sites\/54\/2025\/06\/Credits-02-2048x185.png 2048w\" sizes=\"auto, (max-width: 2501px) 100vw, 2501px\" \/><\/figure>\n\n\n\n<div class=\"wp-block-columns alignfull is-layout-flex wp-container-core-columns-is-layout-28f84493 wp-block-columns-is-layout-flex\">\n<div class=\"wp-block-column is-layout-flow wp-block-column-is-layout-flow\" style=\"flex-basis:5%\"><\/div>\n\n\n\n<div class=\"wp-block-column is-layout-flow wp-block-column-is-layout-flow\">\n<hr class=\"wp-block-separator has-text-color has-white-color has-alpha-channel-opacity has-white-background-color has-background is-style-wide\" \/>\n\n\n\n<p>Sur cette page, nous tenons \u00e0 remercier :<\/p>\n\n\n\n<ul class=\"wp-block-list\">\n<li>Jean-S\u00e9bastrick, pour la r\u00e9alisation de la plupart des d\u00e9coupes vierges de nos bus ;<\/li>\n\n\n\n<li>MATHEO74 pour la d\u00e9coupe vierge des Crossway LE City et LINE ;<\/li>\n\n\n\n<li>L\u2019\u00e9quipe Transport-Manager qui a cr\u00e9\u00e9 le jeu, le r\u00e9seau et d\u2019autres bases servant pour notre soci\u00e9t\u00e9 et maintiennent le tout ;<\/li>\n\n\n\n<li>Vous tous, pour qui nous sommes l\u00e0 !<\/li>\n<\/ul>\n\n\n\n<p>Toutes les illustrations ont \u00e9t\u00e9 produites par RTPA, \u00e0 l\u2019exception de celles cit\u00e9es ci-dessus.<\/p>\n<\/div>\n\n\n\n<div class=\"wp-block-column is-layout-flow wp-block-column-is-layout-flow\" style=\"flex-basis:5%\"><\/div>\n<\/div>\n","protected":false},"excerpt":{"rendered":"<p>Sur cette page, nous tenons \u00e0 remercier : Toutes les illustrations ont \u00e9t\u00e9 produites par RTPA, \u00e0 l\u2019exception de celles cit\u00e9es ci-dessus.<\/p>\n","protected":false},"author":54,"featured_media":0,"parent":0,"menu_order":0,"comment_status":"closed","ping_status":"closed","template":"page-templates\/template-pagebuilder-full-width.php","meta":{"_EventAllDay":false,"_EventTimezone":"","_EventStartDate":"","_EventEndDate":"","_EventStartDateUTC":"","_EventEndDateUTC":"","_EventShowMap":false,"_EventShowMapLink":false,"_EventURL":"","_EventCost":"","_EventCostDescription":"","_EventCurrencySymbol":"","_EventCurrencyCode":"","_EventCurrencyPosition":"","_EventDateTimeSeparator":"","_EventTimeRangeSeparator":"","_EventOrganizerID":[],"_EventVenueID":[],"_OrganizerEmail":"","_OrganizerPhone":"","_OrganizerWebsite":"","_VenueAddress":"","_VenueCity":"","_VenueCountry":"","_VenueProvince":"","_VenueState":"","_VenueZip":"","_VenuePhone":"","_VenueURL":"","_VenueStateProvince":"","_VenueLat":"","_VenueLng":"","_VenueShowMap":false,"_VenueShowMapLink":false,"footnotes":""},"class_list":["post-490","page","type-page","status-publish","hentry"],"_links":{"self":[{"href":"https:\/\/seal.transport-manager.net\/orizo\/wp-json\/wp\/v2\/pages\/490","targetHints":{"allow":["GET"]}}],"collection":[{"href":"https:\/\/seal.transport-manager.net\/orizo\/wp-json\/wp\/v2\/pages"}],"about":[{"href":"https:\/\/seal.transport-manager.net\/orizo\/wp-json\/wp\/v2\/types\/page"}],"author":[{"embeddable":true,"href":"https:\/\/seal.transport-manager.net\/orizo\/wp-json\/wp\/v2\/users\/54"}],"replies":[{"embeddable":true,"href":"https:\/\/seal.transport-manager.net\/orizo\/wp-json\/wp\/v2\/comments?post=490"}],"version-history":[{"count":12,"href":"https:\/\/seal.transport-manager.net\/orizo\/wp-json\/wp\/v2\/pages\/490\/revisions"}],"predecessor-version":[{"id":2414,"href":"https:\/\/seal.transport-manager.net\/orizo\/wp-json\/wp\/v2\/pages\/490\/revisions\/2414"}],"wp:attachment":[{"href":"https:\/\/seal.transport-manager.net\/orizo\/wp-json\/wp\/v2\/media?parent=490"}],"curies":[{"name":"wp","href":"https:\/\/api.w.org\/{rel}","templated":true}]}}