{"id":106,"date":"2022-04-25T16:00:43","date_gmt":"2022-04-25T14:00:43","guid":{"rendered":"https:\/\/seal.transport-manager.net\/panddragon\/?page_id=106"},"modified":"2022-04-25T21:57:52","modified_gmt":"2022-04-25T19:57:52","slug":"lignes-de-transport-a-la-demande-tad","status":"publish","type":"page","link":"https:\/\/seal.transport-manager.net\/panddragon\/lignes-de-transport-a-la-demande-tad\/","title":{"rendered":"Lignes de Transport \u00e0 la Demande (T\u00e0D)"},"content":{"rendered":"\n<p class=\"has-medium-font-size\" style=\"font-style:normal;font-weight:500\">Ces lignes se situant au niveau des quartiers r\u00e9sidentiels de Bellevue et de l&rsquo;Observatoire vous permettent de monter et descendre o\u00f9 vous le voulez sur le parcours de la ligne gr\u00e2ce \u00e0 une simple r\u00e9servation \u00e0 faire au minimum 48h \u00e0 l&rsquo;avance.<\/p>\n\n\n\n<figure class=\"wp-block-image size-large is-style-default\"><img decoding=\"async\" src=\"https:\/\/transport-manager.net\/assets\/img\/lignes\/N3_L901_trans1.png\" alt=\"\" \/><\/figure>\n\n\n\n<figure class=\"wp-block-image size-large is-style-default\"><img decoding=\"async\" src=\"https:\/\/transport-manager.net\/assets\/img\/lignes\/N3_L902_trans1.png\" alt=\"\" \/><\/figure>\n\n\n\n<div class=\"wp-block-buttons is-layout-flex wp-block-buttons-is-layout-flex\">\n<div class=\"wp-block-button is-style-outline is-style-outline--1\"><a class=\"wp-block-button__link\" href=\"https:\/\/seal.transport-manager.net\/panddragon\/nos-lignes\/\">Revenir \u00e0 la page pr\u00e9c\u00e9dente<\/a><\/div>\n<\/div>\n\n\n\n<p><\/p>\n","protected":false},"excerpt":{"rendered":"<p>Ces lignes se situant au niveau des quartiers r\u00e9sidentiels de Bellevue et de l&rsquo;Observatoire vous permettent de monter et descendre o\u00f9 vous le voulez sur le parcours de la ligne gr\u00e2ce \u00e0 une simple r\u00e9servation \u00e0 faire au minimum 48h \u00e0 l&rsquo;avance.<\/p>\n","protected":false},"author":80,"featured_media":0,"parent":0,"menu_order":0,"comment_status":"closed","ping_status":"closed","template":"","meta":{"footnotes":""},"class_list":["post-106","page","type-page","status-publish","hentry"],"_links":{"self":[{"href":"https:\/\/seal.transport-manager.net\/panddragon\/wp-json\/wp\/v2\/pages\/106","targetHints":{"allow":["GET"]}}],"collection":[{"href":"https:\/\/seal.transport-manager.net\/panddragon\/wp-json\/wp\/v2\/pages"}],"about":[{"href":"https:\/\/seal.transport-manager.net\/panddragon\/wp-json\/wp\/v2\/types\/page"}],"author":[{"embeddable":true,"href":"https:\/\/seal.transport-manager.net\/panddragon\/wp-json\/wp\/v2\/users\/80"}],"replies":[{"embeddable":true,"href":"https:\/\/seal.transport-manager.net\/panddragon\/wp-json\/wp\/v2\/comments?post=106"}],"version-history":[{"count":5,"href":"https:\/\/seal.transport-manager.net\/panddragon\/wp-json\/wp\/v2\/pages\/106\/revisions"}],"predecessor-version":[{"id":136,"href":"https:\/\/seal.transport-manager.net\/panddragon\/wp-json\/wp\/v2\/pages\/106\/revisions\/136"}],"wp:attachment":[{"href":"https:\/\/seal.transport-manager.net\/panddragon\/wp-json\/wp\/v2\/media?parent=106"}],"curies":[{"name":"wp","href":"https:\/\/api.w.org\/{rel}","templated":true}]}}