{"id":13,"date":"2022-04-24T00:18:22","date_gmt":"2022-04-23T22:18:22","guid":{"rendered":"https:\/\/seal.transport-manager.net\/panddragon\/?page_id=13"},"modified":"2023-08-15T12:08:48","modified_gmt":"2023-08-15T10:08:48","slug":"nos-vehicules","status":"publish","type":"page","link":"https:\/\/seal.transport-manager.net\/panddragon\/nos-vehicules\/","title":{"rendered":"Nos V\u00e9hicules"},"content":{"rendered":"\n<p>Notre r\u00e9seau poss\u00e8de 145 bus pour le service commerciale et la r\u00e9serve.<\/p>\n\n\n\n<figure class=\"wp-block-table is-style-stripes\" style=\"font-style:normal;font-weight:500\"><table class=\"has-fixed-layout\"><thead><tr><th class=\"has-text-align-center\" data-align=\"center\">Type de v\u00e9hicules<\/th><th class=\"has-text-align-center\" data-align=\"center\">Nombre de v\u00e9hicules<\/th><\/tr><\/thead><tbody><tr><td class=\"has-text-align-center\" data-align=\"center\"><a href=\"https:\/\/seal.transport-manager.net\/panddragon\/nos-minibus\/\">Minibus<\/a><\/td><td class=\"has-text-align-center\" data-align=\"center\">10<\/td><\/tr><tr><td class=\"has-text-align-center\" data-align=\"center\"><a href=\"https:\/\/seal.transport-manager.net\/panddragon\/nos-midibus\/\">Midibus<\/a><\/td><td class=\"has-text-align-center\" data-align=\"center\">22<\/td><\/tr><tr><td class=\"has-text-align-center\" data-align=\"center\"><a href=\"https:\/\/seal.transport-manager.net\/panddragon\/nos-standards\/\">Bus Standards<\/a><\/td><td class=\"has-text-align-center\" data-align=\"center\">69<\/td><\/tr><tr><td class=\"has-text-align-center\" data-align=\"center\"><a href=\"https:\/\/seal.transport-manager.net\/panddragon\/nos-bus-articules\/\">Bus Articul\u00e9s et Bi-Articul\u00e9s<\/a><\/td><td class=\"has-text-align-center\" data-align=\"center\">44<\/td><\/tr><\/tbody><\/table><\/figure>\n\n\n\n<p>De plus, nous poss\u00e9dons \u00e9galement 9 v\u00e9hicules de service et 1 d\u00e9panneuse.<\/p>\n","protected":false},"excerpt":{"rendered":"<p>Notre r\u00e9seau poss\u00e8de 145 bus pour le service commerciale et la r\u00e9serve. Type de v\u00e9hicules Nombre de v\u00e9hicules Minibus 10 Midibus 22 Bus Standards 69 Bus Articul\u00e9s et Bi-Articul\u00e9s 44 De plus, nous poss\u00e9dons \u00e9galement 9 v\u00e9hicules de service et 1 d\u00e9panneuse.<\/p>\n","protected":false},"author":80,"featured_media":0,"parent":0,"menu_order":0,"comment_status":"closed","ping_status":"closed","template":"","meta":{"footnotes":""},"class_list":["post-13","page","type-page","status-publish","hentry"],"_links":{"self":[{"href":"https:\/\/seal.transport-manager.net\/panddragon\/wp-json\/wp\/v2\/pages\/13","targetHints":{"allow":["GET"]}}],"collection":[{"href":"https:\/\/seal.transport-manager.net\/panddragon\/wp-json\/wp\/v2\/pages"}],"about":[{"href":"https:\/\/seal.transport-manager.net\/panddragon\/wp-json\/wp\/v2\/types\/page"}],"author":[{"embeddable":true,"href":"https:\/\/seal.transport-manager.net\/panddragon\/wp-json\/wp\/v2\/users\/80"}],"replies":[{"embeddable":true,"href":"https:\/\/seal.transport-manager.net\/panddragon\/wp-json\/wp\/v2\/comments?post=13"}],"version-history":[{"count":13,"href":"https:\/\/seal.transport-manager.net\/panddragon\/wp-json\/wp\/v2\/pages\/13\/revisions"}],"predecessor-version":[{"id":744,"href":"https:\/\/seal.transport-manager.net\/panddragon\/wp-json\/wp\/v2\/pages\/13\/revisions\/744"}],"wp:attachment":[{"href":"https:\/\/seal.transport-manager.net\/panddragon\/wp-json\/wp\/v2\/media?parent=13"}],"curies":[{"name":"wp","href":"https:\/\/api.w.org\/{rel}","templated":true}]}}