{"id":15,"date":"2022-04-24T00:18:23","date_gmt":"2022-04-23T22:18:23","guid":{"rendered":"https:\/\/seal.transport-manager.net\/panddragon\/?page_id=15"},"modified":"2023-05-09T22:37:30","modified_gmt":"2023-05-09T20:37:30","slug":"notre-histoire","status":"publish","type":"page","link":"https:\/\/seal.transport-manager.net\/panddragon\/notre-histoire\/","title":{"rendered":"Notre Entreprise"},"content":{"rendered":"\n<p><strong>La Soci\u00e9t\u00e9&nbsp;:<\/strong><\/p>\n\n\n\n<p>En \u00e9t\u00e9 2020, l\u2019autorit\u00e9 organisatrice, Transport Manager, a organis\u00e9 \u00e0 un appel d\u2019offre pour la cr\u00e9ation d\u2019un r\u00e9seau de transport en commun pour la m\u00e9tropole de Panda. A cette occasion, les Transport Urbains Collectifs de Panda (TUCP) ont \u00e9t\u00e9 cr\u00e9\u00e9s afin de r\u00e9pondre cet appel d\u2019offre comportent 4 lignes&nbsp;:<\/p>\n\n\n\n<ul class=\"wp-block-list\">\n<li>La Ligne 1 (Campus Alan Turing &lt;=&gt; Gare Centrale)<\/li>\n\n\n\n<li>La Ligne 2 (A\u00e9roport &lt;=&gt; Gare Centrale)<\/li>\n\n\n\n<li>La Ligne 3 (Gare Centrale&lt;=&gt; Campus Marthe Gautier)<\/li>\n\n\n\n<li>La Ligne 4 (Gare Centrale &lt;=&gt; Gare de l\u2019Est)<\/li>\n<\/ul>\n\n\n\n<p>Ces lignes permettent de cr\u00e9er un r\u00e9seau en \u00e9toile dont le centre est la Gare Centrale.<\/p>\n\n\n\n<p>En novembre 2021, les TUCP rejoigne l&rsquo;alliance Moovy Group afin de nous permettre de mieux g\u00e9rer notre soci\u00e9t\u00e9 et notre r\u00e9seau.<\/p>\n\n\n\n<p>En avril 2021, les TUCP g\u00e8rent ces 4 lignes dont 3 lignes sont d\u00e9j\u00e0 desservies par des v\u00e9hicules au GNV, chose possible, gr\u00e2ce au partenariat, avec les concessions Man (aujourd\u2019hui MV Mate), Scania et Van Hool (ces deux derni\u00e8res, aujourd\u2019hui, rassembl\u00e9es dans une concession, VHS Group) qui nous ont fournis en v\u00e9hicules \u00e0 motorisation GNV et avec la banque Azur qui nous a permis de financer l\u2019achat de ces v\u00e9hicules.<\/p>\n\n\n\n<p>En ao\u00fbt 2021, l\u2019autorit\u00e9 organisatrice, satisfait de notre gestion du r\u00e9seau, d\u00e9cide de nous renouveler leur confiance afin d\u2019exploiter 3 lignes suppl\u00e9mentaires :<\/p>\n\n\n\n<ul class=\"wp-block-list\">\n<li>La Ligne 5 (Mus\u00e9e d\u2019Art Moderne &lt;=&gt; P\u00f4le Luca Pacioli) permet d\u2019am\u00e9liorer la desserte en p\u00e9riph\u00e9rie de la ville et de desservir&nbsp;le Mus\u00e9e d\u2019Art Moderne, le p\u00f4le universitaire de droit et de comptabilit\u00e9 Luca Pacioli, Science Po et la Gare de l\u2019Ouest.<\/li>\n\n\n\n<li>La Ligne 6 (Grand Palais &lt;=&gt;  Campus Maryse Esterle) permet d\u2019am\u00e9liorer la desserte de l\u2019est de la ville en desservant le nouveau Centre Commerciale Lilas et le campus universitaire de sciences humaines et sociales Maryse Esterle.<\/li>\n\n\n\n<li>La Ligne 7 (Port Fluvial&lt;=&gt; Grand Palais) permet avec la ligne 5 d\u2019am\u00e9liorer la desserte de l\u2019ouest de la ville en desservant des coll\u00e8ges (Rosa Luxemburg et Rosa Parks), la Gare de l\u2019Ouest et le Port Fluvial.<\/li>\n<\/ul>\n\n\n\n<p>En avril 2022, alors que l\u2019autorit\u00e9 organisatrice est en pleine r\u00e9flexion sur une \u00e9volution du r\u00e9seau, les TUCP poss\u00e8dent plus de 100 v\u00e9hicules et 169 employ\u00e9s dont 115 conducteurs et conductrices qui permettent aux TUCP d\u2019exploiter sept lignes. Nous poss\u00e9dons \u00e9galement 1 d\u00e9p\u00f4t situ\u00e9 proche de la Gare Centrale et 5 agences situ\u00e9es au niveau de la Gare Centrale, de l\u2019A\u00e9roport, de la Gare de l\u2019Ouest et les Campus Marthe Gautier et Alan Turing.<\/p>\n\n\n\n<p>A la rentr\u00e9e 2022, l\u2019autorit\u00e9 organisatrice d\u00e9cide de nouveau de nous r\u00e9accorder sa confiance pour exploiter 7 lignes suppl\u00e9mentaires qui ne passent pas par la Gare Centrale et le centre-ville afin d\u2019am\u00e9liorer la desserte de la p\u00e9riph\u00e9rie de la m\u00e9tropole.<\/p>\n\n\n\n<p><strong>Notre Projet&nbsp;:<\/strong><\/p>\n\n\n\n<p>\u00a0\u00a0\u00a0\u00a0\u00a0\u00a0\u00a0\u00a0\u00a0 Nous sommes soucieux de l\u2019environnement par cons\u00e9quent nous nous sommes engag\u00e9s \u00e0 atteindre, d\u2019ici fin 2023, 0 diesel parmi nos v\u00e9hicules en service commercial, objectif qui est presque atteint puisque nous avons plus de 90% de nos v\u00e9hicules en service commercial qui sont \u00ab\u00a0propre\u00a0\u00bb (GNV, GNV hybride, diesel hybride ou \u00e9lectriques). De plus, tous ces v\u00e9hicules sont accessibles aux personnes \u00e0 mobilit\u00e9 r\u00e9duite et \u00e9quip\u00e9s de la climatisation int\u00e9grale pour le confort de tous.<\/p>\n\n\n\n<p class=\"has-small-font-size\" style=\"font-style:normal;font-weight:200\">Derni\u00e8re mise \u00e0 jour le 09\/05\/2023<\/p>\n","protected":false},"excerpt":{"rendered":"<p>La Soci\u00e9t\u00e9&nbsp;: En \u00e9t\u00e9 2020, l\u2019autorit\u00e9 organisatrice, Transport Manager, a organis\u00e9 \u00e0 un appel d\u2019offre pour la cr\u00e9ation d\u2019un r\u00e9seau de transport en commun pour la m\u00e9tropole de Panda. A cette occasion, les Transport Urbains Collectifs de Panda (TUCP) ont \u00e9t\u00e9 cr\u00e9\u00e9s afin de r\u00e9pondre cet appel d\u2019offre comportent 4 [&hellip;]<\/p>\n","protected":false},"author":80,"featured_media":0,"parent":0,"menu_order":0,"comment_status":"closed","ping_status":"closed","template":"","meta":{"footnotes":""},"class_list":["post-15","page","type-page","status-publish","hentry"],"_links":{"self":[{"href":"https:\/\/seal.transport-manager.net\/panddragon\/wp-json\/wp\/v2\/pages\/15","targetHints":{"allow":["GET"]}}],"collection":[{"href":"https:\/\/seal.transport-manager.net\/panddragon\/wp-json\/wp\/v2\/pages"}],"about":[{"href":"https:\/\/seal.transport-manager.net\/panddragon\/wp-json\/wp\/v2\/types\/page"}],"author":[{"embeddable":true,"href":"https:\/\/seal.transport-manager.net\/panddragon\/wp-json\/wp\/v2\/users\/80"}],"replies":[{"embeddable":true,"href":"https:\/\/seal.transport-manager.net\/panddragon\/wp-json\/wp\/v2\/comments?post=15"}],"version-history":[{"count":20,"href":"https:\/\/seal.transport-manager.net\/panddragon\/wp-json\/wp\/v2\/pages\/15\/revisions"}],"predecessor-version":[{"id":733,"href":"https:\/\/seal.transport-manager.net\/panddragon\/wp-json\/wp\/v2\/pages\/15\/revisions\/733"}],"wp:attachment":[{"href":"https:\/\/seal.transport-manager.net\/panddragon\/wp-json\/wp\/v2\/media?parent=15"}],"curies":[{"name":"wp","href":"https:\/\/api.w.org\/{rel}","templated":true}]}}