{"id":17,"date":"2022-04-24T00:18:23","date_gmt":"2022-04-23T22:18:23","guid":{"rendered":"https:\/\/seal.transport-manager.net\/panddragon\/?page_id=17"},"modified":"2025-09-14T11:35:00","modified_gmt":"2025-09-14T09:35:00","slug":"notre-musee","status":"publish","type":"page","link":"https:\/\/seal.transport-manager.net\/panddragon\/notre-musee\/","title":{"rendered":"Notre Mus\u00e9e"},"content":{"rendered":"\n<p>La STCP conservent et entretiennent un patrimoine de pas moins de 26 bus embl\u00e9matiques ayant roul\u00e9 dans la m\u00e9tropole depuis les ann\u00e9es 80 aux ann\u00e9es 2000. Ainsi, nous avons d\u00e9cid\u00e9 d&rsquo;ouvrir un mus\u00e9e au d\u00e9p\u00f4t de la Gare Centrale ouvert tous les jours (sauf 01\/01, 01\/05 et 25\/12) de 9h \u00e0 19h (derni\u00e8re entr\u00e9e \u00e0 18h30), l&rsquo;entr\u00e9e est gratuite. Pour les plus passionn\u00e9s qui souhaitent les prendre en photo dans la ville, ces v\u00e9hicules circulent de fa\u00e7on ponctuelle lors de certains \u00e9v\u00e8nements sp\u00e9ciaux comme le week-end du patrimoine en septembre.<\/p>\n\n\n\n<p>Ci-dessous voici les diff\u00e9rents bus que nous poss\u00e9dons, pour pouvoir les observer n&rsquo;h\u00e9sitez \u00e0 venir au Mus\u00e9e.<\/p>\n\n\n\n<p>Nos 3 Midibus pr\u00e9serv\u00e9s :<\/p>\n\n\n<span id=\"tablepress-5-description\" class=\"tablepress-table-description tablepress-table-description-id-5\"><\/span>\n\n<table id=\"tablepress-5\" class=\"tablepress tablepress-id-5\" aria-describedby=\"tablepress-5-description\">\n<thead>\n<tr class=\"row-1\">\n\t<th class=\"column-1\">Marque<\/th><th class=\"column-2\">Mod\u00e8le<\/th><th class=\"column-3\">Motorisation<\/th><th class=\"column-4\">Ann\u00e9e de Mise en Service<\/th><th class=\"column-5\">Capacit\u00e9 (en Pax)<\/th><th class=\"column-6\">Num\u00e9ro de Parc<\/th>\n<\/tr>\n<\/thead>\n<tbody class=\"row-striping row-hover\">\n<tr class=\"row-2\">\n\t<td class=\"column-1\">Van Hool<\/td><td class=\"column-2\">AU 138<\/td><td class=\"column-3\"><img decoding=\"async\" src=\"https:\/\/transport-manager.net\/assets\/img\/opt\/diesel.png\" \/><\/td><td class=\"column-4\">1981<\/td><td class=\"column-5\">63<\/td><td class=\"column-6\">9201<\/td>\n<\/tr>\n<tr class=\"row-3\">\n\t<td class=\"column-1\">Heuliez<\/td><td class=\"column-2\">GX 117<\/td><td class=\"column-3\"><img decoding=\"async\" src=\"https:\/\/transport-manager.net\/assets\/img\/opt\/diesel.png\" \/><\/td><td class=\"column-4\">2003<\/td><td class=\"column-5\">75<\/td><td class=\"column-6\">9202<\/td>\n<\/tr>\n<tr class=\"row-4\">\n\t<td class=\"column-1\">Heuliez<\/td><td class=\"column-2\">GX 117 L<\/td><td class=\"column-3\"><img decoding=\"async\" src=\"https:\/\/transport-manager.net\/assets\/img\/opt\/diesel.png\" \/><\/td><td class=\"column-4\">2000<\/td><td class=\"column-5\">94<\/td><td class=\"column-6\">9203<\/td>\n<\/tr>\n<\/tbody>\n<\/table>\n<!-- #tablepress-5 from cache -->\n\n\n\n<p>Nos 17 Bus Standards pr\u00e9serv\u00e9s :<\/p>\n\n\n<span id=\"tablepress-6-description\" class=\"tablepress-table-description tablepress-table-description-id-6\"><\/span>\n\n<table id=\"tablepress-6\" class=\"tablepress tablepress-id-6\" aria-describedby=\"tablepress-6-description\">\n<thead>\n<tr class=\"row-1\">\n\t<th class=\"column-1\">Marque<\/th><th class=\"column-2\">Mod\u00e8le<\/th><th class=\"column-3\">Motorisation<\/th><th class=\"column-4\">Ann\u00e9e de Mise en Service<\/th><th class=\"column-5\">Capacit\u00e9 (en Pax)<\/th><th class=\"column-6\">Num\u00e9ro de Parc<\/th>\n<\/tr>\n<\/thead>\n<tbody class=\"row-striping row-hover\">\n<tr class=\"row-2\">\n\t<td class=\"column-1\">Heuliez<\/td><td class=\"column-2\">GX 107<\/td><td class=\"column-3\"><img decoding=\"async\" src=\"https:\/\/transport-manager.net\/assets\/img\/opt\/diesel.png\" \/><\/td><td class=\"column-4\">1993<\/td><td class=\"column-5\">100<\/td><td class=\"column-6\">9301<\/td>\n<\/tr>\n<tr class=\"row-3\">\n\t<td class=\"column-1\">Man<\/td><td class=\"column-2\">NL 222<\/td><td class=\"column-3\"><img decoding=\"async\" src=\"https:\/\/transport-manager.net\/assets\/img\/opt\/diesel.png\" \/><\/td><td class=\"column-4\">1996<\/td><td class=\"column-5\">99<\/td><td class=\"column-6\">9302<\/td>\n<\/tr>\n<tr class=\"row-4\">\n\t<td class=\"column-1\">Mercedes<\/td><td class=\"column-2\">O 305<\/td><td class=\"column-3\"><img decoding=\"async\" src=\"https:\/\/transport-manager.net\/assets\/img\/opt\/diesel.png\" \/><\/td><td class=\"column-4\">1987<\/td><td class=\"column-5\">100<\/td><td class=\"column-6\">9303<\/td>\n<\/tr>\n<tr class=\"row-5\">\n\t<td class=\"column-1\">Van Hool<\/td><td class=\"column-2\">A 600<\/td><td class=\"column-3\"><img decoding=\"async\" src=\"https:\/\/transport-manager.net\/assets\/img\/opt\/diesel.png\" \/><\/td><td class=\"column-4\">1996<\/td><td class=\"column-5\">100<\/td><td class=\"column-6\">9304<\/td>\n<\/tr>\n<tr class=\"row-6\">\n\t<td class=\"column-1\">Renault<\/td><td class=\"column-2\">Pr 100.2<\/td><td class=\"column-3\"><img decoding=\"async\" src=\"https:\/\/transport-manager.net\/assets\/img\/opt\/diesel.png\" \/><\/td><td class=\"column-4\">1992<\/td><td class=\"column-5\">100<\/td><td class=\"column-6\">9305<\/td>\n<\/tr>\n<tr class=\"row-7\">\n\t<td class=\"column-1\">Mercedes<\/td><td class=\"column-2\">O 405<\/td><td class=\"column-3\"><img decoding=\"async\" src=\"https:\/\/transport-manager.net\/assets\/img\/opt\/diesel.png\" \/><\/td><td class=\"column-4\">1991<\/td><td class=\"column-5\">110<\/td><td class=\"column-6\">9306<\/td>\n<\/tr>\n<tr class=\"row-8\">\n\t<td class=\"column-1\">Van Hool<\/td><td class=\"column-2\">A 330<\/td><td class=\"column-3\"><img decoding=\"async\" src=\"https:\/\/transport-manager.net\/assets\/img\/opt\/diesel.png\" \/><\/td><td class=\"column-4\">2001<\/td><td class=\"column-5\">105<\/td><td class=\"column-6\">9307<\/td>\n<\/tr>\n<tr class=\"row-9\">\n\t<td class=\"column-1\">Irisbus<\/td><td class=\"column-2\">Agora S<\/td><td class=\"column-3\"><img decoding=\"async\" src=\"https:\/\/transport-manager.net\/assets\/img\/opt\/diesel.png\" \/><\/td><td class=\"column-4\">2005<\/td><td class=\"column-5\">106<\/td><td class=\"column-6\">9308<\/td>\n<\/tr>\n<tr class=\"row-10\">\n\t<td class=\"column-1\">Van Hool<\/td><td class=\"column-2\">A 300<\/td><td class=\"column-3\"><img decoding=\"async\" src=\"https:\/\/transport-manager.net\/assets\/img\/opt\/diesel.png\" \/><\/td><td class=\"column-4\">2001<\/td><td class=\"column-5\">105<\/td><td class=\"column-6\">9309<\/td>\n<\/tr>\n<tr class=\"row-11\">\n\t<td class=\"column-1\">Man<\/td><td class=\"column-2\">NL 222<\/td><td class=\"column-3\"><img decoding=\"async\" src=\"https:\/\/transport-manager.net\/assets\/img\/opt\/gnv.png\" \/><\/td><td class=\"column-4\">1996<\/td><td class=\"column-5\">99<\/td><td class=\"column-6\">9310<\/td>\n<\/tr>\n<tr class=\"row-12\">\n\t<td class=\"column-1\">Renault<\/td><td class=\"column-2\">Agora S<\/td><td class=\"column-3\"><img decoding=\"async\" src=\"https:\/\/transport-manager.net\/assets\/img\/opt\/gnv.png\" \/><\/td><td class=\"column-4\">1999<\/td><td class=\"column-5\">106<\/td><td class=\"column-6\">9311<\/td>\n<\/tr>\n<tr class=\"row-13\">\n\t<td class=\"column-1\">Scania<\/td><td class=\"column-2\">N 112<\/td><td class=\"column-3\"><img decoding=\"async\" src=\"https:\/\/transport-manager.net\/assets\/img\/opt\/diesel.png\" \/><\/td><td class=\"column-4\">1988<\/td><td class=\"column-5\">88<\/td><td class=\"column-6\">9312<\/td>\n<\/tr>\n<tr class=\"row-14\">\n\t<td class=\"column-1\">Irisbus<\/td><td class=\"column-2\">Agora S<\/td><td class=\"column-3\"><img decoding=\"async\" src=\"https:\/\/transport-manager.net\/assets\/img\/opt\/gnv.png\" \/><\/td><td class=\"column-4\">2005<\/td><td class=\"column-5\">102<\/td><td class=\"column-6\">9313<\/td>\n<\/tr>\n<tr class=\"row-15\">\n\t<td class=\"column-1\">Heuliez<\/td><td class=\"column-2\">GX 317<\/td><td class=\"column-3\"><img decoding=\"async\" src=\"https:\/\/transport-manager.net\/assets\/img\/opt\/diesel.png\" \/><\/td><td class=\"column-4\">1995<\/td><td class=\"column-5\">112<\/td><td class=\"column-6\">9314<\/td>\n<\/tr>\n<tr class=\"row-16\">\n\t<td class=\"column-1\">Volvo<\/td><td class=\"column-2\">5000<\/td><td class=\"column-3\"><img decoding=\"async\" src=\"https:\/\/transport-manager.net\/assets\/img\/opt\/diesel.png\" \/><\/td><td class=\"column-4\">2000<\/td><td class=\"column-5\">100<\/td><td class=\"column-6\">9315<\/td>\n<\/tr>\n<tr class=\"row-17\">\n\t<td class=\"column-1\">Renault<\/td><td class=\"column-2\">Agora S<\/td><td class=\"column-3\"><img decoding=\"async\" src=\"https:\/\/transport-manager.net\/assets\/img\/opt\/diesel.png\" \/><\/td><td class=\"column-4\">1995<\/td><td class=\"column-5\">106<\/td><td class=\"column-6\">9316<\/td>\n<\/tr>\n<tr class=\"row-18\">\n\t<td class=\"column-1\">Renault<\/td><td class=\"column-2\">Obrador PR-B\t<\/td><td class=\"column-3\"><img decoding=\"async\" src=\"https:\/\/transport-manager.net\/assets\/img\/opt\/diesel.png\" \/><\/td><td class=\"column-4\">1997<\/td><td class=\"column-5\">96<\/td><td class=\"column-6\">9317<\/td>\n<\/tr>\n<\/tbody>\n<\/table>\n<!-- #tablepress-6 from cache -->\n\n\n\n<p>Nos 7 Bus Articul\u00e9s pr\u00e9serv\u00e9s :<\/p>\n\n\n<span id=\"tablepress-7-description\" class=\"tablepress-table-description tablepress-table-description-id-7\"><\/span>\n\n<table id=\"tablepress-7\" class=\"tablepress tablepress-id-7\" aria-describedby=\"tablepress-7-description\">\n<thead>\n<tr class=\"row-1\">\n\t<th class=\"column-1\">Marque<\/th><th class=\"column-2\">Mod\u00e8le<\/th><th class=\"column-3\">Motorisation<\/th><th class=\"column-4\">Ann\u00e9e de Mise en Service<\/th><th class=\"column-5\">Capacit\u00e9 (en Pax)<\/th><th class=\"column-6\">Num\u00e9ro de Parc<\/th>\n<\/tr>\n<\/thead>\n<tbody class=\"row-striping row-hover\">\n<tr class=\"row-2\">\n\t<td class=\"column-1\">Irisbus<\/td><td class=\"column-2\">Agora L<\/td><td class=\"column-3\"><img decoding=\"async\" src=\"https:\/\/transport-manager.net\/assets\/img\/opt\/gnv.png\" \/><\/td><td class=\"column-4\">2002<\/td><td class=\"column-5\">156<\/td><td class=\"column-6\">9501<\/td>\n<\/tr>\n<tr class=\"row-3\">\n\t<td class=\"column-1\">Irisbus<\/td><td class=\"column-2\">Agora L<\/td><td class=\"column-3\"><img decoding=\"async\" src=\"https:\/\/transport-manager.net\/assets\/img\/opt\/diesel.png\" \/><\/td><td class=\"column-4\">2005<\/td><td class=\"column-5\">156<\/td><td class=\"column-6\">9502<\/td>\n<\/tr>\n<tr class=\"row-4\">\n\t<td class=\"column-1\">Renault<\/td><td class=\"column-2\">Agora L<\/td><td class=\"column-3\"><img decoding=\"async\" src=\"https:\/\/transport-manager.net\/assets\/img\/opt\/diesel.png\" \/><\/td><td class=\"column-4\">1995<\/td><td class=\"column-5\">156<\/td><td class=\"column-6\">9503<\/td>\n<\/tr>\n<tr class=\"row-5\">\n\t<td class=\"column-1\">Heuliez<\/td><td class=\"column-2\">GX 187<\/td><td class=\"column-3\"><img decoding=\"async\" src=\"https:\/\/transport-manager.net\/assets\/img\/opt\/diesel.png\" \/><\/td><td class=\"column-4\">1990<\/td><td class=\"column-5\">160<\/td><td class=\"column-6\">9504<\/td>\n<\/tr>\n<tr class=\"row-6\">\n\t<td class=\"column-1\">Heuliez<\/td><td class=\"column-2\">GX 417<\/td><td class=\"column-3\"><img decoding=\"async\" src=\"https:\/\/transport-manager.net\/assets\/img\/opt\/diesel.png\" \/><\/td><td class=\"column-4\">1996<\/td><td class=\"column-5\">151<\/td><td class=\"column-6\">9505<\/td>\n<\/tr>\n<tr class=\"row-7\">\n\t<td class=\"column-1\">Renault<\/td><td class=\"column-2\">Agora L<\/td><td class=\"column-3\"><img decoding=\"async\" src=\"https:\/\/transport-manager.net\/assets\/img\/opt\/gnv.png\" \/><\/td><td class=\"column-4\">2001<\/td><td class=\"column-5\">156<\/td><td class=\"column-6\">9506<\/td>\n<\/tr>\n<tr class=\"row-8\">\n\t<td class=\"column-1\">Heuliez<\/td><td class=\"column-2\">GX 417<\/td><td class=\"column-3\"><img decoding=\"async\" src=\"https:\/\/transport-manager.net\/assets\/img\/opt\/gnv.png\" \/><\/td><td class=\"column-4\">1998<\/td><td class=\"column-5\">155<\/td><td class=\"column-6\">9507<\/td>\n<\/tr>\n<\/tbody>\n<\/table>\n<!-- #tablepress-7 from cache -->\n","protected":false},"excerpt":{"rendered":"<p>La STCP conservent et entretiennent un patrimoine de pas moins de 26 bus embl\u00e9matiques ayant roul\u00e9 dans la m\u00e9tropole depuis les ann\u00e9es 80 aux ann\u00e9es 2000. Ainsi, nous avons d\u00e9cid\u00e9 d&rsquo;ouvrir un mus\u00e9e au d\u00e9p\u00f4t de la Gare Centrale ouvert tous les jours (sauf 01\/01, 01\/05 et 25\/12) de 9h [&hellip;]<\/p>\n","protected":false},"author":80,"featured_media":0,"parent":0,"menu_order":0,"comment_status":"closed","ping_status":"closed","template":"","meta":{"footnotes":""},"class_list":["post-17","page","type-page","status-publish","hentry"],"_links":{"self":[{"href":"https:\/\/seal.transport-manager.net\/panddragon\/wp-json\/wp\/v2\/pages\/17","targetHints":{"allow":["GET"]}}],"collection":[{"href":"https:\/\/seal.transport-manager.net\/panddragon\/wp-json\/wp\/v2\/pages"}],"about":[{"href":"https:\/\/seal.transport-manager.net\/panddragon\/wp-json\/wp\/v2\/types\/page"}],"author":[{"embeddable":true,"href":"https:\/\/seal.transport-manager.net\/panddragon\/wp-json\/wp\/v2\/users\/80"}],"replies":[{"embeddable":true,"href":"https:\/\/seal.transport-manager.net\/panddragon\/wp-json\/wp\/v2\/comments?post=17"}],"version-history":[{"count":10,"href":"https:\/\/seal.transport-manager.net\/panddragon\/wp-json\/wp\/v2\/pages\/17\/revisions"}],"predecessor-version":[{"id":826,"href":"https:\/\/seal.transport-manager.net\/panddragon\/wp-json\/wp\/v2\/pages\/17\/revisions\/826"}],"wp:attachment":[{"href":"https:\/\/seal.transport-manager.net\/panddragon\/wp-json\/wp\/v2\/media?parent=17"}],"curies":[{"name":"wp","href":"https:\/\/api.w.org\/{rel}","templated":true}]}}