{"id":212,"date":"2022-05-07T13:26:33","date_gmt":"2022-05-07T11:26:33","guid":{"rendered":"https:\/\/seal.transport-manager.net\/panddragon\/?page_id=212"},"modified":"2022-05-08T00:14:21","modified_gmt":"2022-05-07T22:14:21","slug":"service-publicitaire-2","status":"publish","type":"page","link":"https:\/\/seal.transport-manager.net\/panddragon\/service-publicitaire-2\/","title":{"rendered":"Service Publicitaire"},"content":{"rendered":"\n<p class=\"has-text-align-center has-medium-font-size\" style=\"font-style:normal;font-weight:500\">Vous trouvez que les spots publicitaires statiques ne vous offrent pas assez de visibilit\u00e9 ?<\/p>\n\n\n\n<p class=\"has-text-align-center has-medium-font-size\" style=\"font-style:normal;font-weight:500\">Vous voulez une visibilit\u00e9 dans toute la m\u00e9tropole ?<\/p>\n\n\n\n<p>N&rsquo;h\u00e9sitez plus, gr\u00e2ce \u00e0 notre r\u00e9seau, la visibilit\u00e9 n&rsquo;est plus en probl\u00e8me. En effet, les bus sont mobiles et permettent donc une meilleure visibilit\u00e9 dans la ville sans oublier les points strat\u00e9giques car notre r\u00e9seau dessert de nombreux points cl\u00e9s de la m\u00e9tropole comme l&rsquo;a\u00e9roport, de nombreuses gares, les campus universitaires et des mus\u00e9es. Vos affiches publicitaires seront ainsi visibles dans toute la m\u00e9tropole.<\/p>\n\n\n\n<p>Nous vous proposons deux types d&rsquo;affichage :<\/p>\n\n\n\n<ul class=\"wp-block-list\"><li>Les Panneaux : Mod\u00e8le classique et le moins cher. Trois types de panneaux : <ul><li>Avant : Visibles par nos clients mais \u00e9galement les passants,<\/li><li>Lat\u00e9raux : Visibles par tous,<\/li><li>Arri\u00e8res : Meilleure visibilit\u00e9 pour les automobilistes.<\/li><\/ul><\/li><li>Les Livr\u00e9es : Vous trouvez que les panneaux ne suffisent pas ? Les livr\u00e9es recouvrent l&rsquo;enti\u00e8ret\u00e9 des parties soit lat\u00e9rales soit arri\u00e8re de nos v\u00e9hicules pour une visibilit\u00e9 maximale.<\/li><\/ul>\n\n\n\n<div class=\"wp-block-group\"><div class=\"wp-block-group__inner-container is-layout-flow wp-block-group-is-layout-flow\"><div class=\"wpforms-container wpforms-container-full wpforms-block\" id=\"wpforms-275\"><form id=\"wpforms-form-275\" class=\"wpforms-validate wpforms-form wpforms-ajax-form\" data-formid=\"275\" method=\"post\" enctype=\"multipart\/form-data\" action=\"\/panddragon\/wp-json\/wp\/v2\/pages\/212\" data-token=\"97599d3e72ed58290667ba264b02662b\" data-token-time=\"1776231221\"><div class=\"wpforms-head-container\"><div class=\"wpforms-description\">Vous souhaitez utilisez notre service publicitaire et obtenir un tarif, contacter notre service commerciale en remplissant le formulaire ci-dessous.<\/div><\/div><noscript class=\"wpforms-error-noscript\">Veuillez activer JavaScript dans votre navigateur pour remplir ce formulaire.<\/noscript><div class=\"wpforms-field-container\"><div id=\"wpforms-275-field_0-container\" class=\"wpforms-field wpforms-field-name\" data-field-id=\"0\"><label class=\"wpforms-field-label\" for=\"wpforms-275-field_0\">Votre Nom <span class=\"wpforms-required-label\">*<\/span><\/label><input type=\"text\" id=\"wpforms-275-field_0\" class=\"wpforms-field-medium wpforms-field-required\" name=\"wpforms[fields][0]\" required><\/div><div id=\"wpforms-275-field_9-container\" class=\"wpforms-field wpforms-field-text\" data-field-id=\"9\"><label class=\"wpforms-field-label\" for=\"wpforms-275-field_9\">Votre Entreprise <span class=\"wpforms-required-label\">*<\/span><\/label><input type=\"text\" id=\"wpforms-275-field_9\" class=\"wpforms-field-medium wpforms-field-required\" name=\"wpforms[fields][9]\" required><\/div><div id=\"wpforms-275-field_1-container\" class=\"wpforms-field wpforms-field-email\" data-field-id=\"1\"><label class=\"wpforms-field-label\" for=\"wpforms-275-field_1\">Votre Email <span class=\"wpforms-required-label\">*<\/span><\/label><input type=\"email\" id=\"wpforms-275-field_1\" class=\"wpforms-field-medium wpforms-field-required\" name=\"wpforms[fields][1]\" spellcheck=\"false\" required><\/div><div id=\"wpforms-275-field_10-container\" class=\"wpforms-field wpforms-field-text\" data-field-id=\"10\"><label class=\"wpforms-field-label\" for=\"wpforms-275-field_10\">Objet de la Publicit\u00e9 <span class=\"wpforms-required-label\">*<\/span><\/label><input type=\"text\" id=\"wpforms-275-field_10\" class=\"wpforms-field-medium wpforms-field-required\" name=\"wpforms[fields][10]\" required><\/div><div id=\"wpforms-275-field_4-container\" class=\"wpforms-field wpforms-field-select wpforms-field-select-style-modern\" data-field-id=\"4\"><label class=\"wpforms-field-label\" for=\"wpforms-275-field_4\">Type de support souhait\u00e9 <span class=\"wpforms-required-label\">*<\/span><\/label><select id=\"wpforms-275-field_4\" class=\"wpforms-field-medium wpforms-field-required choicesjs-select\" data-size-class=\"wpforms-field-row wpforms-field-medium\" data-search-enabled=\"\" name=\"wpforms[fields][4]\" required=\"required\"><option value=\"\" class=\"placeholder\" disabled  selected='selected'>&#8211;<\/option><option value=\"Panneau Publicitaire Avant\"  class=\"choice-1 depth-1\"  >Panneau Publicitaire Avant<\/option><option value=\"Panneaux Publicitaires Lat\u00e9raux\"  class=\"choice-2 depth-1\"  >Panneaux Publicitaires Lat\u00e9raux<\/option><option value=\"Panneau Publicitaire Arri\u00e8re\"  class=\"choice-3 depth-1\"  >Panneau Publicitaire Arri\u00e8re<\/option><option value=\"Livr\u00e9es Lat\u00e9rales\"  class=\"choice-4 depth-1\"  >Livr\u00e9es Lat\u00e9rales<\/option><option value=\"Livr\u00e9e Arri\u00e8res\"  class=\"choice-5 depth-1\"  >Livr\u00e9e Arri\u00e8res<\/option><\/select><\/div><div id=\"wpforms-275-field_8-container\" class=\"wpforms-field wpforms-field-number\" data-field-id=\"8\"><label class=\"wpforms-field-label\" for=\"wpforms-275-field_8\">Nombre de supports souhait\u00e9s <span class=\"wpforms-required-label\">*<\/span><\/label><input type=\"number\" id=\"wpforms-275-field_8\" class=\"wpforms-field-medium wpforms-field-required\" name=\"wpforms[fields][8]\" step=\"any\" required><\/div><div id=\"wpforms-275-field_6-container\" class=\"wpforms-field wpforms-field-number-slider\" data-field-id=\"6\"><label class=\"wpforms-field-label\" for=\"wpforms-275-field_6\">Dur\u00e9e en jours souhait\u00e9s<\/label>\n<input\n\ttype=\"range\"\n\tid=\"wpforms-275-field_6\" class=\"wpforms-field-medium\" name=\"wpforms[fields][6]\" value=\"1\"\t\tmin=\"1\"\n\tmax=\"30\"\n\tstep=\"1\">\n\n<div class=\"wpforms-field-number-slider-hint\"\n\tdata-hint=\"Selected Value: {value}\">\n\tSelected Value: <b>1<\/b><\/div>\n<\/div><\/div><!-- .wpforms-field-container --><div class=\"wpforms-submit-container\" ><input type=\"hidden\" name=\"wpforms[id]\" value=\"275\"><input type=\"hidden\" name=\"page_title\" value=\"\"><input type=\"hidden\" name=\"page_url\" value=\"https:\/\/seal.transport-manager.net\/panddragon\/wp-json\/wp\/v2\/pages\/212\"><input type=\"hidden\" name=\"url_referer\" value=\"\"><button type=\"submit\" name=\"wpforms[submit]\" id=\"wpforms-submit-275\" class=\"wpforms-submit\" data-alt-text=\"Envoi\u2026\" data-submit-text=\"Envoyer\" aria-live=\"assertive\" value=\"wpforms-submit\">Envoyer<\/button><img loading=\"lazy\" decoding=\"async\" src=\"https:\/\/seal.transport-manager.net\/panddragon\/wp-content\/plugins\/wpforms-lite\/assets\/images\/submit-spin.svg\" class=\"wpforms-submit-spinner\" style=\"display: none;\" width=\"26\" height=\"26\" alt=\"Chargement en cours\"><\/div><\/form><\/div>  <!-- .wpforms-container --><\/div><\/div>\n\n\n\n<p class=\"has-text-align-center\"><\/p>\n","protected":false},"excerpt":{"rendered":"<p>Vous trouvez que les spots publicitaires statiques ne vous offrent pas assez de visibilit\u00e9 ? Vous voulez une visibilit\u00e9 dans toute la m\u00e9tropole ? N&rsquo;h\u00e9sitez plus, gr\u00e2ce \u00e0 notre r\u00e9seau, la visibilit\u00e9 n&rsquo;est plus en probl\u00e8me. En effet, les bus sont mobiles et permettent donc une meilleure visibilit\u00e9 dans la [&hellip;]<\/p>\n","protected":false},"author":80,"featured_media":0,"parent":0,"menu_order":0,"comment_status":"closed","ping_status":"closed","template":"","meta":{"footnotes":""},"class_list":["post-212","page","type-page","status-publish","hentry"],"_links":{"self":[{"href":"https:\/\/seal.transport-manager.net\/panddragon\/wp-json\/wp\/v2\/pages\/212","targetHints":{"allow":["GET"]}}],"collection":[{"href":"https:\/\/seal.transport-manager.net\/panddragon\/wp-json\/wp\/v2\/pages"}],"about":[{"href":"https:\/\/seal.transport-manager.net\/panddragon\/wp-json\/wp\/v2\/types\/page"}],"author":[{"embeddable":true,"href":"https:\/\/seal.transport-manager.net\/panddragon\/wp-json\/wp\/v2\/users\/80"}],"replies":[{"embeddable":true,"href":"https:\/\/seal.transport-manager.net\/panddragon\/wp-json\/wp\/v2\/comments?post=212"}],"version-history":[{"count":14,"href":"https:\/\/seal.transport-manager.net\/panddragon\/wp-json\/wp\/v2\/pages\/212\/revisions"}],"predecessor-version":[{"id":283,"href":"https:\/\/seal.transport-manager.net\/panddragon\/wp-json\/wp\/v2\/pages\/212\/revisions\/283"}],"wp:attachment":[{"href":"https:\/\/seal.transport-manager.net\/panddragon\/wp-json\/wp\/v2\/media?parent=212"}],"curies":[{"name":"wp","href":"https:\/\/api.w.org\/{rel}","templated":true}]}}