{"id":215,"date":"2022-05-07T13:28:28","date_gmt":"2022-05-07T11:28:28","guid":{"rendered":"https:\/\/seal.transport-manager.net\/panddragon\/?page_id=215"},"modified":"2022-08-26T09:58:59","modified_gmt":"2022-08-26T07:58:59","slug":"vente","status":"publish","type":"page","link":"https:\/\/seal.transport-manager.net\/panddragon\/vente\/","title":{"rendered":"Agences et Vente de Titre"},"content":{"rendered":"\n<p class=\"has-medium-font-size\" style=\"font-style:normal;font-weight:800\">Nos Points de Vente<\/p>\n\n\n\n<p>Depuis ao\u00fbt 2021, les TUCP poss\u00e8dent 5 agences commerciales et vous serez accueilli par 5 employ\u00e9s dans chacune d&rsquo;elle. De plus, pour votre confort \u00e0 tous, chaque agence poss\u00e8dent les m\u00eames services :<\/p>\n\n\n\n<ul class=\"wp-block-list\"><li>Information : Espace pour vous informer et vous procurez des fiches sur le plan du r\u00e9seau, les diff\u00e9rents horaires de passage des bus aux stations cl\u00e9s ou autres documentations sur le r\u00e9seau mais \u00e9galement sur les diff\u00e9rentes perturbations de trafic mais \u00e9galement les diff\u00e9rents \u00e9v\u00e8nements sp\u00e9ciaux dans votre m\u00e9tropole. Vous pouvez \u00e9galement r\u00e9cup\u00e9rez vos objets perdus.<\/li><li>Conseils : Espace o\u00f9 vous pouvez demander de l&rsquo;aide au sujet du fonctionnement de la validation de votre titre de transport ou des conseils sur des itin\u00e9raires \u00e0 prendre ou des informations sur les travaux pr\u00e9vues et les diff\u00e9rents moyens alternatifs mise \u00e0 votre disposition.<\/li><li>Ventes : Espace o\u00f9 vous pouvez vous procurez les diff\u00e9rents types de tickets d\u00e9crit dans \u00ab\u00a0Notre Billetterie\u00a0\u00bb<\/li><li>Abonnements : Espace o\u00f9 vous pouvez obtenir et recharger votre abonnement mensuel : \u00ab\u00a0Le Panda mensuel\u00a0\u00bb<\/li><\/ul>\n\n\n\n<table id=\"tablepress-8\" class=\"tablepress tablepress-id-8\">\n<thead>\n<tr class=\"row-1\">\n\t<th class=\"column-1\">Horaires d'ouverture de nos diff\u00e9rentes agences<\/th><th class=\"column-2\">Gare Centrale<\/th><th class=\"column-3\">A\u00e9roport<\/th><th class=\"column-4\">Gare de l'Ouest<\/th><th class=\"column-5\">Campus Marthe Gautier<\/th><th class=\"column-6\">Campus Alan Turing<\/th>\n<\/tr>\n<\/thead>\n<tbody class=\"row-striping row-hover\">\n<tr class=\"row-2\">\n\t<td class=\"column-1\">Semaine<\/td><td class=\"column-2\">8h - 12h<br \/>\n14h - 19h<\/td><td class=\"column-3\">7h - 12h<br \/>\n13h - 20h<\/td><td class=\"column-4\">8h - 12h<br \/>\n14h -19h<\/td><td class=\"column-5\">9h - 12h<br \/>\n14h - 18h<\/td><td class=\"column-6\">9h - 12h<br \/>\n14h - 18h<\/td>\n<\/tr>\n<tr class=\"row-3\">\n\t<td class=\"column-1\">Samedi<\/td><td class=\"column-2\">8h - 19h<\/td><td class=\"column-3\">7h - 20h<\/td><td class=\"column-4\">8h - 19h<\/td><td class=\"column-5\">Ferm\u00e9<\/td><td class=\"column-6\">Ferm\u00e9<\/td>\n<\/tr>\n<tr class=\"row-4\">\n\t<td class=\"column-1\">Dimanche<\/td><td class=\"column-2\">10h - 18h<\/td><td class=\"column-3\">9h - 19h<\/td><td class=\"column-4\">Ferm\u00e9<\/td><td class=\"column-5\">Ferm\u00e9<\/td><td class=\"column-6\">Ferm\u00e9<\/td>\n<\/tr>\n<\/tbody>\n<\/table>\n<!-- #tablepress-8 from cache -->\n\n\n\n<p class=\"has-medium-font-size\" style=\"font-style:normal;font-weight:800\">Notre Billetterie<\/p>\n\n\n\n<table id=\"tablepress-9\" class=\"tablepress tablepress-id-9\">\n<thead>\n<tr class=\"row-1\">\n\t<th class=\"column-1\">Nom Commercial<\/th><th class=\"column-2\">Type de ticket de transport<\/th><th class=\"column-3\">Tarifs<\/th>\n<\/tr>\n<\/thead>\n<tbody class=\"row-striping row-hover\">\n<tr class=\"row-2\">\n\t<td class=\"column-1\">Le Panda unique<\/td><td class=\"column-2\">Ticket unitaire (utilisable pour un trajet sans correspondance)<\/td><td class=\"column-3\">1,60 \u20ac<\/td>\n<\/tr>\n<tr class=\"row-3\">\n\t<td class=\"column-1\">Le Panda journalier<\/td><td class=\"column-2\">Ticket 24h (utilisable pour un nombre illimit\u00e9 de trajet pendant 24h)<\/td><td class=\"column-3\">4,80 \u20ac<\/td>\n<\/tr>\n<tr class=\"row-4\">\n\t<td class=\"column-1\">Le Panda mensuel<\/td><td class=\"column-2\">Abonnement (permet d'emprunter le r\u00e9seau pendant un mois sans limite de trajet)<br \/>\nAttention : cette abonnements n'est disponible que dans les agences commerciales<\/td><td class=\"column-3\">56,00 \u20ac<\/td>\n<\/tr>\n<\/tbody>\n<\/table>\n<!-- #tablepress-9 from cache -->\n\n\n\n<p class=\"has-small-font-size\" style=\"font-style:normal;font-weight:200\">\u00ab\u00a0Le Panda Journalier\u00a0\u00bb devient plus int\u00e9ressant \u00e0 partir de seulement 3 bus diff\u00e9rents emprunt\u00e9s en une journ\u00e9e et \u00ab\u00a0Le Panda Mensuel\u00a0\u00bb \u00e0 partir 35 bus diff\u00e9rents emprunt\u00e9s en 1 mois par rapport au \u00ab\u00a0Panda Journalier\u00a0\u00bb et seulement 11 par rapport au \u00ab\u00a0Panda Unique\u00a0\u00bb.<\/p>\n","protected":false},"excerpt":{"rendered":"<p>Nos Points de Vente Depuis ao\u00fbt 2021, les TUCP poss\u00e8dent 5 agences commerciales et vous serez accueilli par 5 employ\u00e9s dans chacune d&rsquo;elle. De plus, pour votre confort \u00e0 tous, chaque agence poss\u00e8dent les m\u00eames services : Information : Espace pour vous informer et vous procurez des fiches sur le [&hellip;]<\/p>\n","protected":false},"author":80,"featured_media":0,"parent":0,"menu_order":0,"comment_status":"closed","ping_status":"closed","template":"","meta":{"footnotes":""},"class_list":["post-215","page","type-page","status-publish","hentry"],"_links":{"self":[{"href":"https:\/\/seal.transport-manager.net\/panddragon\/wp-json\/wp\/v2\/pages\/215","targetHints":{"allow":["GET"]}}],"collection":[{"href":"https:\/\/seal.transport-manager.net\/panddragon\/wp-json\/wp\/v2\/pages"}],"about":[{"href":"https:\/\/seal.transport-manager.net\/panddragon\/wp-json\/wp\/v2\/types\/page"}],"author":[{"embeddable":true,"href":"https:\/\/seal.transport-manager.net\/panddragon\/wp-json\/wp\/v2\/users\/80"}],"replies":[{"embeddable":true,"href":"https:\/\/seal.transport-manager.net\/panddragon\/wp-json\/wp\/v2\/comments?post=215"}],"version-history":[{"count":25,"href":"https:\/\/seal.transport-manager.net\/panddragon\/wp-json\/wp\/v2\/pages\/215\/revisions"}],"predecessor-version":[{"id":604,"href":"https:\/\/seal.transport-manager.net\/panddragon\/wp-json\/wp\/v2\/pages\/215\/revisions\/604"}],"wp:attachment":[{"href":"https:\/\/seal.transport-manager.net\/panddragon\/wp-json\/wp\/v2\/media?parent=215"}],"curies":[{"name":"wp","href":"https:\/\/api.w.org\/{rel}","templated":true}]}}