{"id":26,"date":"2022-04-24T00:18:22","date_gmt":"2022-04-23T22:18:22","guid":{"rendered":"https:\/\/seal.transport-manager.net\/panddragon\/?page_id=26"},"modified":"2022-05-08T11:58:05","modified_gmt":"2022-05-08T09:58:05","slug":"nos-lignes","status":"publish","type":"page","link":"https:\/\/seal.transport-manager.net\/panddragon\/nos-lignes\/","title":{"rendered":"Nos Lignes"},"content":{"rendered":"\n<p class=\"has-large-font-size\" style=\"font-style:normal;font-weight:700\">Nos r\u00e9seaux est actuellement compos\u00e9 de 15 lignes :<\/p>\n\n\n\n<ul class=\"wp-block-list\"><li>11 Lignes Principales dont 2 Lignes \u00e0 Haut Niveau de Service (LHNS)<\/li><li>2 Lignes Secondaires<\/li><li>2 Lignes de Transport \u00e0 la demande (T\u00e0D)<\/li><\/ul>\n\n\n\n<div class=\"wp-block-buttons is-layout-flex wp-block-buttons-is-layout-flex\">\n<div class=\"wp-block-button is-style-outline is-style-outline--1\"><a class=\"wp-block-button__link\" href=\"https:\/\/seal.transport-manager.net\/panddragon\/lhns\/\">LHNS<\/a><\/div>\n\n\n\n<div class=\"wp-block-button is-style-outline is-style-outline--2\"><a class=\"wp-block-button__link\" href=\"https:\/\/seal.transport-manager.net\/panddragon\/lignes-principales-hors-lhns\/\">Lignes Principales hors LHNS<\/a><\/div>\n\n\n\n<div class=\"wp-block-button is-style-outline is-style-outline--3\"><a class=\"wp-block-button__link\" href=\"https:\/\/seal.transport-manager.net\/panddragon\/lignes-secondaire\/\">Lignes Secondaire<\/a><\/div>\n\n\n\n<div class=\"wp-block-button is-style-outline is-style-outline--4\"><a class=\"wp-block-button__link\" href=\"https:\/\/seal.transport-manager.net\/panddragon\/lignes-de-transport-a-la-demande-tad\/\">T\u00e0D<\/a><\/div>\n<\/div>\n\n\n\n<div class=\"wp-block-buttons is-layout-flex wp-block-buttons-is-layout-flex\">\n<div class=\"wp-block-button is-style-secondary is-style-fill\"><a class=\"wp-block-button__link\" href=\"https:\/\/seal.transport-manager.net\/panddragon\/__trashed\/\">Revenir \u00e0 la page <em>Notre R\u00e9seau<\/em><\/a><\/div>\n<\/div>\n\n\n\n<p><\/p>\n","protected":false},"excerpt":{"rendered":"<p>Nos r\u00e9seaux est actuellement compos\u00e9 de 15 lignes : 11 Lignes Principales dont 2 Lignes \u00e0 Haut Niveau de Service (LHNS) 2 Lignes Secondaires 2 Lignes de Transport \u00e0 la demande (T\u00e0D)<\/p>\n","protected":false},"author":80,"featured_media":0,"parent":0,"menu_order":0,"comment_status":"closed","ping_status":"closed","template":"","meta":{"footnotes":""},"class_list":["post-26","page","type-page","status-publish","hentry"],"_links":{"self":[{"href":"https:\/\/seal.transport-manager.net\/panddragon\/wp-json\/wp\/v2\/pages\/26","targetHints":{"allow":["GET"]}}],"collection":[{"href":"https:\/\/seal.transport-manager.net\/panddragon\/wp-json\/wp\/v2\/pages"}],"about":[{"href":"https:\/\/seal.transport-manager.net\/panddragon\/wp-json\/wp\/v2\/types\/page"}],"author":[{"embeddable":true,"href":"https:\/\/seal.transport-manager.net\/panddragon\/wp-json\/wp\/v2\/users\/80"}],"replies":[{"embeddable":true,"href":"https:\/\/seal.transport-manager.net\/panddragon\/wp-json\/wp\/v2\/comments?post=26"}],"version-history":[{"count":12,"href":"https:\/\/seal.transport-manager.net\/panddragon\/wp-json\/wp\/v2\/pages\/26\/revisions"}],"predecessor-version":[{"id":308,"href":"https:\/\/seal.transport-manager.net\/panddragon\/wp-json\/wp\/v2\/pages\/26\/revisions\/308"}],"wp:attachment":[{"href":"https:\/\/seal.transport-manager.net\/panddragon\/wp-json\/wp\/v2\/media?parent=26"}],"curies":[{"name":"wp","href":"https:\/\/api.w.org\/{rel}","templated":true}]}}