{"id":28,"date":"2022-04-24T00:05:24","date_gmt":"2022-04-23T22:05:24","guid":{"rendered":"https:\/\/seal.transport-manager.net\/panddragon\/?page_id=28"},"modified":"2023-05-09T22:35:46","modified_gmt":"2023-05-09T20:35:46","slug":"nos-frequences-et-horaires-de-passages","status":"publish","type":"page","link":"https:\/\/seal.transport-manager.net\/panddragon\/nos-frequences-et-horaires-de-passages\/","title":{"rendered":"Nos Fr\u00e9quences de Passages"},"content":{"rendered":"\n<p class=\"has-x-large-font-size\"><strong><mark class=\"has-inline-color has-vivid-red-color\">Cette Page est encore en construction.<\/mark><\/strong><\/p>\n\n\n\n<p>Voici les fr\u00e9quences de passage de notre r\u00e9seau en p\u00e9riode scolaire :<\/p>\n\n\n\n<table id=\"tablepress-16\" class=\"tablepress tablepress-id-16 tbody-has-connected-cells\">\n<thead>\n<tr class=\"row-1\">\n\t<th class=\"column-1\"><p style=\"font-family:Lucida Handwriting;font-size:25px;text-align:center\"><strong>Ligne<\/strong><\/th><th class=\"column-2\"><p style=\"font-family:Lucida Handwriting;font-size:25px;text-align:center\">Destination<\/th><th colspan=\"8\" class=\"column-3\"><p style=\"font-family:Lucida Handwriting;font-size:25px;text-align:center\">Fr\u00e9quence <\/th>\n<\/tr>\n<\/thead>\n<tbody class=\"row-striping row-hover\">\n<tr class=\"row-2\">\n\t<td rowspan=\"2\" class=\"column-1\"><\/td><td rowspan=\"2\" class=\"column-2\"><\/td><td colspan=\"3\" class=\"column-3\"><p style=\"font-family:Lucida Handwriting;font-size:25px;text-align:center\"><strong>En semaine<\/strong><br \/>\n(Lundi \u00e0 Vendredi hors jours f\u00e9ri\u00e9s)<\/td><td colspan=\"3\" class=\"column-6\"><p style=\"font-family:Lucida Handwriting;font-size:25px;text-align:center\"><strong>Samedi<\/strong><br \/>\n(hors jours f\u00e9ri\u00e9s)<\/td><td colspan=\"2\" class=\"column-9\"><p style=\"font-family:Lucida Handwriting;font-size:25px;text-align:center\"><strong>Dimanche et jours f\u00e9ri\u00e9s<\/strong><\/td>\n<\/tr>\n<tr class=\"row-3\">\n\t<td class=\"column-3\"><p style=\"font-family:Lucida Handwriting;font-size:20px;text-align:center\">Heure Creuse<\/td><td class=\"column-4\"><p style=\"font-family:Lucida Handwriting;font-size:20px;text-align:center\">Heure de Pointe <\/td><td class=\"column-5\"><p style=\"font-family:Lucida Handwriting;font-size:20px;text-align:center\">Heure du soir<\/td><td class=\"column-6\"><p style=\"font-family:Lucida Handwriting;font-size:20px;text-align:center\">Heure Creuses<\/td><td class=\"column-7\"><p style=\"font-family:Lucida Handwriting;font-size:20px;text-align:center\">Heure de Pointe<\/td><td class=\"column-8\"><p style=\"font-family:Lucida Handwriting;font-size:20px;text-align:center\">Heure du Soir<\/td><td class=\"column-9\"><p style=\"font-family:Lucida Handwriting;font-size:20px;text-align:center\">Heure Creuse<\/td><td class=\"column-10\"><p style=\"font-family:Lucida Handwriting;font-size:20px;text-align:center\">Heure de Pointe<\/td>\n<\/tr>\n<tr class=\"row-4\">\n\t<td class=\"column-1\"><img loading=\"lazy\" decoding=\"async\" src=\"https:\/\/transport-manager.net\/assets\/img\/lignes\/L1.png\" width=\"97\" height=\"97\" class=\"aligncenter size-medium\" \/><\/td><td class=\"column-2\"><p style=\"color:#dc241f;font-family:Lucida Handwriting;font-size:25px;text-align:center\"><strong>Campus Alan Turing <br \/>\n <br \/>\nGare Centrale<\/p><\/td><td class=\"column-3\"><p style=\"font-family:Lucida Handwriting;font-size:16px;text-align:center\">8 min<\/td><td class=\"column-4\"><p style=\"font-family:Lucida Handwriting;font-size:16px;text-align:center\">6 min<\/td><td class=\"column-5\"><p style=\"font-family:Lucida Handwriting;font-size:16px;text-align:center\"> 16 min<\/td><td class=\"column-6\"><p style=\"font-family:Lucida Handwriting;font-size:16px;text-align:center\"> 12 min<\/td><td class=\"column-7\"><p style=\"font-family:Lucida Handwriting;font-size:16px;text-align:center\">8 min<\/td><td class=\"column-8\"><p style=\"font-family:Lucida Handwriting;font-size:16px;text-align:center\">16 min<\/td><td class=\"column-9\"><p style=\"font-family:Lucida Handwriting;font-size:16px;text-align:center\">16 min<\/td><td class=\"column-10\"><p style=\"font-family:Lucida Handwriting;font-size:16px;text-align:center\">12 min<\/td>\n<\/tr>\n<tr class=\"row-5\">\n\t<td class=\"column-1\"><img loading=\"lazy\" decoding=\"async\" src=\"https:\/\/transport-manager.net\/assets\/img\/lignes\/L2.png\" width=\"97\" height=\"97\" class=\"aligncenter size-medium\" \/><\/td><td class=\"column-2\"><p style=\"color:#9364cc;font-family:Lucida Handwriting;font-size:25px;text-align:center\"><strong>A\u00e9roport<br \/>\n<br \/>\nGare Centrale<\/p><br \/>\n<p style=\"font-family:Lucida Handwriting;font-size:25px;text-align:center\">LHNS<\/td><td class=\"column-3\"><p style=\"font-family:Lucida Handwriting;font-size:16px;text-align:center\">8 min<\/td><td class=\"column-4\"><p style=\"font-family:Lucida Handwriting;font-size:16px;text-align:center\">5 min<\/td><td class=\"column-5\"><p style=\"font-family:Lucida Handwriting;font-size:16px;text-align:center\">16 min<\/td><td class=\"column-6\"><p style=\"font-family:Lucida Handwriting;font-size:16px;text-align:center\">9 min<\/td><td class=\"column-7\"><p style=\"font-family:Lucida Handwriting;font-size:16px;text-align:center\">7 min<\/td><td class=\"column-8\"><p style=\"font-family:Lucida Handwriting;font-size:16px;text-align:center\">13 min<\/td><td class=\"column-9\"><p style=\"font-family:Lucida Handwriting;font-size:16px;text-align:center\">16 min<\/td><td class=\"column-10\"><p style=\"font-family:Lucida Handwriting;font-size:16px;text-align:center\">13 min<\/td>\n<\/tr>\n<tr class=\"row-6\">\n\t<td class=\"column-1\"><img loading=\"lazy\" decoding=\"async\" src=\"https:\/\/transport-manager.net\/assets\/img\/lignes\/L3.png\" width=\"97\" height=\"97\" class=\"aligncenter size-medium\" \/><\/td><td class=\"column-2\"><p style=\"color:#f1ab00;font-family:Lucida Handwriting;font-size:25px;text-align:center\"><strong>Gare Centrale<br \/>\n<br \/>\nCampus Marthe Gautier<\/p><br \/>\n<p style=\"font-family:Lucida Handwriting;font-size:25px;text-align:center\">LHNS<\/td><td class=\"column-3\"><p style=\"font-family:Lucida Handwriting;font-size:16px;text-align:center\">6 min<\/td><td class=\"column-4\"><p style=\"font-family:Lucida Handwriting;font-size:16px;text-align:center\">4 min<\/td><td class=\"column-5\"><p style=\"font-family:Lucida Handwriting;font-size:16px;text-align:center\">13 min<\/td><td class=\"column-6\"><p style=\"font-family:Lucida Handwriting;font-size:16px;text-align:center\">8 min<\/td><td class=\"column-7\"><p style=\"font-family:Lucida Handwriting;font-size:16px;text-align:center\">6 min<\/td><td class=\"column-8\"><p style=\"font-family:Lucida Handwriting;font-size:16px;text-align:center\">11 min<\/td><td class=\"column-9\"><p style=\"font-family:Lucida Handwriting;font-size:16px;text-align:center\">11 min<\/td><td class=\"column-10\"><p style=\"font-family:Lucida Handwriting;font-size:16px;text-align:center\">9 min<\/td>\n<\/tr>\n<tr class=\"row-7\">\n\t<td class=\"column-1\"><img loading=\"lazy\" decoding=\"async\" src=\"https:\/\/transport-manager.net\/assets\/img\/lignes\/L4.png\" width=\"97\" height=\"97\" class=\"aligncenter size-medium\" \/><\/td><td class=\"column-2\"><p style=\"color:#00afad;font-family:Lucida Handwriting;font-size:25px;text-align:center\"><strong>Gare Centrale<br \/>\n<br \/>\nGare de l'Est (marchandises)<\/td><td class=\"column-3\"><p style=\"font-family:Lucida Handwriting;font-size:16px;text-align:center\">19 min<\/td><td class=\"column-4\"><p style=\"font-family:Lucida Handwriting;font-size:16px;text-align:center\">9 min<\/td><td class=\"column-5\"><p style=\"font-family:Lucida Handwriting;font-size:16px;text-align:center\">28 min<\/td><td class=\"column-6\"><p style=\"font-family:Lucida Handwriting;font-size:16px;text-align:center\">19 min<\/td><td class=\"column-7\"><p style=\"font-family:Lucida Handwriting;font-size:16px;text-align:center\">14 min<\/td><td class=\"column-8\"><p style=\"font-family:Lucida Handwriting;font-size:16px;text-align:center\">19 min<\/td><td class=\"column-9\"><p style=\"color:red;font-family:Lucida Handwriting;font-size:16px;text-align:center\"><strong>Pas de service<\/td><td class=\"column-10\"><p style=\"font-family:Lucida Handwriting;font-size:16px;text-align:center\">19 min<\/td>\n<\/tr>\n<tr class=\"row-8\">\n\t<td class=\"column-1\"><img loading=\"lazy\" decoding=\"async\" src=\"https:\/\/transport-manager.net\/assets\/img\/lignes\/L5.png\" width=\"97\" height=\"97\" class=\"aligncenter size-medium\" \/><\/td><td class=\"column-2\"><p style=\"color:#e86a10;font-family:Lucida Handwriting;font-size:25px;text-align:center\"><strong>Mus\u00e9e d'Art Moderne <br \/>\n<br \/>\nP\u00f4le Luca Pacioli<\/td><td class=\"column-3\"><p style=\"font-family:Lucida Handwriting;font-size:16px;text-align:center\">13 min<\/td><td class=\"column-4\"><p style=\"font-family:Lucida Handwriting;font-size:16px;text-align:center\">7 min<\/td><td class=\"column-5\"><p style=\"font-family:Lucida Handwriting;font-size:16px;text-align:center\">27 min<\/td><td class=\"column-6\"><p style=\"font-family:Lucida Handwriting;font-size:16px;text-align:center\">13 min<\/td><td class=\"column-7\"><p style=\"font-family:Lucida Handwriting;font-size:16px;text-align:center\">9 min<\/td><td class=\"column-8\"><p style=\"font-family:Lucida Handwriting;font-size:16px;text-align:center\">27 min<\/td><td class=\"column-9\"><p style=\"font-family:Lucida Handwriting;font-size:16px;text-align:center\">27 min<\/td><td class=\"column-10\"><p style=\"font-family:Lucida Handwriting;font-size:16px;text-align:center\">20 min<\/td>\n<\/tr>\n<tr class=\"row-9\">\n\t<td class=\"column-1\"><img loading=\"lazy\" decoding=\"async\" src=\"https:\/\/transport-manager.net\/assets\/img\/lignes\/L6.png\" width=\"97\" height=\"97\" class=\"aligncenter size-medium\" \/><\/td><td class=\"column-2\"><p style=\"color:#894e24;font-family:Lucida Handwriting;font-size:25px;text-align:center\"><strong>Grand Palais<br \/>\n<br \/>\nCampus Maryse Esterle<\/td><td class=\"column-3\"><p style=\"font-family:Lucida Handwriting;font-size:16px;text-align:center\">10 min<\/td><td class=\"column-4\"><p style=\"font-family:Lucida Handwriting;font-size:16px;text-align:center\">7 min<\/td><td class=\"column-5\"><p style=\"font-family:Lucida Handwriting;font-size:16px;text-align:center\">40 min<\/td><td class=\"column-6\"><p style=\"font-family:Lucida Handwriting;font-size:16px;text-align:center\">13 min<\/td><td class=\"column-7\"><p style=\"font-family:Lucida Handwriting;font-size:16px;text-align:center\">10 min<\/td><td class=\"column-8\"><p style=\"font-family:Lucida Handwriting;font-size:16px;text-align:center\">40 min<\/td><td class=\"column-9\"><p style=\"color:red;font-family:Lucida Handwriting;font-size:16px;text-align:center\"><strong>Pas de service<\/td><td class=\"column-10\"><p style=\"color:red;font-family:Lucida Handwriting;font-size:16px;text-align:center\"><strong>Pas de service<\/td>\n<\/tr>\n<tr class=\"row-10\">\n\t<td class=\"column-1\"><img loading=\"lazy\" decoding=\"async\" src=\"https:\/\/transport-manager.net\/assets\/img\/lignes\/L7.png\" width=\"97\" height=\"97\" class=\"aligncenter size-medium\" \/><\/td><td class=\"column-2\"><p style=\"color:#007229;font-family:Lucida Handwriting;font-size:25px;text-align:center\"><strong>Port fluvial<br \/>\n<br \/>\nGrand Palais<\/td><td class=\"column-3\"><p style=\"font-family:Lucida Handwriting;font-size:16px;text-align:center\">14 min<\/td><td class=\"column-4\"><p style=\"font-family:Lucida Handwriting;font-size:16px;text-align:center\">9min<\/td><td class=\"column-5\"><p style=\"font-family:Lucida Handwriting;font-size:16px;text-align:center\">72 min<\/td><td class=\"column-6\"><p style=\"font-family:Lucida Handwriting;font-size:16px;text-align:center\">24 min<\/td><td class=\"column-7\"><p style=\"font-family:Lucida Handwriting;font-size:16px;text-align:center\">18 min<\/td><td class=\"column-8\"><p style=\"font-family:Lucida Handwriting;font-size:16px;text-align:center\">36 min<\/td><td class=\"column-9\"><p style=\"color:red;font-family:Lucida Handwriting;font-size:16px;text-align:center\"><strong>Pas de service<\/td><td class=\"column-10\"><p style=\"font-family:Lucida Handwriting;font-size:16px;text-align:center\">36 min<\/td>\n<\/tr>\n<tr class=\"row-11\">\n\t<td class=\"column-1\"><img loading=\"lazy\" decoding=\"async\" src=\"https:\/\/transport-manager.net\/assets\/img\/lignes\/L8.png\" width=\"97\" height=\"97\" class=\"aligncenter size-medium\" \/><\/td><td class=\"column-2\"><p style=\"color:#d799af;font-family:Lucida Handwriting;font-size:25px;text-align:center\"><strong>Place de l'Europe<br \/>\n<br \/>\nCampus Marthe Gautier<\/td><td class=\"column-3\"><p style=\"font-family:Lucida Handwriting;font-size:16px;text-align:center\">11 min<\/td><td class=\"column-4\"><p style=\"font-family:Lucida Handwriting;font-size:16px;text-align:center\">8 min<\/td><td class=\"column-5\"><p style=\"font-family:Lucida Handwriting;font-size:16px;text-align:center\">32 min<\/td><td class=\"column-6\"><p style=\"font-family:Lucida Handwriting;font-size:16px;text-align:center\">21 min<\/td><td class=\"column-7\"><p style=\"font-family:Lucida Handwriting;font-size:16px;text-align:center\">13 min<\/td><td class=\"column-8\"><p style=\"font-family:Lucida Handwriting;font-size:16px;text-align:center\">21 min<\/td><td class=\"column-9\"><p style=\"color:red;font-family:Lucida Handwriting;font-size:16px;text-align:center\"><strong>Pas de service<\/td><td class=\"column-10\"><p style=\"color:red;font-family:Lucida Handwriting;font-size:16px;text-align:center\"><strong>Pas de service<\/td>\n<\/tr>\n<tr class=\"row-12\">\n\t<td class=\"column-1\"><img loading=\"lazy\" decoding=\"async\" src=\"https:\/\/transport-manager.net\/assets\/img\/lignes\/L9.png\" width=\"97\" height=\"97\" class=\"aligncenter size-medium\" \/><\/td><td class=\"column-2\"><p style=\"color:#0019a8;font-family:Lucida Handwriting;font-size:25px;text-align:center\"><strong>Haute-Ville<br \/>\n<br \/>\nCampus Alan Turing\t<\/td><td class=\"column-3\"><p style=\"font-family:Lucida Handwriting;font-size:16px;text-align:center\">9 min<\/td><td class=\"column-4\"><p style=\"font-family:Lucida Handwriting;font-size:16px;text-align:center\">6 min<\/td><td class=\"column-5\"><p style=\"font-family:Lucida Handwriting;font-size:16px;text-align:center\">18 min<\/td><td class=\"column-6\"><p style=\"font-family:Lucida Handwriting;font-size:16px;text-align:center\">9 min<\/td><td class=\"column-7\"><p style=\"font-family:Lucida Handwriting;font-size:16px;text-align:center\">7 min<\/td><td class=\"column-8\"><p style=\"font-family:Lucida Handwriting;font-size:16px;text-align:center\">18 min<\/td><td class=\"column-9\"><p style=\"font-family:Lucida Handwriting;font-size:16px;text-align:center\">18 min<\/td><td class=\"column-10\"><p style=\"font-family:Lucida Handwriting;font-size:16px;text-align:center\">12 min<\/td>\n<\/tr>\n<tr class=\"row-13\">\n\t<td class=\"column-1\"><img loading=\"lazy\" decoding=\"async\" src=\"https:\/\/transport-manager.net\/assets\/img\/lignes\/L10.png\" width=\"97\" height=\"97\" class=\"aligncenter size-medium\" \/><\/td><td class=\"column-2\"><p style=\"color:#ffce00;font-family:Lucida Handwriting;font-size:25px;text-align:center\"><strong>Campus Alan Turing<br \/>\n<br \/>\nCRT Est\t<br \/>\n<br \/>\n<p style=\"color:red;font-family:Lucida Handwriting;font-size:25px;text-align:center\">Horaire non disponible car mat\u00e9riel roulant non d\u00e9finitif<\/td><td class=\"column-3\"><p style=\"font-family:Lucida Handwriting;font-size:16px;text-align:center\">- min<\/td><td class=\"column-4\"><p style=\"font-family:Lucida Handwriting;font-size:16px;text-align:center\">- min<\/td><td class=\"column-5\"><p style=\"font-family:Lucida Handwriting;font-size:16px;text-align:center\">- min<\/td><td class=\"column-6\"><p style=\"font-family:Lucida Handwriting;font-size:16px;text-align:center\">- min<\/td><td class=\"column-7\"><p style=\"font-family:Lucida Handwriting;font-size:16px;text-align:center\">- min<\/td><td class=\"column-8\"><p style=\"font-family:Lucida Handwriting;font-size:16px;text-align:center\">- min<\/td><td class=\"column-9\"><p style=\"font-family:Lucida Handwriting;font-size:16px;text-align:center\">- min<\/td><td class=\"column-10\"><p style=\"font-family:Lucida Handwriting;font-size:16px;text-align:center\">- min<\/td>\n<\/tr>\n<tr class=\"row-14\">\n\t<td class=\"column-1\"><img loading=\"lazy\" decoding=\"async\" src=\"https:\/\/transport-manager.net\/assets\/img\/lignes\/L11.png\" width=\"97\" height=\"97\" class=\"aligncenter size-medium\" \/><\/td><td class=\"column-2\"><p style=\"color:#751056;font-family:Lucida Handwriting;font-size:25px;text-align:center\"><strong>Campus Marthe Gautier<br \/>\n<br \/>\nClinique Saint Paul<\/td><td class=\"column-3\"><p style=\"font-family:Lucida Handwriting;font-size:16px;text-align:center\">14 min<\/td><td class=\"column-4\"><p style=\"font-family:Lucida Handwriting;font-size:16px;text-align:center\">8 min<\/td><td class=\"column-5\"><p style=\"font-family:Lucida Handwriting;font-size:16px;text-align:center\">42 min<\/td><td class=\"column-6\"><p style=\"font-family:Lucida Handwriting;font-size:16px;text-align:center\">14 min<\/td><td class=\"column-7\"><p style=\"font-family:Lucida Handwriting;font-size:16px;text-align:center\">8 min<\/td><td class=\"column-8\"><p style=\"font-family:Lucida Handwriting;font-size:16px;text-align:center\">21 min<\/td><td class=\"column-9\"><p style=\"font-family:Lucida Handwriting;font-size:16px;text-align:center\">21 min<\/td><td class=\"column-10\"><p style=\"font-family:Lucida Handwriting;font-size:16px;text-align:center\">14 min<\/td>\n<\/tr>\n<tr class=\"row-15\">\n\t<td class=\"column-1\"><img loading=\"lazy\" decoding=\"async\" src=\"https:\/\/transport-manager.net\/assets\/img\/lignes\/L60.png\" width=\"97\" height=\"97\" class=\"aligncenter size-medium\" \/><\/td><td class=\"column-2\"><p style=\"color:#76d0bd;font-family:Lucida Handwriting;font-size:25px;text-align:center\"><strong>Pr\u00e9fecture<br \/>\n<br \/>\nLyc\u00e9e Karl Marx<\/td><td class=\"column-3\"><p style=\"font-family:Lucida Handwriting;font-size:16px;text-align:center\">13 min<\/td><td class=\"column-4\"><p style=\"font-family:Lucida Handwriting;font-size:16px;text-align:center\"> 10 min<\/td><td class=\"column-5\"><p style=\"color:red;font-family:Lucida Handwriting;font-size:16px;text-align:center\"><strong>Pas de service<\/td><td class=\"column-6\"><p style=\"color:red;font-family:Lucida Handwriting;font-size:16px;text-align:center\"><strong>Pas de service<\/td><td class=\"column-7\"><p style=\"font-family:Lucida Handwriting;font-size:16px;text-align:center\"> 20 min<\/td><td class=\"column-8\"><p style=\"color:red;font-family:Lucida Handwriting;font-size:16px;text-align:center\"><strong>Pas de service<\/td><td class=\"column-9\"><p style=\"color:red;font-family:Lucida Handwriting;font-size:16px;text-align:center\"><strong>Pas de service<\/td><td class=\"column-10\"><p style=\"color:red;font-family:Lucida Handwriting;font-size:16px;text-align:center\"><strong>Pas de service<\/td>\n<\/tr>\n<tr class=\"row-16\">\n\t<td class=\"column-1\"><img loading=\"lazy\" decoding=\"async\" src=\"https:\/\/transport-manager.net\/assets\/img\/lignes\/L61.png\" width=\"97\" height=\"97\" class=\"aligncenter size-medium\" \/><\/td><td class=\"column-2\"><p style=\"color:#0019a8;font-family:Lucida Handwriting;font-size:25px;text-align:center\"><strong>Gare de l'Ouest<br \/>\n<br \/>\nParc Jolimont<br \/>\n<\/td><td class=\"column-3\"><p style=\"font-family:Lucida Handwriting;font-size:16px;text-align:center\">21 min<\/td><td class=\"column-4\"><p style=\"font-family:Lucida Handwriting;font-size:16px;text-align:center\">13 min<\/td><td class=\"column-5\"><p style=\"color:red;font-family:Lucida Handwriting;font-size:16px;text-align:center\"><strong>Pas de service<\/td><td class=\"column-6\"><p style=\"color:red;font-family:Lucida Handwriting;font-size:16px;text-align:center\"><strong>Pas de service<\/td><td class=\"column-7\"><p style=\"font-family:Lucida Handwriting;font-size:16px;text-align:center\">21 min<\/td><td class=\"column-8\"><p style=\"color:red;font-family:Lucida Handwriting;font-size:16px;text-align:center\"><strong>Pas de service<\/td><td class=\"column-9\"><p style=\"color:red;font-family:Lucida Handwriting;font-size:16px;text-align:center\"><strong>Pas de service<\/td><td class=\"column-10\"><p style=\"color:red;font-family:Lucida Handwriting;font-size:16px;text-align:center\"><strong>Pas de service<\/td>\n<\/tr>\n<tr class=\"row-17\">\n\t<td class=\"column-1\"><img loading=\"lazy\" decoding=\"async\" src=\"https:\/\/transport-manager.net\/assets\/img\/lignes\/L901.png\" width=\"97\" height=\"97\" class=\"aligncenter size-medium\" \/><\/td><td class=\"column-2\"><p style=\"color:#b727bf;font-family:Lucida Handwriting;font-size:25px;text-align:center\"><strong>Bellevue<br \/>\n<br \/>\nHaute-Ville<br \/>\n<\/p><p style=\"font-family:Lucida Handwriting;font-size:25px;text-align:center\">TAD<\/td><td class=\"column-3\"><p style=\"color:red;font-family:Lucida Handwriting;font-size:16px;text-align:center\"><strong>Pas de service<\/td><td class=\"column-4\"><p style=\"font-family:Lucida Handwriting;font-size:16px;text-align:center\">Active<\/td><td class=\"column-5\"><p style=\"color:red;font-family:Lucida Handwriting;font-size:16px;text-align:center\"><strong>Pas de service<\/td><td class=\"column-6\"><p style=\"color:red;font-family:Lucida Handwriting;font-size:16px;text-align:center\"><strong>Pas de service<\/td><td class=\"column-7\"><p style=\"font-family:Lucida Handwriting;font-size:16px;text-align:center\">Active<\/td><td class=\"column-8\"><p style=\"color:red;font-family:Lucida Handwriting;font-size:16px;text-align:center\"><strong>Pas de service<\/td><td class=\"column-9\"><p style=\"color:red;font-family:Lucida Handwriting;font-size:16px;text-align:center\"><strong>Pas de service<\/td><td class=\"column-10\"><p style=\"color:red;font-family:Lucida Handwriting;font-size:16px;text-align:center\"><strong>Pas de service<\/td>\n<\/tr>\n<tr class=\"row-18\">\n\t<td class=\"column-1\"><img loading=\"lazy\" decoding=\"async\" src=\"https:\/\/transport-manager.net\/assets\/img\/lignes\/L902.png\" width=\"97\" height=\"97\" class=\"aligncenter size-medium\" \/><\/td><td class=\"column-2\"><p style=\"color:#868f98;font-family:Lucida Handwriting;font-size:25px;text-align:center\"><strong>Parc de l'\u00c9tang<br \/>\n<br \/>\nObservatoire<br \/>\n<p \/><p style=\"font-family:Lucida Handwriting;font-size:25px;text-align:center\">TAD<\/td><td class=\"column-3\"><p style=\"color:red;font-family:Lucida Handwriting;font-size:16px;text-align:center\"><strong>Pas de service<\/td><td class=\"column-4\"><p style=\"font-family:Lucida Handwriting;font-size:16px;text-align:center\">Active<\/td><td class=\"column-5\"><p style=\"color:red;font-family:Lucida Handwriting;font-size:16px;text-align:center\"><strong>Pas de service<\/td><td class=\"column-6\"><p style=\"color:red;font-family:Lucida Handwriting;font-size:16px;text-align:center\"><strong>Pas de service<\/td><td class=\"column-7\"><p style=\"font-family:Lucida Handwriting;font-size:16px;text-align:center\">Active<\/td><td class=\"column-8\"><p style=\"color:red;font-family:Lucida Handwriting;font-size:16px;text-align:center\"><strong>Pas de service<\/td><td class=\"column-9\"><p style=\"color:red;font-family:Lucida Handwriting;font-size:16px;text-align:center\"><strong>Pas de service<\/td><td class=\"column-10\"><p style=\"color:red;font-family:Lucida Handwriting;font-size:16px;text-align:center\"><strong>Pas de service<\/td>\n<\/tr>\n<\/tbody>\n<\/table>\n<!-- #tablepress-16 from cache -->\n\n\n\n<p><s>Voici les fr\u00e9quentations en p\u00e9riode vacances : <\/s><\/p>\n\n\n\n<p class=\"has-text-align-center has-x-large-font-size\"> <mark class=\"has-inline-color has-vivid-red-color\"><strong>Il n&rsquo;y a pas de service urbain le 1er mai, seul les lignes T\u00e0D roulent uniquement sur r\u00e9servation !!!<\/strong><\/mark><\/p>\n\n\n\n<p class=\"has-medium-font-size\" style=\"font-style:normal;font-weight:500\"><\/p>\n\n\n\n<div class=\"wp-block-buttons is-layout-flex wp-block-buttons-is-layout-flex\">\n<div class=\"wp-block-button is-style-secondary\"><a class=\"wp-block-button__link wp-element-button\" href=\"https:\/\/seal.transport-manager.net\/panddragon\/__trashed\/\">Revenir \u00e0 la page<em> Notre R\u00e9seau<\/em><\/a><\/div>\n<\/div>\n\n\n\n<p><\/p>\n","protected":false},"excerpt":{"rendered":"<p>Cette Page est encore en construction. Voici les fr\u00e9quences de passage de notre r\u00e9seau en p\u00e9riode scolaire : Voici les fr\u00e9quentations en p\u00e9riode vacances : Il n&rsquo;y a pas de service urbain le 1er mai, seul les lignes T\u00e0D roulent uniquement sur r\u00e9servation !!!<\/p>\n","protected":false},"author":80,"featured_media":0,"parent":0,"menu_order":0,"comment_status":"closed","ping_status":"closed","template":"","meta":{"footnotes":""},"class_list":["post-28","page","type-page","status-publish","hentry"],"_links":{"self":[{"href":"https:\/\/seal.transport-manager.net\/panddragon\/wp-json\/wp\/v2\/pages\/28","targetHints":{"allow":["GET"]}}],"collection":[{"href":"https:\/\/seal.transport-manager.net\/panddragon\/wp-json\/wp\/v2\/pages"}],"about":[{"href":"https:\/\/seal.transport-manager.net\/panddragon\/wp-json\/wp\/v2\/types\/page"}],"author":[{"embeddable":true,"href":"https:\/\/seal.transport-manager.net\/panddragon\/wp-json\/wp\/v2\/users\/80"}],"replies":[{"embeddable":true,"href":"https:\/\/seal.transport-manager.net\/panddragon\/wp-json\/wp\/v2\/comments?post=28"}],"version-history":[{"count":34,"href":"https:\/\/seal.transport-manager.net\/panddragon\/wp-json\/wp\/v2\/pages\/28\/revisions"}],"predecessor-version":[{"id":732,"href":"https:\/\/seal.transport-manager.net\/panddragon\/wp-json\/wp\/v2\/pages\/28\/revisions\/732"}],"wp:attachment":[{"href":"https:\/\/seal.transport-manager.net\/panddragon\/wp-json\/wp\/v2\/media?parent=28"}],"curies":[{"name":"wp","href":"https:\/\/api.w.org\/{rel}","templated":true}]}}