{"id":289,"date":"2022-05-08T11:07:17","date_gmt":"2022-05-08T09:07:17","guid":{"rendered":"https:\/\/seal.transport-manager.net\/panddragon\/?page_id=289"},"modified":"2022-05-08T12:21:58","modified_gmt":"2022-05-08T10:21:58","slug":"nos-minibus","status":"publish","type":"page","link":"https:\/\/seal.transport-manager.net\/panddragon\/nos-minibus\/","title":{"rendered":"Nos Minibus"},"content":{"rendered":"\n<p><\/p>\n\n\n<span id=\"tablepress-1-description\" class=\"tablepress-table-description tablepress-table-description-id-1\">Les minibus permettent de desservir des petites lignes avec une tr\u00e8s faible fr\u00e9quentation ou les lignes de transport \u00e0 la demande.<\/span>\n\n<table id=\"tablepress-1\" class=\"tablepress tablepress-id-1\" aria-describedby=\"tablepress-1-description\">\n<thead>\n<tr class=\"row-1\">\n\t<th class=\"column-1\">Marque<\/th><th class=\"column-2\">Mod\u00e8le<\/th><th class=\"column-3\">Motorisation<\/th><th class=\"column-4\">Mois et Ann\u00e9e de Mise en Service (nombre de v\u00e9hicules par mois et ann\u00e9e de MES si diff\u00e9rent)<\/th><th class=\"column-5\">Nombre de v\u00e9hicules<\/th><th class=\"column-6\">Capacit\u00e9 (en Pax)<\/th><th class=\"column-7\">Num\u00e9ro de Parc<\/th><th class=\"column-8\">Ligne d'affectation<\/th>\n<\/tr>\n<\/thead>\n<tbody class=\"row-striping row-hover\">\n<tr class=\"row-2\">\n\t<td class=\"column-1\">V\u00e9hixel<\/td><td class=\"column-2\">Cytios 4\/39<\/td><td class=\"column-3\"><img decoding=\"async\" src=\"https:\/\/transport-manager.net\/assets\/img\/opt\/diesel.png\" \/><\/td><td class=\"column-4\">02\/2020<br \/>\n05\/2021<\/td><td class=\"column-5\">2<\/td><td class=\"column-6\">41<\/td><td class=\"column-7\">3101 \u00e0 3102<\/td><td class=\"column-8\">R\u00e9serve<\/td>\n<\/tr>\n<tr class=\"row-3\">\n\t<td class=\"column-1\">Iveco<\/td><td class=\"column-2\">Daily City<\/td><td class=\"column-3\"><img decoding=\"async\" src=\"https:\/\/transport-manager.net\/assets\/img\/opt\/gnv.png\" \/><\/td><td class=\"column-4\">02\/2020 (2)<br \/>\n02\/2022 (6)<\/td><td class=\"column-5\">8<\/td><td class=\"column-6\">34<\/td><td class=\"column-7\">3111 \u00e0 3118<\/td><td class=\"column-8\"><img decoding=\"async\" src=\"https:\/\/transport-manager.net\/assets\/img\/lignes\/L60.png\" \/>  <img decoding=\"async\" src=\"https:\/\/transport-manager.net\/assets\/img\/lignes\/L901.png\" \/> <img decoding=\"async\" src=\"https:\/\/transport-manager.net\/assets\/img\/lignes\/L902.png\" \/><\/td>\n<\/tr>\n<\/tbody>\n<\/table>\n<!-- #tablepress-1 from cache -->\n\n\n\n<div class=\"wp-block-buttons is-layout-flex wp-block-buttons-is-layout-flex\">\n<div class=\"wp-block-button\"><a class=\"wp-block-button__link\" href=\"https:\/\/seal.transport-manager.net\/panddragon\/nos-vehicules\/\">Revenir \u00e0 la page <em>Nos V\u00e9hicules<\/em><\/a><\/div>\n<\/div>\n\n\n\n<p><\/p>\n","protected":false},"excerpt":{"rendered":"","protected":false},"author":80,"featured_media":0,"parent":0,"menu_order":0,"comment_status":"closed","ping_status":"closed","template":"","meta":{"footnotes":""},"class_list":["post-289","page","type-page","status-publish","hentry"],"_links":{"self":[{"href":"https:\/\/seal.transport-manager.net\/panddragon\/wp-json\/wp\/v2\/pages\/289","targetHints":{"allow":["GET"]}}],"collection":[{"href":"https:\/\/seal.transport-manager.net\/panddragon\/wp-json\/wp\/v2\/pages"}],"about":[{"href":"https:\/\/seal.transport-manager.net\/panddragon\/wp-json\/wp\/v2\/types\/page"}],"author":[{"embeddable":true,"href":"https:\/\/seal.transport-manager.net\/panddragon\/wp-json\/wp\/v2\/users\/80"}],"replies":[{"embeddable":true,"href":"https:\/\/seal.transport-manager.net\/panddragon\/wp-json\/wp\/v2\/comments?post=289"}],"version-history":[{"count":5,"href":"https:\/\/seal.transport-manager.net\/panddragon\/wp-json\/wp\/v2\/pages\/289\/revisions"}],"predecessor-version":[{"id":325,"href":"https:\/\/seal.transport-manager.net\/panddragon\/wp-json\/wp\/v2\/pages\/289\/revisions\/325"}],"wp:attachment":[{"href":"https:\/\/seal.transport-manager.net\/panddragon\/wp-json\/wp\/v2\/media?parent=289"}],"curies":[{"name":"wp","href":"https:\/\/api.w.org\/{rel}","templated":true}]}}