{"id":291,"date":"2022-05-08T11:07:30","date_gmt":"2022-05-08T09:07:30","guid":{"rendered":"https:\/\/seal.transport-manager.net\/panddragon\/?page_id=291"},"modified":"2022-05-08T12:47:20","modified_gmt":"2022-05-08T10:47:20","slug":"nos-midibus","status":"publish","type":"page","link":"https:\/\/seal.transport-manager.net\/panddragon\/nos-midibus\/","title":{"rendered":"Nos Midibus"},"content":{"rendered":"<span id=\"tablepress-2-description\" class=\"tablepress-table-description tablepress-table-description-id-2\">Les midibus permettent de desservir les lignes avec une faible fr\u00e9quentation.<\/span>\n\n<table id=\"tablepress-2\" class=\"tablepress tablepress-id-2\" aria-describedby=\"tablepress-2-description\">\n<thead>\n<tr class=\"row-1\">\n\t<th class=\"column-1\">Marque<\/th><th class=\"column-2\">Mod\u00e8le<\/th><th class=\"column-3\">Motorisation<\/th><th class=\"column-4\">Mois et Ann\u00e9e de Mise en Service (nombre de v\u00e9hicules par mois et ann\u00e9e de MES si diff\u00e9rent)<\/th><th class=\"column-5\">Nombre de v\u00e9hicules<\/th><th class=\"column-6\">Capacit\u00e9 (en Pax)<\/th><th class=\"column-7\">Num\u00e9ro de Parc<\/th><th class=\"column-8\">Ligne d'affectation<\/th>\n<\/tr>\n<\/thead>\n<tbody class=\"row-striping row-hover\">\n<tr class=\"row-2\">\n\t<td class=\"column-1\">Iveco<\/td><td class=\"column-2\">Urbanway 10<\/td><td class=\"column-3\"><img decoding=\"async\" src=\"https:\/\/transport-manager.net\/assets\/img\/opt\/gnv.png\" \/><\/td><td class=\"column-4\">10\/2020<\/td><td class=\"column-5\">1<\/td><td class=\"column-6\">80<\/td><td class=\"column-7\">3201<\/td><td class=\"column-8\">R\u00e9serve<\/td>\n<\/tr>\n<tr class=\"row-3\">\n\t<td class=\"column-1\">Iveco<\/td><td class=\"column-2\">Urbanway 10 GNC MH<\/td><td class=\"column-3\"><img decoding=\"async\" src=\"https:\/\/transport-manager.net\/assets\/img\/opt\/gnv.png\" \/><\/td><td class=\"column-4\">07\/2022 (5)<br \/>\n12\/2022 (1)<br \/>\n07\/2023 (5)<\/td><td class=\"column-5\">11<\/td><td class=\"column-6\">80<\/td><td class=\"column-7\">3211-3221<\/td><td class=\"column-8\"><img decoding=\"async\" src=\"https:\/\/transport-manager.net\/assets\/img\/lignes\/L4.png\" \/> <img decoding=\"async\" src=\"https:\/\/transport-manager.net\/assets\/img\/lignes\/L61.png\" \/><\/td>\n<\/tr>\n<tr class=\"row-4\">\n\t<td class=\"column-1\">Iveco<\/td><td class=\"column-2\">Urbanway 10<\/td><td class=\"column-3\"><img decoding=\"async\" src=\"https:\/\/transport-manager.net\/assets\/img\/opt\/diesel.png\" \/><\/td><td class=\"column-4\">01\/2021<\/td><td class=\"column-5\">3<\/td><td class=\"column-6\">80<\/td><td class=\"column-7\">3251-3253<\/td><td class=\"column-8\">R\u00e9serve<\/td>\n<\/tr>\n<tr class=\"row-5\">\n\t<td class=\"column-1\">Volvo<\/td><td class=\"column-2\">7900 Hybrid 10m<\/td><td class=\"column-3\"><img decoding=\"async\" src=\"https:\/\/transport-manager.net\/assets\/img\/opt\/hybride.png\" alt=\"\" \/><\/td><td class=\"column-4\">01\/2020<\/td><td class=\"column-5\">1<\/td><td class=\"column-6\">90<\/td><td class=\"column-7\">4201<\/td><td class=\"column-8\">R\u00e9serve<\/td>\n<\/tr>\n<tr class=\"row-6\">\n\t<td class=\"column-1\">Solaris<\/td><td class=\"column-2\">Urbino 10 IV<\/td><td class=\"column-3\"><img decoding=\"async\" src=\"https:\/\/transport-manager.net\/assets\/img\/opt\/diesel.png\" \/><\/td><td class=\"column-4\">04\/2020 (1)<br \/>\n12\/2020 (3)<\/td><td class=\"column-5\">4<\/td><td class=\"column-6\">85<\/td><td class=\"column-7\">5201 \u00e0 5204<\/td><td class=\"column-8\">R\u00e9serve<\/td>\n<\/tr>\n<tr class=\"row-7\">\n\t<td class=\"column-1\">Solaris<\/td><td class=\"column-2\">Alpino<\/td><td class=\"column-3\"><img decoding=\"async\" src=\"https:\/\/transport-manager.net\/assets\/img\/opt\/diesel.png\" \/><\/td><td class=\"column-4\">05\/2020<\/td><td class=\"column-5\">1<\/td><td class=\"column-6\">60<\/td><td class=\"column-7\">5211<\/td><td class=\"column-8\">R\u00e9serve<\/td>\n<\/tr>\n<tr class=\"row-8\">\n\t<td class=\"column-1\">Solaris<\/td><td class=\"column-2\">Urbino 10 III<\/td><td class=\"column-3\"><img decoding=\"async\" src=\"https:\/\/transport-manager.net\/assets\/img\/opt\/gnv.png\" \/><\/td><td class=\"column-4\">08\/2017<\/td><td class=\"column-5\">1<\/td><td class=\"column-6\">91<\/td><td class=\"column-7\">5221<\/td><td class=\"column-8\">R\u00e9serve<\/td>\n<\/tr>\n<\/tbody>\n<\/table>\n<!-- #tablepress-2 from cache -->\n\n\n\n<div class=\"wp-block-buttons is-layout-flex wp-block-buttons-is-layout-flex\">\n<div class=\"wp-block-button\"><a class=\"wp-block-button__link\" href=\"https:\/\/seal.transport-manager.net\/panddragon\/nos-vehicules\/\">Revenir \u00e0 la page <em>Nos V\u00e9hicules<\/em><\/a><\/div>\n<\/div>\n\n\n\n<p><\/p>\n","protected":false},"excerpt":{"rendered":"","protected":false},"author":80,"featured_media":0,"parent":0,"menu_order":0,"comment_status":"closed","ping_status":"closed","template":"","meta":{"footnotes":""},"class_list":["post-291","page","type-page","status-publish","hentry"],"_links":{"self":[{"href":"https:\/\/seal.transport-manager.net\/panddragon\/wp-json\/wp\/v2\/pages\/291","targetHints":{"allow":["GET"]}}],"collection":[{"href":"https:\/\/seal.transport-manager.net\/panddragon\/wp-json\/wp\/v2\/pages"}],"about":[{"href":"https:\/\/seal.transport-manager.net\/panddragon\/wp-json\/wp\/v2\/types\/page"}],"author":[{"embeddable":true,"href":"https:\/\/seal.transport-manager.net\/panddragon\/wp-json\/wp\/v2\/users\/80"}],"replies":[{"embeddable":true,"href":"https:\/\/seal.transport-manager.net\/panddragon\/wp-json\/wp\/v2\/comments?post=291"}],"version-history":[{"count":3,"href":"https:\/\/seal.transport-manager.net\/panddragon\/wp-json\/wp\/v2\/pages\/291\/revisions"}],"predecessor-version":[{"id":340,"href":"https:\/\/seal.transport-manager.net\/panddragon\/wp-json\/wp\/v2\/pages\/291\/revisions\/340"}],"wp:attachment":[{"href":"https:\/\/seal.transport-manager.net\/panddragon\/wp-json\/wp\/v2\/media?parent=291"}],"curies":[{"name":"wp","href":"https:\/\/api.w.org\/{rel}","templated":true}]}}