{"id":293,"date":"2022-05-08T11:08:04","date_gmt":"2022-05-08T09:08:04","guid":{"rendered":"https:\/\/seal.transport-manager.net\/panddragon\/?page_id=293"},"modified":"2022-05-08T17:15:44","modified_gmt":"2022-05-08T15:15:44","slug":"nos-standards","status":"publish","type":"page","link":"https:\/\/seal.transport-manager.net\/panddragon\/nos-standards\/","title":{"rendered":"Nos Bus Standards"},"content":{"rendered":"<span id=\"tablepress-3-description\" class=\"tablepress-table-description tablepress-table-description-id-3\">Les Bus Standards permettent de desservir les lignes avec une fr\u00e9quentation moyenne \u00e0 forte ou des lignes BHNS.<\/span>\n\n<table id=\"tablepress-3\" class=\"tablepress tablepress-id-3\" aria-describedby=\"tablepress-3-description\">\n<thead>\n<tr class=\"row-1\">\n\t<th class=\"column-1\">Marque<\/th><th class=\"column-2\">Mod\u00e8le<\/th><th class=\"column-3\">Motorisation<\/th><th class=\"column-4\">Mois et Ann\u00e9e de Mise en Service (nombre de v\u00e9hicules par mois et ann\u00e9e de MES si diff\u00e9rent)<\/th><th class=\"column-5\">Nombre de v\u00e9hicules<\/th><th class=\"column-6\">Capacit\u00e9 (en Pax)<\/th><th class=\"column-7\">Num\u00e9ro de Parc<\/th><th class=\"column-8\">Ligne d'affectation<\/th>\n<\/tr>\n<\/thead>\n<tbody class=\"row-striping row-hover\">\n<tr class=\"row-2\">\n\t<td class=\"column-1\">Mercedes<\/td><td class=\"column-2\">Citaro C2 NGT Hybrid <\/td><td class=\"column-3\"><img decoding=\"async\" src=\"https:\/\/transport-manager.net\/assets\/img\/opt\/gnv.png\" \/><\/td><td class=\"column-4\">08\/2020<\/td><td class=\"column-5\">1<\/td><td class=\"column-6\">102<\/td><td class=\"column-7\">1301<\/td><td class=\"column-8\">R\u00e9serve<\/td>\n<\/tr>\n<tr class=\"row-3\">\n\t<td class=\"column-1\">Heuliez<\/td><td class=\"column-2\">GX 337<\/td><td class=\"column-3\"><img decoding=\"async\" src=\"https:\/\/transport-manager.net\/assets\/img\/opt\/gnv.png\" \/><\/td><td class=\"column-4\">10\/2017 (1)<br \/>\n06\/2020 (1)<br \/>\n02\/2021 (1)<br \/>\n12\/2021 (3)<\/td><td class=\"column-5\">6<\/td><td class=\"column-6\">106<\/td><td class=\"column-7\">2301 \u00e0 2306<br \/>\n<strong> Le 2301 et le 2302 ont l'ancienne face avant du type GX 327.<br \/>\nDu 2303 au 2306, les v\u00e9hicules ont la nouvelle face avant du type Linium.<\/strong><\/td><td class=\"column-8\">R\u00e9serve<\/td>\n<\/tr>\n<tr class=\"row-4\">\n\t<td class=\"column-1\">Heuliez<\/td><td class=\"column-2\">GX 337<\/td><td class=\"column-3\"><img decoding=\"async\" src=\"https:\/\/transport-manager.net\/assets\/img\/opt\/hybride.png\" alt=\"\" \/><\/td><td class=\"column-4\">03\/2017 (2)<br \/>\n05\/2017 (2)<br \/>\n09\/2017 (2)<br \/>\n11\/2017 (2)<br \/>\n12\/2018 (2)<br \/>\n02\/2020 (2)<\/td><td class=\"column-5\">12 (5 autres sont en commande)<\/td><td class=\"column-6\">110<\/td><td class=\"column-7\">2311 \u00e0 2322<br \/>\n<strong>L'ensemble des v\u00e9hicules ont l'ancienne face avant du type GX 327<\/strong><\/td><td class=\"column-8\"><img decoding=\"async\" src=\"https:\/\/transport-manager.net\/assets\/img\/lignes\/L7.png\" \/><br \/>\n<img decoding=\"async\" src=\"https:\/\/transport-manager.net\/assets\/img\/lignes\/L10.png\" \/><\/td>\n<\/tr>\n<tr class=\"row-5\">\n\t<td class=\"column-1\">Iveco<\/td><td class=\"column-2\">Urbanway 12<\/td><td class=\"column-3\"><img decoding=\"async\" src=\"https:\/\/transport-manager.net\/assets\/img\/opt\/hybride.png\" alt=\"\" \/><\/td><td class=\"column-4\">03\/2020<\/td><td class=\"column-5\">1<\/td><td class=\"column-6\">106<\/td><td class=\"column-7\">3301<\/td><td class=\"column-8\">R\u00e9serve<\/td>\n<\/tr>\n<tr class=\"row-6\">\n\t<td class=\"column-1\">Irisbus<\/td><td class=\"column-2\">Citelis 12<\/td><td class=\"column-3\"><img decoding=\"async\" src=\"https:\/\/transport-manager.net\/assets\/img\/opt\/gnv.png\" \/><\/td><td class=\"column-4\">10\/2012<\/td><td class=\"column-5\">1<\/td><td class=\"column-6\">112<\/td><td class=\"column-7\">3311<\/td><td class=\"column-8\">R\u00e9serve<\/td>\n<\/tr>\n<tr class=\"row-7\">\n\t<td class=\"column-1\">Man<\/td><td class=\"column-2\">Lion's City 12<\/td><td class=\"column-3\"><img decoding=\"async\" src=\"https:\/\/transport-manager.net\/assets\/img\/opt\/gnv.png\" \/><\/td><td class=\"column-4\">09\/2020 (5)<br \/>\n12\/2021 (2)<\/td><td class=\"column-5\">7<\/td><td class=\"column-6\">114<\/td><td class=\"column-7\">4301 \u00e0 4307<\/td><td class=\"column-8\"><img decoding=\"async\" src=\"https:\/\/transport-manager.net\/assets\/img\/lignes\/L6.png\" \/><\/td>\n<\/tr>\n<tr class=\"row-8\">\n\t<td class=\"column-1\">Solaris<\/td><td class=\"column-2\">Urbino 12 III<\/td><td class=\"column-3\"><img decoding=\"async\" src=\"https:\/\/transport-manager.net\/assets\/img\/opt\/hybride.png\" alt=\"\" \/><\/td><td class=\"column-4\">01\/2013 (2)<br \/>\n05\/2013 (4)<br \/>\n10\/2013 (1)<br \/>\n11\/2013 (2)<\/td><td class=\"column-5\">9<\/td><td class=\"column-6\">106<\/td><td class=\"column-7\">5301 \u00e0 5309<\/td><td class=\"column-8\"><img decoding=\"async\" src=\"https:\/\/transport-manager.net\/assets\/img\/lignes\/L9.png\" \/><\/td>\n<\/tr>\n<tr class=\"row-9\">\n\t<td class=\"column-1\">Solaris<\/td><td class=\"column-2\">Urbino 15 III<\/td><td class=\"column-3\"><img decoding=\"async\" src=\"https:\/\/transport-manager.net\/assets\/img\/opt\/gnv.png\" \/><\/td><td class=\"column-4\">01\/2013 (2)<br \/>\n02\/2013 (2)<br \/>\n10\/2013 (2)<br \/>\n12\/2017 (1)<\/td><td class=\"column-5\">7<\/td><td class=\"column-6\">130<\/td><td class=\"column-7\">5321 \u00e0 5327<\/td><td class=\"column-8\"><img decoding=\"async\" src=\"https:\/\/transport-manager.net\/assets\/img\/lignes\/L11.png\" \/><\/td>\n<\/tr>\n<tr class=\"row-10\">\n\t<td class=\"column-1\">Van Hool<\/td><td class=\"column-2\">New A330<\/td><td class=\"column-3\"><img decoding=\"async\" src=\"https:\/\/transport-manager.net\/assets\/img\/opt\/gnv.png\" \/><\/td><td class=\"column-4\">09\/2020<\/td><td class=\"column-5\">5<\/td><td class=\"column-6\">113<\/td><td class=\"column-7\">6301 \u00e0 6305<\/td><td class=\"column-8\"><img decoding=\"async\" src=\"https:\/\/transport-manager.net\/assets\/img\/lignes\/L8.png\" \/><\/td>\n<\/tr>\n<tr class=\"row-11\">\n\t<td class=\"column-1\">Scania<\/td><td class=\"column-2\">Citywide 12<\/td><td class=\"column-3\"><img decoding=\"async\" src=\"https:\/\/transport-manager.net\/assets\/img\/opt\/gnv.png\" \/><\/td><td class=\"column-4\">09\/2020<\/td><td class=\"column-5\">5<\/td><td class=\"column-6\">106<\/td><td class=\"column-7\">6310 \u00e0 6315<\/td><td class=\"column-8\"><img decoding=\"async\" src=\"https:\/\/transport-manager.net\/assets\/img\/lignes\/L8.png\" \/><\/td>\n<\/tr>\n<tr class=\"row-12\">\n\t<td class=\"column-1\">Heuliez<\/td><td class=\"column-2\">GX 337 LINIUM E<\/td><td class=\"column-3\"><img decoding=\"async\" src=\"https:\/\/transport-manager.net\/assets\/img\/opt\/electrique.png\" alt=\"\" \/><\/td><td class=\"column-4\">09\/2022 (14)<br \/>\n11\/2022 (1)<br \/>\n12\/2022 (1)<\/td><td class=\"column-5\">16<\/td><td class=\"column-6\">91<\/td><td class=\"column-7\">2401 \u00e0 2416<\/td><td class=\"column-8\"><img decoding=\"async\" src=\"https:\/\/transport-manager.net\/assets\/img\/lignes\/L3.png\" \/><\/td>\n<\/tr>\n<tr class=\"row-13\">\n\t<td class=\"column-1\">Heuliez<\/td><td class=\"column-2\">GX 337 BHNS<\/td><td class=\"column-3\"><img decoding=\"async\" src=\"https:\/\/transport-manager.net\/assets\/img\/opt\/hybride.png\" alt=\"\" \/><\/td><td class=\"column-4\">02\/2017<\/td><td class=\"column-5\">1<\/td><td class=\"column-6\">106<\/td><td class=\"column-7\">2431<\/td><td class=\"column-8\">R\u00e9serve<\/td>\n<\/tr>\n<\/tbody>\n<\/table>\n<!-- #tablepress-3 from cache -->\n\n\n\n<div class=\"wp-block-buttons is-layout-flex wp-block-buttons-is-layout-flex\">\n<div class=\"wp-block-button\"><a class=\"wp-block-button__link\" href=\"https:\/\/seal.transport-manager.net\/panddragon\/nos-vehicules\/\">Revenir \u00e0 la page <em>Nos V\u00e9hicules<\/em><\/a><\/div>\n<\/div>\n\n\n\n<p><\/p>\n","protected":false},"excerpt":{"rendered":"","protected":false},"author":80,"featured_media":0,"parent":0,"menu_order":0,"comment_status":"closed","ping_status":"closed","template":"","meta":{"footnotes":""},"class_list":["post-293","page","type-page","status-publish","hentry"],"_links":{"self":[{"href":"https:\/\/seal.transport-manager.net\/panddragon\/wp-json\/wp\/v2\/pages\/293","targetHints":{"allow":["GET"]}}],"collection":[{"href":"https:\/\/seal.transport-manager.net\/panddragon\/wp-json\/wp\/v2\/pages"}],"about":[{"href":"https:\/\/seal.transport-manager.net\/panddragon\/wp-json\/wp\/v2\/types\/page"}],"author":[{"embeddable":true,"href":"https:\/\/seal.transport-manager.net\/panddragon\/wp-json\/wp\/v2\/users\/80"}],"replies":[{"embeddable":true,"href":"https:\/\/seal.transport-manager.net\/panddragon\/wp-json\/wp\/v2\/comments?post=293"}],"version-history":[{"count":4,"href":"https:\/\/seal.transport-manager.net\/panddragon\/wp-json\/wp\/v2\/pages\/293\/revisions"}],"predecessor-version":[{"id":364,"href":"https:\/\/seal.transport-manager.net\/panddragon\/wp-json\/wp\/v2\/pages\/293\/revisions\/364"}],"wp:attachment":[{"href":"https:\/\/seal.transport-manager.net\/panddragon\/wp-json\/wp\/v2\/media?parent=293"}],"curies":[{"name":"wp","href":"https:\/\/api.w.org\/{rel}","templated":true}]}}