{"id":295,"date":"2022-05-08T11:08:56","date_gmt":"2022-05-08T09:08:56","guid":{"rendered":"https:\/\/seal.transport-manager.net\/panddragon\/?page_id=295"},"modified":"2022-05-08T22:18:33","modified_gmt":"2022-05-08T20:18:33","slug":"nos-bus-articules","status":"publish","type":"page","link":"https:\/\/seal.transport-manager.net\/panddragon\/nos-bus-articules\/","title":{"rendered":"Nos Bus Articul\u00e9s et Bi-Articul\u00e9s"},"content":{"rendered":"<span id=\"tablepress-4-description\" class=\"tablepress-table-description tablepress-table-description-id-4\">Les Bus Articul\u00e9s permettent de desservir les lignes avec une fr\u00e9quentation forte \u00e0 tr\u00e8s importante ou des lignes BHNS lorsque le trac\u00e9 le permet.<\/span>\n\n<table id=\"tablepress-4\" class=\"tablepress tablepress-id-4\" aria-describedby=\"tablepress-4-description\">\n<thead>\n<tr class=\"row-1\">\n\t<th class=\"column-1\">Marque<\/th><th class=\"column-2\">Mod\u00e8le<\/th><th class=\"column-3\">Motorisation<\/th><th class=\"column-4\">Mois et Ann\u00e9e de Mise en Service (nombre de v\u00e9hicules par mois et ann\u00e9e de MES si diff\u00e9rent)<\/th><th class=\"column-5\">Nombre de v\u00e9hicules<\/th><th class=\"column-6\">Capacit\u00e9 (en Pax)<\/th><th class=\"column-7\">Num\u00e9ro de Parc<\/th><th class=\"column-8\">Ligne d'affectation<\/th>\n<\/tr>\n<\/thead>\n<tbody class=\"row-striping row-hover\">\n<tr class=\"row-2\">\n\t<td class=\"column-1\">Iveco<\/td><td class=\"column-2\">Urbanway 18<\/td><td class=\"column-3\"><img decoding=\"async\" src=\"https:\/\/transport-manager.net\/assets\/img\/opt\/gnv.png\" \/><\/td><td class=\"column-4\">09\/2013<\/td><td class=\"column-5\">1<\/td><td class=\"column-6\">160<\/td><td class=\"column-7\">3501<\/td><td class=\"column-8\">R\u00e9serve<\/td>\n<\/tr>\n<tr class=\"row-3\">\n\t<td class=\"column-1\">Iveco<\/td><td class=\"column-2\">Urbanway 18<\/td><td class=\"column-3\"><img decoding=\"async\" src=\"https:\/\/transport-manager.net\/assets\/img\/opt\/hybride.png\" \/><\/td><td class=\"column-4\">04\/2020<\/td><td class=\"column-5\">1<\/td><td class=\"column-6\">160<\/td><td class=\"column-7\">3511<\/td><td class=\"column-8\">R\u00e9serve<\/td>\n<\/tr>\n<tr class=\"row-4\">\n\t<td class=\"column-1\">Man<\/td><td class=\"column-2\">Lion's City 18<\/td><td class=\"column-3\"><img decoding=\"async\" src=\"https:\/\/transport-manager.net\/assets\/img\/opt\/gnv.png\" alt=\"\" \/><\/td><td class=\"column-4\">09\/2020<\/td><td class=\"column-5\">4<\/td><td class=\"column-6\">152<\/td><td class=\"column-7\">4501 \u00e0 4504<\/td><td class=\"column-8\"><img decoding=\"async\" src=\"https:\/\/transport-manager.net\/assets\/img\/lignes\/L1.png\" \/><\/td>\n<\/tr>\n<tr class=\"row-5\">\n\t<td class=\"column-1\">Solaris<\/td><td class=\"column-2\">Urbino 18 IV<\/td><td class=\"column-3\"><img decoding=\"async\" src=\"https:\/\/transport-manager.net\/assets\/img\/opt\/gnv.png\" alt=\"\" \/><\/td><td class=\"column-4\">02\/2015 (2)<br \/>\n05\/2015 (2)<br \/>\n06\/2015 (3)<br \/>\n08\/2015 (2)<br \/>\n12\/2015 (2)<br \/>\n06\/2019 (1)<br \/>\n10\/2020 (1)<br \/>\n12\/2020 (1)<br \/>\n05\/2021 (5)<\/td><td class=\"column-5\">19<\/td><td class=\"column-6\">141<\/td><td class=\"column-7\">5501 \u00e0 5519<\/td><td class=\"column-8\"><img decoding=\"async\" src=\"https:\/\/transport-manager.net\/assets\/img\/lignes\/L5.png\" \/><\/td>\n<\/tr>\n<tr class=\"row-6\">\n\t<td class=\"column-1\">Scania<\/td><td class=\"column-2\">Citywide LF 18<\/td><td class=\"column-3\"><img decoding=\"async\" src=\"https:\/\/transport-manager.net\/assets\/img\/opt\/gnv.png\" \/><\/td><td class=\"column-4\">09\/2020<\/td><td class=\"column-5\">4<\/td><td class=\"column-6\">156<\/td><td class=\"column-7\">6501 \u00e0 6504<\/td><td class=\"column-8\"><img decoding=\"async\" src=\"https:\/\/transport-manager.net\/assets\/img\/lignes\/L1.png\" \/><\/td>\n<\/tr>\n<tr class=\"row-7\">\n\t<td class=\"column-1\">Hess<\/td><td class=\"column-2\">LighTram 25 TOSA<\/td><td class=\"column-3\"><img decoding=\"async\" src=\"https:\/\/transport-manager.net\/assets\/img\/opt\/electrique.png\" alt=\"\" \/><\/td><td class=\"column-4\">09\/2022 (11)<br \/>\n12\/2022 (2)<br \/>\n01\/2023 (2)<\/td><td class=\"column-5\">15<\/td><td class=\"column-6\">200<\/td><td class=\"column-7\">7601 \u00e0 7615<\/td><td class=\"column-8\"><img decoding=\"async\" src=\"https:\/\/transport-manager.net\/assets\/img\/lignes\/L2.png\" \/><\/td>\n<\/tr>\n<\/tbody>\n<\/table>\n<!-- #tablepress-4 from cache -->\n\n\n\n<div class=\"wp-block-buttons is-layout-flex wp-block-buttons-is-layout-flex\">\n<div class=\"wp-block-button\"><a class=\"wp-block-button__link\" href=\"https:\/\/seal.transport-manager.net\/panddragon\/nos-vehicules\/\">Revenir \u00e0 la page <em>Nos V\u00e9hicules<\/em><\/a><\/div>\n<\/div>\n\n\n\n<p><\/p>\n","protected":false},"excerpt":{"rendered":"","protected":false},"author":80,"featured_media":0,"parent":0,"menu_order":0,"comment_status":"closed","ping_status":"closed","template":"","meta":{"footnotes":""},"class_list":["post-295","page","type-page","status-publish","hentry"],"_links":{"self":[{"href":"https:\/\/seal.transport-manager.net\/panddragon\/wp-json\/wp\/v2\/pages\/295","targetHints":{"allow":["GET"]}}],"collection":[{"href":"https:\/\/seal.transport-manager.net\/panddragon\/wp-json\/wp\/v2\/pages"}],"about":[{"href":"https:\/\/seal.transport-manager.net\/panddragon\/wp-json\/wp\/v2\/types\/page"}],"author":[{"embeddable":true,"href":"https:\/\/seal.transport-manager.net\/panddragon\/wp-json\/wp\/v2\/users\/80"}],"replies":[{"embeddable":true,"href":"https:\/\/seal.transport-manager.net\/panddragon\/wp-json\/wp\/v2\/comments?post=295"}],"version-history":[{"count":4,"href":"https:\/\/seal.transport-manager.net\/panddragon\/wp-json\/wp\/v2\/pages\/295\/revisions"}],"predecessor-version":[{"id":380,"href":"https:\/\/seal.transport-manager.net\/panddragon\/wp-json\/wp\/v2\/pages\/295\/revisions\/380"}],"wp:attachment":[{"href":"https:\/\/seal.transport-manager.net\/panddragon\/wp-json\/wp\/v2\/media?parent=295"}],"curies":[{"name":"wp","href":"https:\/\/api.w.org\/{rel}","templated":true}]}}