{"id":446,"date":"2022-05-11T00:12:41","date_gmt":"2022-05-10T22:12:41","guid":{"rendered":"https:\/\/seal.transport-manager.net\/panddragon\/?page_id=446"},"modified":"2022-05-19T19:16:17","modified_gmt":"2022-05-19T17:16:17","slug":"reglements","status":"publish","type":"page","link":"https:\/\/seal.transport-manager.net\/panddragon\/reglements\/","title":{"rendered":"Notre R\u00e8glement"},"content":{"rendered":"\n<p>Nous vous invitons \u00e0 respecter ces r\u00e8gles afin que le voyage soit agr\u00e9able pour toutes et tous.<\/p>\n\n\n\n<p style=\"font-size:25px;font-style:normal;font-weight:700\">Utilisation de nos bus<\/p>\n\n\n\n<ul class=\"has-medium-font-size wp-block-list\"><li>La mont\u00e9e dans nos bus s&rsquo;effectue par la porte avant et la descente du bus s&rsquo;effectue par la ou les portes centrales et arri\u00e8res \u00e0 l&rsquo;exception des v\u00e9hicules poss\u00e9dant les boutons self-service o\u00f9 la mont\u00e9e et la descente s&rsquo;effectue \u00e0 toutes les portes sauf la porte avant r\u00e9serv\u00e9 \u00e0 la mont\u00e9e.<\/li><li>En service normal hors d\u00e9viations et travaux, la mont\u00e9e et la descente s&rsquo;effectue au niveau des emplacements mat\u00e9rialis\u00e9s du r\u00e9seau.<\/li><li>Pour les point d&rsquo;arr\u00eat desservis par plusieurs lignes, le client est invit\u00e9 \u00e0 effectuer un signe distinctif au conducteur.<\/li><li>En cas d&rsquo;affluences, les si\u00e8ges rabattables ne doivent pas \u00eatre utilis\u00e9s.<\/li><li>Pour une meilleur circulation dans nos v\u00e9hicules, nous vous invitons \u00e0 bien vous r\u00e9partir dans tous le v\u00e9hicule.<\/li><li>Tous nos v\u00e9hicules en service commercial poss\u00e8dent la climatisation.<\/li><li>Merci de ne pas engager le conversation avec nos conducteurs lorsque le v\u00e9hicule est en mouvement.<\/li><\/ul>\n\n\n\n<p style=\"font-size:25px;font-style:normal;font-weight:700\">Emplacement prioritaire<\/p>\n\n\n\n<ul class=\"has-medium-font-size wp-block-list\"><li>Des places prioritaires ont \u00e9t\u00e9 mise en place pour les personnes suivantes :<ul><li><strong>Handicap\u00e9(e) moteur,<\/strong><\/li><li><strong>Aveugles,<\/strong><\/li><li><strong>Femmes enceintes,<\/strong><\/li><li><strong>Personnes \u00e2g\u00e9es et<\/strong><\/li><li><strong>Infirmes civils ou mutil\u00e9s de guerre.<\/strong><\/li><\/ul><\/li><\/ul>\n\n\n\n<ul class=\"has-medium-font-size wp-block-list\"><li>Ces places prioritaires sont utilisables par les autres voyageurs si elles sont libres mais si une des personnes cit\u00e9s ci-dessus est pr\u00e9sente, alors le client soit lui laiss\u00e9 \u00e7a place en priorit\u00e9. Cette r\u00e8gle est report\u00e9e sur <strong>toutes les places assises<\/strong> du bus si les places prioritaires sont d\u00e9j\u00e0 occup\u00e9es par ces personnes.<\/li><\/ul>\n\n\n\n<p style=\"font-size:25px;font-style:normal;font-weight:700\">Objets autoris\u00e9s et interdits<\/p>\n\n\n\n<ul class=\"has-medium-font-size wp-block-list\"><li>Tout paquet, bagage et objet sont <strong>sous la responsabilit\u00e9 de leur propri\u00e9taire<\/strong>. Surveillez vos biens et affaires personnels.<\/li><li>Les objets roulants tol\u00e9r\u00e9s \u00e0 bord de nos v\u00e9hicules sont :<ul><li><strong>Fauteuils roulants dans leur emplacement d\u00e9di\u00e9s,<\/strong><\/li><li><strong>Poussettes d\u00e9pli\u00e9es dans l&#8217;emplacement UFR si libres sinon poussettes pliables,<\/strong><\/li><li><strong><b>Trottinettes <\/b>d\u00e9pli\u00e9es dans l&#8217;emplacement UFR si libres sinon trottinettes pliables<\/strong><\/li><li><strong>V\u00e9los hors heure de pointe si place UFR disponible et<\/strong><ul><li><strong><em><mark style=\"background-color:#cf2e2e\" class=\"has-inline-color has-white-color\">Attention leur utilisation est strictement interdite. En cas de non respect, le fautifs s&rsquo;expose \u00e0 une amende et une exclusion du v\u00e9hicule. En cas de r\u00e9cidive, le fautifs s&rsquo;expose \u00e0 des poursuites et une exclusion totale du r\u00e9seau.<\/mark><\/em><\/strong><\/li><\/ul><\/li><li><strong>Rollers, patins, patinette, chaussures \u00e0 roulette et planches (ex : skateboard, \u2026).<\/strong><ul><li><strong><em><mark style=\"background-color:#cf2e2e\" class=\"has-inline-color has-white-color\">Attention leur utilisation est strictement interdite. En cas de non respect, le fautifs s&rsquo;expose \u00e0 une amende et une exclusion du v\u00e9hicule. En cas de r\u00e9cidive, le fautifs s&rsquo;expose \u00e0 des poursuites et une exclusion totale du r\u00e9seau.<\/mark><\/em><\/strong><\/li><\/ul><\/li><\/ul><\/li><li>Les objets suivant sont <strong>interdits <\/strong>dans nos v\u00e9hicules :<ul><li><strong>Produits explosifs,<\/strong><\/li><li><strong>Inflammables,<\/strong><\/li><li><strong>Corrosifs,<\/strong><\/li><li><strong>Canc\u00e9rog\u00e8nes,<\/strong><\/li><li><strong>T\u00e9ratog\u00e8nes,<\/strong><\/li><li><strong>Toxiques et<\/strong><\/li><li><strong>Gaz sous pressions.&nbsp;<\/strong><\/li><\/ul><\/li><\/ul>\n\n\n\n<p style=\"font-size:25px;font-style:normal;font-weight:700\">Objets oubli\u00e9s et bagages abandonn\u00e9s<\/p>\n\n\n\n<ul class=\"has-medium-font-size wp-block-list\"><li>Si vous trouvez un objet oubli\u00e9, veuillez le rapporter \u00e0 une de nos agences dans la zone information ou sinon \u00e0 un de nos agents (contr\u00f4leur, conducteurs (seulement quand il est \u00e0 l&rsquo;arr\u00eat)) ou \u00e0 la police.<\/li><li>Pour r\u00e9cup\u00e9rez un objet oubli\u00e9, veuillez vous rendre dans l&rsquo;une de nos agences qui vous donnera votre objet ou vous communiquera laquelle de nos agences \u00e0 r\u00e9cup\u00e9rer l&rsquo;objet. L&rsquo;agence qui poss\u00e8de un objet oubli\u00e9 est la m\u00eame qui a r\u00e9cup\u00e9r\u00e9 l&rsquo;objet oubli\u00e9.<ul><li>Pour faciliter vos recherches, nous vous conseillons de vous rendre sur l&rsquo;une des agences desservis par la ligne o\u00f9 vous auriez oubli\u00e9 votre objet.<\/li><\/ul><\/li><li>Si vous trouvez un bagage abandonn\u00e9, merci de le communiquez le plus t\u00f4t possible au conducteur pour permettre l&rsquo;immobilisation du v\u00e9hicule et la communication de la situation aux forces de l&rsquo;ordres.<ul><li><strong><em><mark style=\"background-color:#cf2e2e\" class=\"has-inline-color has-white-color\">Attention tout bagage abandonn\u00e9 entra\u00eene l&rsquo;immobilisation du v\u00e9hicule et la perturbation sur toute la ligne avec possible retard, d\u00e9viation, interuption partielle ou totale de la ligne pendant un temps ind\u00e9termin\u00e9.<\/mark><\/em><\/strong><\/li><\/ul><\/li><\/ul>\n\n\n\n<p style=\"font-size:25px;font-style:normal;font-weight:700\">Validation titre de transport<\/p>\n\n\n\n<ul class=\"has-medium-font-size wp-block-list\" style=\"font-style:normal;font-weight:400\"><li>Un<strong> ticket unitaire valid\u00e9<\/strong> ou la <strong>possession d&rsquo;un ticket journalier ou abonnement<\/strong> (attention la date et l&rsquo;heure d&rsquo;achat sont mentionn\u00e9es sur ces deux derniers) est absolument n\u00e9cessaires afin d&#8217;emprunter notre r\u00e9seau.<\/li><li>Les tickets unitaire et journalier sont disponibles dans nos agences et aupr\u00e8s des conducteurs \u00e0 la mont\u00e9e dans le bus. L&rsquo;abonnement est <strong>uniquement <\/strong>disponible dans nos agences.<\/li><li>En cas d&rsquo;infraction, le fautif s&rsquo;expose \u00e0 une peine d&rsquo;une <strong>amende de 65 \u20ac <\/strong>qui peut \u00eatre <strong>major\u00e9e en cas de r\u00e9cidive ou si pr\u00e9sence d&rsquo;un autre d\u00e9lit<\/strong>.<\/li><\/ul>\n\n\n\n<p style=\"font-size:25px;font-style:normal;font-weight:700\">R\u00e8gle de savoir vivre<\/p>\n\n\n\n<ul class=\"has-medium-font-size wp-block-list\" style=\"font-style:normal;font-weight:400\"><li>Nos v\u00e9hicules et agences sont des <strong>espaces non fumeurs<\/strong>, tous objets destin\u00e9s \u00e0 \u00eatre fum\u00e9s dans l&rsquo;un de nos v\u00e9hicules exposent le fautif \u00e0 des <strong>peines d&rsquo;amende et d&rsquo;exclusion du v\u00e9hicule voire d&rsquo;interdiction d&#8217;emprunter le r\u00e9seau si r\u00e9cidive<\/strong>.<\/li><li><strong>Toutes actes de malveillance<\/strong> (d\u00e9gradation de mat\u00e9riels, tous types d&rsquo;agressions, \u2026) exposent le fautif \u00e0 des <strong>peines d&rsquo;amende mais \u00e9galement \u00e0 des poursuites judiciaires et une interdiction d&#8217;emprunter le r\u00e9seau<\/strong>.<\/li><li>Dans nos v\u00e9hicules, <strong>les animaux tol\u00e9r\u00e9s sont les animaux de petite taille<\/strong> enfermer dans un sac ou panier et \u00e0 condition qu&rsquo;ils ne perturbent pas les autres voyageurs, <strong>les animaux assistants (en formation ou activit\u00e9) tel que les chiens guides d&rsquo;aveugles, les chiens policiers et les chiens sauveteurs<\/strong> sont \u00e9galement autoris\u00e9s dans nos v\u00e9hicules sous pr\u00e9sentations de justificatifs ou rep\u00e9rables par des harnais, gilets ou sacoches sp\u00e9ciales..<\/li><\/ul>\n\n\n\n<p style=\"font-size:25px;font-style:normal;font-weight:700\">Droits des contr\u00f4leurs<\/p>\n\n\n\n<ul class=\"has-medium-font-size wp-block-list\" style=\"font-style:normal;font-weight:400\"><li>Nos contr\u00f4leurs sont habilit\u00e9s \u00e0 vous exclure du v\u00e9hicule et d\u00e9livrer des amendes en cas d&rsquo;infraction lors d&rsquo;un contr\u00f4le mais \u00e9galement \u00e0 relever vos identit\u00e9 pour \u00e9tablir un proc\u00e8s verbal ou tout autre poursuite judiciaire selon l&rsquo;infraction.<\/li><\/ul>\n\n\n\n<p class=\"has-small-font-size\">Ce r\u00e8glement est men\u00e9e \u00e0 \u00e9voluer dans le futur. Nous vous invitons \u00e0 le consulter r\u00e9guli\u00e8rement afin de ne pas \u00eatre surpris de l&rsquo;ajout ou de la modification d&rsquo;un r\u00e8glement.<\/p>\n\n\n\n<p class=\"has-small-font-size\">Derni\u00e8re mise \u00e0 jour le 12\/05\/2022<\/p>\n","protected":false},"excerpt":{"rendered":"<p>Nous vous invitons \u00e0 respecter ces r\u00e8gles afin que le voyage soit agr\u00e9able pour toutes et tous. Utilisation de nos bus La mont\u00e9e dans nos bus s&rsquo;effectue par la porte avant et la descente du bus s&rsquo;effectue par la ou les portes centrales et arri\u00e8res \u00e0 l&rsquo;exception des v\u00e9hicules poss\u00e9dant [&hellip;]<\/p>\n","protected":false},"author":80,"featured_media":0,"parent":0,"menu_order":0,"comment_status":"closed","ping_status":"closed","template":"","meta":{"footnotes":""},"class_list":["post-446","page","type-page","status-publish","hentry"],"_links":{"self":[{"href":"https:\/\/seal.transport-manager.net\/panddragon\/wp-json\/wp\/v2\/pages\/446","targetHints":{"allow":["GET"]}}],"collection":[{"href":"https:\/\/seal.transport-manager.net\/panddragon\/wp-json\/wp\/v2\/pages"}],"about":[{"href":"https:\/\/seal.transport-manager.net\/panddragon\/wp-json\/wp\/v2\/types\/page"}],"author":[{"embeddable":true,"href":"https:\/\/seal.transport-manager.net\/panddragon\/wp-json\/wp\/v2\/users\/80"}],"replies":[{"embeddable":true,"href":"https:\/\/seal.transport-manager.net\/panddragon\/wp-json\/wp\/v2\/comments?post=446"}],"version-history":[{"count":42,"href":"https:\/\/seal.transport-manager.net\/panddragon\/wp-json\/wp\/v2\/pages\/446\/revisions"}],"predecessor-version":[{"id":551,"href":"https:\/\/seal.transport-manager.net\/panddragon\/wp-json\/wp\/v2\/pages\/446\/revisions\/551"}],"wp:attachment":[{"href":"https:\/\/seal.transport-manager.net\/panddragon\/wp-json\/wp\/v2\/media?parent=446"}],"curies":[{"name":"wp","href":"https:\/\/api.w.org\/{rel}","templated":true}]}}