{"id":86,"date":"2022-04-24T18:41:54","date_gmt":"2022-04-24T16:41:54","guid":{"rendered":"https:\/\/seal.transport-manager.net\/panddragon\/?page_id=86"},"modified":"2023-05-09T22:26:33","modified_gmt":"2023-05-09T20:26:33","slug":"lhns","status":"publish","type":"page","link":"https:\/\/seal.transport-manager.net\/panddragon\/lhns\/","title":{"rendered":"LHNS"},"content":{"rendered":"\n<p class=\"has-medium-font-size\" style=\"font-style:normal;font-weight:500\">Ces lignes \u00e0 haut niveau de service sont des lignes avec de fortes fr\u00e9quences, avec un service 7j\/7 entre 6h et 1h en semaine, entre 6h et 1h le samedi et entre 6h et 23h le dimanche et un mat\u00e9riel roulant sp\u00e9cialement con\u00e7u et \u00e9quip\u00e9 pour desservir ces lignes. Ces lignes constituent les colonnes vert\u00e9brales du r\u00e9seau.<\/p>\n\n\n\n<figure class=\"wp-block-image size-large is-resized is-style-default\"><img loading=\"lazy\" decoding=\"async\" src=\"https:\/\/transport-manager.net\/assets\/img\/lignes\/N3_L2_trans1.png\" alt=\"\" width=\"1104\" height=\"326\" \/><\/figure>\n\n\n\n<figure class=\"wp-block-image size-large is-resized is-style-default\"><img loading=\"lazy\" decoding=\"async\" src=\"https:\/\/transport-manager.net\/assets\/img\/lignes\/N3_L3_trans1.png\" alt=\"\" width=\"1104\" height=\"326\" \/><\/figure>\n\n\n\n<div class=\"wp-block-buttons is-content-justification-left is-layout-flex wp-container-core-buttons-is-layout-bc8e6f51 wp-block-buttons-is-layout-flex\">\n<div class=\"wp-block-button is-style-outline is-style-outline--1\"><a class=\"wp-block-button__link wp-element-button\" href=\"https:\/\/seal.transport-manager.net\/panddragon\/nos-lignes\/\">Retour \u00e0 la page pr\u00e9c\u00e9dente<\/a><\/div>\n<\/div>\n\n\n\n<p><\/p>\n","protected":false},"excerpt":{"rendered":"<p>Ces lignes \u00e0 haut niveau de service sont des lignes avec de fortes fr\u00e9quences, avec un service 7j\/7 entre 6h et 1h en semaine, entre 6h et 1h le samedi et entre 6h et 23h le dimanche et un mat\u00e9riel roulant sp\u00e9cialement con\u00e7u et \u00e9quip\u00e9 pour desservir ces lignes. Ces [&hellip;]<\/p>\n","protected":false},"author":80,"featured_media":0,"parent":0,"menu_order":0,"comment_status":"closed","ping_status":"closed","template":"","meta":{"footnotes":""},"class_list":["post-86","page","type-page","status-publish","hentry"],"_links":{"self":[{"href":"https:\/\/seal.transport-manager.net\/panddragon\/wp-json\/wp\/v2\/pages\/86","targetHints":{"allow":["GET"]}}],"collection":[{"href":"https:\/\/seal.transport-manager.net\/panddragon\/wp-json\/wp\/v2\/pages"}],"about":[{"href":"https:\/\/seal.transport-manager.net\/panddragon\/wp-json\/wp\/v2\/types\/page"}],"author":[{"embeddable":true,"href":"https:\/\/seal.transport-manager.net\/panddragon\/wp-json\/wp\/v2\/users\/80"}],"replies":[{"embeddable":true,"href":"https:\/\/seal.transport-manager.net\/panddragon\/wp-json\/wp\/v2\/comments?post=86"}],"version-history":[{"count":15,"href":"https:\/\/seal.transport-manager.net\/panddragon\/wp-json\/wp\/v2\/pages\/86\/revisions"}],"predecessor-version":[{"id":727,"href":"https:\/\/seal.transport-manager.net\/panddragon\/wp-json\/wp\/v2\/pages\/86\/revisions\/727"}],"wp:attachment":[{"href":"https:\/\/seal.transport-manager.net\/panddragon\/wp-json\/wp\/v2\/media?parent=86"}],"curies":[{"name":"wp","href":"https:\/\/api.w.org\/{rel}","templated":true}]}}