{"id":110,"date":"2021-07-21T16:05:46","date_gmt":"2021-07-21T14:05:46","guid":{"rendered":"https:\/\/seal.transport-manager.net\/pixbus\/?page_id=110"},"modified":"2021-07-21T16:05:46","modified_gmt":"2021-07-21T14:05:46","slug":"newsletter","status":"publish","type":"page","link":"https:\/\/seal.transport-manager.net\/pixbus\/newsletter\/","title":{"rendered":"Newsletter"},"content":{"rendered":"\n<p>Vous souhaiter b\u00e9n\u00e9ficier des Newsletter, pour \u00eatre au plus pr\u00eat des information quotidienne sur le r\u00e9seau. Vous pouvez vous inscrire \u00e0 ce formulaire et en profiter d\u00e8s remplissage et validation.<\/p>\n\n\n<div class=\"wpforms-container wpforms-container-full wpforms-block\" id=\"wpforms-109\"><form id=\"wpforms-form-109\" class=\"wpforms-validate wpforms-form wpforms-ajax-form\" data-formid=\"109\" method=\"post\" enctype=\"multipart\/form-data\" action=\"\/pixbus\/wp-json\/wp\/v2\/pages\/110\" data-token=\"6fa7084f7b177242cd704243664e7fab\" data-token-time=\"1776971594\"><noscript class=\"wpforms-error-noscript\">Veuillez activer JavaScript dans votre navigateur pour remplir ce formulaire.<\/noscript><div class=\"wpforms-field-container\"><div id=\"wpforms-109-field_1-container\" class=\"wpforms-field wpforms-field-name\" data-field-id=\"1\"><label class=\"wpforms-field-label\">Name <span class=\"wpforms-required-label\">*<\/span><\/label><div class=\"wpforms-field-row wpforms-field-medium\"><div class=\"wpforms-field-row-block wpforms-first wpforms-one-half\"><input type=\"text\" id=\"wpforms-109-field_1\" class=\"wpforms-field-name-first wpforms-field-required\" name=\"wpforms[fields][1][first]\" required><label for=\"wpforms-109-field_1\" class=\"wpforms-field-sublabel after\">Pr\u00e9nom<\/label><\/div><div class=\"wpforms-field-row-block wpforms-one-half\"><input type=\"text\" id=\"wpforms-109-field_1-last\" class=\"wpforms-field-name-last wpforms-field-required\" name=\"wpforms[fields][1][last]\" required><label for=\"wpforms-109-field_1-last\" class=\"wpforms-field-sublabel after\">Nom<\/label><\/div><\/div><\/div><div id=\"wpforms-109-field_2-container\" class=\"wpforms-field wpforms-field-email\" data-field-id=\"2\"><label class=\"wpforms-field-label\" for=\"wpforms-109-field_2\">Email <span class=\"wpforms-required-label\">*<\/span><\/label><input type=\"email\" id=\"wpforms-109-field_2\" class=\"wpforms-field-medium wpforms-field-required\" name=\"wpforms[fields][2]\" spellcheck=\"false\" required><\/div><div id=\"wpforms-109-field_5-container\" class=\"wpforms-field wpforms-field-checkbox\" data-field-id=\"5\"><label class=\"wpforms-field-label\">Confirmation <span class=\"wpforms-required-label\">*<\/span><\/label><ul id=\"wpforms-109-field_5\" class=\"wpforms-field-required\"><li class=\"choice-1 depth-1\"><input type=\"checkbox\" id=\"wpforms-109-field_5_1\" name=\"wpforms[fields][5][]\" value=\"Je certifie avoir pris connaissance des condition d&#039;utilisation des Newsletter et valide l&#039;envoie quotidien de Newsletter dans ma boite mail\" required ><label class=\"wpforms-field-label-inline\" for=\"wpforms-109-field_5_1\">Je certifie avoir pris connaissance des condition d&rsquo;utilisation des Newsletter et valide l&rsquo;envoie quotidien de Newsletter dans ma boite mail<\/label><\/li><\/ul><\/div><\/div><!-- .wpforms-field-container --><div class=\"wpforms-submit-container\" ><input type=\"hidden\" name=\"wpforms[id]\" value=\"109\"><input type=\"hidden\" name=\"page_title\" value=\"\"><input type=\"hidden\" name=\"page_url\" value=\"https:\/\/seal.transport-manager.net\/pixbus\/wp-json\/wp\/v2\/pages\/110\"><input type=\"hidden\" name=\"url_referer\" value=\"\"><button type=\"submit\" name=\"wpforms[submit]\" id=\"wpforms-submit-109\" class=\"wpforms-submit\" data-alt-text=\"Sending...\" data-submit-text=\"Submit\" aria-live=\"assertive\" value=\"wpforms-submit\">Submit<\/button><img loading=\"lazy\" decoding=\"async\" src=\"https:\/\/seal.transport-manager.net\/pixbus\/wp-content\/plugins\/wpforms-lite\/assets\/images\/submit-spin.svg\" class=\"wpforms-submit-spinner\" style=\"display: none;\" width=\"26\" height=\"26\" alt=\"Chargement en cours\"><\/div><\/form><\/div>  <!-- .wpforms-container -->","protected":false},"excerpt":{"rendered":"<p>Vous souhaiter b\u00e9n\u00e9ficier des Newsletter, pour \u00eatre au plus pr\u00eat des information quotidienne sur le r\u00e9seau. Vous pouvez vous inscrire \u00e0 ce formulaire et en profiter d\u00e8s remplissage et validation.<\/p>\n","protected":false},"author":16,"featured_media":0,"parent":0,"menu_order":0,"comment_status":"closed","ping_status":"closed","template":"","meta":{"footnotes":""},"class_list":["post-110","page","type-page","status-publish","hentry"],"_links":{"self":[{"href":"https:\/\/seal.transport-manager.net\/pixbus\/wp-json\/wp\/v2\/pages\/110","targetHints":{"allow":["GET"]}}],"collection":[{"href":"https:\/\/seal.transport-manager.net\/pixbus\/wp-json\/wp\/v2\/pages"}],"about":[{"href":"https:\/\/seal.transport-manager.net\/pixbus\/wp-json\/wp\/v2\/types\/page"}],"author":[{"embeddable":true,"href":"https:\/\/seal.transport-manager.net\/pixbus\/wp-json\/wp\/v2\/users\/16"}],"replies":[{"embeddable":true,"href":"https:\/\/seal.transport-manager.net\/pixbus\/wp-json\/wp\/v2\/comments?post=110"}],"version-history":[{"count":1,"href":"https:\/\/seal.transport-manager.net\/pixbus\/wp-json\/wp\/v2\/pages\/110\/revisions"}],"predecessor-version":[{"id":111,"href":"https:\/\/seal.transport-manager.net\/pixbus\/wp-json\/wp\/v2\/pages\/110\/revisions\/111"}],"wp:attachment":[{"href":"https:\/\/seal.transport-manager.net\/pixbus\/wp-json\/wp\/v2\/media?parent=110"}],"curies":[{"name":"wp","href":"https:\/\/api.w.org\/{rel}","templated":true}]}}