{"id":13,"date":"2021-07-20T01:39:29","date_gmt":"2021-07-19T23:39:29","guid":{"rendered":"https:\/\/seal.transport-manager.net\/pixbus\/?page_id=13"},"modified":"2022-02-22T00:33:27","modified_gmt":"2022-02-21T23:33:27","slug":"societe","status":"publish","type":"page","link":"https:\/\/seal.transport-manager.net\/pixbus\/societe\/","title":{"rendered":"Soci\u00e9t\u00e9"},"content":{"rendered":"\n<p class=\"has-drop-cap\">PixBus est une soci\u00e9t\u00e9 de bus et dans transport urbain et inter-urbain. Nous vous proposons de multiple service, tous cela dans le seul et unique but de facilit\u00e9 au mieux votre mobilit\u00e9 et de garder votre satisfaction client. Sans vous notre soci\u00e9t\u00e9 n&rsquo;aurais probablement jamais vu le jours, c&rsquo;est gr\u00e2ce \u00e0 votre demande et \u00e0 votre engagement que nous avons pu d\u00e9velopper notre parc actuelle de 33 bus. Nous pouvons ainsi desservir 6 ligne, dont 2 ligne exceptionnel li\u00e9e \u00e0 la p\u00e9riode. <\/p>\n\n\n\n<ul class=\"wp-block-list\"><li>La ligne 807, ligne vous permettant d&rsquo;acc\u00e9der plus facilement au centre de vaccination, tout comme la ligne 804, ligne d&rsquo;\u00e9t\u00e9 qui vous permettra d&rsquo;acc\u00e9der tr\u00e8s rapidement et tr\u00e8s simplement au parc, votre \u00e9t\u00e9 n&rsquo;en sera que meilleur. <\/li><\/ul>\n\n\n\n<p>Les autres lignes reste des lignes classiques qui ne change pas ou que tr\u00e8s rarement. <\/p>\n\n\n\n<ul class=\"wp-block-list\"><li>La ligne 1, qui dessert le Campus Alan Turing depuis la Gare Centrale<\/li><li>La ligne 2, qui dessert l&rsquo;A\u00e9roport depuis la Gare Centrale<\/li><li>La ligne 3, qui dessert le Campus Marthe Gautier depuis la Gare Centrale<\/li><li>La ligne 4, qui dessert la Gare de l&rsquo;Est depuis la Gare Centrale<\/li><\/ul>\n\n\n\n<hr class=\"wp-block-separator is-style-wide\" \/>\n\n\n\n<p>De plus notre soci\u00e9t\u00e9 n&rsquo;a jamais voulu cacher \u00e0 nos usager, notre ambition du passer du Diesel et des \u00e9nergies polluantes, vers des \u00e9nergies vertes et respectueuses de l&rsquo;environnement. Notre d\u00e9marche \u00c9co-Responsable, contribue \u00e0 r\u00e9duire l&#8217;empreinte carbone de notre parc. Gr\u00e2ce \u00e0 cela nous pouvons \u00eatre fiers de contribuer de nos propres mains \u00e0 la transition \u00e9cologique et \u00e0 passer au \u00ab\u00a0tout au vert\u00a0\u00bb.<\/p>\n\n\n\n<p class=\"has-text-align-center has-large-font-size\"><em>Quelques chiffres<\/em> de notre parc actuelle<\/p>\n\n\n\n<figure class=\"wp-block-table is-style-stripes\"><table><tbody><tr><td class=\"has-text-align-center\" data-align=\"center\">V\u00e9hicule Diesel<\/td><td class=\"has-text-align-center\" data-align=\"center\">V\u00e9hicule \u00c9nergie Verte<\/td><\/tr><tr><td class=\"has-text-align-center\" data-align=\"center\">7 Bus<\/td><td class=\"has-text-align-center\" data-align=\"center\">31 Bus<\/td><\/tr><\/tbody><\/table><\/figure>\n\n\n\n<p><\/p>\n\n\n\n<p>Notre ambition de changement vers les \u00e9nergies vertes ne c&rsquo;est pas fait de suite. Il est le fruit de long mois de travail, 2 mois pour \u00eatre pr\u00e9cis. Gr\u00e2ce \u00e0 cela, nous avons pu d\u00e9velopper notre parc et laisser place \u00e0 des v\u00e9hicule GNV et Hybride. <\/p>\n\n\n\n<div class=\"wp-block-image\"><figure class=\"aligncenter is-resized\"><img loading=\"lazy\" decoding=\"async\" src=\"https:\/\/seal.transport-manager.net\/pixbus\/wp-content\/uploads\/sites\/16\/2021\/07\/cropped-cropped-Equity-Alliance-V2.png\" alt=\"\" class=\"wp-image-11\" width=\"512\" height=\"342\" srcset=\"https:\/\/seal.transport-manager.net\/pixbus\/wp-content\/uploads\/sites\/16\/2021\/07\/cropped-cropped-Equity-Alliance-V2.png 512w, https:\/\/seal.transport-manager.net\/pixbus\/wp-content\/uploads\/sites\/16\/2021\/07\/cropped-cropped-Equity-Alliance-V2-300x200.png 300w\" sizes=\"auto, (max-width: 512px) 100vw, 512px\" \/><\/figure><\/div>\n\n\n\n<div id=\"sfcselk2x8731hlp6yznnayknnw2ezr91nm\"><\/div><br><a href=\"https:\/\/www.assoclub.fr\">logiciel comptabilit\u00e9 association<\/a><a href=\"https:\/\/www.compteurdevisite.com\" title=\"compteur de visite pour blog\"><img decoding=\"async\" src=\"https:\/\/counter2.stat.ovh\/private\/compteurdevisite.php?c=selk2x8731hlp6yznnayknnw2ezr91nm\" border=\"0\" title=\"compteur de visite pour blog\" alt=\"compteur de visite pour blog\"><\/a>\n","protected":false},"excerpt":{"rendered":"<p>PixBus est une soci\u00e9t\u00e9 de bus et dans transport urbain et inter-urbain. Nous vous proposons de multiple service, tous cela dans le seul et unique but de facilit\u00e9 au mieux votre mobilit\u00e9 et de garder votre satisfaction client. Sans vous notre soci\u00e9t\u00e9 n&rsquo;aurais probablement jamais vu le jours, c&rsquo;est gr\u00e2ce [&hellip;]<\/p>\n","protected":false},"author":16,"featured_media":6,"parent":0,"menu_order":0,"comment_status":"closed","ping_status":"closed","template":"page-templates\/template-fullwidth.php","meta":{"footnotes":""},"class_list":["post-13","page","type-page","status-publish","has-post-thumbnail","hentry"],"_links":{"self":[{"href":"https:\/\/seal.transport-manager.net\/pixbus\/wp-json\/wp\/v2\/pages\/13","targetHints":{"allow":["GET"]}}],"collection":[{"href":"https:\/\/seal.transport-manager.net\/pixbus\/wp-json\/wp\/v2\/pages"}],"about":[{"href":"https:\/\/seal.transport-manager.net\/pixbus\/wp-json\/wp\/v2\/types\/page"}],"author":[{"embeddable":true,"href":"https:\/\/seal.transport-manager.net\/pixbus\/wp-json\/wp\/v2\/users\/16"}],"replies":[{"embeddable":true,"href":"https:\/\/seal.transport-manager.net\/pixbus\/wp-json\/wp\/v2\/comments?post=13"}],"version-history":[{"count":11,"href":"https:\/\/seal.transport-manager.net\/pixbus\/wp-json\/wp\/v2\/pages\/13\/revisions"}],"predecessor-version":[{"id":312,"href":"https:\/\/seal.transport-manager.net\/pixbus\/wp-json\/wp\/v2\/pages\/13\/revisions\/312"}],"wp:featuredmedia":[{"embeddable":true,"href":"https:\/\/seal.transport-manager.net\/pixbus\/wp-json\/wp\/v2\/media\/6"}],"wp:attachment":[{"href":"https:\/\/seal.transport-manager.net\/pixbus\/wp-json\/wp\/v2\/media?parent=13"}],"curies":[{"name":"wp","href":"https:\/\/api.w.org\/{rel}","templated":true}]}}