{"id":14,"date":"2021-07-20T01:39:29","date_gmt":"2021-07-19T23:39:29","guid":{"rendered":"https:\/\/seal.transport-manager.net\/pixbus\/?page_id=14"},"modified":"2022-02-27T00:52:08","modified_gmt":"2022-02-26T23:52:08","slug":"parc-de-bus","status":"publish","type":"page","link":"https:\/\/seal.transport-manager.net\/pixbus\/parc-de-bus\/","title":{"rendered":"Parc de bus"},"content":{"rendered":"\n<p>Notre Parc de bus est compos\u00e9 de pr\u00eat de 37 bus qui roule. Ces Bus peuvent \u00eatre soit de bus de Location que nous aurions pris aupr\u00e8s de nos concessionnaire partenaire, mais il peuvent aussi tr\u00e8s bien \u00eatre des bus nous appartenant compl\u00e8tement, enti\u00e8rement et pleinement. <\/p>\n\n\n\n<p>Ainsi, pour notre parc du bus, un r\u00e9flexe, une pens\u00e9e, quelque chose de simple : Cliquez sur le bouton pr\u00e9sent juste au dessous de notre message. Il vous redirigera directement vers notre parc complet de bus \ud83d\ude09<\/p>\n\n\n<style>\r\n\t.wpsm_tab_333 .wpsm_nav-tabs li a,\r\n\t.wpsm_tab_333 .wpsm_nav-tabs li a:hover,\r\n\t.wpsm_tab_333 .wpsm_nav-tabs li a:focus{\r\n\t\toutline: none;\r\n\t\ttext-decoration: none;\r\n\t}\r\n\t#wpsm_tab_container_333 a,\r\n\t#wpsm_tab_container_333 a:hover{\r\n\t\t-webkit-box-shadow:none;\r\n\t\tbox-shadow:none;\r\n\t}\r\n\t#wpsm_tab_container_333{\r\n\t\toverflow: hidden;\r\n\t\tdisplay: block;\r\n\t\twidth: 100%;\r\n\t\tborder: 0px solid #ddd;\r\n\t\tmargin-bottom: 30px;\r\n\t\tmargin-top:20px;\r\n\t}\r\n\t#wpsm_tab_container_333 ul{\r\n\t\tpadding:0;\r\n\t\tmargin:0;\r\n\t}\r\n\t.wpsm_tab_333 .wpsm_nav-tabs li{\r\n\t\tmargin-left:0;\r\n\t}\r\n\t.wpsm_tab_333 .wpsm_nav-tabs li a i{\r\n\t\theight:auto;\r\n\t}\r\n\t#wpsm_tab_container_333 .wpsm_nav li .wpsm_tabs_img_icon,\r\n\t#wpsm_tab_container_333 .wpsm_nav li .wpsm-icons{\r\n\t\tvertical-align:middle;\r\n\t}\r\n\t@media only screen and (max-width: 600px) {\r\n\t\t.wpsm_tab_333 .wpsm_nav-tabs li{\r\n\t\t\tfloat:none;\r\n\t\t}\r\n\t\t\r\n\t}\r\n\t\t\t@media only screen and (min-width: 601px) \r\n\t\t{\r\n\t\t\t\t\t\t\t#wpsm_tab_container_333 .wpsm_tab_333 .wpsm_nav-tabs li\r\n\t\t\t\t{\r\n\t\t\t\tfloat:left;\r\n\t\t\t\t}\r\n\t\t\t\t\t}\r\n\t\t\r\n\t\t\t#wpsm_tab_container_333 .wpsm_nav li .wpsm_tabs_img_icon{\r\n\t\tbox-shadow:none;\r\n\t\t-webkit-box-shadow:none;\r\n\t\t\t\t\twidth:19px;\r\n\t\t\theight:19px;\r\n\t\t\t}\r\n\t\r\n\t#wpsm_tab_container_333 .wpsm_tab_333 .wpsm_nav-tabs li a\r\n\t{\r\n\t\t\t\t\t\tbackground-image: none !important;\r\n\t\t\t\t}\r\n\t\r\n\t\t.wpsm_tab_333 .wpsm_nav-tabs li a i,\r\n\t.wpsm_tab_333 .wpsm_nav-tabs li a img\r\n\t{\t\r\n\t\t\t\r\n\t\t\tdisplay:inline;\r\n\t\t\tmargin:0 8px 0 0;\r\n\t\t\t\t}\r\n\t<\/style><style>\r\n\/*design 5*\/\r\n\t\t\t.wpsm_tab_333 .wpsm_nav-tabs li:first-child a\r\n\t\t\t{\r\n\t\t\t\tborder-bottom-left-radius:20px;\r\n\t\t\t}\r\n\t\t\t\r\n.wpsm_tab_333 .wpsm_nav-tabs{\r\n    border-bottom:0 none;\r\n    background: #efefef;\r\n    border-radius: 0 20px 0 20px;\r\n\tmargin:0 !important;\r\n\tpadding:0 !important;\r\n}\r\n.wpsm_tab_333 .wpsm_nav-tabs li{\r\n\t\tmargin-bottom:0;\r\n\t}\r\n.wpsm_tab_333 .wpsm_nav-tabs li a{\r\n    background: transparent !important;\r\n    border-radius: 0;\r\n    font-size: 19px;\r\n    border: none;\r\n    color: #0f0f0f;\r\n    padding: 12px 22px;\r\n\tfont-weight:100;\r\n\tfont-family:Arial;\r\n\ttext-align:center;\r\n}\r\n.wpsm_tab_333 .wpsm_nav-tabs li a i{\r\n    \/* margin-right:10px; *\/\r\n    color:#0f0f0f;\r\n\tfont-size: 19px;\r\n}\r\n\r\n.wpsm_tab_333 .wpsm_nav-tabs li.active a{\r\n    border: 0 none;\r\n    background:#1e73be  !important;\r\n    color:#ffffff  !important;\r\n}\r\n.wpsm_tab_333 .wpsm_nav-tabs li.active a i{\r\n    color:#ffffff  !important;\r\n}\r\n.wpsm_tab_333 .wpsm_nav-tabs li.active a:after{\r\n    content: \"\";\r\n    position: absolute;\r\n    left: 0;\r\n\t right:0;\r\n\tmargin:auto;\r\n\twidth:0px; \r\n    bottom: -14px;\r\n    border: 7px solid transparent;\r\n    border-top: 7px solid #1e73be !important;\r\n}\r\n.wpsm_tab_333 .wpsm_tab_content{\r\n    padding:12px;\r\n    color:#000000;\r\n    font-size: 19px;\r\n    line-height:1.6;\r\n    margin-top: 25px;\r\n    border-bottom:19px solid #eaeaea;\r\n\tfont-family:Arial;\r\n}\r\n.wpsm_tab_333 .wpsm_tab_content .tab-pane p{\r\n\tcolor:#000000;\r\n    font-size: 19px;\r\n\tfont-family:Arial;\r\n\tbackground:none;\r\n    border:none;\r\n\tline-height:1.6;\r\n\tpadding:0;\r\n\ttext-align:left;\r\n}\r\n@media only screen and (max-width: 600px) {\r\n    .wpsm_tab_333 .wpsm_nav-tabs,\r\n    .wpsm_tab_333 .wpsm_nav-tabs li{\r\n        width:100%;\r\n        background:transparent;\r\n    }\r\n\t.wpsm_tab_333 .wpsm_nav-tabs li:first-child a,\r\n\t.wpsm_tab_333 .wpsm_nav-tabs li:last-child a\r\n\t{\r\n\t\tborder-bottom-left-radius:0px;\r\n\t\tborder-top-right-radius:0px;\r\n\t}\r\n\t\r\n    .wpsm_tab_333 .wpsm_nav-tabs li.active a{\r\n        border-radius:7px 7px 0 0;\r\n    }\r\n    \r\n    .wpsm_tab_333 .wpsm_nav-tabs li a{\r\n        margin-bottom:8px;\r\n        \r\n\t\tbackground: #efefef !important;\r\n    }\r\n\t.wpsm_tab_333 .wpsm_nav-tabs li.active a:after{\r\n\t\twidth:0;\r\n\t}\r\n    .wpsm_tab_333 .wpsm_nav-tabs li.active a:after{\r\n        border:none;\r\n    }\r\n}\r\n<\/style><div id=\"wpsm_tab_container_333\">\r\n\t<div class=\"wpsm_tab_333\"  role=\"tabpanel\">\r\n\t\t\r\n\t\t<!-- wpshopmart tabs pro menu -->\r\n\t\t<ul class=\"wpsm_nav wpsm_nav-tabs\" role=\"tablist\" id=\"myTab_333\">\r\n\t\t\t                 \r\n\t\t\t\t<li role=\"presentation\" class=\"active\">\r\n\t\t\t\t\t<a href=\"#tabs_desc_333_1\" aria-controls=\"home\" role=\"tab\" data-toggle=\"tab\"  style=\"\">\r\n\t\t\t\t\t\t<i class=\"fa fa-bus wpsm-icons\"   ><\/i>Minibus\t\t\t\t\t<\/a>\r\n\t\t\t\t<\/li>\r\n\t\t\t\t                 \r\n\t\t\t\t<li role=\"presentation\" class=\"\">\r\n\t\t\t\t\t<a href=\"#tabs_desc_333_2\" aria-controls=\"home\" role=\"tab\" data-toggle=\"tab\"  style=\"\">\r\n\t\t\t\t\t\t<i class=\"fa fa-bus wpsm-icons\"   ><\/i>Articul\u00e9\t\t\t\t\t<\/a>\r\n\t\t\t\t<\/li>\r\n\t\t\t\t                 \r\n\t\t\t\t<li role=\"presentation\" class=\"\">\r\n\t\t\t\t\t<a href=\"#tabs_desc_333_3\" aria-controls=\"home\" role=\"tab\" data-toggle=\"tab\"  style=\"\">\r\n\t\t\t\t\t\t<i class=\"fa fa-bus wpsm-icons\"   ><\/i>Standard\t\t\t\t\t<\/a>\r\n\t\t\t\t<\/li>\r\n\t\t\t\t                 \r\n\t\t\t\t<li role=\"presentation\" class=\"\">\r\n\t\t\t\t\t<a href=\"#tabs_desc_333_4\" aria-controls=\"home\" role=\"tab\" data-toggle=\"tab\"  style=\"\">\r\n\t\t\t\t\t\t<i class=\"fa fa-bus wpsm-icons\"   ><\/i>Midibus\t\t\t\t\t<\/a>\r\n\t\t\t\t<\/li>\r\n\t\t\t\t  \r\n\t\t<\/ul>\r\n\t\t\r\n\t\t<!-- wpshopmart tabs pro Menu Content -->\r\n\t\t<div class=\"wpsm_tab_content tabs\">\r\n\t\t\t \r\n\t\t\t\t<div role=\"tabpanel\" class=\"tab-pane animated fadeIn in active \" id=\"tabs_desc_333_1\">\r\n\t\t\t\t\t<h3>La Gamme de MiniBus<\/h3>\r\n<p><img loading=\"lazy\" decoding=\"async\" src=\"https:\/\/seal.transport-manager.net\/pixbus\/wp-content\/uploads\/sites\/16\/2022\/02\/IVECO_cytios4-300x200.jpeg\" alt=\"Cytios\" width=\"300\" height=\"200\" class=\"size-medium wp-image-334 alignleft\" srcset=\"https:\/\/seal.transport-manager.net\/pixbus\/wp-content\/uploads\/sites\/16\/2022\/02\/IVECO_cytios4-300x200.jpeg 300w, https:\/\/seal.transport-manager.net\/pixbus\/wp-content\/uploads\/sites\/16\/2022\/02\/IVECO_cytios4-360x240.jpeg 360w, https:\/\/seal.transport-manager.net\/pixbus\/wp-content\/uploads\/sites\/16\/2022\/02\/IVECO_cytios4.jpeg 450w\" sizes=\"auto, (max-width: 300px) 100vw, 300px\" \/><\/p>\r\n<p><span>Un <\/span><b>minibus<\/b><span> est un v\u00e9hicule de <\/span><a href=\"https:\/\/fr.wikipedia.org\/wiki\/Transport_de_personnes\" class=\"mw-redirect\" title=\"Transport de personnes\">transport de personnes<\/a><span> qui est techniquement, une version plus petite et avec moins de capacit\u00e9 d'accueil de passagers, de l'<\/span><a href=\"https:\/\/fr.wikipedia.org\/wiki\/Autocar\" title=\"Autocar\">autocar<\/a><span> ou de l'<\/span><a href=\"https:\/\/fr.wikipedia.org\/wiki\/Autobus\" title=\"Autobus\">autobus<\/a><span>. Un <b>minibus<\/b>, <b>un microbus<\/b>, <b>un mini-autocar <\/b>ou un <b>navetteur <\/b>(au <a href=\"https:\/\/en.wikipedia.org\/wiki\/Zimbabwe\" title=\"Zimbabwe\">Zimbabwe<\/a>) est un <a href=\"https:\/\/en.wikipedia.org\/wiki\/Motor_vehicle\" title=\"V\u00e9hicule \u00e0 moteur\">v\u00e9hicule automobile <\/a>\u00e0 passagers con\u00e7u pour transporter plus de personnes qu'un <a href=\"https:\/\/en.wikipedia.org\/wiki\/Minivan\" title=\"Minifourgonnette\">v\u00e9hicule polyvalent ou une minifourgonnette<\/a>, mais moins de personnes qu'un <a href=\"https:\/\/en.wikipedia.org\/wiki\/Bus\" title=\"Bus\">autobus pleine grandeur<\/a>. Au Royaume<a href=\"https:\/\/en.wikipedia.org\/wiki\/United_Kingdom\" title=\"Royaume-Uni\">-Uni<\/a>, le mot \"minibus\" est utilis\u00e9 pour d\u00e9crire toute <a href=\"https:\/\/en.wikipedia.org\/wiki\/Van\" title=\"Van\">camionnette <\/a>ou <a href=\"https:\/\/en.wikipedia.org\/wiki\/Panel_truck\" title=\"Camion \u00e0 panneaux\">camion <\/a>\u00e0 <a href=\"https:\/\/en.wikipedia.org\/wiki\/Panel_truck\" title=\"Camion \u00e0 panneaux\">panneaux <\/a>grandeur nature. Les minibus ont une <a href=\"https:\/\/en.wikipedia.org\/wiki\/Seating_capacity\" title=\"Capacit\u00e9 d'accueil\">capacit\u00e9 <\/a>de 12 \u00e0 30 places assises. Les minibus plus grands peuvent \u00eatre appel\u00e9s <a href=\"https:\/\/en.wikipedia.org\/wiki\/Midibus\" title=\"Midibus\">midibus<\/a>. Les minibus sont g\u00e9n\u00e9ralement des marchepieds de moteur avant dans les v\u00e9hicules, bien qu'il existe des minibus <a href=\"https:\/\/en.wikipedia.org\/wiki\/Low_floor\" class=\"mw-redirect\" title=\"\u00c9tage bas\">\u00e0 plancher bas <\/a>et soient particuli\u00e8rement courants au Japon. Les minibus sont utilis\u00e9s pour diverses raisons. Dans un r\u00f4le <a href=\"https:\/\/en.wikipedia.org\/wiki\/Public_transport\" title=\"Transports en commun\">de transport public<\/a>, ils peuvent \u00eatre utilis\u00e9s comme <a href=\"https:\/\/en.wikipedia.org\/wiki\/Transit_bus\" title=\"Bus de transport en commun\">autobus de transport en commun <\/a>\u00e0 itin\u00e9raire fixe, autobus <a href=\"https:\/\/en.wikipedia.org\/wiki\/Airport_bus\" title=\"Bus de l'a\u00e9roport\">a\u00e9roportuaires<\/a>, v\u00e9hicules <a href=\"https:\/\/en.wikipedia.org\/wiki\/Demand_responsive_transport\" class=\"mw-redirect\" title=\"Transport r\u00e9actif \u00e0 la demande\">de transport <\/a>flexibles <a href=\"https:\/\/en.wikipedia.org\/wiki\/Demand_responsive_transport\" class=\"mw-redirect\" title=\"Transport r\u00e9actif \u00e0 la demande\">adapt\u00e9s \u00e0 la demande<\/a>, <a href=\"https:\/\/en.wikipedia.org\/wiki\/Share_taxis\" class=\"mw-redirect\" title=\"Partager des taxis\">taxis partag\u00e9s <\/a>ou grands <a href=\"https:\/\/en.wikipedia.org\/wiki\/Taxicab\" class=\"mw-redirect\" title=\"Taxicab\">taxis<\/a>. Les minibus accessibles peuvent \u00e9galement \u00eatre utilis\u00e9s pour les services de <a href=\"https:\/\/en.wikipedia.org\/wiki\/Paratransit\" title=\"Transport adapt\u00e9\">transport adapt\u00e9 <\/a>par les autorit\u00e9s locales, les op\u00e9rateurs de transport en commun, les h\u00f4pitaux ou les organisations caritatives.<\/span><\/p>\t\t\t\t<\/div>\r\n\t\t\t\t\r\n\t\t\t\t \r\n\t\t\t\t<div role=\"tabpanel\" class=\"tab-pane animated fadeIn\" id=\"tabs_desc_333_2\">\r\n\t\t\t\t\t<h3>La Gamme de Bus Articul\u00e9s<\/h3>\r\n<p><img loading=\"lazy\" decoding=\"async\" src=\"https:\/\/seal.transport-manager.net\/pixbus\/wp-content\/uploads\/sites\/16\/2022\/02\/SCANIA-citywidelf18-300x200.jpeg\" alt=\"\" width=\"300\" height=\"200\" class=\"size-medium wp-image-343 alignleft\" srcset=\"https:\/\/seal.transport-manager.net\/pixbus\/wp-content\/uploads\/sites\/16\/2022\/02\/SCANIA-citywidelf18-300x200.jpeg 300w, https:\/\/seal.transport-manager.net\/pixbus\/wp-content\/uploads\/sites\/16\/2022\/02\/SCANIA-citywidelf18-360x240.jpeg 360w, https:\/\/seal.transport-manager.net\/pixbus\/wp-content\/uploads\/sites\/16\/2022\/02\/SCANIA-citywidelf18.jpeg 450w\" sizes=\"auto, (max-width: 300px) 100vw, 300px\" \/><\/p>\r\n<p><span>Un<\/span><span class=\"Apple-converted-space\">\u00a0<\/span><b>autobus articul\u00e9<\/b><span class=\"Apple-converted-space\">\u00a0<\/span><span>(\u00e9galement appel\u00e9<\/span><span class=\"Apple-converted-space\">\u00a0<\/span><b>bus accord\u00e9on<\/b><span>) est un<\/span><span class=\"Apple-converted-space\">\u00a0<\/span><a href=\"https:\/\/fr.wikipedia.org\/wiki\/Autobus\" title=\"Autobus\">autobus<\/a><span class=\"Apple-converted-space\">\u00a0<\/span><span>constitu\u00e9 d'une ou plusieurs parties rigides reli\u00e9es entre elles par un axe de pivotement. Cette disposition permet une plus grande capacit\u00e9 qu'un bus standard. G\u00e9n\u00e9ralement de conception \u00e0 un \u00e9tage, sa longueur varie de 17 \u00e0 24,50 m\u00e8tres en fonction du nombre de parties suppl\u00e9mentaires.\u00a0<\/span>Pour augmenter la capacit\u00e9 des autobus, on peut les \u00e9tendre en longueur et\/ou en hauteur. En hauteur, les bus \u00e0 \u00e9tage se r\u00e9v\u00e8lent assez peu adapt\u00e9s au service urbain, ils sont en revanche appr\u00e9ci\u00e9s comme <a href=\"https:\/\/www.transbus.org\/dossiers\/bustouristiques.html\">bus touristiques<\/a>. Le code de la route autorise pour un autobus rigide jusqu'\u00e0 15 m\u00e8tres de longueur (avec 3 essieux). Mais cette dimension pose des probl\u00e8mes d'insertion dans les centres-villes en raison de l'empattement tr\u00e8s important.\u00a0L'autobus articul\u00e9 est la solution \u00e0 ces difficult\u00e9s. Il peut mesurer jusqu'\u00e0 18,75\u00a0m\u00e8tres et son articulation lui permet de circuler presque aussi facilement qu'un autobus standard.\u00a0<span>La plupart de ces bus mesurent 18 m\u00e8tres de long. Ils peuvent transporter plus de 150 passagers dont 35 \u00e0 50 assis. Ils sont \u00e9quip\u00e9s de 3 ou 4 portes d'acc\u00e8s. Les bus articul\u00e9s les plus longs sont les MAN Lion's City GL qui circulent sur la <\/span><a href=\"https:\/\/www.transbus.org\/photos\/lionscitygl_ratp4966.html\">ligne RATP Roissybus<\/a><span> (18,75\u00a0m).<\/span><\/p>\t\t\t\t<\/div>\r\n\t\t\t\t\r\n\t\t\t\t \r\n\t\t\t\t<div role=\"tabpanel\" class=\"tab-pane animated fadeIn\" id=\"tabs_desc_333_3\">\r\n\t\t\t\t\t<h3>La Gamme de Bus Standard<\/h3>\r\n<p><img loading=\"lazy\" decoding=\"async\" src=\"https:\/\/seal.transport-manager.net\/pixbus\/wp-content\/uploads\/sites\/16\/2022\/02\/MAN-lionscityC-300x200.jpeg\" alt=\"Bus Standard\" width=\"300\" height=\"200\" class=\"size-medium wp-image-339 alignright\" srcset=\"https:\/\/seal.transport-manager.net\/pixbus\/wp-content\/uploads\/sites\/16\/2022\/02\/MAN-lionscityC-300x200.jpeg 300w, https:\/\/seal.transport-manager.net\/pixbus\/wp-content\/uploads\/sites\/16\/2022\/02\/MAN-lionscityC-360x240.jpeg 360w, https:\/\/seal.transport-manager.net\/pixbus\/wp-content\/uploads\/sites\/16\/2022\/02\/MAN-lionscityC.jpeg 450w\" sizes=\"auto, (max-width: 300px) 100vw, 300px\" \/><\/p>\r\n<p><span>Un <\/span><b>bus <\/b><span>(contract\u00e9 \u00e0 partir d'omnibus<\/span><sup id=\"cite_ref-EB1911_1-0\" class=\"reference\"><\/sup><span>, <\/span><span>avec des variantes <\/span><b>multibus<\/b><span>, <\/span><b>bus \u00e0 moteur<\/b><span>, <\/span><b>autobus<\/b><span>, etc.) est un <\/span><a href=\"https:\/\/en.wikipedia.org\/wiki\/Road_vehicle\" class=\"mw-redirect\" title=\"V\u00e9hicule routier\">v\u00e9hicule routier <\/a><a href=\"https:\/\/en.wikipedia.org\/wiki\/Public_transport\" title=\"Transports en commun\">de transport public <\/a><span>con\u00e7u pour transporter beaucoup plus de <\/span><a href=\"https:\/\/en.wikipedia.org\/wiki\/Passenger\" title=\"Passager\">passagers <\/a><span>que les <\/span><a href=\"https:\/\/en.wikipedia.org\/wiki\/Car\" title=\"Voiture\">voitures <\/a><span>ou <\/span><a href=\"https:\/\/en.wikipedia.org\/wiki\/Van\" title=\"Van\">camionnettes <\/a><span>moyennes<\/span><span>. Les bus peuvent avoir une capacit\u00e9 allant jusqu'\u00e0 300 passagers<\/span><sup id=\"cite_ref-Jongo_News_2-0\" class=\"reference\"><\/sup><span>, <\/span><span>bien que l'autobus moyen transporte g\u00e9n\u00e9ralement entre 30 et 100. Le type le plus courant est l'autobus<\/span><a href=\"https:\/\/en.wikipedia.org\/wiki\/Rigid_bus\" title=\"Bus rigide\"> rigide <\/a><a href=\"https:\/\/en.wikipedia.org\/wiki\/Single-deck_bus\" title=\"Bus \u00e0 un \u00e9tage\">\u00e0 un \u00e9tage<\/a><span>, avec des charges plus importantes pour les <\/span><a href=\"https:\/\/en.wikipedia.org\/wiki\/Articulated_bus\" title=\"Bus articul\u00e9\">autobus <\/a><a href=\"https:\/\/en.wikipedia.org\/wiki\/Double-decker_bus\" title=\"Bus \u00e0 deux \u00e9tages\">\u00e0 deux \u00e9tages <\/a><span>et <\/span><a href=\"https:\/\/en.wikipedia.org\/wiki\/Articulated_bus\" title=\"Bus articul\u00e9\">articul\u00e9s<\/a><span>, et des charges plus petites pour les <\/span><a href=\"https:\/\/en.wikipedia.org\/wiki\/Midibus\" title=\"Midibus\">bus midi <\/a><span>et <\/span><a href=\"https:\/\/en.wikipedia.org\/wiki\/Midibus\" title=\"Midibus\">les <\/a><a href=\"https:\/\/en.wikipedia.org\/wiki\/Minibus\" title=\"Minibus\">minibus<\/a><span>, tandis que <\/span><a href=\"https:\/\/en.wikipedia.org\/wiki\/Coach_(vehicle)\" class=\"mw-redirect\" title=\"Coach (v\u00e9hicule)\">les autocars<\/a><a href=\"https:\/\/en.wikipedia.org\/wiki\/Minibus\" title=\"Minibus\"> <\/a><span>sont utilis\u00e9s pour les services sur de plus longue distance. De nombreux types d'autobus, tels que les autobus de transport en commun urbains et les autocars interurbains, facturent un tarif. D'autres types, tels que <\/span><a href=\"https:\/\/en.wikipedia.org\/wiki\/School_bus\" title=\"Autobus scolaire\">les autobus scolaires <\/a><span>primaires ou secondaires <\/span><span>ou <\/span><a href=\"https:\/\/en.wikipedia.org\/wiki\/Shuttle_bus\" class=\"mw-redirect\" title=\"Navette\">les navettes <\/a><span>dans un campus d'enseignement postsecondaire, ne facturent pas de tarif. Dans de nombreuses juridictions, <\/span><a href=\"https:\/\/en.wikipedia.org\/wiki\/Bus_driver\" title=\"Chauffeur d'autobus\">les conducteurs d'autobus <\/a><span>exigent un <\/span><a href=\"https:\/\/en.wikipedia.org\/wiki\/Commercial_driver%27s_license\" title=\"Permis de conduire commercial\">permis <\/a><span>sp\u00e9cial de <\/span><a href=\"https:\/\/en.wikipedia.org\/wiki\/Commercial_driver%27s_license\" title=\"Permis de conduire commercial\">grand v\u00e9hicule <\/a><span>en plus d'un <\/span><a href=\"https:\/\/en.wikipedia.org\/wiki\/Driving_licence\" class=\"mw-redirect\" title=\"Permis de conduire\">permis de conduire <\/a><span>r\u00e9gulier<\/span><span>.<\/span><\/p>\t\t\t\t<\/div>\r\n\t\t\t\t\r\n\t\t\t\t \r\n\t\t\t\t<div role=\"tabpanel\" class=\"tab-pane animated fadeIn\" id=\"tabs_desc_333_4\">\r\n\t\t\t\t\t<h3>La Gamme de MidiBus<\/h3>\r\n<p><img loading=\"lazy\" decoding=\"async\" src=\"https:\/\/seal.transport-manager.net\/pixbus\/wp-content\/uploads\/sites\/16\/2022\/02\/VOLVO-7900Hybrid10m-300x200.jpeg\" alt=\"\" width=\"300\" height=\"200\" class=\"size-medium wp-image-337 alignright\" srcset=\"https:\/\/seal.transport-manager.net\/pixbus\/wp-content\/uploads\/sites\/16\/2022\/02\/VOLVO-7900Hybrid10m-300x200.jpeg 300w, https:\/\/seal.transport-manager.net\/pixbus\/wp-content\/uploads\/sites\/16\/2022\/02\/VOLVO-7900Hybrid10m-360x240.jpeg 360w, https:\/\/seal.transport-manager.net\/pixbus\/wp-content\/uploads\/sites\/16\/2022\/02\/VOLVO-7900Hybrid10m.jpeg 450w\" sizes=\"auto, (max-width: 300px) 100vw, 300px\" \/><\/p>\r\n<p>Un <b>midibus<\/b> est un type d'<a href=\"https:\/\/fr.wikipedia.org\/wiki\/Autobus\" title=\"Autobus\">autobus<\/a>, g\u00e9n\u00e9ralement plus grand qu'un <a href=\"https:\/\/fr.wikipedia.org\/wiki\/Minibus\" title=\"Minibus\">minibus<\/a>, dont la longueur est comprise entre <span class=\"nowrap\"><span title=\"\">8<\/span> et <span title=\"\">11<\/span>\u00a0<span title=\"\">m\u00e8tres<\/span><\/span>.\u00a0Dans certains pays, le Midibus permet d'avoir plus de passagers car il est l\u00e9gal d'avoir des passagers debout lors des trajets (contrairement au Minibus), ces passagers debout se tenant pour leur s\u00e9curit\u00e9 \u00e0 une poign\u00e9e fix\u00e9e \u00e0 un poteau.\u00a0Un <b>midibus <\/b>est une classification de <a href=\"https:\/\/en.wikipedia.org\/wiki\/Minibus\" title=\"Minibus\">minibus <\/a><a href=\"https:\/\/en.wikipedia.org\/wiki\/Single-decker_bus\" class=\"mw-redirect\" title=\"Bus \u00e0 un \u00e9tage\">\u00e0 un \u00e9tage <\/a>qui sont g\u00e9n\u00e9ralement plus grands qu'un minibus traditionnel, mais plus petits qu'un monocoineur pleine grandeur et peuvent mesurer entre 8 m\u00e8tres (26 pieds 3 po) et 11 m\u00e8tres (36 pi 1 po) de long. Bien qu'utilis\u00e9 dans de nombreuses r\u00e9gions du monde, le midibus est peut-\u00eatre plus courant au <a href=\"https:\/\/en.wikipedia.org\/wiki\/United_Kingdom\" title=\"Royaume-Uni\">Royaume-Uni<\/a>, o\u00f9 les op\u00e9rateurs les ont trouv\u00e9s plus <a href=\"https:\/\/en.wikipedia.org\/wiki\/Economics\" title=\"\u00c9conomie\">\u00e9conomiques <\/a>et pour avoir un nombre suffisant de si\u00e8ges par rapport aux autobus \u00e0 un seul \u00e9tage pleine grandeur.\u00a0Les Midibus sont souvent <a href=\"https:\/\/en.wikipedia.org\/wiki\/Automotive_design\" title=\"Design automobile\">con\u00e7us <\/a>pour \u00eatre l\u00e9gers afin d'\u00e9conomiser <a href=\"https:\/\/en.wikipedia.org\/wiki\/Diesel_fuel\" title=\"Carburant diesel\">du carburant diesel <\/a>(par exemple, des roues plus petites que sur les grands autobus), ce qui les rend moins durables que les autobus \"pleine grandeur\" plus lourds. Certains midibus, tels que le <a href=\"https:\/\/en.wikipedia.org\/wiki\/Scania_OmniTown\" class=\"mw-redirect\" title=\"Scania OmniTown\">Scania OmniTown<\/a>, sont plus lourds et donc plus durables. Dans certains endroits comme Hong Kong, certaines lignes de bus doivent \u00eatre desservies par des midibus en raison des routes sinueuses le long de ces routes.<\/p>\t\t\t\t<\/div>\r\n\t\t\t\t\r\n\t\t\t\t  \r\n\t\t<\/div>\r\n\t\t\r\n\t<\/div> \r\n<\/div>\r\n\r\n\n\n\n\n<div class=\"wp-block-buttons is-horizontal is-content-justification-center is-layout-flex wp-container-core-buttons-is-layout-03627597 wp-block-buttons-is-layout-flex\">\n<div class=\"wp-block-button is-style-fill\"><a class=\"wp-block-button__link has-white-color has-electric-grass-gradient-background has-text-color has-background\" href=\"https:\/\/docs.google.com\/spreadsheets\/d\/1tMy91hEvEeQvUnJuZTTjy1RqVTD_489nzU_PPxIIjJs\/edit?usp=sharing\" target=\"_blank\" rel=\"noreferrer noopener\">Notre Parc de Bus<\/a><\/div>\n<\/div>\n\n\n\n<hr class=\"wp-block-separator is-style-default\" \/>\n\n\n\n<div class=\"wp-block-image\"><figure class=\"aligncenter size-large\"><img loading=\"lazy\" decoding=\"async\" width=\"1024\" height=\"662\" src=\"https:\/\/seal.transport-manager.net\/pixbus\/wp-content\/uploads\/sites\/16\/2021\/07\/DEPOT-PIXBUS-1024x662.jpg\" alt=\"\" class=\"wp-image-144\" srcset=\"https:\/\/seal.transport-manager.net\/pixbus\/wp-content\/uploads\/sites\/16\/2021\/07\/DEPOT-PIXBUS-1024x662.jpg 1024w, https:\/\/seal.transport-manager.net\/pixbus\/wp-content\/uploads\/sites\/16\/2021\/07\/DEPOT-PIXBUS-300x194.jpg 300w, https:\/\/seal.transport-manager.net\/pixbus\/wp-content\/uploads\/sites\/16\/2021\/07\/DEPOT-PIXBUS-768x497.jpg 768w, https:\/\/seal.transport-manager.net\/pixbus\/wp-content\/uploads\/sites\/16\/2021\/07\/DEPOT-PIXBUS-1536x994.jpg 1536w, https:\/\/seal.transport-manager.net\/pixbus\/wp-content\/uploads\/sites\/16\/2021\/07\/DEPOT-PIXBUS.jpg 1600w\" sizes=\"auto, (max-width: 1024px) 100vw, 1024px\" \/><\/figure><\/div>\n","protected":false},"excerpt":{"rendered":"<p>Notre Parc de bus est compos\u00e9 de pr\u00eat de 37 bus qui roule. Ces Bus peuvent \u00eatre soit de bus de Location que nous aurions pris aupr\u00e8s de nos concessionnaire partenaire, mais il peuvent aussi tr\u00e8s bien \u00eatre des bus nous appartenant compl\u00e8tement, enti\u00e8rement et pleinement. Ainsi, pour notre parc [&hellip;]<\/p>\n","protected":false},"author":16,"featured_media":0,"parent":0,"menu_order":0,"comment_status":"closed","ping_status":"closed","template":"page-templates\/template-fullwidth.php","meta":{"footnotes":""},"class_list":["post-14","page","type-page","status-publish","hentry"],"_links":{"self":[{"href":"https:\/\/seal.transport-manager.net\/pixbus\/wp-json\/wp\/v2\/pages\/14","targetHints":{"allow":["GET"]}}],"collection":[{"href":"https:\/\/seal.transport-manager.net\/pixbus\/wp-json\/wp\/v2\/pages"}],"about":[{"href":"https:\/\/seal.transport-manager.net\/pixbus\/wp-json\/wp\/v2\/types\/page"}],"author":[{"embeddable":true,"href":"https:\/\/seal.transport-manager.net\/pixbus\/wp-json\/wp\/v2\/users\/16"}],"replies":[{"embeddable":true,"href":"https:\/\/seal.transport-manager.net\/pixbus\/wp-json\/wp\/v2\/comments?post=14"}],"version-history":[{"count":9,"href":"https:\/\/seal.transport-manager.net\/pixbus\/wp-json\/wp\/v2\/pages\/14\/revisions"}],"predecessor-version":[{"id":348,"href":"https:\/\/seal.transport-manager.net\/pixbus\/wp-json\/wp\/v2\/pages\/14\/revisions\/348"}],"wp:attachment":[{"href":"https:\/\/seal.transport-manager.net\/pixbus\/wp-json\/wp\/v2\/media?parent=14"}],"curies":[{"name":"wp","href":"https:\/\/api.w.org\/{rel}","templated":true}]}}