{"id":15,"date":"2021-07-20T01:39:29","date_gmt":"2021-07-19T23:39:29","guid":{"rendered":"https:\/\/seal.transport-manager.net\/pixbus\/?page_id=15"},"modified":"2022-06-22T08:29:36","modified_gmt":"2022-06-22T06:29:36","slug":"lignes-de-bus","status":"publish","type":"page","link":"https:\/\/seal.transport-manager.net\/pixbus\/lignes-de-bus\/","title":{"rendered":"Lignes de bus"},"content":{"rendered":"\n<h2 class=\"alignwide wp-block-heading\" id=\"plan-du-reseau\"><mark style=\"color:#ff7100\" class=\"has-inline-color\">Plan du r\u00e9seau : <\/mark><\/h2>\n\n\n\n<figure class=\"wp-block-image alignwide size-large\"><img loading=\"lazy\" decoding=\"async\" width=\"1024\" height=\"660\" src=\"https:\/\/seal.transport-manager.net\/pixbus\/wp-content\/uploads\/sites\/16\/2021\/10\/Plan_N1-2-1024x660.png\" alt=\"\" class=\"wp-image-289\" srcset=\"https:\/\/seal.transport-manager.net\/pixbus\/wp-content\/uploads\/sites\/16\/2021\/10\/Plan_N1-2-1024x660.png 1024w, https:\/\/seal.transport-manager.net\/pixbus\/wp-content\/uploads\/sites\/16\/2021\/10\/Plan_N1-2-300x193.png 300w, https:\/\/seal.transport-manager.net\/pixbus\/wp-content\/uploads\/sites\/16\/2021\/10\/Plan_N1-2-768x495.png 768w, https:\/\/seal.transport-manager.net\/pixbus\/wp-content\/uploads\/sites\/16\/2021\/10\/Plan_N1-2-1536x990.png 1536w, https:\/\/seal.transport-manager.net\/pixbus\/wp-content\/uploads\/sites\/16\/2021\/10\/Plan_N1-2-2048x1320.png 2048w\" sizes=\"auto, (max-width: 1024px) 100vw, 1024px\" \/><\/figure>\n\n\n\n<h2 class=\"alignwide wp-block-heading\" id=\"horaires-des-bus-lignes-principales\"><mark style=\"color:#ff7100\" class=\"has-inline-color\">Horaires des Bus : Lignes Principales<\/mark><\/h2>\n\n\n\n<figure class=\"wp-block-image alignwide size-large\"><img loading=\"lazy\" decoding=\"async\" width=\"1024\" height=\"303\" src=\"https:\/\/seal.transport-manager.net\/pixbus\/wp-content\/uploads\/sites\/16\/2021\/08\/N1_L1_trans1-1024x303.png\" alt=\"\" class=\"wp-image-188\" srcset=\"https:\/\/seal.transport-manager.net\/pixbus\/wp-content\/uploads\/sites\/16\/2021\/08\/N1_L1_trans1-1024x303.png 1024w, https:\/\/seal.transport-manager.net\/pixbus\/wp-content\/uploads\/sites\/16\/2021\/08\/N1_L1_trans1-300x89.png 300w, https:\/\/seal.transport-manager.net\/pixbus\/wp-content\/uploads\/sites\/16\/2021\/08\/N1_L1_trans1-768x227.png 768w, https:\/\/seal.transport-manager.net\/pixbus\/wp-content\/uploads\/sites\/16\/2021\/08\/N1_L1_trans1-1536x454.png 1536w, https:\/\/seal.transport-manager.net\/pixbus\/wp-content\/uploads\/sites\/16\/2021\/08\/N1_L1_trans1.png 1981w\" sizes=\"auto, (max-width: 1024px) 100vw, 1024px\" \/><\/figure>\n\n\n\n<ul class=\"wp-block-list\"><li>Heure Creuse : Un bus toutes les 24 minutes<\/li><li>Heure de Pointe : Un bus toutes les 24 minutes<\/li><li><span style=\"color:#ff0000\" class=\"has-inline-color\">Heure du Soir : Pas de Bus<\/span><\/li><li>Heure du Samedi : Un bus toutes les 24 minutes<\/li><li><span style=\"color:#ff0000\" class=\"has-inline-color\">Heure du Dimanche : Pas de Bus<\/span><\/li><\/ul>\n\n\n\n<figure class=\"wp-block-image alignwide size-large\"><img loading=\"lazy\" decoding=\"async\" width=\"1024\" height=\"303\" src=\"https:\/\/seal.transport-manager.net\/pixbus\/wp-content\/uploads\/sites\/16\/2021\/08\/N1_L2_trans1-1024x303.png\" alt=\"\" class=\"wp-image-189\" srcset=\"https:\/\/seal.transport-manager.net\/pixbus\/wp-content\/uploads\/sites\/16\/2021\/08\/N1_L2_trans1-1024x303.png 1024w, https:\/\/seal.transport-manager.net\/pixbus\/wp-content\/uploads\/sites\/16\/2021\/08\/N1_L2_trans1-300x89.png 300w, https:\/\/seal.transport-manager.net\/pixbus\/wp-content\/uploads\/sites\/16\/2021\/08\/N1_L2_trans1-768x227.png 768w, https:\/\/seal.transport-manager.net\/pixbus\/wp-content\/uploads\/sites\/16\/2021\/08\/N1_L2_trans1-1536x455.png 1536w, https:\/\/seal.transport-manager.net\/pixbus\/wp-content\/uploads\/sites\/16\/2021\/08\/N1_L2_trans1.png 1982w\" sizes=\"auto, (max-width: 1024px) 100vw, 1024px\" \/><\/figure>\n\n\n\n<ul class=\"wp-block-list\"><li>Heure Creuse : Un bus toutes les 13 minutes<\/li><li>Heure de Pointe : Un bus toutes les 10 minutes<\/li><li>Heure du Soir : Un bus toutes les 40 minutes<\/li><li>Heure du Samedi : Un bus toutes les 13 minutes<\/li><li>Heure du Dimanche : Un bus toutes les 40 minutes<\/li><\/ul>\n\n\n\n<figure class=\"wp-block-image alignwide size-large\"><img loading=\"lazy\" decoding=\"async\" width=\"1024\" height=\"300\" src=\"https:\/\/seal.transport-manager.net\/pixbus\/wp-content\/uploads\/sites\/16\/2021\/08\/N1_L3_trans1-1024x300.png\" alt=\"\" class=\"wp-image-191\" srcset=\"https:\/\/seal.transport-manager.net\/pixbus\/wp-content\/uploads\/sites\/16\/2021\/08\/N1_L3_trans1-1024x300.png 1024w, https:\/\/seal.transport-manager.net\/pixbus\/wp-content\/uploads\/sites\/16\/2021\/08\/N1_L3_trans1-300x88.png 300w, https:\/\/seal.transport-manager.net\/pixbus\/wp-content\/uploads\/sites\/16\/2021\/08\/N1_L3_trans1-768x225.png 768w, https:\/\/seal.transport-manager.net\/pixbus\/wp-content\/uploads\/sites\/16\/2021\/08\/N1_L3_trans1-1536x450.png 1536w, https:\/\/seal.transport-manager.net\/pixbus\/wp-content\/uploads\/sites\/16\/2021\/08\/N1_L3_trans1.png 2005w\" sizes=\"auto, (max-width: 1024px) 100vw, 1024px\" \/><\/figure>\n\n\n\n<ul class=\"wp-block-list\"><li>Heure Creuse : Un bus toutes les 32 minutes<\/li><li>Heure de Pointe : Un bus toutes les 16 minutes<\/li><li>Heure du Soir : Un bus toutes les 64 minutes<\/li><li>Heure du Samedi : Un bus toutes les 32 minutes<\/li><li>Heure du Dimanche : Un bus toutes les 32 minutes<\/li><\/ul>\n\n\n\n<figure class=\"wp-block-image alignwide size-large\"><img loading=\"lazy\" decoding=\"async\" width=\"1024\" height=\"301\" src=\"https:\/\/seal.transport-manager.net\/pixbus\/wp-content\/uploads\/sites\/16\/2021\/08\/N1_L4_trans1-1024x301.png\" alt=\"\" class=\"wp-image-192\" srcset=\"https:\/\/seal.transport-manager.net\/pixbus\/wp-content\/uploads\/sites\/16\/2021\/08\/N1_L4_trans1-1024x301.png 1024w, https:\/\/seal.transport-manager.net\/pixbus\/wp-content\/uploads\/sites\/16\/2021\/08\/N1_L4_trans1-300x88.png 300w, https:\/\/seal.transport-manager.net\/pixbus\/wp-content\/uploads\/sites\/16\/2021\/08\/N1_L4_trans1-768x226.png 768w, https:\/\/seal.transport-manager.net\/pixbus\/wp-content\/uploads\/sites\/16\/2021\/08\/N1_L4_trans1-1536x451.png 1536w, https:\/\/seal.transport-manager.net\/pixbus\/wp-content\/uploads\/sites\/16\/2021\/08\/N1_L4_trans1.png 1997w\" sizes=\"auto, (max-width: 1024px) 100vw, 1024px\" \/><\/figure>\n\n\n\n<ul class=\"wp-block-list\"><li>Heure Creuse : Un bus toutes les 28 minutes<\/li><li>Heure de Pointe : Un bus toutes les 19 minutes<\/li><li><span style=\"color:#ff0000\" class=\"has-inline-color\">Heure du Soir : Pas de Bus<\/span><\/li><li>Heure du Samedi : Un bus toutes les 19 minutes<\/li><li><span style=\"color:#ff0000\" class=\"has-inline-color\">Heure du Dimanche : Pas de Bus<\/span><\/li><\/ul>\n\n\n\n<h2 class=\"alignwide wp-block-heading\" id=\"horaire-des-bus-lignes-speciales\"><mark style=\"color:#ff7100\" class=\"has-inline-color\">Horaire des Bus : Lignes Sp\u00e9ciales<\/mark><\/h2>\n\n\n\n<h3 class=\"alignwide has-text-align-left wp-block-heading\" id=\"ligne-d-ete-804\"><strong><strong><em><mark style=\"background-color:#ffffff;color:#0170a0\" class=\"has-inline-color\">(LIGNE D&rsquo;\u00c9T\u00c9 &#8211; 804)<\/mark><\/em><\/strong><\/strong><\/h3>\n\n\n\n<figure class=\"wp-block-image alignwide size-large\"><img loading=\"lazy\" decoding=\"async\" width=\"1024\" height=\"303\" src=\"https:\/\/seal.transport-manager.net\/pixbus\/wp-content\/uploads\/sites\/16\/2021\/08\/N1_L804_trans1-1024x303.png\" alt=\"\" class=\"wp-image-194\" srcset=\"https:\/\/seal.transport-manager.net\/pixbus\/wp-content\/uploads\/sites\/16\/2021\/08\/N1_L804_trans1-1024x303.png 1024w, https:\/\/seal.transport-manager.net\/pixbus\/wp-content\/uploads\/sites\/16\/2021\/08\/N1_L804_trans1-300x89.png 300w, https:\/\/seal.transport-manager.net\/pixbus\/wp-content\/uploads\/sites\/16\/2021\/08\/N1_L804_trans1-768x227.png 768w, https:\/\/seal.transport-manager.net\/pixbus\/wp-content\/uploads\/sites\/16\/2021\/08\/N1_L804_trans1-1536x455.png 1536w, https:\/\/seal.transport-manager.net\/pixbus\/wp-content\/uploads\/sites\/16\/2021\/08\/N1_L804_trans1.png 1982w\" sizes=\"auto, (max-width: 1024px) 100vw, 1024px\" \/><\/figure>\n\n\n\n<ul class=\"wp-block-list\"><li>Heure Creuse : Un bus toutes les 40 minutes<\/li><li>Heure de Pointe : Un bus toutes les 40 minutes<\/li><li>Heure du Soir : Un bus toutes les 80 minutes<\/li><li>Heure du Samedi : Un bus toutes les 27 minutes<\/li><li>Heure du Dimanche : Un bus toutes les 27 minutes<\/li><\/ul>\n\n\n\n<h3 class=\"alignwide wp-block-heading\" id=\"ligne-de-noel-808\"><strong><strong><em><mark style=\"background-color:#ffffff;color:#016793\" class=\"has-inline-color\">(LIGNE DE F\u00caTE DE LA MUSIQUE &#8211; 809)<\/mark><\/em><\/strong><\/strong><\/h3>\n\n\n\n<figure class=\"wp-block-image alignwide size-large\"><img loading=\"lazy\" decoding=\"async\" width=\"1024\" height=\"320\" src=\"https:\/\/seal.transport-manager.net\/pixbus\/wp-content\/uploads\/sites\/16\/2022\/06\/N1_L809_trans1-1024x320.png\" alt=\"\" class=\"wp-image-356\" srcset=\"https:\/\/seal.transport-manager.net\/pixbus\/wp-content\/uploads\/sites\/16\/2022\/06\/N1_L809_trans1-1024x320.png 1024w, https:\/\/seal.transport-manager.net\/pixbus\/wp-content\/uploads\/sites\/16\/2022\/06\/N1_L809_trans1-300x94.png 300w, https:\/\/seal.transport-manager.net\/pixbus\/wp-content\/uploads\/sites\/16\/2022\/06\/N1_L809_trans1-768x240.png 768w, https:\/\/seal.transport-manager.net\/pixbus\/wp-content\/uploads\/sites\/16\/2022\/06\/N1_L809_trans1-1536x480.png 1536w, https:\/\/seal.transport-manager.net\/pixbus\/wp-content\/uploads\/sites\/16\/2022\/06\/N1_L809_trans1.png 1875w\" sizes=\"auto, (max-width: 1024px) 100vw, 1024px\" \/><\/figure>\n\n\n\n<ul class=\"wp-block-list\"><li><mark style=\"color:#ff0000\" class=\"has-inline-color\">Heure Creuse : Pas de Bus<\/mark><\/li><li><mark style=\"color:#ff0000\" class=\"has-inline-color\">Heure de Pointe: Pas de Bus<\/mark><\/li><li>Heure du Soir : Ind\u00e9finie<\/li><li><mark style=\"color:#ff0000\" class=\"has-inline-color\">Heure du Samedi : Pas de Bus<\/mark><\/li><li>Heure du Dimanche : Ind\u00e9finie<\/li><\/ul>\n\n\n\n<h3 class=\"alignwide wp-block-heading\" id=\"ligne-de-noel-808\"><strong><strong><em><mark style=\"background-color:#ffffff;color:#016793\" class=\"has-inline-color\">(<strong>LIGNE PRIV\u00c9E &#8211; SOCI\u00c9TE CANO\u00c9AU<\/strong> &#8211; 999)<\/mark><\/em><\/strong><\/strong><\/h3>\n\n\n\n<figure class=\"wp-block-image alignwide size-large\"><img loading=\"lazy\" decoding=\"async\" width=\"1024\" height=\"303\" src=\"https:\/\/seal.transport-manager.net\/pixbus\/wp-content\/uploads\/sites\/16\/2022\/06\/N1_L999_trans1-1024x303.png\" alt=\"\" class=\"wp-image-357\" srcset=\"https:\/\/seal.transport-manager.net\/pixbus\/wp-content\/uploads\/sites\/16\/2022\/06\/N1_L999_trans1-1024x303.png 1024w, https:\/\/seal.transport-manager.net\/pixbus\/wp-content\/uploads\/sites\/16\/2022\/06\/N1_L999_trans1-300x89.png 300w, https:\/\/seal.transport-manager.net\/pixbus\/wp-content\/uploads\/sites\/16\/2022\/06\/N1_L999_trans1-768x227.png 768w, https:\/\/seal.transport-manager.net\/pixbus\/wp-content\/uploads\/sites\/16\/2022\/06\/N1_L999_trans1-1536x454.png 1536w, https:\/\/seal.transport-manager.net\/pixbus\/wp-content\/uploads\/sites\/16\/2022\/06\/N1_L999_trans1.png 1981w\" sizes=\"auto, (max-width: 1024px) 100vw, 1024px\" \/><\/figure>\n\n\n\n<ul class=\"wp-block-list\"><li><mark style=\"color:#ff0000\" class=\"has-inline-color\">Heure Creuse : Pas de Bus<\/mark><\/li><li><mark style=\"color:#ff0000\" class=\"has-inline-color\">Heure de Pointe: Pas de Bus<\/mark><\/li><li><mark style=\"color:#ff0000\" class=\"has-inline-color\">Heure du Soir : Pas de Bus<\/mark><\/li><li><mark style=\"color:#ff0000\" class=\"has-inline-color\">Heure du Samedi : Pas de Bus<\/mark><\/li><li>Heure du Dimanche : Un bus toutes les 27 minutes<\/li><\/ul>\n\n\n\n<h3 class=\"alignwide wp-block-heading\" id=\"ligne-de-carnaval-809\"><strong><strong><em><mark style=\"background-color:#ffffff;color:#016793\" class=\"has-inline-color\">(LIGNE DE CARNAVAL &#8211; 809)<\/mark><\/em><\/strong><\/strong><\/h3>\n\n\n\n<figure class=\"wp-block-image alignwide size-large\"><img loading=\"lazy\" decoding=\"async\" width=\"1024\" height=\"252\" src=\"https:\/\/seal.transport-manager.net\/pixbus\/wp-content\/uploads\/sites\/16\/2022\/02\/w1e4q9-1024x252.png\" alt=\"\" class=\"wp-image-314\" srcset=\"https:\/\/seal.transport-manager.net\/pixbus\/wp-content\/uploads\/sites\/16\/2022\/02\/w1e4q9-1024x252.png 1024w, https:\/\/seal.transport-manager.net\/pixbus\/wp-content\/uploads\/sites\/16\/2022\/02\/w1e4q9-300x74.png 300w, https:\/\/seal.transport-manager.net\/pixbus\/wp-content\/uploads\/sites\/16\/2022\/02\/w1e4q9-768x189.png 768w, https:\/\/seal.transport-manager.net\/pixbus\/wp-content\/uploads\/sites\/16\/2022\/02\/w1e4q9-1536x378.png 1536w, https:\/\/seal.transport-manager.net\/pixbus\/wp-content\/uploads\/sites\/16\/2022\/02\/w1e4q9.png 1790w\" sizes=\"auto, (max-width: 1024px) 100vw, 1024px\" \/><\/figure>\n\n\n\n<ul class=\"wp-block-list\"><li>Heure Creuse : Ind\u00e9finie<\/li><li>Heure de Pointe : Ind\u00e9finie<\/li><li>Heure du Soir : Ind\u00e9finie<\/li><li>Heure du Samedi : Ind\u00e9finie<\/li><li>Heure du Dimanche : Ind\u00e9finie<\/li><\/ul>\n\n\n\n<h3 class=\"alignwide wp-block-heading\" id=\"ligne-de-noel-808\"><strong><strong><em><mark style=\"background-color:#ffffff;color:#016793\" class=\"has-inline-color\">(LIGNE DE NO\u00cbL &#8211; 808)<\/mark><\/em><\/strong><\/strong><\/h3>\n\n\n\n<figure class=\"wp-block-image alignwide size-large\"><img loading=\"lazy\" decoding=\"async\" width=\"1024\" height=\"303\" src=\"https:\/\/seal.transport-manager.net\/pixbus\/wp-content\/uploads\/sites\/16\/2022\/02\/N1_L808_blanc1-1024x303.png\" alt=\"\" class=\"wp-image-315\" srcset=\"https:\/\/seal.transport-manager.net\/pixbus\/wp-content\/uploads\/sites\/16\/2022\/02\/N1_L808_blanc1-1024x303.png 1024w, https:\/\/seal.transport-manager.net\/pixbus\/wp-content\/uploads\/sites\/16\/2022\/02\/N1_L808_blanc1-300x89.png 300w, https:\/\/seal.transport-manager.net\/pixbus\/wp-content\/uploads\/sites\/16\/2022\/02\/N1_L808_blanc1-768x227.png 768w, https:\/\/seal.transport-manager.net\/pixbus\/wp-content\/uploads\/sites\/16\/2022\/02\/N1_L808_blanc1-1536x455.png 1536w, https:\/\/seal.transport-manager.net\/pixbus\/wp-content\/uploads\/sites\/16\/2022\/02\/N1_L808_blanc1.png 1982w\" sizes=\"auto, (max-width: 1024px) 100vw, 1024px\" \/><\/figure>\n\n\n\n<ul class=\"wp-block-list\"><li>Heure Creuse : Un bus toutes les 13 minutes<\/li><li>Heure de Pointe : Un bus toutes les 13 minutes<\/li><li>Heure du Soir : Un bus toutes les 13 minutes<\/li><li>Heure du Samedi : Un bus toutes les 13 minutes<\/li><li>Heure du Dimanche : Un bus toutes les 13 minutes<\/li><\/ul>\n","protected":false},"excerpt":{"rendered":"<p>Plan du r\u00e9seau : Horaires des Bus : Lignes Principales Heure Creuse : Un bus toutes les 24 minutes Heure de Pointe : Un bus toutes les 24 minutes Heure du Soir : Pas de Bus Heure du Samedi : Un bus toutes les 24 minutes Heure du Dimanche : [&hellip;]<\/p>\n","protected":false},"author":16,"featured_media":0,"parent":0,"menu_order":0,"comment_status":"closed","ping_status":"closed","template":"page-templates\/template-fullwidth.php","meta":{"footnotes":""},"class_list":["post-15","page","type-page","status-publish","hentry"],"_links":{"self":[{"href":"https:\/\/seal.transport-manager.net\/pixbus\/wp-json\/wp\/v2\/pages\/15","targetHints":{"allow":["GET"]}}],"collection":[{"href":"https:\/\/seal.transport-manager.net\/pixbus\/wp-json\/wp\/v2\/pages"}],"about":[{"href":"https:\/\/seal.transport-manager.net\/pixbus\/wp-json\/wp\/v2\/types\/page"}],"author":[{"embeddable":true,"href":"https:\/\/seal.transport-manager.net\/pixbus\/wp-json\/wp\/v2\/users\/16"}],"replies":[{"embeddable":true,"href":"https:\/\/seal.transport-manager.net\/pixbus\/wp-json\/wp\/v2\/comments?post=15"}],"version-history":[{"count":23,"href":"https:\/\/seal.transport-manager.net\/pixbus\/wp-json\/wp\/v2\/pages\/15\/revisions"}],"predecessor-version":[{"id":361,"href":"https:\/\/seal.transport-manager.net\/pixbus\/wp-json\/wp\/v2\/pages\/15\/revisions\/361"}],"wp:attachment":[{"href":"https:\/\/seal.transport-manager.net\/pixbus\/wp-json\/wp\/v2\/media?parent=15"}],"curies":[{"name":"wp","href":"https:\/\/api.w.org\/{rel}","templated":true}]}}