{"id":154,"date":"2021-08-06T22:07:29","date_gmt":"2021-08-06T20:07:29","guid":{"rendered":"https:\/\/seal.transport-manager.net\/pixbus\/?page_id=154"},"modified":"2021-08-12T12:04:06","modified_gmt":"2021-08-12T10:04:06","slug":"candidature","status":"publish","type":"page","link":"https:\/\/seal.transport-manager.net\/pixbus\/candidature\/","title":{"rendered":"Candidature"},"content":{"rendered":"\n<p>Vous souhaitez poster une candidature pour notre soci\u00e9t\u00e9 ? PixBus, met en place un syst\u00e8me de candidature, pour ces nouveaux conducteurs de Bus, Commerciaux et Techniciens. Nous vous proposons donc de poser candidature si vous \u00eates int\u00e9resser par notre soci\u00e9t\u00e9.<\/p>\n\n\n\n<div class=\"wp-block-buttons is-layout-flex wp-block-buttons-is-layout-flex\">\n<div class=\"wp-block-button is-style-fill\"><a class=\"wp-block-button__link has-luminous-vivid-amber-to-luminous-vivid-orange-gradient-background has-background\" href=\"https:\/\/docs.google.com\/forms\/d\/e\/1FAIpQLSc7cleT-eH_6bd6t7YQ1SAbPypgizPLDum15jJZIusOY9sJLQ\/viewform?usp=pp_url\" target=\"_blank\" rel=\"noreferrer noopener\"><span class=\"has-inline-color has-background-color-color\">Google Docs de Candidature<\/span><\/a><\/div>\n<\/div>\n\n\n\n<hr class=\"wp-block-separator aligncenter is-style-wide\" \/>\n\n\n\n<figure class=\"wp-block-image size-large\"><img loading=\"lazy\" decoding=\"async\" width=\"1024\" height=\"494\" src=\"https:\/\/seal.transport-manager.net\/pixbus\/wp-content\/uploads\/sites\/16\/2021\/08\/Appelcandidature-1024x494.jpg\" alt=\"\" class=\"wp-image-165\" srcset=\"https:\/\/seal.transport-manager.net\/pixbus\/wp-content\/uploads\/sites\/16\/2021\/08\/Appelcandidature-1024x494.jpg 1024w, https:\/\/seal.transport-manager.net\/pixbus\/wp-content\/uploads\/sites\/16\/2021\/08\/Appelcandidature-300x145.jpg 300w, https:\/\/seal.transport-manager.net\/pixbus\/wp-content\/uploads\/sites\/16\/2021\/08\/Appelcandidature-768x371.jpg 768w, https:\/\/seal.transport-manager.net\/pixbus\/wp-content\/uploads\/sites\/16\/2021\/08\/Appelcandidature.jpg 1200w\" sizes=\"auto, (max-width: 1024px) 100vw, 1024px\" \/><\/figure>\n","protected":false},"excerpt":{"rendered":"<p>Vous souhaitez poster une candidature pour notre soci\u00e9t\u00e9 ? PixBus, met en place un syst\u00e8me de candidature, pour ces nouveaux conducteurs de Bus, Commerciaux et Techniciens. Nous vous proposons donc de poser candidature si vous \u00eates int\u00e9resser par notre soci\u00e9t\u00e9.<\/p>\n","protected":false},"author":16,"featured_media":0,"parent":0,"menu_order":0,"comment_status":"closed","ping_status":"closed","template":"page-templates\/template-fullwidth.php","meta":{"footnotes":""},"class_list":["post-154","page","type-page","status-publish","hentry"],"_links":{"self":[{"href":"https:\/\/seal.transport-manager.net\/pixbus\/wp-json\/wp\/v2\/pages\/154","targetHints":{"allow":["GET"]}}],"collection":[{"href":"https:\/\/seal.transport-manager.net\/pixbus\/wp-json\/wp\/v2\/pages"}],"about":[{"href":"https:\/\/seal.transport-manager.net\/pixbus\/wp-json\/wp\/v2\/types\/page"}],"author":[{"embeddable":true,"href":"https:\/\/seal.transport-manager.net\/pixbus\/wp-json\/wp\/v2\/users\/16"}],"replies":[{"embeddable":true,"href":"https:\/\/seal.transport-manager.net\/pixbus\/wp-json\/wp\/v2\/comments?post=154"}],"version-history":[{"count":4,"href":"https:\/\/seal.transport-manager.net\/pixbus\/wp-json\/wp\/v2\/pages\/154\/revisions"}],"predecessor-version":[{"id":228,"href":"https:\/\/seal.transport-manager.net\/pixbus\/wp-json\/wp\/v2\/pages\/154\/revisions\/228"}],"wp:attachment":[{"href":"https:\/\/seal.transport-manager.net\/pixbus\/wp-json\/wp\/v2\/media?parent=154"}],"curies":[{"name":"wp","href":"https:\/\/api.w.org\/{rel}","templated":true}]}}