{"id":17,"date":"2021-07-20T01:39:29","date_gmt":"2021-07-19T23:39:29","guid":{"rendered":"https:\/\/seal.transport-manager.net\/pixbus\/?page_id=17"},"modified":"2021-07-20T21:43:48","modified_gmt":"2021-07-20T19:43:48","slug":"nous-contacter","status":"publish","type":"page","link":"https:\/\/seal.transport-manager.net\/pixbus\/nous-contacter\/","title":{"rendered":"Nous contacter"},"content":{"rendered":"\n<p>Une demande particuli\u00e8re, une question, vous avez sonn\u00e9 \u00e0 la bonne porte. La page \u00ab\u00a0Nous Contacter\u00a0\u00bb est faite pour cela. Enregistrez vos donner et contacter nous pour nous envoyer votre demande. L&rsquo;\u00e9quipe Num\u00e9rique de PixBus se fera un plaisir de vous r\u00e9pondre et de vous aiguiller.<\/p>\n\n\n<div class=\"wpforms-container wpforms-container-full wpforms-block\" id=\"wpforms-10\"><form id=\"wpforms-form-10\" class=\"wpforms-validate wpforms-form\" data-formid=\"10\" method=\"post\" enctype=\"multipart\/form-data\" action=\"\/pixbus\/wp-json\/wp\/v2\/pages\/17\" data-token=\"f3e2cae396f0c74ea22317e69bfbce10\" data-token-time=\"1776970621\"><noscript class=\"wpforms-error-noscript\">Veuillez activer JavaScript dans votre navigateur pour remplir ce formulaire.<\/noscript><div class=\"wpforms-field-container\"><div id=\"wpforms-10-field_0-container\" class=\"wpforms-field wpforms-field-name wpforms-one-half wpforms-first\" data-field-id=\"0\"><label class=\"wpforms-field-label wpforms-label-hide\" for=\"wpforms-10-field_0\">Name <span class=\"wpforms-required-label\">*<\/span><\/label><input type=\"text\" id=\"wpforms-10-field_0\" class=\"wpforms-field-large wpforms-field-required\" name=\"wpforms[fields][0]\" placeholder=\"Your Name\" required><\/div><div id=\"wpforms-10-field_3-container\" class=\"wpforms-field wpforms-field-email wpforms-one-half\" data-field-id=\"3\"><label class=\"wpforms-field-label wpforms-label-hide\" for=\"wpforms-10-field_3\">Email <span class=\"wpforms-required-label\">*<\/span><\/label><input type=\"email\" id=\"wpforms-10-field_3\" class=\"wpforms-field-large wpforms-field-required\" name=\"wpforms[fields][3]\" placeholder=\"Your Email\" spellcheck=\"false\" required><\/div><div id=\"wpforms-10-field_4-container\" class=\"wpforms-field wpforms-field-text\" data-field-id=\"4\"><label class=\"wpforms-field-label wpforms-label-hide\" for=\"wpforms-10-field_4\">Subject<\/label><input type=\"text\" id=\"wpforms-10-field_4\" class=\"wpforms-field-large\" name=\"wpforms[fields][4]\" placeholder=\"Subject\" ><\/div><div id=\"wpforms-10-field_2-container\" class=\"wpforms-field wpforms-field-textarea\" data-field-id=\"2\"><label class=\"wpforms-field-label wpforms-label-hide\" for=\"wpforms-10-field_2\">Message <span class=\"wpforms-required-label\">*<\/span><\/label><textarea id=\"wpforms-10-field_2\" class=\"wpforms-field-medium wpforms-field-required\" name=\"wpforms[fields][2]\" placeholder=\"Your Message\" required><\/textarea><\/div><\/div><!-- .wpforms-field-container --><div class=\"wpforms-submit-container\" ><input type=\"hidden\" name=\"wpforms[id]\" value=\"10\"><input type=\"hidden\" name=\"page_title\" value=\"\"><input type=\"hidden\" name=\"page_url\" value=\"https:\/\/seal.transport-manager.net\/pixbus\/wp-json\/wp\/v2\/pages\/17\"><input type=\"hidden\" name=\"url_referer\" value=\"\"><button type=\"submit\" name=\"wpforms[submit]\" id=\"wpforms-submit-10\" class=\"wpforms-submit\" data-alt-text=\"Sending...\" data-submit-text=\"Send message\" aria-live=\"assertive\" value=\"wpforms-submit\">Send message<\/button><\/div><\/form><\/div>  <!-- .wpforms-container -->","protected":false},"excerpt":{"rendered":"<p>Une demande particuli\u00e8re, une question, vous avez sonn\u00e9 \u00e0 la bonne porte. La page \u00ab\u00a0Nous Contacter\u00a0\u00bb est faite pour cela. Enregistrez vos donner et contacter nous pour nous envoyer votre demande. L&rsquo;\u00e9quipe Num\u00e9rique de PixBus se fera un plaisir de vous r\u00e9pondre et de vous aiguiller.<\/p>\n","protected":false},"author":16,"featured_media":0,"parent":0,"menu_order":0,"comment_status":"closed","ping_status":"closed","template":"","meta":{"footnotes":""},"class_list":["post-17","page","type-page","status-publish","hentry"],"_links":{"self":[{"href":"https:\/\/seal.transport-manager.net\/pixbus\/wp-json\/wp\/v2\/pages\/17","targetHints":{"allow":["GET"]}}],"collection":[{"href":"https:\/\/seal.transport-manager.net\/pixbus\/wp-json\/wp\/v2\/pages"}],"about":[{"href":"https:\/\/seal.transport-manager.net\/pixbus\/wp-json\/wp\/v2\/types\/page"}],"author":[{"embeddable":true,"href":"https:\/\/seal.transport-manager.net\/pixbus\/wp-json\/wp\/v2\/users\/16"}],"replies":[{"embeddable":true,"href":"https:\/\/seal.transport-manager.net\/pixbus\/wp-json\/wp\/v2\/comments?post=17"}],"version-history":[{"count":3,"href":"https:\/\/seal.transport-manager.net\/pixbus\/wp-json\/wp\/v2\/pages\/17\/revisions"}],"predecessor-version":[{"id":62,"href":"https:\/\/seal.transport-manager.net\/pixbus\/wp-json\/wp\/v2\/pages\/17\/revisions\/62"}],"wp:attachment":[{"href":"https:\/\/seal.transport-manager.net\/pixbus\/wp-json\/wp\/v2\/media?parent=17"}],"curies":[{"name":"wp","href":"https:\/\/api.w.org\/{rel}","templated":true}]}}