{"id":63,"date":"2021-07-20T22:46:29","date_gmt":"2021-07-20T20:46:29","guid":{"rendered":"https:\/\/seal.transport-manager.net\/pixbus\/?page_id=63"},"modified":"2021-08-19T00:35:23","modified_gmt":"2021-08-18T22:35:23","slug":"nos-partenaires","status":"publish","type":"page","link":"https:\/\/seal.transport-manager.net\/pixbus\/nos-partenaires\/","title":{"rendered":"Nos partenaires"},"content":{"rendered":"\n<figure class=\"wp-block-gallery aligncenter columns-6 wp-block-gallery-1 is-layout-flex wp-block-gallery-is-layout-flex\"><ul class=\"blocks-gallery-grid\"><li class=\"blocks-gallery-item\"><figure><img loading=\"lazy\" decoding=\"async\" width=\"590\" height=\"313\" src=\"https:\/\/seal.transport-manager.net\/pixbus\/wp-content\/uploads\/sites\/16\/2021\/07\/EyXx9a_XAAICTVS.png\" alt=\"\" data-id=\"68\" data-link=\"https:\/\/seal.transport-manager.net\/pixbus\/nos-partenaires\/eyxx9a_xaaictvs\/\" class=\"wp-image-68\" srcset=\"https:\/\/seal.transport-manager.net\/pixbus\/wp-content\/uploads\/sites\/16\/2021\/07\/EyXx9a_XAAICTVS.png 590w, https:\/\/seal.transport-manager.net\/pixbus\/wp-content\/uploads\/sites\/16\/2021\/07\/EyXx9a_XAAICTVS-300x159.png 300w\" sizes=\"auto, (max-width: 590px) 100vw, 590px\" \/><\/figure><\/li><li class=\"blocks-gallery-item\"><figure><img loading=\"lazy\" decoding=\"async\" width=\"2500\" height=\"1414\" src=\"https:\/\/seal.transport-manager.net\/pixbus\/wp-content\/uploads\/sites\/16\/2021\/07\/Iveco-Logo.png\" alt=\"\" data-id=\"69\" data-link=\"https:\/\/seal.transport-manager.net\/pixbus\/nos-partenaires\/iveco-logo\/\" class=\"wp-image-69\" srcset=\"https:\/\/seal.transport-manager.net\/pixbus\/wp-content\/uploads\/sites\/16\/2021\/07\/Iveco-Logo.png 2500w, https:\/\/seal.transport-manager.net\/pixbus\/wp-content\/uploads\/sites\/16\/2021\/07\/Iveco-Logo-300x170.png 300w, https:\/\/seal.transport-manager.net\/pixbus\/wp-content\/uploads\/sites\/16\/2021\/07\/Iveco-Logo-1024x579.png 1024w, https:\/\/seal.transport-manager.net\/pixbus\/wp-content\/uploads\/sites\/16\/2021\/07\/Iveco-Logo-768x434.png 768w, https:\/\/seal.transport-manager.net\/pixbus\/wp-content\/uploads\/sites\/16\/2021\/07\/Iveco-Logo-1536x869.png 1536w, https:\/\/seal.transport-manager.net\/pixbus\/wp-content\/uploads\/sites\/16\/2021\/07\/Iveco-Logo-2048x1158.png 2048w\" sizes=\"auto, (max-width: 2500px) 100vw, 2500px\" \/><\/figure><\/li><li class=\"blocks-gallery-item\"><figure><img loading=\"lazy\" decoding=\"async\" width=\"706\" height=\"314\" src=\"https:\/\/seal.transport-manager.net\/pixbus\/wp-content\/uploads\/sites\/16\/2021\/07\/Capture-decran-2021-07-20-a-22.57.42.png\" alt=\"\" data-id=\"75\" data-link=\"https:\/\/seal.transport-manager.net\/pixbus\/nos-partenaires\/capture-decran-2021-07-20-a-22-57-42\/\" class=\"wp-image-75\" srcset=\"https:\/\/seal.transport-manager.net\/pixbus\/wp-content\/uploads\/sites\/16\/2021\/07\/Capture-decran-2021-07-20-a-22.57.42.png 706w, https:\/\/seal.transport-manager.net\/pixbus\/wp-content\/uploads\/sites\/16\/2021\/07\/Capture-decran-2021-07-20-a-22.57.42-300x133.png 300w\" sizes=\"auto, (max-width: 706px) 100vw, 706px\" \/><\/figure><\/li><li class=\"blocks-gallery-item\"><figure><img loading=\"lazy\" decoding=\"async\" width=\"862\" height=\"794\" src=\"https:\/\/seal.transport-manager.net\/pixbus\/wp-content\/uploads\/sites\/16\/2021\/08\/Capture-decran-2021-08-11-a-14.07.53.png\" alt=\"\" data-id=\"205\" data-link=\"https:\/\/seal.transport-manager.net\/pixbus\/nos-partenaires\/capture-decran-2021-08-11-a-14-07-53\/\" class=\"wp-image-205\" srcset=\"https:\/\/seal.transport-manager.net\/pixbus\/wp-content\/uploads\/sites\/16\/2021\/08\/Capture-decran-2021-08-11-a-14.07.53.png 862w, https:\/\/seal.transport-manager.net\/pixbus\/wp-content\/uploads\/sites\/16\/2021\/08\/Capture-decran-2021-08-11-a-14.07.53-300x276.png 300w, https:\/\/seal.transport-manager.net\/pixbus\/wp-content\/uploads\/sites\/16\/2021\/08\/Capture-decran-2021-08-11-a-14.07.53-768x707.png 768w\" sizes=\"auto, (max-width: 862px) 100vw, 862px\" \/><\/figure><\/li><li class=\"blocks-gallery-item\"><figure><img loading=\"lazy\" decoding=\"async\" width=\"866\" height=\"280\" src=\"https:\/\/seal.transport-manager.net\/pixbus\/wp-content\/uploads\/sites\/16\/2021\/08\/Capture-decran-2021-08-11-a-14.06.01.png\" alt=\"\" data-id=\"204\" data-link=\"https:\/\/seal.transport-manager.net\/pixbus\/nos-partenaires\/capture-decran-2021-08-11-a-14-06-01\/\" class=\"wp-image-204\" srcset=\"https:\/\/seal.transport-manager.net\/pixbus\/wp-content\/uploads\/sites\/16\/2021\/08\/Capture-decran-2021-08-11-a-14.06.01.png 866w, https:\/\/seal.transport-manager.net\/pixbus\/wp-content\/uploads\/sites\/16\/2021\/08\/Capture-decran-2021-08-11-a-14.06.01-300x97.png 300w, https:\/\/seal.transport-manager.net\/pixbus\/wp-content\/uploads\/sites\/16\/2021\/08\/Capture-decran-2021-08-11-a-14.06.01-768x248.png 768w\" sizes=\"auto, (max-width: 866px) 100vw, 866px\" \/><\/figure><\/li><li class=\"blocks-gallery-item\"><figure><img loading=\"lazy\" decoding=\"async\" width=\"612\" height=\"408\" src=\"https:\/\/seal.transport-manager.net\/pixbus\/wp-content\/uploads\/sites\/16\/2021\/08\/logo-renault-fond-noir.jpg\" alt=\"\" data-id=\"214\" data-full-url=\"https:\/\/seal.transport-manager.net\/pixbus\/wp-content\/uploads\/sites\/16\/2021\/08\/logo-renault-fond-noir.jpg\" data-link=\"https:\/\/seal.transport-manager.net\/pixbus\/nos-partenaires\/logo-renault-fond-noir\/\" class=\"wp-image-214\" srcset=\"https:\/\/seal.transport-manager.net\/pixbus\/wp-content\/uploads\/sites\/16\/2021\/08\/logo-renault-fond-noir.jpg 612w, https:\/\/seal.transport-manager.net\/pixbus\/wp-content\/uploads\/sites\/16\/2021\/08\/logo-renault-fond-noir-300x200.jpg 300w, https:\/\/seal.transport-manager.net\/pixbus\/wp-content\/uploads\/sites\/16\/2021\/08\/logo-renault-fond-noir-360x240.jpg 360w\" sizes=\"auto, (max-width: 612px) 100vw, 612px\" \/><\/figure><\/li><\/ul><\/figure>\n\n\n\n<hr class=\"wp-block-separator is-style-wide\" \/>\n\n\n\n<h2 class=\"alignwide has-text-align-center wp-block-heading\">Les Sites Internets des Partenaires<\/h2>\n\n\n\n<div class=\"wp-block-buttons alignwide is-content-justification-center is-layout-flex wp-block-buttons-is-layout-flex\">\n<div class=\"wp-block-button\"><a class=\"wp-block-button__link has-electric-grass-gradient-background has-background\" href=\"https:\/\/weballiance.transport-manager.net\/adtem\/\" style=\"border-radius:17px\" target=\"_blank\" rel=\"noreferrer noopener\">ADTEM<\/a><\/div>\n\n\n\n<div class=\"wp-block-button is-style-fill\"><a class=\"wp-block-button__link has-midnight-gradient-background has-background\" href=\"https:\/\/forum.transport-manager.net\/forum-196.html\" style=\"border-radius:17px\" target=\"_blank\" rel=\"noreferrer noopener\">IVECO<\/a><\/div>\n\n\n\n<div class=\"wp-block-button is-style-fill\"><a class=\"wp-block-button__link has-blush-bordeaux-gradient-background has-background\" href=\"https:\/\/concess.transport-manager.net\/mvmate\/\" style=\"border-radius:17px\" target=\"_blank\" rel=\"noreferrer noopener\">MV MATE<\/a><\/div>\n\n\n\n<div class=\"wp-block-button is-style-fill\"><a class=\"wp-block-button__link has-luminous-vivid-amber-to-luminous-vivid-orange-gradient-background has-background\" href=\"https:\/\/concess.transport-manager.net\/vhs\/\" style=\"border-radius:17px\" target=\"_blank\" rel=\"noreferrer noopener\">VHS GROUP<\/a><\/div>\n\n\n\n<div class=\"wp-block-button is-style-fill\"><a class=\"wp-block-button__link has-pale-ocean-gradient-background has-background\" href=\"https:\/\/concess.transport-manager.net\/evobus\/\" style=\"border-radius:17px\" target=\"_blank\" rel=\"noreferrer noopener\">EVOBUS<\/a><\/div>\n\n\n\n<div class=\"wp-block-button is-style-fill\"><a class=\"wp-block-button__link has-background\" href=\"https:\/\/professionnels.renault.fr\" style=\"border-radius:17px;background:linear-gradient(135deg,rgb(95,97,98) 0%,rgb(0,0,0) 100%)\" target=\"_blank\" rel=\"noreferrer noopener\">RENAULT<\/a><\/div>\n<\/div>\n\n\n\n<hr class=\"wp-block-separator is-style-default\" \/>\n\n\n\n<p class=\"has-drop-cap has-text-align-left\">Nos partenaires, nous permettent de b\u00e9n\u00e9ficier d&rsquo;offre tr\u00e8s attractives, quant \u00e0 l&rsquo;achat de bus ou bien encore aux services qui s&rsquo;accompagnes \u00e0 ceux-ci, qui vous permettent d&rsquo;acc\u00e9der \u00e0 une mobilit\u00e9 exclusives et nettement plus rapide que toute concurrence confondu. PixBus, peut ainsi vous proposer des bus de Qualit\u00e9 avec Rapidit\u00e9. Notre partenariat avec l&rsquo;Alliance ADTEM Group, nous permet de b\u00e9n\u00e9ficier d&rsquo;avantage exclusif. Notamment dans le cas du lavage des v\u00e9hicule ou bien encore de l&rsquo;aide \u00e0 l&rsquo;exploitation. Gr\u00e2ce \u00e0 toutes ces offres, notre soci\u00e9t\u00e9 peux ainsi vous garantir une dur\u00e9e sur le temps et un service qui ne s&rsquo;\u00e9puisera jamais !<\/p>\n\n\n\n<blockquote class=\"wp-block-quote is-layout-flow wp-block-quote-is-layout-flow\"><p>PixBus, Le Confort du Bus, La Rapidit\u00e9 de la Voiture<\/p><cite>PixBus<\/cite><\/blockquote>\n","protected":false},"excerpt":{"rendered":"<p>Les Sites Internets des Partenaires Nos partenaires, nous permettent de b\u00e9n\u00e9ficier d&rsquo;offre tr\u00e8s attractives, quant \u00e0 l&rsquo;achat de bus ou bien encore aux services qui s&rsquo;accompagnes \u00e0 ceux-ci, qui vous permettent d&rsquo;acc\u00e9der \u00e0 une mobilit\u00e9 exclusives et nettement plus rapide que toute concurrence confondu. PixBus, peut ainsi vous proposer des [&hellip;]<\/p>\n","protected":false},"author":16,"featured_media":0,"parent":0,"menu_order":0,"comment_status":"open","ping_status":"closed","template":"page-templates\/template-fullwidth.php","meta":{"footnotes":""},"class_list":["post-63","page","type-page","status-publish","hentry"],"_links":{"self":[{"href":"https:\/\/seal.transport-manager.net\/pixbus\/wp-json\/wp\/v2\/pages\/63","targetHints":{"allow":["GET"]}}],"collection":[{"href":"https:\/\/seal.transport-manager.net\/pixbus\/wp-json\/wp\/v2\/pages"}],"about":[{"href":"https:\/\/seal.transport-manager.net\/pixbus\/wp-json\/wp\/v2\/types\/page"}],"author":[{"embeddable":true,"href":"https:\/\/seal.transport-manager.net\/pixbus\/wp-json\/wp\/v2\/users\/16"}],"replies":[{"embeddable":true,"href":"https:\/\/seal.transport-manager.net\/pixbus\/wp-json\/wp\/v2\/comments?post=63"}],"version-history":[{"count":21,"href":"https:\/\/seal.transport-manager.net\/pixbus\/wp-json\/wp\/v2\/pages\/63\/revisions"}],"predecessor-version":[{"id":231,"href":"https:\/\/seal.transport-manager.net\/pixbus\/wp-json\/wp\/v2\/pages\/63\/revisions\/231"}],"wp:attachment":[{"href":"https:\/\/seal.transport-manager.net\/pixbus\/wp-json\/wp\/v2\/media?parent=63"}],"curies":[{"name":"wp","href":"https:\/\/api.w.org\/{rel}","templated":true}]}}